{"id":11487,"date":"2020-03-31T15:53:19","date_gmt":"2020-03-31T12:53:19","guid":{"rendered":"https:\/\/www.rodospalladium.gr\/leisure\/pool-beach\/"},"modified":"2025-03-05T15:22:23","modified_gmt":"2025-03-05T12:22:23","slug":"pool-beach","status":"publish","type":"page","link":"https:\/\/www.rodospalladium.gr\/de\/leisure\/pool-beach\/","title":{"rendered":"Pools &#038; Strand"},"content":{"rendered":"<p data-start=\"0\" data-end=\"302\">Das Rodos Palladium verf\u00fcgt \u00fcber zwei Au\u00dfenpools und einen Innenpool: einen beeindruckenden Lagunenpool sowie ein separates Kinderbecken im Freien mit einem Sonnenschutz. Unser beheizter Innenpool und Jacuzzi stehen ausschlie\u00dflich G\u00e4sten <strong>ab 16 Jahren<\/strong> zur Verf\u00fcgung. Alle Pools sind mit kristallklarem S\u00fc\u00dfwasser gef\u00fcllt.<\/p>\n<p data-start=\"304\" data-end=\"665\">Direkt vor dem Hotel erstreckt sich ein wundersch\u00f6ner 400 Meter langer Sand- und Kiesstrand. Jedes Jahr wird er mit der prestigetr\u00e4chtigen \ud83d\udd17<a href=\"https:\/\/www.geogreece.gr\/blueflag_en.php\"><strong><span style=\"color: #3366ff;\">Blauen Flagge<\/span><\/strong><\/a> ausgezeichnet und bietet die perfekte Kulisse f\u00fcr entspannte Stunden am Meer. Sonnenliegen, Sonnenschirme und Badet\u00fccher stehen unseren Hotelg\u00e4sten sowohl am Pool als auch am Strand kostenlos zur Verf\u00fcgung.<\/p>\n","protected":false},"excerpt":{"rendered":"<p>Das Rodos Palladium verf\u00fcgt \u00fcber zwei Au\u00dfenpools und einen Innenpool: einen beeindruckenden Lagunenpool sowie ein separates Kinderbecken im Freien mit einem Sonnenschutz. Unser beheizter Innenpool und Jacuzzi stehen ausschlie\u00dflich G\u00e4sten ab 16 Jahren zur Verf\u00fcgung. Alle Pools sind mit kristallklarem S\u00fc\u00dfwasser gef\u00fcllt. Direkt vor dem Hotel erstreckt sich ein wundersch\u00f6ner 400 Meter langer Sand- und<\/p>\n","protected":false},"author":1,"featured_media":13220,"parent":11288,"menu_order":0,"comment_status":"closed","ping_status":"closed","template":"","meta":{"_acf_changed":false,"footnotes":""},"class_list":["post-11487","page","type-page","status-publish","has-post-thumbnail","hentry"],"acf":[],"yoast_head":"<!-- This site is optimized with the Yoast SEO plugin v26.9 - https:\/\/yoast.com\/product\/yoast-seo-wordpress\/ -->\n<title>Pools &amp; Strand - Rodos Palladium Leisure &amp; Wellness<\/title>\n<meta name=\"description\" content=\"Erleben Sie Luxus im Rodos Palladium mit beeindruckenden Lagunenpools, einem Kinderbecken mit Sonnenschutz und einem mit der Blauen Flagge ausgezeichneten Strand. Genie\u00dfen Sie exklusiven Zugang zum Innenpool und Jacuzzi f\u00fcr G\u00e4ste ab 16 Jahren\" \/>\n<meta name=\"robots\" content=\"index, follow, max-snippet:-1, max-image-preview:large, max-video-preview:-1\" \/>\n<link rel=\"canonical\" href=\"https:\/\/www.rodospalladium.gr\/de\/leisure\/pool-beach\/\" \/>\n<meta property=\"og:locale\" content=\"de_DE\" \/>\n<meta property=\"og:type\" content=\"article\" \/>\n<meta property=\"og:title\" content=\"Pools &amp; Strand - Rodos Palladium Leisure &amp; Wellness\" \/>\n<meta property=\"og:description\" content=\"Erleben Sie Luxus im Rodos Palladium mit beeindruckenden Lagunenpools, einem Kinderbecken mit Sonnenschutz und einem mit der Blauen Flagge ausgezeichneten Strand. Genie\u00dfen Sie exklusiven Zugang zum Innenpool und Jacuzzi f\u00fcr G\u00e4ste ab 16 Jahren\" \/>\n<meta property=\"og:url\" content=\"https:\/\/www.rodospalladium.gr\/de\/leisure\/pool-beach\/\" \/>\n<meta property=\"og:site_name\" content=\"Rodos Palladium Leisure &amp; Wellness\" \/>\n<meta property=\"article:modified_time\" content=\"2025-03-05T12:22:23+00:00\" \/>\n<meta property=\"og:image\" content=\"https:\/\/www.rodospalladium.gr\/app\/uploads\/sites\/46\/2021\/08\/254_RODOS_PALLADIUM_Outdoor_Pools.jpg\" \/>\n\t<meta property=\"og:image:width\" content=\"1920\" \/>\n\t<meta property=\"og:image:height\" content=\"1200\" \/>\n\t<meta property=\"og:image:type\" content=\"image\/jpeg\" \/>\n<meta name=\"twitter:card\" content=\"summary_large_image\" \/>\n<meta name=\"twitter:label1\" content=\"Est. reading time\" \/>\n\t<meta name=\"twitter:data1\" content=\"1\u00a0Minute\" \/>\n<script type=\"application\/ld+json\" class=\"yoast-schema-graph\">{\"@context\":\"https:\/\/schema.org\",\"@graph\":[{\"@type\":\"WebPage\",\"@id\":\"https:\/\/www.rodospalladium.gr\/de\/leisure\/pool-beach\/\",\"url\":\"https:\/\/www.rodospalladium.gr\/de\/leisure\/pool-beach\/\",\"name\":\"Pools & Strand - Rodos Palladium Leisure &amp; Wellness\",\"isPartOf\":{\"@id\":\"https:\/\/www.rodospalladium.gr\/#website\"},\"primaryImageOfPage\":{\"@id\":\"https:\/\/www.rodospalladium.gr\/de\/leisure\/pool-beach\/#primaryimage\"},\"image\":{\"@id\":\"https:\/\/www.rodospalladium.gr\/de\/leisure\/pool-beach\/#primaryimage\"},\"thumbnailUrl\":\"https:\/\/www.rodospalladium.gr\/app\/uploads\/sites\/46\/2021\/08\/254_RODOS_PALLADIUM_Outdoor_Pools.jpg\",\"datePublished\":\"2020-03-31T12:53:19+00:00\",\"dateModified\":\"2025-03-05T12:22:23+00:00\",\"description\":\"Erleben Sie Luxus im Rodos Palladium mit beeindruckenden Lagunenpools, einem Kinderbecken mit Sonnenschutz und einem mit der Blauen Flagge ausgezeichneten Strand. Genie\u00dfen Sie exklusiven Zugang zum Innenpool und Jacuzzi f\u00fcr G\u00e4ste ab 16 Jahren\",\"breadcrumb\":{\"@id\":\"https:\/\/www.rodospalladium.gr\/de\/leisure\/pool-beach\/#breadcrumb\"},\"inLanguage\":\"de\",\"potentialAction\":[{\"@type\":\"ReadAction\",\"target\":[\"https:\/\/www.rodospalladium.gr\/de\/leisure\/pool-beach\/\"]}]},{\"@type\":\"ImageObject\",\"inLanguage\":\"de\",\"@id\":\"https:\/\/www.rodospalladium.gr\/de\/leisure\/pool-beach\/#primaryimage\",\"url\":\"https:\/\/www.rodospalladium.gr\/app\/uploads\/sites\/46\/2021\/08\/254_RODOS_PALLADIUM_Outdoor_Pools.jpg\",\"contentUrl\":\"https:\/\/www.rodospalladium.gr\/app\/uploads\/sites\/46\/2021\/08\/254_RODOS_PALLADIUM_Outdoor_Pools.jpg\",\"width\":1920,\"height\":1200,\"caption\":\"Outdoor Pools\"},{\"@type\":\"BreadcrumbList\",\"@id\":\"https:\/\/www.rodospalladium.gr\/de\/leisure\/pool-beach\/#breadcrumb\",\"itemListElement\":[{\"@type\":\"ListItem\",\"position\":1,\"name\":\"Home\",\"item\":\"https:\/\/www.rodospalladium.gr\/de\/\"},{\"@type\":\"ListItem\",\"position\":2,\"name\":\"Freizeit\",\"item\":\"https:\/\/www.rodospalladium.gr\/de\/leisure\/\"},{\"@type\":\"ListItem\",\"position\":3,\"name\":\"Pools &#038; Strand\"}]},{\"@type\":\"WebSite\",\"@id\":\"https:\/\/www.rodospalladium.gr\/#website\",\"url\":\"https:\/\/www.rodospalladium.gr\/\",\"name\":\"Rodos Palladium Leisure &amp; Wellness\",\"description\":\"Rodos Palladium Leisure &amp; Wellness is among Rhodes finest five star hotels. It enjoys a premier beach front location at Kallithea bay, offering luxurious accommodation and exclusive leisure and spa facilities.\",\"potentialAction\":[{\"@type\":\"SearchAction\",\"target\":{\"@type\":\"EntryPoint\",\"urlTemplate\":\"https:\/\/www.rodospalladium.gr\/?s={search_term_string}\"},\"query-input\":{\"@type\":\"PropertyValueSpecification\",\"valueRequired\":true,\"valueName\":\"search_term_string\"}}],\"inLanguage\":\"de\"}]}<\/script>\n<!-- \/ Yoast SEO plugin. -->","yoast_head_json":{"title":"Pools & Strand - Rodos Palladium Leisure &amp; Wellness","description":"Erleben Sie Luxus im Rodos Palladium mit beeindruckenden Lagunenpools, einem Kinderbecken mit Sonnenschutz und einem mit der Blauen Flagge ausgezeichneten Strand. Genie\u00dfen Sie exklusiven Zugang zum Innenpool und Jacuzzi f\u00fcr G\u00e4ste ab 16 Jahren","robots":{"index":"index","follow":"follow","max-snippet":"max-snippet:-1","max-image-preview":"max-image-preview:large","max-video-preview":"max-video-preview:-1"},"canonical":"https:\/\/www.rodospalladium.gr\/de\/leisure\/pool-beach\/","og_locale":"de_DE","og_type":"article","og_title":"Pools & Strand - Rodos Palladium Leisure &amp; Wellness","og_description":"Erleben Sie Luxus im Rodos Palladium mit beeindruckenden Lagunenpools, einem Kinderbecken mit Sonnenschutz und einem mit der Blauen Flagge ausgezeichneten Strand. Genie\u00dfen Sie exklusiven Zugang zum Innenpool und Jacuzzi f\u00fcr G\u00e4ste ab 16 Jahren","og_url":"https:\/\/www.rodospalladium.gr\/de\/leisure\/pool-beach\/","og_site_name":"Rodos Palladium Leisure &amp; Wellness","article_modified_time":"2025-03-05T12:22:23+00:00","og_image":[{"width":1920,"height":1200,"url":"https:\/\/www.rodospalladium.gr\/app\/uploads\/sites\/46\/2021\/08\/254_RODOS_PALLADIUM_Outdoor_Pools.jpg","type":"image\/jpeg"}],"twitter_card":"summary_large_image","twitter_misc":{"Est. reading time":"1\u00a0Minute"},"schema":{"@context":"https:\/\/schema.org","@graph":[{"@type":"WebPage","@id":"https:\/\/www.rodospalladium.gr\/de\/leisure\/pool-beach\/","url":"https:\/\/www.rodospalladium.gr\/de\/leisure\/pool-beach\/","name":"Pools & Strand - Rodos Palladium Leisure &amp; Wellness","isPartOf":{"@id":"https:\/\/www.rodospalladium.gr\/#website"},"primaryImageOfPage":{"@id":"https:\/\/www.rodospalladium.gr\/de\/leisure\/pool-beach\/#primaryimage"},"image":{"@id":"https:\/\/www.rodospalladium.gr\/de\/leisure\/pool-beach\/#primaryimage"},"thumbnailUrl":"https:\/\/www.rodospalladium.gr\/app\/uploads\/sites\/46\/2021\/08\/254_RODOS_PALLADIUM_Outdoor_Pools.jpg","datePublished":"2020-03-31T12:53:19+00:00","dateModified":"2025-03-05T12:22:23+00:00","description":"Erleben Sie Luxus im Rodos Palladium mit beeindruckenden Lagunenpools, einem Kinderbecken mit Sonnenschutz und einem mit der Blauen Flagge ausgezeichneten Strand. Genie\u00dfen Sie exklusiven Zugang zum Innenpool und Jacuzzi f\u00fcr G\u00e4ste ab 16 Jahren","breadcrumb":{"@id":"https:\/\/www.rodospalladium.gr\/de\/leisure\/pool-beach\/#breadcrumb"},"inLanguage":"de","potentialAction":[{"@type":"ReadAction","target":["https:\/\/www.rodospalladium.gr\/de\/leisure\/pool-beach\/"]}]},{"@type":"ImageObject","inLanguage":"de","@id":"https:\/\/www.rodospalladium.gr\/de\/leisure\/pool-beach\/#primaryimage","url":"https:\/\/www.rodospalladium.gr\/app\/uploads\/sites\/46\/2021\/08\/254_RODOS_PALLADIUM_Outdoor_Pools.jpg","contentUrl":"https:\/\/www.rodospalladium.gr\/app\/uploads\/sites\/46\/2021\/08\/254_RODOS_PALLADIUM_Outdoor_Pools.jpg","width":1920,"height":1200,"caption":"Outdoor Pools"},{"@type":"BreadcrumbList","@id":"https:\/\/www.rodospalladium.gr\/de\/leisure\/pool-beach\/#breadcrumb","itemListElement":[{"@type":"ListItem","position":1,"name":"Home","item":"https:\/\/www.rodospalladium.gr\/de\/"},{"@type":"ListItem","position":2,"name":"Freizeit","item":"https:\/\/www.rodospalladium.gr\/de\/leisure\/"},{"@type":"ListItem","position":3,"name":"Pools &#038; Strand"}]},{"@type":"WebSite","@id":"https:\/\/www.rodospalladium.gr\/#website","url":"https:\/\/www.rodospalladium.gr\/","name":"Rodos Palladium Leisure &amp; Wellness","description":"Rodos Palladium Leisure &amp; Wellness is among Rhodes finest five star hotels. It enjoys a premier beach front location at Kallithea bay, offering luxurious accommodation and exclusive leisure and spa facilities.","potentialAction":[{"@type":"SearchAction","target":{"@type":"EntryPoint","urlTemplate":"https:\/\/www.rodospalladium.gr\/?s={search_term_string}"},"query-input":{"@type":"PropertyValueSpecification","valueRequired":true,"valueName":"search_term_string"}}],"inLanguage":"de"}]}},"_links":{"self":[{"href":"https:\/\/www.rodospalladium.gr\/de\/wp-json\/wp\/v2\/pages\/11487"}],"collection":[{"href":"https:\/\/www.rodospalladium.gr\/de\/wp-json\/wp\/v2\/pages"}],"about":[{"href":"https:\/\/www.rodospalladium.gr\/de\/wp-json\/wp\/v2\/types\/page"}],"author":[{"embeddable":true,"href":"https:\/\/www.rodospalladium.gr\/de\/wp-json\/wp\/v2\/users\/1"}],"replies":[{"embeddable":true,"href":"https:\/\/www.rodospalladium.gr\/de\/wp-json\/wp\/v2\/comments?post=11487"}],"version-history":[{"count":7,"href":"https:\/\/www.rodospalladium.gr\/de\/wp-json\/wp\/v2\/pages\/11487\/revisions"}],"predecessor-version":[{"id":30816,"href":"https:\/\/www.rodospalladium.gr\/de\/wp-json\/wp\/v2\/pages\/11487\/revisions\/30816"}],"up":[{"embeddable":true,"href":"https:\/\/www.rodospalladium.gr\/de\/wp-json\/wp\/v2\/pages\/11288"}],"wp:featuredmedia":[{"embeddable":true,"href":"https:\/\/www.rodospalladium.gr\/de\/wp-json\/wp\/v2\/media\/13220"}],"wp:attachment":[{"href":"https:\/\/www.rodospalladium.gr\/de\/wp-json\/wp\/v2\/media?parent=11487"}],"curies":[{"name":"wp","href":"https:\/\/api.w.org\/{rel}","templated":true}]}}