{"id":11495,"date":"2020-03-31T15:58:00","date_gmt":"2020-03-31T12:58:00","guid":{"rendered":"https:\/\/www.rodospalladium.gr\/leisure\/evening-entertainment\/"},"modified":"2020-04-09T13:03:04","modified_gmt":"2020-04-09T10:03:04","slug":"evening-entertainment","status":"publish","type":"page","link":"https:\/\/www.rodospalladium.gr\/de\/leisure\/evening-entertainment\/","title":{"rendered":"ABENDUNTERHALTUNG"},"content":{"rendered":"<p>Abends ist im Rodos Palladium immer etwas los! T\u00e4gliche Live Unterhaltung: Klassische Klaviermelodien, Jazz &amp; Latinmusik, Live Bands, Unterhaltungsshows und regelm\u00e4\u00dfige Themenabende mit Bouzouki und traditionellen Volkst\u00e4nzen. Gleichzeitig k\u00f6nnen Sie aber auch ruhigere R\u00e4umlichkeiten wie unseren Bridge Raum in Anspruch nehmen, um z.B. Karten zu spielen.<br \/>\nAbendliche Themenabende und Unterhaltungsshows werden Zwischen Juni September t\u00e4glich angeboten (in der Nebensaison kann die H\u00e4ufigkeit dieser Veranstaltungen von den Wetterbedingungen abh\u00e4ngen).<\/p>\n","protected":false},"excerpt":{"rendered":"<p>Abends ist im Rodos Palladium immer etwas los! T\u00e4gliche Live Unterhaltung: Klassische Klaviermelodien, Jazz &amp; Latinmusik, Live Bands, Unterhaltungsshows und regelm\u00e4\u00dfige Themenabende mit Bouzouki und traditionellen Volkst\u00e4nzen. Gleichzeitig k\u00f6nnen Sie aber auch ruhigere R\u00e4umlichkeiten wie unseren Bridge Raum in Anspruch nehmen, um z.B. Karten zu spielen. Abendliche Themenabende und Unterhaltungsshows werden Zwischen Juni September t\u00e4glich<\/p>\n","protected":false},"author":1,"featured_media":13360,"parent":11288,"menu_order":0,"comment_status":"closed","ping_status":"closed","template":"","meta":{"_acf_changed":false,"footnotes":""},"class_list":["post-11495","page","type-page","status-publish","has-post-thumbnail","hentry"],"acf":[],"yoast_head":"<!-- This site is optimized with the Yoast SEO plugin v26.9 - https:\/\/yoast.com\/product\/yoast-seo-wordpress\/ -->\n<title>ABENDUNTERHALTUNG - Rodos Palladium Leisure &amp; Wellness<\/title>\n<meta name=\"robots\" content=\"index, follow, max-snippet:-1, max-image-preview:large, max-video-preview:-1\" \/>\n<link rel=\"canonical\" href=\"https:\/\/www.rodospalladium.gr\/de\/leisure\/evening-entertainment\/\" \/>\n<meta property=\"og:locale\" content=\"de_DE\" \/>\n<meta property=\"og:type\" content=\"article\" \/>\n<meta property=\"og:title\" content=\"ABENDUNTERHALTUNG - Rodos Palladium Leisure &amp; Wellness\" \/>\n<meta property=\"og:description\" content=\"Abends ist im Rodos Palladium immer etwas los! T\u00e4gliche Live Unterhaltung: Klassische Klaviermelodien, Jazz &amp; Latinmusik, Live Bands, Unterhaltungsshows und regelm\u00e4\u00dfige Themenabende mit Bouzouki und traditionellen Volkst\u00e4nzen. Gleichzeitig k\u00f6nnen Sie aber auch ruhigere R\u00e4umlichkeiten wie unseren Bridge Raum in Anspruch nehmen, um z.B. Karten zu spielen. Abendliche Themenabende und Unterhaltungsshows werden Zwischen Juni September t\u00e4glich\" \/>\n<meta property=\"og:url\" content=\"https:\/\/www.rodospalladium.gr\/de\/leisure\/evening-entertainment\/\" \/>\n<meta property=\"og:site_name\" content=\"Rodos Palladium Leisure &amp; Wellness\" \/>\n<meta property=\"article:modified_time\" content=\"2020-04-09T10:03:04+00:00\" \/>\n<meta property=\"og:image\" content=\"https:\/\/www.rodospalladium.gr\/app\/uploads\/sites\/46\/2019\/02\/28B_416_Beach_Bar_RODOS_PALLADIUM.jpeg\" \/>\n\t<meta property=\"og:image:width\" content=\"1920\" \/>\n\t<meta property=\"og:image:height\" content=\"850\" \/>\n\t<meta property=\"og:image:type\" content=\"image\/jpeg\" \/>\n<meta name=\"twitter:card\" content=\"summary_large_image\" \/>\n<script type=\"application\/ld+json\" class=\"yoast-schema-graph\">{\"@context\":\"https:\/\/schema.org\",\"@graph\":[{\"@type\":\"WebPage\",\"@id\":\"https:\/\/www.rodospalladium.gr\/de\/leisure\/evening-entertainment\/\",\"url\":\"https:\/\/www.rodospalladium.gr\/de\/leisure\/evening-entertainment\/\",\"name\":\"ABENDUNTERHALTUNG - Rodos Palladium Leisure &amp; Wellness\",\"isPartOf\":{\"@id\":\"https:\/\/www.rodospalladium.gr\/#website\"},\"primaryImageOfPage\":{\"@id\":\"https:\/\/www.rodospalladium.gr\/de\/leisure\/evening-entertainment\/#primaryimage\"},\"image\":{\"@id\":\"https:\/\/www.rodospalladium.gr\/de\/leisure\/evening-entertainment\/#primaryimage\"},\"thumbnailUrl\":\"https:\/\/www.rodospalladium.gr\/app\/uploads\/sites\/46\/2021\/08\/421_RODOS_PALLADIUM_SHOW_STAGE.jpg\",\"datePublished\":\"2020-03-31T12:58:00+00:00\",\"dateModified\":\"2020-04-09T10:03:04+00:00\",\"breadcrumb\":{\"@id\":\"https:\/\/www.rodospalladium.gr\/de\/leisure\/evening-entertainment\/#breadcrumb\"},\"inLanguage\":\"de\",\"potentialAction\":[{\"@type\":\"ReadAction\",\"target\":[\"https:\/\/www.rodospalladium.gr\/de\/leisure\/evening-entertainment\/\"]}]},{\"@type\":\"ImageObject\",\"inLanguage\":\"de\",\"@id\":\"https:\/\/www.rodospalladium.gr\/de\/leisure\/evening-entertainment\/#primaryimage\",\"url\":\"https:\/\/www.rodospalladium.gr\/app\/uploads\/sites\/46\/2021\/08\/421_RODOS_PALLADIUM_SHOW_STAGE.jpg\",\"contentUrl\":\"https:\/\/www.rodospalladium.gr\/app\/uploads\/sites\/46\/2021\/08\/421_RODOS_PALLADIUM_SHOW_STAGE.jpg\",\"width\":1920,\"height\":1200,\"caption\":\"The Show Stage\"},{\"@type\":\"BreadcrumbList\",\"@id\":\"https:\/\/www.rodospalladium.gr\/de\/leisure\/evening-entertainment\/#breadcrumb\",\"itemListElement\":[{\"@type\":\"ListItem\",\"position\":1,\"name\":\"Home\",\"item\":\"https:\/\/www.rodospalladium.gr\/de\/\"},{\"@type\":\"ListItem\",\"position\":2,\"name\":\"Freizeit\",\"item\":\"https:\/\/www.rodospalladium.gr\/de\/leisure\/\"},{\"@type\":\"ListItem\",\"position\":3,\"name\":\"ABENDUNTERHALTUNG\"}]},{\"@type\":\"WebSite\",\"@id\":\"https:\/\/www.rodospalladium.gr\/#website\",\"url\":\"https:\/\/www.rodospalladium.gr\/\",\"name\":\"Rodos Palladium Leisure &amp; Wellness\",\"description\":\"Rodos Palladium Leisure &amp; Wellness is among Rhodes finest five star hotels. It enjoys a premier beach front location at Kallithea bay, offering luxurious accommodation and exclusive leisure and spa facilities.\",\"potentialAction\":[{\"@type\":\"SearchAction\",\"target\":{\"@type\":\"EntryPoint\",\"urlTemplate\":\"https:\/\/www.rodospalladium.gr\/?s={search_term_string}\"},\"query-input\":{\"@type\":\"PropertyValueSpecification\",\"valueRequired\":true,\"valueName\":\"search_term_string\"}}],\"inLanguage\":\"de\"}]}<\/script>\n<!-- \/ Yoast SEO plugin. -->","yoast_head_json":{"title":"ABENDUNTERHALTUNG - Rodos Palladium Leisure &amp; Wellness","robots":{"index":"index","follow":"follow","max-snippet":"max-snippet:-1","max-image-preview":"max-image-preview:large","max-video-preview":"max-video-preview:-1"},"canonical":"https:\/\/www.rodospalladium.gr\/de\/leisure\/evening-entertainment\/","og_locale":"de_DE","og_type":"article","og_title":"ABENDUNTERHALTUNG - Rodos Palladium Leisure &amp; Wellness","og_description":"Abends ist im Rodos Palladium immer etwas los! T\u00e4gliche Live Unterhaltung: Klassische Klaviermelodien, Jazz &amp; Latinmusik, Live Bands, Unterhaltungsshows und regelm\u00e4\u00dfige Themenabende mit Bouzouki und traditionellen Volkst\u00e4nzen. Gleichzeitig k\u00f6nnen Sie aber auch ruhigere R\u00e4umlichkeiten wie unseren Bridge Raum in Anspruch nehmen, um z.B. Karten zu spielen. Abendliche Themenabende und Unterhaltungsshows werden Zwischen Juni September t\u00e4glich","og_url":"https:\/\/www.rodospalladium.gr\/de\/leisure\/evening-entertainment\/","og_site_name":"Rodos Palladium Leisure &amp; Wellness","article_modified_time":"2020-04-09T10:03:04+00:00","og_image":[{"width":1920,"height":850,"url":"https:\/\/www.rodospalladium.gr\/app\/uploads\/sites\/46\/2019\/02\/28B_416_Beach_Bar_RODOS_PALLADIUM.jpeg","type":"image\/jpeg"}],"twitter_card":"summary_large_image","schema":{"@context":"https:\/\/schema.org","@graph":[{"@type":"WebPage","@id":"https:\/\/www.rodospalladium.gr\/de\/leisure\/evening-entertainment\/","url":"https:\/\/www.rodospalladium.gr\/de\/leisure\/evening-entertainment\/","name":"ABENDUNTERHALTUNG - Rodos Palladium Leisure &amp; Wellness","isPartOf":{"@id":"https:\/\/www.rodospalladium.gr\/#website"},"primaryImageOfPage":{"@id":"https:\/\/www.rodospalladium.gr\/de\/leisure\/evening-entertainment\/#primaryimage"},"image":{"@id":"https:\/\/www.rodospalladium.gr\/de\/leisure\/evening-entertainment\/#primaryimage"},"thumbnailUrl":"https:\/\/www.rodospalladium.gr\/app\/uploads\/sites\/46\/2021\/08\/421_RODOS_PALLADIUM_SHOW_STAGE.jpg","datePublished":"2020-03-31T12:58:00+00:00","dateModified":"2020-04-09T10:03:04+00:00","breadcrumb":{"@id":"https:\/\/www.rodospalladium.gr\/de\/leisure\/evening-entertainment\/#breadcrumb"},"inLanguage":"de","potentialAction":[{"@type":"ReadAction","target":["https:\/\/www.rodospalladium.gr\/de\/leisure\/evening-entertainment\/"]}]},{"@type":"ImageObject","inLanguage":"de","@id":"https:\/\/www.rodospalladium.gr\/de\/leisure\/evening-entertainment\/#primaryimage","url":"https:\/\/www.rodospalladium.gr\/app\/uploads\/sites\/46\/2021\/08\/421_RODOS_PALLADIUM_SHOW_STAGE.jpg","contentUrl":"https:\/\/www.rodospalladium.gr\/app\/uploads\/sites\/46\/2021\/08\/421_RODOS_PALLADIUM_SHOW_STAGE.jpg","width":1920,"height":1200,"caption":"The Show Stage"},{"@type":"BreadcrumbList","@id":"https:\/\/www.rodospalladium.gr\/de\/leisure\/evening-entertainment\/#breadcrumb","itemListElement":[{"@type":"ListItem","position":1,"name":"Home","item":"https:\/\/www.rodospalladium.gr\/de\/"},{"@type":"ListItem","position":2,"name":"Freizeit","item":"https:\/\/www.rodospalladium.gr\/de\/leisure\/"},{"@type":"ListItem","position":3,"name":"ABENDUNTERHALTUNG"}]},{"@type":"WebSite","@id":"https:\/\/www.rodospalladium.gr\/#website","url":"https:\/\/www.rodospalladium.gr\/","name":"Rodos Palladium Leisure &amp; Wellness","description":"Rodos Palladium Leisure &amp; Wellness is among Rhodes finest five star hotels. It enjoys a premier beach front location at Kallithea bay, offering luxurious accommodation and exclusive leisure and spa facilities.","potentialAction":[{"@type":"SearchAction","target":{"@type":"EntryPoint","urlTemplate":"https:\/\/www.rodospalladium.gr\/?s={search_term_string}"},"query-input":{"@type":"PropertyValueSpecification","valueRequired":true,"valueName":"search_term_string"}}],"inLanguage":"de"}]}},"_links":{"self":[{"href":"https:\/\/www.rodospalladium.gr\/de\/wp-json\/wp\/v2\/pages\/11495"}],"collection":[{"href":"https:\/\/www.rodospalladium.gr\/de\/wp-json\/wp\/v2\/pages"}],"about":[{"href":"https:\/\/www.rodospalladium.gr\/de\/wp-json\/wp\/v2\/types\/page"}],"author":[{"embeddable":true,"href":"https:\/\/www.rodospalladium.gr\/de\/wp-json\/wp\/v2\/users\/1"}],"replies":[{"embeddable":true,"href":"https:\/\/www.rodospalladium.gr\/de\/wp-json\/wp\/v2\/comments?post=11495"}],"version-history":[{"count":2,"href":"https:\/\/www.rodospalladium.gr\/de\/wp-json\/wp\/v2\/pages\/11495\/revisions"}],"predecessor-version":[{"id":11529,"href":"https:\/\/www.rodospalladium.gr\/de\/wp-json\/wp\/v2\/pages\/11495\/revisions\/11529"}],"up":[{"embeddable":true,"href":"https:\/\/www.rodospalladium.gr\/de\/wp-json\/wp\/v2\/pages\/11288"}],"wp:featuredmedia":[{"embeddable":true,"href":"https:\/\/www.rodospalladium.gr\/de\/wp-json\/wp\/v2\/media\/13360"}],"wp:attachment":[{"href":"https:\/\/www.rodospalladium.gr\/de\/wp-json\/wp\/v2\/media?parent=11495"}],"curies":[{"name":"wp","href":"https:\/\/api.w.org\/{rel}","templated":true}]}}