{"id":11503,"date":"2020-03-31T16:03:46","date_gmt":"2020-03-31T13:03:46","guid":{"rendered":"https:\/\/www.rodospalladium.gr\/leisure\/fitness-sports\/"},"modified":"2025-04-15T15:11:54","modified_gmt":"2025-04-15T12:11:54","slug":"fitness-sports","status":"publish","type":"page","link":"https:\/\/www.rodospalladium.gr\/de\/leisure\/fitness-sports\/","title":{"rendered":"Fitness &#038; Sport"},"content":{"rendered":"<p>Unseren Sportenthusiasten steht ein voll ausgestattetes Fitnesscenter mit freiem Eintritt zur Verf\u00fcgung (<strong>G\u00e4ste unter 16 Jahren d\u00fcrfen das Fitness Center nicht betreten oder nutzen)<\/strong>. Dar\u00fcber hinaus finden unsere G\u00e4ste auf dem Hotelgel\u00e4nde zwei Tennispl\u00e4tze mit Flutlicht (Schnell- und Kunstrasen), einen Basketball- oder Volleyballplatz in voller Gr\u00f6\u00dfe, Minigolf, Tischtennis, Boccia, Fu\u00dfball.<br \/>\nEin Animationsteam bietet t\u00e4glich Animationsaktivit\u00e4ten wie Aquagym, Pilates und Yoga. F\u00fcr unsere kleinen G\u00e4ste bieten wir einen Innen-Miniclub mit einem engagierten Animator. Eine nahe gelegene Wassersportstation, die von einem unabh\u00e4ngigen Fachmann betrieben wird, ist ebenfalls verf\u00fcgbar. Ein 18-Loch-Golfplatz in der N\u00e4he von Afandou liegt nur 8 km entfernt.<\/p>\n","protected":false},"excerpt":{"rendered":"<p>Unseren Sportenthusiasten steht ein voll ausgestattetes Fitnesscenter mit freiem Eintritt zur Verf\u00fcgung (G\u00e4ste unter 16 Jahren d\u00fcrfen das Fitness Center nicht betreten oder nutzen). Dar\u00fcber hinaus finden unsere G\u00e4ste auf dem Hotelgel\u00e4nde zwei Tennispl\u00e4tze mit Flutlicht (Schnell- und Kunstrasen), einen Basketball- oder Volleyballplatz in voller Gr\u00f6\u00dfe, Minigolf, Tischtennis, Boccia, Fu\u00dfball. Ein Animationsteam bietet t\u00e4glich Animationsaktivit\u00e4ten<\/p>\n","protected":false},"author":1,"featured_media":31411,"parent":11288,"menu_order":0,"comment_status":"closed","ping_status":"closed","template":"","meta":{"_acf_changed":false,"footnotes":""},"class_list":["post-11503","page","type-page","status-publish","has-post-thumbnail","hentry"],"acf":[],"yoast_head":"<!-- This site is optimized with the Yoast SEO plugin v26.9 - https:\/\/yoast.com\/product\/yoast-seo-wordpress\/ -->\n<title>Fitness &amp; Sport - Rodos Palladium Leisure &amp; Wellness<\/title>\n<meta name=\"robots\" content=\"index, follow, max-snippet:-1, max-image-preview:large, max-video-preview:-1\" \/>\n<link rel=\"canonical\" href=\"https:\/\/www.rodospalladium.gr\/de\/leisure\/fitness-sports\/\" \/>\n<meta property=\"og:locale\" content=\"de_DE\" \/>\n<meta property=\"og:type\" content=\"article\" \/>\n<meta property=\"og:title\" content=\"Fitness &amp; Sport - Rodos Palladium Leisure &amp; Wellness\" \/>\n<meta property=\"og:description\" content=\"Unseren Sportenthusiasten steht ein voll ausgestattetes Fitnesscenter mit freiem Eintritt zur Verf\u00fcgung (G\u00e4ste unter 16 Jahren d\u00fcrfen das Fitness Center nicht betreten oder nutzen). Dar\u00fcber hinaus finden unsere G\u00e4ste auf dem Hotelgel\u00e4nde zwei Tennispl\u00e4tze mit Flutlicht (Schnell- und Kunstrasen), einen Basketball- oder Volleyballplatz in voller Gr\u00f6\u00dfe, Minigolf, Tischtennis, Boccia, Fu\u00dfball. Ein Animationsteam bietet t\u00e4glich Animationsaktivit\u00e4ten\" \/>\n<meta property=\"og:url\" content=\"https:\/\/www.rodospalladium.gr\/de\/leisure\/fitness-sports\/\" \/>\n<meta property=\"og:site_name\" content=\"Rodos Palladium Leisure &amp; Wellness\" \/>\n<meta property=\"article:modified_time\" content=\"2025-04-15T12:11:54+00:00\" \/>\n<meta property=\"og:image\" content=\"https:\/\/www.rodospalladium.gr\/app\/uploads\/sites\/46\/2024\/05\/SQ-31.png\" \/>\n\t<meta property=\"og:image:width\" content=\"900\" \/>\n\t<meta property=\"og:image:height\" content=\"900\" \/>\n\t<meta property=\"og:image:type\" content=\"image\/png\" \/>\n<meta name=\"twitter:card\" content=\"summary_large_image\" \/>\n<meta name=\"twitter:label1\" content=\"Est. reading time\" \/>\n\t<meta name=\"twitter:data1\" content=\"1\u00a0Minute\" \/>\n<script type=\"application\/ld+json\" class=\"yoast-schema-graph\">{\"@context\":\"https:\/\/schema.org\",\"@graph\":[{\"@type\":\"WebPage\",\"@id\":\"https:\/\/www.rodospalladium.gr\/de\/leisure\/fitness-sports\/\",\"url\":\"https:\/\/www.rodospalladium.gr\/de\/leisure\/fitness-sports\/\",\"name\":\"Fitness & Sport - Rodos Palladium Leisure &amp; Wellness\",\"isPartOf\":{\"@id\":\"https:\/\/www.rodospalladium.gr\/#website\"},\"primaryImageOfPage\":{\"@id\":\"https:\/\/www.rodospalladium.gr\/de\/leisure\/fitness-sports\/#primaryimage\"},\"image\":{\"@id\":\"https:\/\/www.rodospalladium.gr\/de\/leisure\/fitness-sports\/#primaryimage\"},\"thumbnailUrl\":\"https:\/\/www.rodospalladium.gr\/app\/uploads\/sites\/46\/2025\/08\/New-Project-2025-08-13T133634.438.jpg\",\"datePublished\":\"2020-03-31T13:03:46+00:00\",\"dateModified\":\"2025-04-15T12:11:54+00:00\",\"breadcrumb\":{\"@id\":\"https:\/\/www.rodospalladium.gr\/de\/leisure\/fitness-sports\/#breadcrumb\"},\"inLanguage\":\"de\",\"potentialAction\":[{\"@type\":\"ReadAction\",\"target\":[\"https:\/\/www.rodospalladium.gr\/de\/leisure\/fitness-sports\/\"]}]},{\"@type\":\"ImageObject\",\"inLanguage\":\"de\",\"@id\":\"https:\/\/www.rodospalladium.gr\/de\/leisure\/fitness-sports\/#primaryimage\",\"url\":\"https:\/\/www.rodospalladium.gr\/app\/uploads\/sites\/46\/2025\/08\/New-Project-2025-08-13T133634.438.jpg\",\"contentUrl\":\"https:\/\/www.rodospalladium.gr\/app\/uploads\/sites\/46\/2025\/08\/New-Project-2025-08-13T133634.438.jpg\",\"width\":2560,\"height\":1707},{\"@type\":\"BreadcrumbList\",\"@id\":\"https:\/\/www.rodospalladium.gr\/de\/leisure\/fitness-sports\/#breadcrumb\",\"itemListElement\":[{\"@type\":\"ListItem\",\"position\":1,\"name\":\"Home\",\"item\":\"https:\/\/www.rodospalladium.gr\/de\/\"},{\"@type\":\"ListItem\",\"position\":2,\"name\":\"Freizeit\",\"item\":\"https:\/\/www.rodospalladium.gr\/de\/leisure\/\"},{\"@type\":\"ListItem\",\"position\":3,\"name\":\"Fitness &#038; Sport\"}]},{\"@type\":\"WebSite\",\"@id\":\"https:\/\/www.rodospalladium.gr\/#website\",\"url\":\"https:\/\/www.rodospalladium.gr\/\",\"name\":\"Rodos Palladium Leisure &amp; Wellness\",\"description\":\"Rodos Palladium Leisure &amp; Wellness is among Rhodes finest five star hotels. It enjoys a premier beach front location at Kallithea bay, offering luxurious accommodation and exclusive leisure and spa facilities.\",\"potentialAction\":[{\"@type\":\"SearchAction\",\"target\":{\"@type\":\"EntryPoint\",\"urlTemplate\":\"https:\/\/www.rodospalladium.gr\/?s={search_term_string}\"},\"query-input\":{\"@type\":\"PropertyValueSpecification\",\"valueRequired\":true,\"valueName\":\"search_term_string\"}}],\"inLanguage\":\"de\"}]}<\/script>\n<!-- \/ Yoast SEO plugin. -->","yoast_head_json":{"title":"Fitness & Sport - Rodos Palladium Leisure &amp; Wellness","robots":{"index":"index","follow":"follow","max-snippet":"max-snippet:-1","max-image-preview":"max-image-preview:large","max-video-preview":"max-video-preview:-1"},"canonical":"https:\/\/www.rodospalladium.gr\/de\/leisure\/fitness-sports\/","og_locale":"de_DE","og_type":"article","og_title":"Fitness & Sport - Rodos Palladium Leisure &amp; Wellness","og_description":"Unseren Sportenthusiasten steht ein voll ausgestattetes Fitnesscenter mit freiem Eintritt zur Verf\u00fcgung (G\u00e4ste unter 16 Jahren d\u00fcrfen das Fitness Center nicht betreten oder nutzen). Dar\u00fcber hinaus finden unsere G\u00e4ste auf dem Hotelgel\u00e4nde zwei Tennispl\u00e4tze mit Flutlicht (Schnell- und Kunstrasen), einen Basketball- oder Volleyballplatz in voller Gr\u00f6\u00dfe, Minigolf, Tischtennis, Boccia, Fu\u00dfball. Ein Animationsteam bietet t\u00e4glich Animationsaktivit\u00e4ten","og_url":"https:\/\/www.rodospalladium.gr\/de\/leisure\/fitness-sports\/","og_site_name":"Rodos Palladium Leisure &amp; Wellness","article_modified_time":"2025-04-15T12:11:54+00:00","og_image":[{"width":900,"height":900,"url":"https:\/\/www.rodospalladium.gr\/app\/uploads\/sites\/46\/2024\/05\/SQ-31.png","type":"image\/png"}],"twitter_card":"summary_large_image","twitter_misc":{"Est. reading time":"1\u00a0Minute"},"schema":{"@context":"https:\/\/schema.org","@graph":[{"@type":"WebPage","@id":"https:\/\/www.rodospalladium.gr\/de\/leisure\/fitness-sports\/","url":"https:\/\/www.rodospalladium.gr\/de\/leisure\/fitness-sports\/","name":"Fitness & Sport - Rodos Palladium Leisure &amp; Wellness","isPartOf":{"@id":"https:\/\/www.rodospalladium.gr\/#website"},"primaryImageOfPage":{"@id":"https:\/\/www.rodospalladium.gr\/de\/leisure\/fitness-sports\/#primaryimage"},"image":{"@id":"https:\/\/www.rodospalladium.gr\/de\/leisure\/fitness-sports\/#primaryimage"},"thumbnailUrl":"https:\/\/www.rodospalladium.gr\/app\/uploads\/sites\/46\/2025\/08\/New-Project-2025-08-13T133634.438.jpg","datePublished":"2020-03-31T13:03:46+00:00","dateModified":"2025-04-15T12:11:54+00:00","breadcrumb":{"@id":"https:\/\/www.rodospalladium.gr\/de\/leisure\/fitness-sports\/#breadcrumb"},"inLanguage":"de","potentialAction":[{"@type":"ReadAction","target":["https:\/\/www.rodospalladium.gr\/de\/leisure\/fitness-sports\/"]}]},{"@type":"ImageObject","inLanguage":"de","@id":"https:\/\/www.rodospalladium.gr\/de\/leisure\/fitness-sports\/#primaryimage","url":"https:\/\/www.rodospalladium.gr\/app\/uploads\/sites\/46\/2025\/08\/New-Project-2025-08-13T133634.438.jpg","contentUrl":"https:\/\/www.rodospalladium.gr\/app\/uploads\/sites\/46\/2025\/08\/New-Project-2025-08-13T133634.438.jpg","width":2560,"height":1707},{"@type":"BreadcrumbList","@id":"https:\/\/www.rodospalladium.gr\/de\/leisure\/fitness-sports\/#breadcrumb","itemListElement":[{"@type":"ListItem","position":1,"name":"Home","item":"https:\/\/www.rodospalladium.gr\/de\/"},{"@type":"ListItem","position":2,"name":"Freizeit","item":"https:\/\/www.rodospalladium.gr\/de\/leisure\/"},{"@type":"ListItem","position":3,"name":"Fitness &#038; Sport"}]},{"@type":"WebSite","@id":"https:\/\/www.rodospalladium.gr\/#website","url":"https:\/\/www.rodospalladium.gr\/","name":"Rodos Palladium Leisure &amp; Wellness","description":"Rodos Palladium Leisure &amp; Wellness is among Rhodes finest five star hotels. It enjoys a premier beach front location at Kallithea bay, offering luxurious accommodation and exclusive leisure and spa facilities.","potentialAction":[{"@type":"SearchAction","target":{"@type":"EntryPoint","urlTemplate":"https:\/\/www.rodospalladium.gr\/?s={search_term_string}"},"query-input":{"@type":"PropertyValueSpecification","valueRequired":true,"valueName":"search_term_string"}}],"inLanguage":"de"}]}},"_links":{"self":[{"href":"https:\/\/www.rodospalladium.gr\/de\/wp-json\/wp\/v2\/pages\/11503"}],"collection":[{"href":"https:\/\/www.rodospalladium.gr\/de\/wp-json\/wp\/v2\/pages"}],"about":[{"href":"https:\/\/www.rodospalladium.gr\/de\/wp-json\/wp\/v2\/types\/page"}],"author":[{"embeddable":true,"href":"https:\/\/www.rodospalladium.gr\/de\/wp-json\/wp\/v2\/users\/1"}],"replies":[{"embeddable":true,"href":"https:\/\/www.rodospalladium.gr\/de\/wp-json\/wp\/v2\/comments?post=11503"}],"version-history":[{"count":4,"href":"https:\/\/www.rodospalladium.gr\/de\/wp-json\/wp\/v2\/pages\/11503\/revisions"}],"predecessor-version":[{"id":31042,"href":"https:\/\/www.rodospalladium.gr\/de\/wp-json\/wp\/v2\/pages\/11503\/revisions\/31042"}],"up":[{"embeddable":true,"href":"https:\/\/www.rodospalladium.gr\/de\/wp-json\/wp\/v2\/pages\/11288"}],"wp:featuredmedia":[{"embeddable":true,"href":"https:\/\/www.rodospalladium.gr\/de\/wp-json\/wp\/v2\/media\/31411"}],"wp:attachment":[{"href":"https:\/\/www.rodospalladium.gr\/de\/wp-json\/wp\/v2\/media?parent=11503"}],"curies":[{"name":"wp","href":"https:\/\/api.w.org\/{rel}","templated":true}]}}