{"id":11605,"date":"2020-04-11T14:11:15","date_gmt":"2020-04-11T11:11:15","guid":{"rendered":"https:\/\/www.rodospalladium.gr\/?page_id=11605"},"modified":"2025-03-06T10:33:00","modified_gmt":"2025-03-06T07:33:00","slug":"new-relaxed-cancellation-payment-terms","status":"publish","type":"page","link":"https:\/\/www.rodospalladium.gr\/de\/new-relaxed-cancellation-payment-terms\/","title":{"rendered":"STORNIERUNGS- UND ZAHLUNGSBESTIMMUNGEN"},"content":{"rendered":"<h3><span style=\"color: #baa789;\">Unsere attraktiven Richtlinien bieten Ihnen mehr Flexibilit\u00e4t und zus\u00e4tzliche Sicherheit:<\/span><\/h3>\n<hr \/>\n<h4>Volle Flexibilit\u00e4t<\/h4>\n<ul>\n<li>Ihre Kreditkarte wird 10 Tage vor Anreise mit einer Anzahlung in H\u00f6he von 50% des Gesamtwertes dieser Reservierung belastet. Der verbleibende Betrag ist bei Ankunft zu zahlen.<\/li>\n<li>Kostenlose Stornierung ist bis zu 11 Tage vor Anreise m\u00f6glich.<\/li>\n<\/ul>\n<h4>Halbflexibler Tarif<\/h4>\n<ul>\n<li>Eine Anzahlung in H\u00f6he von 30% des Gesamtwertes dieser Reservierung wird zum Zeitpunkt der Buchung von Ihrer Kreditkarte abgebucht.<\/li>\n<li>Diese Anzahlung ist im Falle einer Stornierung nicht erstattungsf\u00e4hig. Der verbleibende Restbetrag ist bei Ankunft zu zahlen.<\/li>\n<\/ul>\n<p>Um jetzt zu buchen, klicken Sie oben die Schaltfl\u00e4che <strong><span style=\"color: #baa789;\">BUCHEN<\/span><br \/>\n<\/strong> <a href=\"https:\/\/rodospalladium.reserve-online.net\/\">oder \ud83d\udd17<\/a><strong><a href=\"https:\/\/rodospalladium.reserve-online.net\/\">klicken Sie bitte hier<\/a><\/strong><\/p>\n","protected":false},"excerpt":{"rendered":"<p>Unsere attraktiven Richtlinien bieten Ihnen mehr Flexibilit\u00e4t und zus\u00e4tzliche Sicherheit: Volle Flexibilit\u00e4t Ihre Kreditkarte wird 10 Tage vor Anreise mit einer Anzahlung in H\u00f6he von 50% des Gesamtwertes dieser Reservierung belastet. Der verbleibende Betrag ist bei Ankunft zu zahlen. Kostenlose Stornierung ist bis zu 11 Tage vor Anreise m\u00f6glich. Halbflexibler Tarif Eine Anzahlung in H\u00f6he<\/p>\n","protected":false},"author":33,"featured_media":0,"parent":0,"menu_order":0,"comment_status":"closed","ping_status":"closed","template":"","meta":{"_acf_changed":false,"footnotes":""},"class_list":["post-11605","page","type-page","status-publish","hentry"],"acf":[],"yoast_head":"<!-- This site is optimized with the Yoast SEO plugin v26.9 - https:\/\/yoast.com\/product\/yoast-seo-wordpress\/ -->\n<title>STORNIERUNGS- UND ZAHLUNGSBESTIMMUNGEN - Rodos Palladium Leisure &amp; Wellness<\/title>\n<meta name=\"robots\" content=\"index, follow, max-snippet:-1, max-image-preview:large, max-video-preview:-1\" \/>\n<link rel=\"canonical\" href=\"https:\/\/www.rodospalladium.gr\/de\/new-relaxed-cancellation-payment-terms\/\" \/>\n<meta property=\"og:locale\" content=\"de_DE\" \/>\n<meta property=\"og:type\" content=\"article\" \/>\n<meta property=\"og:title\" content=\"STORNIERUNGS- UND ZAHLUNGSBESTIMMUNGEN - Rodos Palladium Leisure &amp; Wellness\" \/>\n<meta property=\"og:description\" content=\"Unsere attraktiven Richtlinien bieten Ihnen mehr Flexibilit\u00e4t und zus\u00e4tzliche Sicherheit: Volle Flexibilit\u00e4t Ihre Kreditkarte wird 10 Tage vor Anreise mit einer Anzahlung in H\u00f6he von 50% des Gesamtwertes dieser Reservierung belastet. Der verbleibende Betrag ist bei Ankunft zu zahlen. Kostenlose Stornierung ist bis zu 11 Tage vor Anreise m\u00f6glich. Halbflexibler Tarif Eine Anzahlung in H\u00f6he\" \/>\n<meta property=\"og:url\" content=\"https:\/\/www.rodospalladium.gr\/de\/new-relaxed-cancellation-payment-terms\/\" \/>\n<meta property=\"og:site_name\" content=\"Rodos Palladium Leisure &amp; Wellness\" \/>\n<meta property=\"article:modified_time\" content=\"2025-03-06T07:33:00+00:00\" \/>\n<meta name=\"twitter:card\" content=\"summary_large_image\" \/>\n<meta name=\"twitter:label1\" content=\"Est. reading time\" \/>\n\t<meta name=\"twitter:data1\" content=\"1\u00a0Minute\" \/>\n<script type=\"application\/ld+json\" class=\"yoast-schema-graph\">{\"@context\":\"https:\/\/schema.org\",\"@graph\":[{\"@type\":\"WebPage\",\"@id\":\"https:\/\/www.rodospalladium.gr\/de\/new-relaxed-cancellation-payment-terms\/\",\"url\":\"https:\/\/www.rodospalladium.gr\/de\/new-relaxed-cancellation-payment-terms\/\",\"name\":\"STORNIERUNGS- UND ZAHLUNGSBESTIMMUNGEN - Rodos Palladium Leisure &amp; Wellness\",\"isPartOf\":{\"@id\":\"https:\/\/www.rodospalladium.gr\/#website\"},\"datePublished\":\"2020-04-11T11:11:15+00:00\",\"dateModified\":\"2025-03-06T07:33:00+00:00\",\"breadcrumb\":{\"@id\":\"https:\/\/www.rodospalladium.gr\/de\/new-relaxed-cancellation-payment-terms\/#breadcrumb\"},\"inLanguage\":\"de\",\"potentialAction\":[{\"@type\":\"ReadAction\",\"target\":[\"https:\/\/www.rodospalladium.gr\/de\/new-relaxed-cancellation-payment-terms\/\"]}]},{\"@type\":\"BreadcrumbList\",\"@id\":\"https:\/\/www.rodospalladium.gr\/de\/new-relaxed-cancellation-payment-terms\/#breadcrumb\",\"itemListElement\":[{\"@type\":\"ListItem\",\"position\":1,\"name\":\"Home\",\"item\":\"https:\/\/www.rodospalladium.gr\/de\/\"},{\"@type\":\"ListItem\",\"position\":2,\"name\":\"STORNIERUNGS- UND ZAHLUNGSBESTIMMUNGEN\"}]},{\"@type\":\"WebSite\",\"@id\":\"https:\/\/www.rodospalladium.gr\/#website\",\"url\":\"https:\/\/www.rodospalladium.gr\/\",\"name\":\"Rodos Palladium Leisure &amp; Wellness\",\"description\":\"Rodos Palladium Leisure &amp; Wellness is among Rhodes finest five star hotels. It enjoys a premier beach front location at Kallithea bay, offering luxurious accommodation and exclusive leisure and spa facilities.\",\"potentialAction\":[{\"@type\":\"SearchAction\",\"target\":{\"@type\":\"EntryPoint\",\"urlTemplate\":\"https:\/\/www.rodospalladium.gr\/?s={search_term_string}\"},\"query-input\":{\"@type\":\"PropertyValueSpecification\",\"valueRequired\":true,\"valueName\":\"search_term_string\"}}],\"inLanguage\":\"de\"}]}<\/script>\n<!-- \/ Yoast SEO plugin. -->","yoast_head_json":{"title":"STORNIERUNGS- UND ZAHLUNGSBESTIMMUNGEN - Rodos Palladium Leisure &amp; Wellness","robots":{"index":"index","follow":"follow","max-snippet":"max-snippet:-1","max-image-preview":"max-image-preview:large","max-video-preview":"max-video-preview:-1"},"canonical":"https:\/\/www.rodospalladium.gr\/de\/new-relaxed-cancellation-payment-terms\/","og_locale":"de_DE","og_type":"article","og_title":"STORNIERUNGS- UND ZAHLUNGSBESTIMMUNGEN - Rodos Palladium Leisure &amp; Wellness","og_description":"Unsere attraktiven Richtlinien bieten Ihnen mehr Flexibilit\u00e4t und zus\u00e4tzliche Sicherheit: Volle Flexibilit\u00e4t Ihre Kreditkarte wird 10 Tage vor Anreise mit einer Anzahlung in H\u00f6he von 50% des Gesamtwertes dieser Reservierung belastet. Der verbleibende Betrag ist bei Ankunft zu zahlen. Kostenlose Stornierung ist bis zu 11 Tage vor Anreise m\u00f6glich. Halbflexibler Tarif Eine Anzahlung in H\u00f6he","og_url":"https:\/\/www.rodospalladium.gr\/de\/new-relaxed-cancellation-payment-terms\/","og_site_name":"Rodos Palladium Leisure &amp; Wellness","article_modified_time":"2025-03-06T07:33:00+00:00","twitter_card":"summary_large_image","twitter_misc":{"Est. reading time":"1\u00a0Minute"},"schema":{"@context":"https:\/\/schema.org","@graph":[{"@type":"WebPage","@id":"https:\/\/www.rodospalladium.gr\/de\/new-relaxed-cancellation-payment-terms\/","url":"https:\/\/www.rodospalladium.gr\/de\/new-relaxed-cancellation-payment-terms\/","name":"STORNIERUNGS- UND ZAHLUNGSBESTIMMUNGEN - Rodos Palladium Leisure &amp; Wellness","isPartOf":{"@id":"https:\/\/www.rodospalladium.gr\/#website"},"datePublished":"2020-04-11T11:11:15+00:00","dateModified":"2025-03-06T07:33:00+00:00","breadcrumb":{"@id":"https:\/\/www.rodospalladium.gr\/de\/new-relaxed-cancellation-payment-terms\/#breadcrumb"},"inLanguage":"de","potentialAction":[{"@type":"ReadAction","target":["https:\/\/www.rodospalladium.gr\/de\/new-relaxed-cancellation-payment-terms\/"]}]},{"@type":"BreadcrumbList","@id":"https:\/\/www.rodospalladium.gr\/de\/new-relaxed-cancellation-payment-terms\/#breadcrumb","itemListElement":[{"@type":"ListItem","position":1,"name":"Home","item":"https:\/\/www.rodospalladium.gr\/de\/"},{"@type":"ListItem","position":2,"name":"STORNIERUNGS- UND ZAHLUNGSBESTIMMUNGEN"}]},{"@type":"WebSite","@id":"https:\/\/www.rodospalladium.gr\/#website","url":"https:\/\/www.rodospalladium.gr\/","name":"Rodos Palladium Leisure &amp; Wellness","description":"Rodos Palladium Leisure &amp; Wellness is among Rhodes finest five star hotels. It enjoys a premier beach front location at Kallithea bay, offering luxurious accommodation and exclusive leisure and spa facilities.","potentialAction":[{"@type":"SearchAction","target":{"@type":"EntryPoint","urlTemplate":"https:\/\/www.rodospalladium.gr\/?s={search_term_string}"},"query-input":{"@type":"PropertyValueSpecification","valueRequired":true,"valueName":"search_term_string"}}],"inLanguage":"de"}]}},"_links":{"self":[{"href":"https:\/\/www.rodospalladium.gr\/de\/wp-json\/wp\/v2\/pages\/11605"}],"collection":[{"href":"https:\/\/www.rodospalladium.gr\/de\/wp-json\/wp\/v2\/pages"}],"about":[{"href":"https:\/\/www.rodospalladium.gr\/de\/wp-json\/wp\/v2\/types\/page"}],"author":[{"embeddable":true,"href":"https:\/\/www.rodospalladium.gr\/de\/wp-json\/wp\/v2\/users\/33"}],"replies":[{"embeddable":true,"href":"https:\/\/www.rodospalladium.gr\/de\/wp-json\/wp\/v2\/comments?post=11605"}],"version-history":[{"count":10,"href":"https:\/\/www.rodospalladium.gr\/de\/wp-json\/wp\/v2\/pages\/11605\/revisions"}],"predecessor-version":[{"id":30838,"href":"https:\/\/www.rodospalladium.gr\/de\/wp-json\/wp\/v2\/pages\/11605\/revisions\/30838"}],"wp:attachment":[{"href":"https:\/\/www.rodospalladium.gr\/de\/wp-json\/wp\/v2\/media?parent=11605"}],"curies":[{"name":"wp","href":"https:\/\/api.w.org\/{rel}","templated":true}]}}