{"id":11623,"date":"2020-04-11T14:44:56","date_gmt":"2020-04-11T11:44:56","guid":{"rendered":"https:\/\/www.rodospalladium.gr\/?page_id=11623"},"modified":"2020-07-06T20:02:57","modified_gmt":"2020-07-06T17:02:57","slug":"travel-information-covid-19-update","status":"publish","type":"page","link":"https:\/\/www.rodospalladium.gr\/de\/travel-information-covid-19-update\/","title":{"rendered":"Travel Information: COVID-19 Update"},"content":{"rendered":"<h1><span style=\"color: #baa789\"><strong>COVID-19: AKTUALISIERUNG DER REISEINFORMATION 02. JULI 2020<\/strong><\/span><\/h1>\n<hr \/>\n<p>Sehr geehrte G\u00e4ste und Freunde,<\/p>\n<p>Wir hoffen, dass diese Nachricht Sie und Ihre Angeh\u00f6rigen sicher und bei guter Gesundheit findet.<br \/>\nDie Covid-19-Pandemie wirkt sich neben ihren erheblichen wirtschaftlichen und sozialen Folgen weiterhin negativ auf das t\u00e4gliche Leben und die Betriebsamkeit von Menschen auf der ganzen Welt aus. Dies schlie\u00dft leider auch die Unsicherheit f\u00fcr das Reisen ein. Infolgedessen wurde die Nachfrage nach internationalen Urlaubsreisen erheblich reduziert, und unser Hotel konnte leider keine Ausnahme sein.<br \/>\nDie Anzahl der Reservierungen, die wir bisher erhielten, und unsere geringe Belegung erm\u00f6glichen es uns nicht, ein vollst\u00e4ndiges Urlaubserlebnis Ihnen anzubieten, das unter normalen Umst\u00e4nden den Betrieb aller unserer Einrichtungen und die Bereitstellung unseres gesamten Leistungsspektrums umfasst. Alle, die uns in den letzten Jahren mit ihrer Treue geehrt haben, kennen unsere Leidenschaft, hohe Qualit\u00e4t in einer Vielzahl von Optionen und Dienstleistungen anzubieten.<\/p>\n<p>Leider zeigen uns die Aussichten unserer Buchungen f\u00fcr die kommenden Monate, und dar\u00fcber hinaus ,die Markttrends in Verbindung mit der anhaltenden Unsicherheit f\u00fcr Flugreisen nicht, dass sich die pessimistischen Botschaften, die wir heute haben, in naher Zukunft \u00e4ndern werden. Unter keinen Umst\u00e4nden m\u00f6chten wir jedoch Kompromisse eingehen, wenn wir ein begrenztes Leistungsspektrum anbieten, das erheblich unter der integrierten und ganzheitlichen Erfahrung und den Standards zur\u00fcckbleibt, die unsere treuen G\u00e4ste im Rodos Palladium Leisure &amp; Wellness gewohnt sind.<\/p>\n<p>Gleichzeitig wurde die Renovierung unserer \u00f6ffentlichen Bereiche aufgrund erheblicher Verz\u00f6gerungen und in Folge der Sperrung in den letzten Monaten noch nicht abgeschlossen. Es wird weiterhin daran gearbeitet, Ihnen in Zukunft ein verbessertes und zeitgem\u00e4\u00dfes Urlaubserlebnis anbieten zu k\u00f6nnen.<\/p>\n<p><strong>Aus den oben genannten Gr\u00fcnden haben wir beschlossen, dass Rodos Palladium Leisure &amp; Wellness in der Saison 2020 nicht betrieben wird. Wir m\u00f6chten Ihnen versichern, dass dies eine sehr schwierige Entscheidung war. Wir verstehen, dass eine solche Entscheidung f\u00fcr viele von Ihnen, die Ihren Urlaub bei uns geplant haben, unangenehm ist. Aufrichtig m\u00f6chten wir Ihnen versichern, dass es f\u00fcr uns ebenso unangenehm ist: Wir w\u00fcrden gerne in der Lage sein, Sie bei uns willkommen zu hei\u00dfen und Ihnen ein unvergessliches Urlaubserlebnis anzubieten.<\/strong><\/p>\n<p>Wir m\u00f6chten uns bei Ihnen allen daf\u00fcr bedanken, dass Sie sich f\u00fcr Rodos Palladium f\u00fcr Ihren Urlaub in diesem Jahr entschieden haben. Dar\u00fcber hinaus f\u00fchlen wir uns verpflichtet, uns aufrichtig f\u00fcr die Unannehmlichkeiten zu entschuldigen, die eine solche Entscheidung f\u00fcr Ihre Urlaubspl\u00e4ne mit sich bringt, unabh\u00e4ngig davon, ob Sie zum ersten Mal in unserem Hotel waren oder ob Sie Teil unserer Stammg\u00e4ste waren, die uns mit Ihrer Unterst\u00fctzung all dieser Jahre geehrt haben. Wir m\u00f6chten Ihnen versichern, dass wir Sie im Jahr 2021 mit einem verbesserten Produkt und der gleichen Servicequalit\u00e4t begr\u00fc\u00dfen werden, die Sie von unserem Hotel gewohnt sind. Bis dahin bleiben Sie bitte in Sicherheit und bei bester Gesundheit, um diese sehr schwierige Zeit zu \u00fcberwinden.<\/p>\n<p>Falls Sie eine direkte Reservierung bei unserem Hotel (\u00fcber unsere Website, Telefon oder E-Mail) oder eine Reservierung \u00fcber ein Online-Reiseb\u00fcro haben, f\u00fcr das eine Vorauszahlung an unser Hotel geleistet wurde, wenden Sie sich bitte an unsere Reservierungsabteilung unter <a href=\"mailto:reservations@rodospalladium.gr\">reservations@rodospalladium.gr<\/a> . F\u00fcr Reservierungen \u00fcber einen Reiseveranstalter oder ein Reiseb\u00fcro wenden Sie sich bitte direkt an diese, um alternative Optionen zu pr\u00fcfen.<\/p>\n<p>Wir danken Ihnen f\u00fcr Ihr Verst\u00e4ndnis.<\/p>\n<p>Hochachtungsvoll,<\/p>\n<p>Babis Garefalakis<br \/>\n<em>Hoteldirector<\/em><\/p>\n","protected":false},"excerpt":{"rendered":"<p>COVID-19: AKTUALISIERUNG DER REISEINFORMATION 02. JULI 2020 Sehr geehrte G\u00e4ste und Freunde, Wir hoffen, dass diese Nachricht Sie und Ihre Angeh\u00f6rigen sicher und bei guter Gesundheit findet. Die Covid-19-Pandemie wirkt sich neben ihren erheblichen wirtschaftlichen und sozialen Folgen weiterhin negativ auf das t\u00e4gliche Leben und die Betriebsamkeit von Menschen auf der ganzen Welt aus. Dies<\/p>\n","protected":false},"author":33,"featured_media":0,"parent":0,"menu_order":0,"comment_status":"closed","ping_status":"closed","template":"page-templates\/blank-page.php","meta":{"_acf_changed":false,"footnotes":""},"class_list":["post-11623","page","type-page","status-publish","hentry"],"acf":[],"yoast_head":"<!-- This site is optimized with the Yoast SEO plugin v26.9 - https:\/\/yoast.com\/product\/yoast-seo-wordpress\/ -->\n<title>Travel Information: COVID-19 Update - Rodos Palladium Leisure &amp; Wellness<\/title>\n<meta name=\"robots\" content=\"index, follow, max-snippet:-1, max-image-preview:large, max-video-preview:-1\" \/>\n<link rel=\"canonical\" href=\"https:\/\/www.rodospalladium.gr\/de\/travel-information-covid-19-update\/\" \/>\n<meta property=\"og:locale\" content=\"de_DE\" \/>\n<meta property=\"og:type\" content=\"article\" \/>\n<meta property=\"og:title\" content=\"Travel Information: COVID-19 Update - Rodos Palladium Leisure &amp; Wellness\" \/>\n<meta property=\"og:description\" content=\"COVID-19: AKTUALISIERUNG DER REISEINFORMATION 02. JULI 2020 Sehr geehrte G\u00e4ste und Freunde, Wir hoffen, dass diese Nachricht Sie und Ihre Angeh\u00f6rigen sicher und bei guter Gesundheit findet. Die Covid-19-Pandemie wirkt sich neben ihren erheblichen wirtschaftlichen und sozialen Folgen weiterhin negativ auf das t\u00e4gliche Leben und die Betriebsamkeit von Menschen auf der ganzen Welt aus. Dies\" \/>\n<meta property=\"og:url\" content=\"https:\/\/www.rodospalladium.gr\/de\/travel-information-covid-19-update\/\" \/>\n<meta property=\"og:site_name\" content=\"Rodos Palladium Leisure &amp; Wellness\" \/>\n<meta property=\"article:modified_time\" content=\"2020-07-06T17:02:57+00:00\" \/>\n<meta name=\"twitter:card\" content=\"summary_large_image\" \/>\n<meta name=\"twitter:label1\" content=\"Est. reading time\" \/>\n\t<meta name=\"twitter:data1\" content=\"3\u00a0Minuten\" \/>\n<script type=\"application\/ld+json\" class=\"yoast-schema-graph\">{\"@context\":\"https:\/\/schema.org\",\"@graph\":[{\"@type\":\"WebPage\",\"@id\":\"https:\/\/www.rodospalladium.gr\/de\/travel-information-covid-19-update\/\",\"url\":\"https:\/\/www.rodospalladium.gr\/de\/travel-information-covid-19-update\/\",\"name\":\"Travel Information: COVID-19 Update - Rodos Palladium Leisure &amp; Wellness\",\"isPartOf\":{\"@id\":\"https:\/\/www.rodospalladium.gr\/#website\"},\"datePublished\":\"2020-04-11T11:44:56+00:00\",\"dateModified\":\"2020-07-06T17:02:57+00:00\",\"breadcrumb\":{\"@id\":\"https:\/\/www.rodospalladium.gr\/de\/travel-information-covid-19-update\/#breadcrumb\"},\"inLanguage\":\"de\",\"potentialAction\":[{\"@type\":\"ReadAction\",\"target\":[\"https:\/\/www.rodospalladium.gr\/de\/travel-information-covid-19-update\/\"]}]},{\"@type\":\"BreadcrumbList\",\"@id\":\"https:\/\/www.rodospalladium.gr\/de\/travel-information-covid-19-update\/#breadcrumb\",\"itemListElement\":[{\"@type\":\"ListItem\",\"position\":1,\"name\":\"Home\",\"item\":\"https:\/\/www.rodospalladium.gr\/de\/\"},{\"@type\":\"ListItem\",\"position\":2,\"name\":\"Travel Information: COVID-19 Update\"}]},{\"@type\":\"WebSite\",\"@id\":\"https:\/\/www.rodospalladium.gr\/#website\",\"url\":\"https:\/\/www.rodospalladium.gr\/\",\"name\":\"Rodos Palladium Leisure &amp; Wellness\",\"description\":\"Rodos Palladium Leisure &amp; Wellness is among Rhodes finest five star hotels. It enjoys a premier beach front location at Kallithea bay, offering luxurious accommodation and exclusive leisure and spa facilities.\",\"potentialAction\":[{\"@type\":\"SearchAction\",\"target\":{\"@type\":\"EntryPoint\",\"urlTemplate\":\"https:\/\/www.rodospalladium.gr\/?s={search_term_string}\"},\"query-input\":{\"@type\":\"PropertyValueSpecification\",\"valueRequired\":true,\"valueName\":\"search_term_string\"}}],\"inLanguage\":\"de\"}]}<\/script>\n<!-- \/ Yoast SEO plugin. -->","yoast_head_json":{"title":"Travel Information: COVID-19 Update - Rodos Palladium Leisure &amp; Wellness","robots":{"index":"index","follow":"follow","max-snippet":"max-snippet:-1","max-image-preview":"max-image-preview:large","max-video-preview":"max-video-preview:-1"},"canonical":"https:\/\/www.rodospalladium.gr\/de\/travel-information-covid-19-update\/","og_locale":"de_DE","og_type":"article","og_title":"Travel Information: COVID-19 Update - Rodos Palladium Leisure &amp; Wellness","og_description":"COVID-19: AKTUALISIERUNG DER REISEINFORMATION 02. JULI 2020 Sehr geehrte G\u00e4ste und Freunde, Wir hoffen, dass diese Nachricht Sie und Ihre Angeh\u00f6rigen sicher und bei guter Gesundheit findet. Die Covid-19-Pandemie wirkt sich neben ihren erheblichen wirtschaftlichen und sozialen Folgen weiterhin negativ auf das t\u00e4gliche Leben und die Betriebsamkeit von Menschen auf der ganzen Welt aus. Dies","og_url":"https:\/\/www.rodospalladium.gr\/de\/travel-information-covid-19-update\/","og_site_name":"Rodos Palladium Leisure &amp; Wellness","article_modified_time":"2020-07-06T17:02:57+00:00","twitter_card":"summary_large_image","twitter_misc":{"Est. reading time":"3\u00a0Minuten"},"schema":{"@context":"https:\/\/schema.org","@graph":[{"@type":"WebPage","@id":"https:\/\/www.rodospalladium.gr\/de\/travel-information-covid-19-update\/","url":"https:\/\/www.rodospalladium.gr\/de\/travel-information-covid-19-update\/","name":"Travel Information: COVID-19 Update - Rodos Palladium Leisure &amp; Wellness","isPartOf":{"@id":"https:\/\/www.rodospalladium.gr\/#website"},"datePublished":"2020-04-11T11:44:56+00:00","dateModified":"2020-07-06T17:02:57+00:00","breadcrumb":{"@id":"https:\/\/www.rodospalladium.gr\/de\/travel-information-covid-19-update\/#breadcrumb"},"inLanguage":"de","potentialAction":[{"@type":"ReadAction","target":["https:\/\/www.rodospalladium.gr\/de\/travel-information-covid-19-update\/"]}]},{"@type":"BreadcrumbList","@id":"https:\/\/www.rodospalladium.gr\/de\/travel-information-covid-19-update\/#breadcrumb","itemListElement":[{"@type":"ListItem","position":1,"name":"Home","item":"https:\/\/www.rodospalladium.gr\/de\/"},{"@type":"ListItem","position":2,"name":"Travel Information: COVID-19 Update"}]},{"@type":"WebSite","@id":"https:\/\/www.rodospalladium.gr\/#website","url":"https:\/\/www.rodospalladium.gr\/","name":"Rodos Palladium Leisure &amp; Wellness","description":"Rodos Palladium Leisure &amp; Wellness is among Rhodes finest five star hotels. It enjoys a premier beach front location at Kallithea bay, offering luxurious accommodation and exclusive leisure and spa facilities.","potentialAction":[{"@type":"SearchAction","target":{"@type":"EntryPoint","urlTemplate":"https:\/\/www.rodospalladium.gr\/?s={search_term_string}"},"query-input":{"@type":"PropertyValueSpecification","valueRequired":true,"valueName":"search_term_string"}}],"inLanguage":"de"}]}},"_links":{"self":[{"href":"https:\/\/www.rodospalladium.gr\/de\/wp-json\/wp\/v2\/pages\/11623"}],"collection":[{"href":"https:\/\/www.rodospalladium.gr\/de\/wp-json\/wp\/v2\/pages"}],"about":[{"href":"https:\/\/www.rodospalladium.gr\/de\/wp-json\/wp\/v2\/types\/page"}],"author":[{"embeddable":true,"href":"https:\/\/www.rodospalladium.gr\/de\/wp-json\/wp\/v2\/users\/33"}],"replies":[{"embeddable":true,"href":"https:\/\/www.rodospalladium.gr\/de\/wp-json\/wp\/v2\/comments?post=11623"}],"version-history":[{"count":16,"href":"https:\/\/www.rodospalladium.gr\/de\/wp-json\/wp\/v2\/pages\/11623\/revisions"}],"predecessor-version":[{"id":11991,"href":"https:\/\/www.rodospalladium.gr\/de\/wp-json\/wp\/v2\/pages\/11623\/revisions\/11991"}],"wp:attachment":[{"href":"https:\/\/www.rodospalladium.gr\/de\/wp-json\/wp\/v2\/media?parent=11623"}],"curies":[{"name":"wp","href":"https:\/\/api.w.org\/{rel}","templated":true}]}}