{"id":12468,"date":"2020-12-29T12:28:35","date_gmt":"2020-12-29T09:28:35","guid":{"rendered":"https:\/\/www.rodospalladium.gr\/?page_id=12468"},"modified":"2024-09-20T17:33:08","modified_gmt":"2024-09-20T14:33:08","slug":"covid-19-gesundheit-sicherheit","status":"publish","type":"page","link":"https:\/\/www.rodospalladium.gr\/de\/covid-19-gesundheit-sicherheit\/","title":{"rendered":"Covid-19 Gesundheit und Sicherheit"},"content":{"rendered":"<h1><span style=\"color: #baa789;\"><strong>Covid-19 Ge<span style=\"color: #baa789;\">sund<\/span>heit &amp; Sicherheit<br \/>\n<\/strong><\/span><\/h1>\n<hr \/>\n<p><span style=\"color: #baa789;\"><a style=\"color: #baa789;\" href=\"https:\/\/www.dropbox.com\/s\/tcfbvhk7nvmk99e\/PALLADIUM%20HEALTH%20AND%20SAFETY%20BROCHURE.pdf?dl=0\"><strong>Laden Sie hier unseren detaillierten Gesundheits- und Sicherheitsplan<\/strong><\/a><\/span><\/p>\n<p>* * * * * * * * * AKTUALISIERT AM 01.06 * * * * * * * * * * * * * * * * * *<\/p>\n<p><strong>GESICHTSMASKEN SIND NICHT OBLIGATORISCH:<br \/>\n<\/strong>Gem\u00e4\u00df den neuesten Richtlinien der griechischen Beh\u00f6rden ist die Verwendung einer Gesichtsmaske in Innen- und Au\u00dfenbereichen ab dem 1. Juni nicht mehr obligatorisch. Zu Ihrer eigenen Gesundheit und Sicherheit empfiehlt unser Hotel deren Verwendung in Innenr\u00e4umen und insbesondere in Aufz\u00fcgen.<\/p>\n<p>* * * * * * * * * * * * * * * * * * * * * * * * * * *<\/p>\n<p>COVID-TEST IM HOTEL NUR F\u00dcR G\u00c4STE VON RODOS PALLADIUM:<br \/>\nFalls Ihr Heimatland vor Ihrer Abreise von Rhodos einen negativen COVID-19-Test erfordert, m\u00f6chten wir Ihnen gerne mitteilen, dass wir nach Anfrage von Ihnen den Test im Hotel durchf\u00fchren k\u00f6nnen.<\/p>\n<p>* * * * * * * * * * * * * * * * * * * * * * * * * * *<\/p>\n<p>Liebe G\u00e4ste und Freunde,<\/p>\n<p>Die ganze Welt lebt in einer beispiellosen Situation. Es ist wahr, dass Unsicherheit, verbunden mit den auferlegten Beschr\u00e4nkungen, das Alltagsleben vieler von uns schwierig macht. In diesem Moment sind Geduld und die Einhaltung der Empfehlungen und Richtlinien der zust\u00e4ndigen Gesundheitsbeh\u00f6rden erforderlich.<\/p>\n<p>Unsere Gedanken sind bei unseren Mitmenschen, die in den am st\u00e4rksten betroffenen L\u00e4ndern leiden, bei denen, die an vorderster Front arbeiten und unseren Mitmenschen Hilfe anbieten, aber nat\u00fcrlich auch bei Tausenden unserer G\u00e4ste und Freunde, die in der Vergangenheit bei uns ihren Urlaub verbracht haben: Wir w\u00fcnschen Ihnen und Ihren Familien von ganzem Herzen, dass Sie gesund bleiben. Wir sind sicher, dass wir aus dieser Tortur bald als Sieger hervorgehen werden, ges\u00fcnder, aber mehr denn je st\u00e4rker als zuvor.<\/p>\n<p>Nachfolgend finden Sie die Rahmenbedingungen f\u00fcr Gesundheits- und Sicherheitsma\u00dfnahmen, die wir umsetzen m\u00f6chten, um die Gesundheit und Sicherheit unserer G\u00e4ste und unserer Mitarbeiter zu gew\u00e4hrleisten. Unser Ziel ist es, Ihren Urlaub im Rodos Palladium Leisure &amp; Wellness nicht nur unvergesslich, sondern auch sicher zu gestalten:<\/p>\n<ul>\n<li>Kontinuierliche \u00dcberwachung und strikte Umsetzung der ver\u00f6ffentlichen Richtlinien der Weltgesundheitsorganisation und der griechischen nationalen Organisation f\u00fcr \u00f6ffentliche Gesundheit.<\/li>\n<li>Zusammenarbeit mit internationalen renommierten externen Partnern um alle Gesundheits- und Sicherheitsma\u00dfnahmen im Hotel zu entwerfen und umzusetzen.<\/li>\n<li>T\u00e4gliche Schulung des Personals und systematische \u00dcberwachung auf strikte Einhaltung der Richtlinien.<\/li>\n<li>Hohe Standards bei der Zubereitung von Speisen und Getr\u00e4nken unter vollst\u00e4ndiger Einhaltung des HACCP-Konzept (Hazard Analysis and Critical Control Point System &#8211; Gefahrenanalyse) in Kombination mit strengem H\u00e4ndewaschen und Hygienerichtlinien in allen an der Lebensmittel- und Getr\u00e4nkeherstellung beteiligten Teams.<\/li>\n<\/ul>\n<p>Wir m\u00f6chten uns bei Ihnen f\u00fcr Ihre anhaltende Vorliebe und Unterst\u00fctzung f\u00fcr unser Hotel bedanken und freuen uns, Sie bald wieder im Rodos Palladium begr\u00fc\u00dfen zu d\u00fcrfen, der Ort, an dem Sie und Ihre Lieben sorgenfreie Momente genie\u00dfen k\u00f6nnen.<\/p>\n<p>Hochachtungsvoll,<br \/>\nAlexandros P. Mortzos<br \/>\nHoteldirektor<\/p>\n","protected":false},"excerpt":{"rendered":"<p>Covid-19 Gesundheit &amp; Sicherheit Laden Sie hier unseren detaillierten Gesundheits- und Sicherheitsplan * * * * * * * * * AKTUALISIERT AM 01.06 * * * * * * * * * * * * * * * * * * GESICHTSMASKEN SIND NICHT OBLIGATORISCH: Gem\u00e4\u00df den neuesten Richtlinien der griechischen Beh\u00f6rden ist die<\/p>\n","protected":false},"author":33,"featured_media":0,"parent":0,"menu_order":0,"comment_status":"closed","ping_status":"closed","template":"page-templates\/blank-page.php","meta":{"_acf_changed":false,"footnotes":""},"class_list":["post-12468","page","type-page","status-publish","hentry"],"acf":[],"yoast_head":"<!-- This site is optimized with the Yoast SEO plugin v26.9 - https:\/\/yoast.com\/product\/yoast-seo-wordpress\/ -->\n<title>Covid-19 Gesundheit und Sicherheit - Rodos Palladium Leisure &amp; Wellness<\/title>\n<meta name=\"robots\" content=\"index, follow, max-snippet:-1, max-image-preview:large, max-video-preview:-1\" \/>\n<link rel=\"canonical\" href=\"https:\/\/www.rodospalladium.gr\/de\/covid-19-gesundheit-sicherheit\/\" \/>\n<meta property=\"og:locale\" content=\"de_DE\" \/>\n<meta property=\"og:type\" content=\"article\" \/>\n<meta property=\"og:title\" content=\"Covid-19 Gesundheit und Sicherheit - Rodos Palladium Leisure &amp; Wellness\" \/>\n<meta property=\"og:description\" content=\"Covid-19 Gesundheit &amp; Sicherheit Laden Sie hier unseren detaillierten Gesundheits- und Sicherheitsplan * * * * * * * * * AKTUALISIERT AM 01.06 * * * * * * * * * * * * * * * * * * GESICHTSMASKEN SIND NICHT OBLIGATORISCH: Gem\u00e4\u00df den neuesten Richtlinien der griechischen Beh\u00f6rden ist die\" \/>\n<meta property=\"og:url\" content=\"https:\/\/www.rodospalladium.gr\/de\/covid-19-gesundheit-sicherheit\/\" \/>\n<meta property=\"og:site_name\" content=\"Rodos Palladium Leisure &amp; Wellness\" \/>\n<meta property=\"article:modified_time\" content=\"2024-09-20T14:33:08+00:00\" \/>\n<meta name=\"twitter:card\" content=\"summary_large_image\" \/>\n<meta name=\"twitter:label1\" content=\"Est. reading time\" \/>\n\t<meta name=\"twitter:data1\" content=\"3\u00a0Minuten\" \/>\n<script type=\"application\/ld+json\" class=\"yoast-schema-graph\">{\"@context\":\"https:\/\/schema.org\",\"@graph\":[{\"@type\":\"WebPage\",\"@id\":\"https:\/\/www.rodospalladium.gr\/de\/covid-19-gesundheit-sicherheit\/\",\"url\":\"https:\/\/www.rodospalladium.gr\/de\/covid-19-gesundheit-sicherheit\/\",\"name\":\"Covid-19 Gesundheit und Sicherheit - Rodos Palladium Leisure &amp; Wellness\",\"isPartOf\":{\"@id\":\"https:\/\/www.rodospalladium.gr\/#website\"},\"datePublished\":\"2020-12-29T09:28:35+00:00\",\"dateModified\":\"2024-09-20T14:33:08+00:00\",\"breadcrumb\":{\"@id\":\"https:\/\/www.rodospalladium.gr\/de\/covid-19-gesundheit-sicherheit\/#breadcrumb\"},\"inLanguage\":\"de\",\"potentialAction\":[{\"@type\":\"ReadAction\",\"target\":[\"https:\/\/www.rodospalladium.gr\/de\/covid-19-gesundheit-sicherheit\/\"]}]},{\"@type\":\"BreadcrumbList\",\"@id\":\"https:\/\/www.rodospalladium.gr\/de\/covid-19-gesundheit-sicherheit\/#breadcrumb\",\"itemListElement\":[{\"@type\":\"ListItem\",\"position\":1,\"name\":\"Home\",\"item\":\"https:\/\/www.rodospalladium.gr\/de\/\"},{\"@type\":\"ListItem\",\"position\":2,\"name\":\"Covid-19 Gesundheit und Sicherheit\"}]},{\"@type\":\"WebSite\",\"@id\":\"https:\/\/www.rodospalladium.gr\/#website\",\"url\":\"https:\/\/www.rodospalladium.gr\/\",\"name\":\"Rodos Palladium Leisure &amp; Wellness\",\"description\":\"Rodos Palladium Leisure &amp; Wellness is among Rhodes finest five star hotels. It enjoys a premier beach front location at Kallithea bay, offering luxurious accommodation and exclusive leisure and spa facilities.\",\"potentialAction\":[{\"@type\":\"SearchAction\",\"target\":{\"@type\":\"EntryPoint\",\"urlTemplate\":\"https:\/\/www.rodospalladium.gr\/?s={search_term_string}\"},\"query-input\":{\"@type\":\"PropertyValueSpecification\",\"valueRequired\":true,\"valueName\":\"search_term_string\"}}],\"inLanguage\":\"de\"}]}<\/script>\n<!-- \/ Yoast SEO plugin. -->","yoast_head_json":{"title":"Covid-19 Gesundheit und Sicherheit - Rodos Palladium Leisure &amp; Wellness","robots":{"index":"index","follow":"follow","max-snippet":"max-snippet:-1","max-image-preview":"max-image-preview:large","max-video-preview":"max-video-preview:-1"},"canonical":"https:\/\/www.rodospalladium.gr\/de\/covid-19-gesundheit-sicherheit\/","og_locale":"de_DE","og_type":"article","og_title":"Covid-19 Gesundheit und Sicherheit - Rodos Palladium Leisure &amp; Wellness","og_description":"Covid-19 Gesundheit &amp; Sicherheit Laden Sie hier unseren detaillierten Gesundheits- und Sicherheitsplan * * * * * * * * * AKTUALISIERT AM 01.06 * * * * * * * * * * * * * * * * * * GESICHTSMASKEN SIND NICHT OBLIGATORISCH: Gem\u00e4\u00df den neuesten Richtlinien der griechischen Beh\u00f6rden ist die","og_url":"https:\/\/www.rodospalladium.gr\/de\/covid-19-gesundheit-sicherheit\/","og_site_name":"Rodos Palladium Leisure &amp; Wellness","article_modified_time":"2024-09-20T14:33:08+00:00","twitter_card":"summary_large_image","twitter_misc":{"Est. reading time":"3\u00a0Minuten"},"schema":{"@context":"https:\/\/schema.org","@graph":[{"@type":"WebPage","@id":"https:\/\/www.rodospalladium.gr\/de\/covid-19-gesundheit-sicherheit\/","url":"https:\/\/www.rodospalladium.gr\/de\/covid-19-gesundheit-sicherheit\/","name":"Covid-19 Gesundheit und Sicherheit - Rodos Palladium Leisure &amp; Wellness","isPartOf":{"@id":"https:\/\/www.rodospalladium.gr\/#website"},"datePublished":"2020-12-29T09:28:35+00:00","dateModified":"2024-09-20T14:33:08+00:00","breadcrumb":{"@id":"https:\/\/www.rodospalladium.gr\/de\/covid-19-gesundheit-sicherheit\/#breadcrumb"},"inLanguage":"de","potentialAction":[{"@type":"ReadAction","target":["https:\/\/www.rodospalladium.gr\/de\/covid-19-gesundheit-sicherheit\/"]}]},{"@type":"BreadcrumbList","@id":"https:\/\/www.rodospalladium.gr\/de\/covid-19-gesundheit-sicherheit\/#breadcrumb","itemListElement":[{"@type":"ListItem","position":1,"name":"Home","item":"https:\/\/www.rodospalladium.gr\/de\/"},{"@type":"ListItem","position":2,"name":"Covid-19 Gesundheit und Sicherheit"}]},{"@type":"WebSite","@id":"https:\/\/www.rodospalladium.gr\/#website","url":"https:\/\/www.rodospalladium.gr\/","name":"Rodos Palladium Leisure &amp; Wellness","description":"Rodos Palladium Leisure &amp; Wellness is among Rhodes finest five star hotels. It enjoys a premier beach front location at Kallithea bay, offering luxurious accommodation and exclusive leisure and spa facilities.","potentialAction":[{"@type":"SearchAction","target":{"@type":"EntryPoint","urlTemplate":"https:\/\/www.rodospalladium.gr\/?s={search_term_string}"},"query-input":{"@type":"PropertyValueSpecification","valueRequired":true,"valueName":"search_term_string"}}],"inLanguage":"de"}]}},"_links":{"self":[{"href":"https:\/\/www.rodospalladium.gr\/de\/wp-json\/wp\/v2\/pages\/12468"}],"collection":[{"href":"https:\/\/www.rodospalladium.gr\/de\/wp-json\/wp\/v2\/pages"}],"about":[{"href":"https:\/\/www.rodospalladium.gr\/de\/wp-json\/wp\/v2\/types\/page"}],"author":[{"embeddable":true,"href":"https:\/\/www.rodospalladium.gr\/de\/wp-json\/wp\/v2\/users\/33"}],"replies":[{"embeddable":true,"href":"https:\/\/www.rodospalladium.gr\/de\/wp-json\/wp\/v2\/comments?post=12468"}],"version-history":[{"count":21,"href":"https:\/\/www.rodospalladium.gr\/de\/wp-json\/wp\/v2\/pages\/12468\/revisions"}],"predecessor-version":[{"id":15179,"href":"https:\/\/www.rodospalladium.gr\/de\/wp-json\/wp\/v2\/pages\/12468\/revisions\/15179"}],"wp:attachment":[{"href":"https:\/\/www.rodospalladium.gr\/de\/wp-json\/wp\/v2\/media?parent=12468"}],"curies":[{"name":"wp","href":"https:\/\/api.w.org\/{rel}","templated":true}]}}