{"id":2048,"date":"2019-05-02T15:09:00","date_gmt":"2019-05-02T12:09:00","guid":{"rendered":"http:\/\/harmony.cms4.nelios.com\/special-occasions-romantic-experiences\/"},"modified":"2025-04-08T14:18:48","modified_gmt":"2025-04-08T11:18:48","slug":"romantic-experiences","status":"publish","type":"page","link":"https:\/\/www.rodospalladium.gr\/de\/romantic-experiences\/","title":{"rendered":"Romantische Erlebnisse"},"content":{"rendered":"<h2 style=\"text-align: left;\"><span style=\"color: #baa789;\">Feiern Sie die ganz besonderen Momente Ihres Lebens<\/span><\/h2>\n<p style=\"text-align: left;\">Im Rodos Palladium, <span style=\"background-color: var(--bs-body-bg); color: var(--bs-body-color); font-family: var(--bs-body-font-family); font-size: var(--bs-body-font-size); font-weight: var(--bs-body-font-weight); text-align: var(--bs-body-text-align);\">hilft Ihnen <\/span><span style=\"background-color: var(--bs-body-bg); color: var(--bs-body-color); font-family: var(--bs-body-font-family); font-size: var(--bs-body-font-size); font-weight: var(--bs-body-font-weight);\">unser Team dabei, Ihre Hochzeitsfeier, Ihren Junggesellenabschied, Ihre Flitterwochen oder Ihr Jubil\u00e4um oder sogar Ihren Geburtstag zu einem unvergesslichen Erlebnis zu machen.<\/span>Denken Sie an Ideen, um Ihrer Urlaubsreise ein paar romantische Eigenschaften zu verleihen? Wir haben die Romantikpakete Golden und Prestige sorgf\u00e4ltig nur f\u00fcr Sie zusammengestellt!<br \/>\nAlternativ k\u00f6nnen Sie aus einer Vielzahl von Optionen w\u00e4hlen, um Ihr ganz spezielles, ma\u00dfgeschneidertes Paket zusammenzustellen.<\/p>\n<p style=\"text-align: left;\">Um mehr zu erfahren, z\u00f6gern Sie bitte nicht, unsere Reservierungsabteilung unter \ud83d\udce7<a href=\"mailto:reservations@rodospalladium.gr\"><strong>reservations@rodospalladium.gr<\/strong><\/a> zu kontaktieren oder unser Guest Relations Office unter <strong>+30 22410 57300<\/strong> anzurufen.<\/p>\n","protected":false},"excerpt":{"rendered":"<p>Feiern Sie die ganz besonderen Momente Ihres Lebens Im Rodos Palladium, hilft Ihnen unser Team dabei, Ihre Hochzeitsfeier, Ihren Junggesellenabschied, Ihre Flitterwochen oder Ihr Jubil\u00e4um oder sogar Ihren Geburtstag zu einem unvergesslichen Erlebnis zu machen.Denken Sie an Ideen, um Ihrer Urlaubsreise ein paar romantische Eigenschaften zu verleihen? Wir haben die Romantikpakete Golden und Prestige sorgf\u00e4ltig<\/p>\n","protected":false},"author":1,"featured_media":0,"parent":0,"menu_order":0,"comment_status":"closed","ping_status":"closed","template":"","meta":{"_acf_changed":false,"footnotes":""},"class_list":["post-2048","page","type-page","status-publish","hentry"],"acf":[],"yoast_head":"<!-- This site is optimized with the Yoast SEO plugin v26.9 - https:\/\/yoast.com\/product\/yoast-seo-wordpress\/ -->\n<title>Romantische Erlebnisse - Rodos Palladium Leisure &amp; Wellness<\/title>\n<meta name=\"robots\" content=\"index, follow, max-snippet:-1, max-image-preview:large, max-video-preview:-1\" \/>\n<link rel=\"canonical\" href=\"https:\/\/www.rodospalladium.gr\/de\/romantic-experiences\/\" \/>\n<meta property=\"og:locale\" content=\"de_DE\" \/>\n<meta property=\"og:type\" content=\"article\" \/>\n<meta property=\"og:title\" content=\"Romantische Erlebnisse - Rodos Palladium Leisure &amp; Wellness\" \/>\n<meta property=\"og:description\" content=\"Feiern Sie die ganz besonderen Momente Ihres Lebens Im Rodos Palladium, hilft Ihnen unser Team dabei, Ihre Hochzeitsfeier, Ihren Junggesellenabschied, Ihre Flitterwochen oder Ihr Jubil\u00e4um oder sogar Ihren Geburtstag zu einem unvergesslichen Erlebnis zu machen.Denken Sie an Ideen, um Ihrer Urlaubsreise ein paar romantische Eigenschaften zu verleihen? Wir haben die Romantikpakete Golden und Prestige sorgf\u00e4ltig\" \/>\n<meta property=\"og:url\" content=\"https:\/\/www.rodospalladium.gr\/de\/romantic-experiences\/\" \/>\n<meta property=\"og:site_name\" content=\"Rodos Palladium Leisure &amp; Wellness\" \/>\n<meta property=\"article:modified_time\" content=\"2025-04-08T11:18:48+00:00\" \/>\n<meta name=\"twitter:card\" content=\"summary_large_image\" \/>\n<meta name=\"twitter:label1\" content=\"Est. reading time\" \/>\n\t<meta name=\"twitter:data1\" content=\"1\u00a0Minute\" \/>\n<script type=\"application\/ld+json\" class=\"yoast-schema-graph\">{\"@context\":\"https:\/\/schema.org\",\"@graph\":[{\"@type\":\"WebPage\",\"@id\":\"https:\/\/www.rodospalladium.gr\/de\/romantic-experiences\/\",\"url\":\"https:\/\/www.rodospalladium.gr\/de\/romantic-experiences\/\",\"name\":\"Romantische Erlebnisse - Rodos Palladium Leisure &amp; Wellness\",\"isPartOf\":{\"@id\":\"https:\/\/www.rodospalladium.gr\/#website\"},\"datePublished\":\"2019-05-02T12:09:00+00:00\",\"dateModified\":\"2025-04-08T11:18:48+00:00\",\"breadcrumb\":{\"@id\":\"https:\/\/www.rodospalladium.gr\/de\/romantic-experiences\/#breadcrumb\"},\"inLanguage\":\"de\",\"potentialAction\":[{\"@type\":\"ReadAction\",\"target\":[\"https:\/\/www.rodospalladium.gr\/de\/romantic-experiences\/\"]}]},{\"@type\":\"BreadcrumbList\",\"@id\":\"https:\/\/www.rodospalladium.gr\/de\/romantic-experiences\/#breadcrumb\",\"itemListElement\":[{\"@type\":\"ListItem\",\"position\":1,\"name\":\"Home\",\"item\":\"https:\/\/www.rodospalladium.gr\/de\/\"},{\"@type\":\"ListItem\",\"position\":2,\"name\":\"Romantische Erlebnisse\"}]},{\"@type\":\"WebSite\",\"@id\":\"https:\/\/www.rodospalladium.gr\/#website\",\"url\":\"https:\/\/www.rodospalladium.gr\/\",\"name\":\"Rodos Palladium Leisure &amp; Wellness\",\"description\":\"Rodos Palladium Leisure &amp; Wellness is among Rhodes finest five star hotels. It enjoys a premier beach front location at Kallithea bay, offering luxurious accommodation and exclusive leisure and spa facilities.\",\"potentialAction\":[{\"@type\":\"SearchAction\",\"target\":{\"@type\":\"EntryPoint\",\"urlTemplate\":\"https:\/\/www.rodospalladium.gr\/?s={search_term_string}\"},\"query-input\":{\"@type\":\"PropertyValueSpecification\",\"valueRequired\":true,\"valueName\":\"search_term_string\"}}],\"inLanguage\":\"de\"}]}<\/script>\n<!-- \/ Yoast SEO plugin. -->","yoast_head_json":{"title":"Romantische Erlebnisse - Rodos Palladium Leisure &amp; Wellness","robots":{"index":"index","follow":"follow","max-snippet":"max-snippet:-1","max-image-preview":"max-image-preview:large","max-video-preview":"max-video-preview:-1"},"canonical":"https:\/\/www.rodospalladium.gr\/de\/romantic-experiences\/","og_locale":"de_DE","og_type":"article","og_title":"Romantische Erlebnisse - Rodos Palladium Leisure &amp; Wellness","og_description":"Feiern Sie die ganz besonderen Momente Ihres Lebens Im Rodos Palladium, hilft Ihnen unser Team dabei, Ihre Hochzeitsfeier, Ihren Junggesellenabschied, Ihre Flitterwochen oder Ihr Jubil\u00e4um oder sogar Ihren Geburtstag zu einem unvergesslichen Erlebnis zu machen.Denken Sie an Ideen, um Ihrer Urlaubsreise ein paar romantische Eigenschaften zu verleihen? Wir haben die Romantikpakete Golden und Prestige sorgf\u00e4ltig","og_url":"https:\/\/www.rodospalladium.gr\/de\/romantic-experiences\/","og_site_name":"Rodos Palladium Leisure &amp; Wellness","article_modified_time":"2025-04-08T11:18:48+00:00","twitter_card":"summary_large_image","twitter_misc":{"Est. reading time":"1\u00a0Minute"},"schema":{"@context":"https:\/\/schema.org","@graph":[{"@type":"WebPage","@id":"https:\/\/www.rodospalladium.gr\/de\/romantic-experiences\/","url":"https:\/\/www.rodospalladium.gr\/de\/romantic-experiences\/","name":"Romantische Erlebnisse - Rodos Palladium Leisure &amp; Wellness","isPartOf":{"@id":"https:\/\/www.rodospalladium.gr\/#website"},"datePublished":"2019-05-02T12:09:00+00:00","dateModified":"2025-04-08T11:18:48+00:00","breadcrumb":{"@id":"https:\/\/www.rodospalladium.gr\/de\/romantic-experiences\/#breadcrumb"},"inLanguage":"de","potentialAction":[{"@type":"ReadAction","target":["https:\/\/www.rodospalladium.gr\/de\/romantic-experiences\/"]}]},{"@type":"BreadcrumbList","@id":"https:\/\/www.rodospalladium.gr\/de\/romantic-experiences\/#breadcrumb","itemListElement":[{"@type":"ListItem","position":1,"name":"Home","item":"https:\/\/www.rodospalladium.gr\/de\/"},{"@type":"ListItem","position":2,"name":"Romantische Erlebnisse"}]},{"@type":"WebSite","@id":"https:\/\/www.rodospalladium.gr\/#website","url":"https:\/\/www.rodospalladium.gr\/","name":"Rodos Palladium Leisure &amp; Wellness","description":"Rodos Palladium Leisure &amp; Wellness is among Rhodes finest five star hotels. It enjoys a premier beach front location at Kallithea bay, offering luxurious accommodation and exclusive leisure and spa facilities.","potentialAction":[{"@type":"SearchAction","target":{"@type":"EntryPoint","urlTemplate":"https:\/\/www.rodospalladium.gr\/?s={search_term_string}"},"query-input":{"@type":"PropertyValueSpecification","valueRequired":true,"valueName":"search_term_string"}}],"inLanguage":"de"}]}},"_links":{"self":[{"href":"https:\/\/www.rodospalladium.gr\/de\/wp-json\/wp\/v2\/pages\/2048"}],"collection":[{"href":"https:\/\/www.rodospalladium.gr\/de\/wp-json\/wp\/v2\/pages"}],"about":[{"href":"https:\/\/www.rodospalladium.gr\/de\/wp-json\/wp\/v2\/types\/page"}],"author":[{"embeddable":true,"href":"https:\/\/www.rodospalladium.gr\/de\/wp-json\/wp\/v2\/users\/1"}],"replies":[{"embeddable":true,"href":"https:\/\/www.rodospalladium.gr\/de\/wp-json\/wp\/v2\/comments?post=2048"}],"version-history":[{"count":10,"href":"https:\/\/www.rodospalladium.gr\/de\/wp-json\/wp\/v2\/pages\/2048\/revisions"}],"predecessor-version":[{"id":30967,"href":"https:\/\/www.rodospalladium.gr\/de\/wp-json\/wp\/v2\/pages\/2048\/revisions\/30967"}],"wp:attachment":[{"href":"https:\/\/www.rodospalladium.gr\/de\/wp-json\/wp\/v2\/media?parent=2048"}],"curies":[{"name":"wp","href":"https:\/\/api.w.org\/{rel}","templated":true}]}}