{"id":30942,"date":"2025-04-07T10:32:33","date_gmt":"2025-04-07T07:32:33","guid":{"rendered":"https:\/\/www.rodospalladium.gr\/mini-romantic-package\/"},"modified":"2025-04-09T11:11:29","modified_gmt":"2025-04-09T08:11:29","slug":"mini-romantic-package","status":"publish","type":"page","link":"https:\/\/www.rodospalladium.gr\/de\/mini-romantic-package\/","title":{"rendered":"Mini-Romantikpaket"},"content":{"rendered":"<h2><span style=\"color: #baa789;\"><strong>Luxusmomente zu zweit: Unser Mini-Romantikpaket<\/strong><\/span><\/h2>\n<p>Ob ein spontaner Kurzurlaub oder ein besonderer Moment mit Ihrem Lieblingsmenschen \u2013 unser <strong><span style=\"color: #baa789;\">Mini-Romantikpaket<\/span><\/strong> wurde geschaffen, um unvergessliche Augenblicke voller liebevoller Details und romantischer \u00dcberraschungen zu erleben.<\/p>\n<h3>Dieses Paket beinhaltet:<\/h3>\n<ul>\n<li>Bei Ankunft im Zimmer: ein Teller mit <strong>frischen saisonalen Fr\u00fcchten<\/strong>, eine <strong>Auswahl an S\u00fc\u00dfigkeiten<\/strong> sowie eine <strong>Flasche Sekt.<\/strong><\/li>\n<li><strong>Ein kleiner Strau\u00df frischer Blumen<\/strong>.<\/li>\n<li><strong>Exklusive Nutzung eines Strandpavillons f\u00fcr einen Tag<\/strong>, verf\u00fcgbar von 10:00 bis 18:00 Uhr.<\/li>\n<li><strong>Zwei Cocktails,<\/strong> serviert mit einer Platte feiner Gourmet-Canap\u00e9s in unserer Hauptbar \u201eMythos\u201c.<\/li>\n<\/ul>\n<p><strong>Preis:<\/strong> 185 \u20ac (f\u00fcr zwei Personen)<\/p>\n","protected":false},"excerpt":{"rendered":"<p>Luxusmomente zu zweit: Unser Mini-Romantikpaket Ob ein spontaner Kurzurlaub oder ein besonderer Moment mit Ihrem Lieblingsmenschen \u2013 unser Mini-Romantikpaket wurde geschaffen, um unvergessliche Augenblicke voller liebevoller Details und romantischer \u00dcberraschungen zu erleben. Dieses Paket beinhaltet: Bei Ankunft im Zimmer: ein Teller mit frischen saisonalen Fr\u00fcchten, eine Auswahl an S\u00fc\u00dfigkeiten sowie eine Flasche Sekt. Ein kleiner<\/p>\n","protected":false},"author":35,"featured_media":9676,"parent":0,"menu_order":0,"comment_status":"closed","ping_status":"closed","template":"","meta":{"_acf_changed":false,"footnotes":""},"class_list":["post-30942","page","type-page","status-publish","has-post-thumbnail","hentry"],"acf":[],"yoast_head":"<!-- This site is optimized with the Yoast SEO plugin v26.9 - https:\/\/yoast.com\/product\/yoast-seo-wordpress\/ -->\n<title>Mini-Romantikpaket - Rodos Palladium Leisure &amp; Wellness<\/title>\n<meta name=\"description\" content=\"Romantik pur zu zweit: Genie\u00dfen Sie unser Mini-Romantikpaket mit Sekt, Fr\u00fcchten, Strandpavillon &amp; Cocktails \u2013 unvergessliche Momente inklusive!\" \/>\n<meta name=\"robots\" content=\"index, follow, max-snippet:-1, max-image-preview:large, max-video-preview:-1\" \/>\n<link rel=\"canonical\" href=\"https:\/\/www.rodospalladium.gr\/de\/mini-romantic-package\/\" \/>\n<meta property=\"og:locale\" content=\"de_DE\" \/>\n<meta property=\"og:type\" content=\"article\" \/>\n<meta property=\"og:title\" content=\"Mini-Romantikpaket - Rodos Palladium Leisure &amp; Wellness\" \/>\n<meta property=\"og:description\" content=\"Romantik pur zu zweit: Genie\u00dfen Sie unser Mini-Romantikpaket mit Sekt, Fr\u00fcchten, Strandpavillon &amp; Cocktails \u2013 unvergessliche Momente inklusive!\" \/>\n<meta property=\"og:url\" content=\"https:\/\/www.rodospalladium.gr\/de\/mini-romantic-package\/\" \/>\n<meta property=\"og:site_name\" content=\"Rodos Palladium Leisure &amp; Wellness\" \/>\n<meta property=\"article:modified_time\" content=\"2025-04-09T08:11:29+00:00\" \/>\n<meta property=\"og:image\" content=\"https:\/\/www.rodospalladium.gr\/app\/uploads\/sites\/46\/2020\/02\/IMG_3216-ver-b-screen-webq20.jpeg\" \/>\n\t<meta property=\"og:image:width\" content=\"1920\" \/>\n\t<meta property=\"og:image:height\" content=\"851\" \/>\n\t<meta property=\"og:image:type\" content=\"image\/jpeg\" \/>\n<meta name=\"twitter:card\" content=\"summary_large_image\" \/>\n<meta name=\"twitter:label1\" content=\"Est. reading time\" \/>\n\t<meta name=\"twitter:data1\" content=\"1\u00a0Minute\" \/>\n<script type=\"application\/ld+json\" class=\"yoast-schema-graph\">{\"@context\":\"https:\/\/schema.org\",\"@graph\":[{\"@type\":\"WebPage\",\"@id\":\"https:\/\/www.rodospalladium.gr\/de\/mini-romantic-package\/\",\"url\":\"https:\/\/www.rodospalladium.gr\/de\/mini-romantic-package\/\",\"name\":\"Mini-Romantikpaket - Rodos Palladium Leisure &amp; Wellness\",\"isPartOf\":{\"@id\":\"https:\/\/www.rodospalladium.gr\/#website\"},\"primaryImageOfPage\":{\"@id\":\"https:\/\/www.rodospalladium.gr\/de\/mini-romantic-package\/#primaryimage\"},\"image\":{\"@id\":\"https:\/\/www.rodospalladium.gr\/de\/mini-romantic-package\/#primaryimage\"},\"thumbnailUrl\":\"https:\/\/www.rodospalladium.gr\/app\/uploads\/sites\/46\/2020\/02\/IMG_3216-ver-b-screen-webq20.jpeg\",\"datePublished\":\"2025-04-07T07:32:33+00:00\",\"dateModified\":\"2025-04-09T08:11:29+00:00\",\"description\":\"Romantik pur zu zweit: Genie\u00dfen Sie unser Mini-Romantikpaket mit Sekt, Fr\u00fcchten, Strandpavillon & Cocktails \u2013 unvergessliche Momente inklusive!\",\"breadcrumb\":{\"@id\":\"https:\/\/www.rodospalladium.gr\/de\/mini-romantic-package\/#breadcrumb\"},\"inLanguage\":\"de\",\"potentialAction\":[{\"@type\":\"ReadAction\",\"target\":[\"https:\/\/www.rodospalladium.gr\/de\/mini-romantic-package\/\"]}]},{\"@type\":\"ImageObject\",\"inLanguage\":\"de\",\"@id\":\"https:\/\/www.rodospalladium.gr\/de\/mini-romantic-package\/#primaryimage\",\"url\":\"https:\/\/www.rodospalladium.gr\/app\/uploads\/sites\/46\/2020\/02\/IMG_3216-ver-b-screen-webq20.jpeg\",\"contentUrl\":\"https:\/\/www.rodospalladium.gr\/app\/uploads\/sites\/46\/2020\/02\/IMG_3216-ver-b-screen-webq20.jpeg\",\"width\":1920,\"height\":851},{\"@type\":\"BreadcrumbList\",\"@id\":\"https:\/\/www.rodospalladium.gr\/de\/mini-romantic-package\/#breadcrumb\",\"itemListElement\":[{\"@type\":\"ListItem\",\"position\":1,\"name\":\"Home\",\"item\":\"https:\/\/www.rodospalladium.gr\/de\/\"},{\"@type\":\"ListItem\",\"position\":2,\"name\":\"Mini-Romantikpaket\"}]},{\"@type\":\"WebSite\",\"@id\":\"https:\/\/www.rodospalladium.gr\/#website\",\"url\":\"https:\/\/www.rodospalladium.gr\/\",\"name\":\"Rodos Palladium Leisure &amp; Wellness\",\"description\":\"Rodos Palladium Leisure &amp; Wellness is among Rhodes finest five star hotels. It enjoys a premier beach front location at Kallithea bay, offering luxurious accommodation and exclusive leisure and spa facilities.\",\"potentialAction\":[{\"@type\":\"SearchAction\",\"target\":{\"@type\":\"EntryPoint\",\"urlTemplate\":\"https:\/\/www.rodospalladium.gr\/?s={search_term_string}\"},\"query-input\":{\"@type\":\"PropertyValueSpecification\",\"valueRequired\":true,\"valueName\":\"search_term_string\"}}],\"inLanguage\":\"de\"}]}<\/script>\n<!-- \/ Yoast SEO plugin. -->","yoast_head_json":{"title":"Mini-Romantikpaket - Rodos Palladium Leisure &amp; Wellness","description":"Romantik pur zu zweit: Genie\u00dfen Sie unser Mini-Romantikpaket mit Sekt, Fr\u00fcchten, Strandpavillon & Cocktails \u2013 unvergessliche Momente inklusive!","robots":{"index":"index","follow":"follow","max-snippet":"max-snippet:-1","max-image-preview":"max-image-preview:large","max-video-preview":"max-video-preview:-1"},"canonical":"https:\/\/www.rodospalladium.gr\/de\/mini-romantic-package\/","og_locale":"de_DE","og_type":"article","og_title":"Mini-Romantikpaket - Rodos Palladium Leisure &amp; Wellness","og_description":"Romantik pur zu zweit: Genie\u00dfen Sie unser Mini-Romantikpaket mit Sekt, Fr\u00fcchten, Strandpavillon & Cocktails \u2013 unvergessliche Momente inklusive!","og_url":"https:\/\/www.rodospalladium.gr\/de\/mini-romantic-package\/","og_site_name":"Rodos Palladium Leisure &amp; Wellness","article_modified_time":"2025-04-09T08:11:29+00:00","og_image":[{"width":1920,"height":851,"url":"https:\/\/www.rodospalladium.gr\/app\/uploads\/sites\/46\/2020\/02\/IMG_3216-ver-b-screen-webq20.jpeg","type":"image\/jpeg"}],"twitter_card":"summary_large_image","twitter_misc":{"Est. reading time":"1\u00a0Minute"},"schema":{"@context":"https:\/\/schema.org","@graph":[{"@type":"WebPage","@id":"https:\/\/www.rodospalladium.gr\/de\/mini-romantic-package\/","url":"https:\/\/www.rodospalladium.gr\/de\/mini-romantic-package\/","name":"Mini-Romantikpaket - Rodos Palladium Leisure &amp; Wellness","isPartOf":{"@id":"https:\/\/www.rodospalladium.gr\/#website"},"primaryImageOfPage":{"@id":"https:\/\/www.rodospalladium.gr\/de\/mini-romantic-package\/#primaryimage"},"image":{"@id":"https:\/\/www.rodospalladium.gr\/de\/mini-romantic-package\/#primaryimage"},"thumbnailUrl":"https:\/\/www.rodospalladium.gr\/app\/uploads\/sites\/46\/2020\/02\/IMG_3216-ver-b-screen-webq20.jpeg","datePublished":"2025-04-07T07:32:33+00:00","dateModified":"2025-04-09T08:11:29+00:00","description":"Romantik pur zu zweit: Genie\u00dfen Sie unser Mini-Romantikpaket mit Sekt, Fr\u00fcchten, Strandpavillon & Cocktails \u2013 unvergessliche Momente inklusive!","breadcrumb":{"@id":"https:\/\/www.rodospalladium.gr\/de\/mini-romantic-package\/#breadcrumb"},"inLanguage":"de","potentialAction":[{"@type":"ReadAction","target":["https:\/\/www.rodospalladium.gr\/de\/mini-romantic-package\/"]}]},{"@type":"ImageObject","inLanguage":"de","@id":"https:\/\/www.rodospalladium.gr\/de\/mini-romantic-package\/#primaryimage","url":"https:\/\/www.rodospalladium.gr\/app\/uploads\/sites\/46\/2020\/02\/IMG_3216-ver-b-screen-webq20.jpeg","contentUrl":"https:\/\/www.rodospalladium.gr\/app\/uploads\/sites\/46\/2020\/02\/IMG_3216-ver-b-screen-webq20.jpeg","width":1920,"height":851},{"@type":"BreadcrumbList","@id":"https:\/\/www.rodospalladium.gr\/de\/mini-romantic-package\/#breadcrumb","itemListElement":[{"@type":"ListItem","position":1,"name":"Home","item":"https:\/\/www.rodospalladium.gr\/de\/"},{"@type":"ListItem","position":2,"name":"Mini-Romantikpaket"}]},{"@type":"WebSite","@id":"https:\/\/www.rodospalladium.gr\/#website","url":"https:\/\/www.rodospalladium.gr\/","name":"Rodos Palladium Leisure &amp; Wellness","description":"Rodos Palladium Leisure &amp; Wellness is among Rhodes finest five star hotels. It enjoys a premier beach front location at Kallithea bay, offering luxurious accommodation and exclusive leisure and spa facilities.","potentialAction":[{"@type":"SearchAction","target":{"@type":"EntryPoint","urlTemplate":"https:\/\/www.rodospalladium.gr\/?s={search_term_string}"},"query-input":{"@type":"PropertyValueSpecification","valueRequired":true,"valueName":"search_term_string"}}],"inLanguage":"de"}]}},"_links":{"self":[{"href":"https:\/\/www.rodospalladium.gr\/de\/wp-json\/wp\/v2\/pages\/30942"}],"collection":[{"href":"https:\/\/www.rodospalladium.gr\/de\/wp-json\/wp\/v2\/pages"}],"about":[{"href":"https:\/\/www.rodospalladium.gr\/de\/wp-json\/wp\/v2\/types\/page"}],"author":[{"embeddable":true,"href":"https:\/\/www.rodospalladium.gr\/de\/wp-json\/wp\/v2\/users\/35"}],"replies":[{"embeddable":true,"href":"https:\/\/www.rodospalladium.gr\/de\/wp-json\/wp\/v2\/comments?post=30942"}],"version-history":[{"count":4,"href":"https:\/\/www.rodospalladium.gr\/de\/wp-json\/wp\/v2\/pages\/30942\/revisions"}],"predecessor-version":[{"id":30995,"href":"https:\/\/www.rodospalladium.gr\/de\/wp-json\/wp\/v2\/pages\/30942\/revisions\/30995"}],"wp:featuredmedia":[{"embeddable":true,"href":"https:\/\/www.rodospalladium.gr\/de\/wp-json\/wp\/v2\/media\/9676"}],"wp:attachment":[{"href":"https:\/\/www.rodospalladium.gr\/de\/wp-json\/wp\/v2\/media?parent=30942"}],"curies":[{"name":"wp","href":"https:\/\/api.w.org\/{rel}","templated":true}]}}