{"id":3806,"date":"2019-05-02T16:15:43","date_gmt":"2019-05-02T13:15:43","guid":{"rendered":"http:\/\/harmony.cms4.nelios.com\/elysium-experiences\/meeting-experiences\/"},"modified":"2020-03-18T10:51:57","modified_gmt":"2020-03-18T07:51:57","slug":"conferences-events","status":"publish","type":"page","link":"https:\/\/www.rodospalladium.gr\/de\/event\/conferences-events\/","title":{"rendered":"Konferenzen und Veranstaltungen"},"content":{"rendered":"<p>Mit 3 voll ausger\u00fcsteten Konferenzr\u00e4umen und einer multi-funktionalen Haupthalle k\u00f6nnen wir bis zu 750 Personen beherbergen. Seien es Aufsichtsratssitzungen, Seminare, Pr\u00e4sentationen, private Bankette oder sogar internationale Konferenzen, Sie k\u00f6nnen sicher sein, dass das Rhodos Palladium Hotel der perfekte Austragungsort f\u00fcr eine erfolgreiche Veranstaltung auf Rhodos ist.<\/p>\n<p>Fachkundig von uns organisiert garantieren wir Ihnen, dass alles wie geplant verl\u00e4uft, w\u00e4hrend Sie die Fr\u00fcchte einer harmonischen Kombination aus Beruf und kostbarer Freizeit genie\u00dfen.<\/p>\n","protected":false},"excerpt":{"rendered":"<p>Mit 3 voll ausger\u00fcsteten Konferenzr\u00e4umen und einer multi-funktionalen Haupthalle k\u00f6nnen wir bis zu 750 Personen beherbergen. Seien es Aufsichtsratssitzungen, Seminare, Pr\u00e4sentationen, private Bankette oder sogar internationale Konferenzen, Sie k\u00f6nnen sicher sein, dass das Rhodos Palladium Hotel der perfekte Austragungsort f\u00fcr eine erfolgreiche Veranstaltung auf Rhodos ist. Fachkundig von uns organisiert garantieren wir Ihnen, dass alles<\/p>\n","protected":false},"author":1,"featured_media":9944,"parent":6587,"menu_order":0,"comment_status":"closed","ping_status":"closed","template":"page-templates\/simple-list.php","meta":{"_acf_changed":false,"footnotes":""},"class_list":["post-3806","page","type-page","status-publish","has-post-thumbnail","hentry"],"acf":[],"yoast_head":"<!-- This site is optimized with the Yoast SEO plugin v26.9 - https:\/\/yoast.com\/product\/yoast-seo-wordpress\/ -->\n<title>Konferenzen und Veranstaltungen - Rodos Palladium Leisure &amp; Wellness<\/title>\n<meta name=\"robots\" content=\"index, follow, max-snippet:-1, max-image-preview:large, max-video-preview:-1\" \/>\n<link rel=\"canonical\" href=\"https:\/\/www.rodospalladium.gr\/de\/event\/conferences-events\/\" \/>\n<meta property=\"og:locale\" content=\"de_DE\" \/>\n<meta property=\"og:type\" content=\"article\" \/>\n<meta property=\"og:title\" content=\"Konferenzen und Veranstaltungen - Rodos Palladium Leisure &amp; Wellness\" \/>\n<meta property=\"og:description\" content=\"Mit 3 voll ausger\u00fcsteten Konferenzr\u00e4umen und einer multi-funktionalen Haupthalle k\u00f6nnen wir bis zu 750 Personen beherbergen. Seien es Aufsichtsratssitzungen, Seminare, Pr\u00e4sentationen, private Bankette oder sogar internationale Konferenzen, Sie k\u00f6nnen sicher sein, dass das Rhodos Palladium Hotel der perfekte Austragungsort f\u00fcr eine erfolgreiche Veranstaltung auf Rhodos ist. Fachkundig von uns organisiert garantieren wir Ihnen, dass alles\" \/>\n<meta property=\"og:url\" content=\"https:\/\/www.rodospalladium.gr\/de\/event\/conferences-events\/\" \/>\n<meta property=\"og:site_name\" content=\"Rodos Palladium Leisure &amp; Wellness\" \/>\n<meta property=\"article:modified_time\" content=\"2020-03-18T07:51:57+00:00\" \/>\n<meta property=\"og:image\" content=\"https:\/\/www.rodospalladium.gr\/app\/uploads\/sites\/46\/2020\/02\/908_Academia_Hall_RODOS_PALLADIUM_w10-1.jpeg\" \/>\n\t<meta property=\"og:image:width\" content=\"1920\" \/>\n\t<meta property=\"og:image:height\" content=\"850\" \/>\n\t<meta property=\"og:image:type\" content=\"image\/jpeg\" \/>\n<meta name=\"twitter:card\" content=\"summary_large_image\" \/>\n<script type=\"application\/ld+json\" class=\"yoast-schema-graph\">{\"@context\":\"https:\/\/schema.org\",\"@graph\":[{\"@type\":\"WebPage\",\"@id\":\"https:\/\/www.rodospalladium.gr\/de\/event\/conferences-events\/\",\"url\":\"https:\/\/www.rodospalladium.gr\/de\/event\/conferences-events\/\",\"name\":\"Konferenzen und Veranstaltungen - Rodos Palladium Leisure &amp; Wellness\",\"isPartOf\":{\"@id\":\"https:\/\/www.rodospalladium.gr\/#website\"},\"primaryImageOfPage\":{\"@id\":\"https:\/\/www.rodospalladium.gr\/de\/event\/conferences-events\/#primaryimage\"},\"image\":{\"@id\":\"https:\/\/www.rodospalladium.gr\/de\/event\/conferences-events\/#primaryimage\"},\"thumbnailUrl\":\"https:\/\/www.rodospalladium.gr\/app\/uploads\/sites\/46\/2020\/02\/908_Academia_Hall_RODOS_PALLADIUM_w10-1.jpeg\",\"datePublished\":\"2019-05-02T13:15:43+00:00\",\"dateModified\":\"2020-03-18T07:51:57+00:00\",\"breadcrumb\":{\"@id\":\"https:\/\/www.rodospalladium.gr\/de\/event\/conferences-events\/#breadcrumb\"},\"inLanguage\":\"de\",\"potentialAction\":[{\"@type\":\"ReadAction\",\"target\":[\"https:\/\/www.rodospalladium.gr\/de\/event\/conferences-events\/\"]}]},{\"@type\":\"ImageObject\",\"inLanguage\":\"de\",\"@id\":\"https:\/\/www.rodospalladium.gr\/de\/event\/conferences-events\/#primaryimage\",\"url\":\"https:\/\/www.rodospalladium.gr\/app\/uploads\/sites\/46\/2020\/02\/908_Academia_Hall_RODOS_PALLADIUM_w10-1.jpeg\",\"contentUrl\":\"https:\/\/www.rodospalladium.gr\/app\/uploads\/sites\/46\/2020\/02\/908_Academia_Hall_RODOS_PALLADIUM_w10-1.jpeg\",\"width\":1920,\"height\":850},{\"@type\":\"BreadcrumbList\",\"@id\":\"https:\/\/www.rodospalladium.gr\/de\/event\/conferences-events\/#breadcrumb\",\"itemListElement\":[{\"@type\":\"ListItem\",\"position\":1,\"name\":\"Home\",\"item\":\"https:\/\/www.rodospalladium.gr\/de\/\"},{\"@type\":\"ListItem\",\"position\":2,\"name\":\"VERANSTALTUNGEN\",\"item\":\"https:\/\/www.rodospalladium.gr\/de\/event\/\"},{\"@type\":\"ListItem\",\"position\":3,\"name\":\"Konferenzen und Veranstaltungen\"}]},{\"@type\":\"WebSite\",\"@id\":\"https:\/\/www.rodospalladium.gr\/#website\",\"url\":\"https:\/\/www.rodospalladium.gr\/\",\"name\":\"Rodos Palladium Leisure &amp; Wellness\",\"description\":\"Rodos Palladium Leisure &amp; Wellness is among Rhodes finest five star hotels. It enjoys a premier beach front location at Kallithea bay, offering luxurious accommodation and exclusive leisure and spa facilities.\",\"potentialAction\":[{\"@type\":\"SearchAction\",\"target\":{\"@type\":\"EntryPoint\",\"urlTemplate\":\"https:\/\/www.rodospalladium.gr\/?s={search_term_string}\"},\"query-input\":{\"@type\":\"PropertyValueSpecification\",\"valueRequired\":true,\"valueName\":\"search_term_string\"}}],\"inLanguage\":\"de\"}]}<\/script>\n<!-- \/ Yoast SEO plugin. -->","yoast_head_json":{"title":"Konferenzen und Veranstaltungen - Rodos Palladium Leisure &amp; Wellness","robots":{"index":"index","follow":"follow","max-snippet":"max-snippet:-1","max-image-preview":"max-image-preview:large","max-video-preview":"max-video-preview:-1"},"canonical":"https:\/\/www.rodospalladium.gr\/de\/event\/conferences-events\/","og_locale":"de_DE","og_type":"article","og_title":"Konferenzen und Veranstaltungen - Rodos Palladium Leisure &amp; Wellness","og_description":"Mit 3 voll ausger\u00fcsteten Konferenzr\u00e4umen und einer multi-funktionalen Haupthalle k\u00f6nnen wir bis zu 750 Personen beherbergen. Seien es Aufsichtsratssitzungen, Seminare, Pr\u00e4sentationen, private Bankette oder sogar internationale Konferenzen, Sie k\u00f6nnen sicher sein, dass das Rhodos Palladium Hotel der perfekte Austragungsort f\u00fcr eine erfolgreiche Veranstaltung auf Rhodos ist. Fachkundig von uns organisiert garantieren wir Ihnen, dass alles","og_url":"https:\/\/www.rodospalladium.gr\/de\/event\/conferences-events\/","og_site_name":"Rodos Palladium Leisure &amp; Wellness","article_modified_time":"2020-03-18T07:51:57+00:00","og_image":[{"width":1920,"height":850,"url":"https:\/\/www.rodospalladium.gr\/app\/uploads\/sites\/46\/2020\/02\/908_Academia_Hall_RODOS_PALLADIUM_w10-1.jpeg","type":"image\/jpeg"}],"twitter_card":"summary_large_image","schema":{"@context":"https:\/\/schema.org","@graph":[{"@type":"WebPage","@id":"https:\/\/www.rodospalladium.gr\/de\/event\/conferences-events\/","url":"https:\/\/www.rodospalladium.gr\/de\/event\/conferences-events\/","name":"Konferenzen und Veranstaltungen - Rodos Palladium Leisure &amp; Wellness","isPartOf":{"@id":"https:\/\/www.rodospalladium.gr\/#website"},"primaryImageOfPage":{"@id":"https:\/\/www.rodospalladium.gr\/de\/event\/conferences-events\/#primaryimage"},"image":{"@id":"https:\/\/www.rodospalladium.gr\/de\/event\/conferences-events\/#primaryimage"},"thumbnailUrl":"https:\/\/www.rodospalladium.gr\/app\/uploads\/sites\/46\/2020\/02\/908_Academia_Hall_RODOS_PALLADIUM_w10-1.jpeg","datePublished":"2019-05-02T13:15:43+00:00","dateModified":"2020-03-18T07:51:57+00:00","breadcrumb":{"@id":"https:\/\/www.rodospalladium.gr\/de\/event\/conferences-events\/#breadcrumb"},"inLanguage":"de","potentialAction":[{"@type":"ReadAction","target":["https:\/\/www.rodospalladium.gr\/de\/event\/conferences-events\/"]}]},{"@type":"ImageObject","inLanguage":"de","@id":"https:\/\/www.rodospalladium.gr\/de\/event\/conferences-events\/#primaryimage","url":"https:\/\/www.rodospalladium.gr\/app\/uploads\/sites\/46\/2020\/02\/908_Academia_Hall_RODOS_PALLADIUM_w10-1.jpeg","contentUrl":"https:\/\/www.rodospalladium.gr\/app\/uploads\/sites\/46\/2020\/02\/908_Academia_Hall_RODOS_PALLADIUM_w10-1.jpeg","width":1920,"height":850},{"@type":"BreadcrumbList","@id":"https:\/\/www.rodospalladium.gr\/de\/event\/conferences-events\/#breadcrumb","itemListElement":[{"@type":"ListItem","position":1,"name":"Home","item":"https:\/\/www.rodospalladium.gr\/de\/"},{"@type":"ListItem","position":2,"name":"VERANSTALTUNGEN","item":"https:\/\/www.rodospalladium.gr\/de\/event\/"},{"@type":"ListItem","position":3,"name":"Konferenzen und Veranstaltungen"}]},{"@type":"WebSite","@id":"https:\/\/www.rodospalladium.gr\/#website","url":"https:\/\/www.rodospalladium.gr\/","name":"Rodos Palladium Leisure &amp; Wellness","description":"Rodos Palladium Leisure &amp; Wellness is among Rhodes finest five star hotels. It enjoys a premier beach front location at Kallithea bay, offering luxurious accommodation and exclusive leisure and spa facilities.","potentialAction":[{"@type":"SearchAction","target":{"@type":"EntryPoint","urlTemplate":"https:\/\/www.rodospalladium.gr\/?s={search_term_string}"},"query-input":{"@type":"PropertyValueSpecification","valueRequired":true,"valueName":"search_term_string"}}],"inLanguage":"de"}]}},"_links":{"self":[{"href":"https:\/\/www.rodospalladium.gr\/de\/wp-json\/wp\/v2\/pages\/3806"}],"collection":[{"href":"https:\/\/www.rodospalladium.gr\/de\/wp-json\/wp\/v2\/pages"}],"about":[{"href":"https:\/\/www.rodospalladium.gr\/de\/wp-json\/wp\/v2\/types\/page"}],"author":[{"embeddable":true,"href":"https:\/\/www.rodospalladium.gr\/de\/wp-json\/wp\/v2\/users\/1"}],"replies":[{"embeddable":true,"href":"https:\/\/www.rodospalladium.gr\/de\/wp-json\/wp\/v2\/comments?post=3806"}],"version-history":[{"count":11,"href":"https:\/\/www.rodospalladium.gr\/de\/wp-json\/wp\/v2\/pages\/3806\/revisions"}],"predecessor-version":[{"id":11208,"href":"https:\/\/www.rodospalladium.gr\/de\/wp-json\/wp\/v2\/pages\/3806\/revisions\/11208"}],"up":[{"embeddable":true,"href":"https:\/\/www.rodospalladium.gr\/de\/wp-json\/wp\/v2\/pages\/6587"}],"wp:featuredmedia":[{"embeddable":true,"href":"https:\/\/www.rodospalladium.gr\/de\/wp-json\/wp\/v2\/media\/9944"}],"wp:attachment":[{"href":"https:\/\/www.rodospalladium.gr\/de\/wp-json\/wp\/v2\/media?parent=3806"}],"curies":[{"name":"wp","href":"https:\/\/api.w.org\/{rel}","templated":true}]}}