{"id":3818,"date":"2019-05-02T16:46:13","date_gmt":"2019-05-02T13:46:13","guid":{"rendered":"http:\/\/harmony.cms4.nelios.com\/elysium-experiences\/meeting-experiences\/meeting-package\/"},"modified":"2020-02-27T15:05:14","modified_gmt":"2020-02-27T12:05:14","slug":"socrates","status":"publish","type":"page","link":"https:\/\/www.rodospalladium.gr\/de\/event\/conferences-events\/socrates\/","title":{"rendered":"Socrates"},"content":{"rendered":"<p>Dieser gut ausger\u00fcstete Tagungsraum f\u00fcr bis zu 100 Personen (bei Theaterbestuhlung) mit nat\u00fcrlichem Tageslicht, liegt auf derselben Ebene wie unsere Eingangshalle.<br \/>\nEine besonders gute Wahl f\u00fcr Seminare oder Pr\u00e4sentationen in kleinem Rahmen.<\/p>\n<p>Der Tagungsraum bietet einen befestigten Datenprojektor (1.500 Lumen und 2,5 x 2,5 Bildschirm), eine Tonanlage sowie CD\/DVD und Video Player, kabellosen Internetanschluss und Mikrophone.<\/p>\n<h3>Konferenzeinrichtungen<\/h3>\n<p>&nbsp;<\/p>\n<table style=\"height: 90px\" border=\"1\" width=\"735\" cellspacing=\"1\" cellpadding=\"1\">\n<thead>\n<tr>\n<td style=\"text-align: center\">Socrates Spezifikationen<\/td>\n<td style=\"text-align: center\"><\/td>\n<td style=\"text-align: center\"><\/td>\n<td style=\"text-align: center\"><\/td>\n<td style=\"text-align: center\"><\/td>\n<td style=\"text-align: center\"><\/td>\n<td style=\"text-align: center\"><\/td>\n<\/tr>\n<tr>\n<td style=\"text-align: center\">Flaeche (m2)<\/td>\n<td style=\"text-align: center\">Deckenhoehe (m)<\/td>\n<td style=\"text-align: center\">Bankett (Pers.)<\/td>\n<td style=\"text-align: center\">Empfang (Pers.)<\/td>\n<td style=\"text-align: center\">Klassenzimmer (Pers.)<\/td>\n<td style=\"text-align: center\">Theater (Pers.)<\/td>\n<td style=\"text-align: center\">Buffet (Pers.)<\/td>\n<\/tr>\n<\/thead>\n<tbody>\n<tr>\n<td style=\"text-align: center\">100<\/td>\n<td style=\"text-align: center\">5.20<\/td>\n<td style=\"text-align: center\">60<\/td>\n<td style=\"text-align: center\">80<\/td>\n<td style=\"text-align: center\">60<\/td>\n<td style=\"text-align: center\">100<\/td>\n<td style=\"text-align: center\">N\/A<\/td>\n<\/tr>\n<\/tbody>\n<\/table>\n","protected":false},"excerpt":{"rendered":"<p>Dieser gut ausger\u00fcstete Tagungsraum f\u00fcr bis zu 100 Personen (bei Theaterbestuhlung) mit nat\u00fcrlichem Tageslicht, liegt auf derselben Ebene wie unsere Eingangshalle. Eine besonders gute Wahl f\u00fcr Seminare oder Pr\u00e4sentationen in kleinem Rahmen. Der Tagungsraum bietet einen befestigten Datenprojektor (1.500 Lumen und 2,5 x 2,5 Bildschirm), eine Tonanlage sowie CD\/DVD und Video Player, kabellosen Internetanschluss und<\/p>\n","protected":false},"author":1,"featured_media":10003,"parent":3806,"menu_order":0,"comment_status":"closed","ping_status":"closed","template":"","meta":{"_acf_changed":false,"footnotes":""},"class_list":["post-3818","page","type-page","status-publish","has-post-thumbnail","hentry"],"acf":[],"yoast_head":"<!-- This site is optimized with the Yoast SEO plugin v26.9 - https:\/\/yoast.com\/product\/yoast-seo-wordpress\/ -->\n<title>Socrates - Rodos Palladium Leisure &amp; Wellness<\/title>\n<meta name=\"robots\" content=\"index, follow, max-snippet:-1, max-image-preview:large, max-video-preview:-1\" \/>\n<link rel=\"canonical\" href=\"https:\/\/www.rodospalladium.gr\/de\/event\/conferences-events\/socrates\/\" \/>\n<meta property=\"og:locale\" content=\"de_DE\" \/>\n<meta property=\"og:type\" content=\"article\" \/>\n<meta property=\"og:title\" content=\"Socrates - Rodos Palladium Leisure &amp; Wellness\" \/>\n<meta property=\"og:description\" content=\"Dieser gut ausger\u00fcstete Tagungsraum f\u00fcr bis zu 100 Personen (bei Theaterbestuhlung) mit nat\u00fcrlichem Tageslicht, liegt auf derselben Ebene wie unsere Eingangshalle. Eine besonders gute Wahl f\u00fcr Seminare oder Pr\u00e4sentationen in kleinem Rahmen. Der Tagungsraum bietet einen befestigten Datenprojektor (1.500 Lumen und 2,5 x 2,5 Bildschirm), eine Tonanlage sowie CD\/DVD und Video Player, kabellosen Internetanschluss und\" \/>\n<meta property=\"og:url\" content=\"https:\/\/www.rodospalladium.gr\/de\/event\/conferences-events\/socrates\/\" \/>\n<meta property=\"og:site_name\" content=\"Rodos Palladium Leisure &amp; Wellness\" \/>\n<meta property=\"article:modified_time\" content=\"2020-02-27T12:05:14+00:00\" \/>\n<meta property=\"og:image\" content=\"https:\/\/www.rodospalladium.gr\/app\/uploads\/sites\/46\/2020\/02\/914_Academia_Hall_RODOS_PALLADIUM_w10_result.jpeg\" \/>\n\t<meta property=\"og:image:width\" content=\"1920\" \/>\n\t<meta property=\"og:image:height\" content=\"1517\" \/>\n\t<meta property=\"og:image:type\" content=\"image\/jpeg\" \/>\n<meta name=\"twitter:card\" content=\"summary_large_image\" \/>\n<script type=\"application\/ld+json\" class=\"yoast-schema-graph\">{\"@context\":\"https:\/\/schema.org\",\"@graph\":[{\"@type\":\"WebPage\",\"@id\":\"https:\/\/www.rodospalladium.gr\/de\/event\/conferences-events\/socrates\/\",\"url\":\"https:\/\/www.rodospalladium.gr\/de\/event\/conferences-events\/socrates\/\",\"name\":\"Socrates - Rodos Palladium Leisure &amp; Wellness\",\"isPartOf\":{\"@id\":\"https:\/\/www.rodospalladium.gr\/#website\"},\"primaryImageOfPage\":{\"@id\":\"https:\/\/www.rodospalladium.gr\/de\/event\/conferences-events\/socrates\/#primaryimage\"},\"image\":{\"@id\":\"https:\/\/www.rodospalladium.gr\/de\/event\/conferences-events\/socrates\/#primaryimage\"},\"thumbnailUrl\":\"https:\/\/www.rodospalladium.gr\/app\/uploads\/sites\/46\/2020\/02\/914_Academia_Hall_RODOS_PALLADIUM_w10_result.jpeg\",\"datePublished\":\"2019-05-02T13:46:13+00:00\",\"dateModified\":\"2020-02-27T12:05:14+00:00\",\"breadcrumb\":{\"@id\":\"https:\/\/www.rodospalladium.gr\/de\/event\/conferences-events\/socrates\/#breadcrumb\"},\"inLanguage\":\"de\",\"potentialAction\":[{\"@type\":\"ReadAction\",\"target\":[\"https:\/\/www.rodospalladium.gr\/de\/event\/conferences-events\/socrates\/\"]}]},{\"@type\":\"ImageObject\",\"inLanguage\":\"de\",\"@id\":\"https:\/\/www.rodospalladium.gr\/de\/event\/conferences-events\/socrates\/#primaryimage\",\"url\":\"https:\/\/www.rodospalladium.gr\/app\/uploads\/sites\/46\/2020\/02\/914_Academia_Hall_RODOS_PALLADIUM_w10_result.jpeg\",\"contentUrl\":\"https:\/\/www.rodospalladium.gr\/app\/uploads\/sites\/46\/2020\/02\/914_Academia_Hall_RODOS_PALLADIUM_w10_result.jpeg\",\"width\":1920,\"height\":1517},{\"@type\":\"BreadcrumbList\",\"@id\":\"https:\/\/www.rodospalladium.gr\/de\/event\/conferences-events\/socrates\/#breadcrumb\",\"itemListElement\":[{\"@type\":\"ListItem\",\"position\":1,\"name\":\"Home\",\"item\":\"https:\/\/www.rodospalladium.gr\/de\/\"},{\"@type\":\"ListItem\",\"position\":2,\"name\":\"VERANSTALTUNGEN\",\"item\":\"https:\/\/www.rodospalladium.gr\/de\/event\/\"},{\"@type\":\"ListItem\",\"position\":3,\"name\":\"Konferenzen und Veranstaltungen\",\"item\":\"https:\/\/www.rodospalladium.gr\/de\/event\/conferences-events\/\"},{\"@type\":\"ListItem\",\"position\":4,\"name\":\"Socrates\"}]},{\"@type\":\"WebSite\",\"@id\":\"https:\/\/www.rodospalladium.gr\/#website\",\"url\":\"https:\/\/www.rodospalladium.gr\/\",\"name\":\"Rodos Palladium Leisure &amp; Wellness\",\"description\":\"Rodos Palladium Leisure &amp; Wellness is among Rhodes finest five star hotels. It enjoys a premier beach front location at Kallithea bay, offering luxurious accommodation and exclusive leisure and spa facilities.\",\"potentialAction\":[{\"@type\":\"SearchAction\",\"target\":{\"@type\":\"EntryPoint\",\"urlTemplate\":\"https:\/\/www.rodospalladium.gr\/?s={search_term_string}\"},\"query-input\":{\"@type\":\"PropertyValueSpecification\",\"valueRequired\":true,\"valueName\":\"search_term_string\"}}],\"inLanguage\":\"de\"}]}<\/script>\n<!-- \/ Yoast SEO plugin. -->","yoast_head_json":{"title":"Socrates - Rodos Palladium Leisure &amp; Wellness","robots":{"index":"index","follow":"follow","max-snippet":"max-snippet:-1","max-image-preview":"max-image-preview:large","max-video-preview":"max-video-preview:-1"},"canonical":"https:\/\/www.rodospalladium.gr\/de\/event\/conferences-events\/socrates\/","og_locale":"de_DE","og_type":"article","og_title":"Socrates - Rodos Palladium Leisure &amp; Wellness","og_description":"Dieser gut ausger\u00fcstete Tagungsraum f\u00fcr bis zu 100 Personen (bei Theaterbestuhlung) mit nat\u00fcrlichem Tageslicht, liegt auf derselben Ebene wie unsere Eingangshalle. Eine besonders gute Wahl f\u00fcr Seminare oder Pr\u00e4sentationen in kleinem Rahmen. Der Tagungsraum bietet einen befestigten Datenprojektor (1.500 Lumen und 2,5 x 2,5 Bildschirm), eine Tonanlage sowie CD\/DVD und Video Player, kabellosen Internetanschluss und","og_url":"https:\/\/www.rodospalladium.gr\/de\/event\/conferences-events\/socrates\/","og_site_name":"Rodos Palladium Leisure &amp; Wellness","article_modified_time":"2020-02-27T12:05:14+00:00","og_image":[{"width":1920,"height":1517,"url":"https:\/\/www.rodospalladium.gr\/app\/uploads\/sites\/46\/2020\/02\/914_Academia_Hall_RODOS_PALLADIUM_w10_result.jpeg","type":"image\/jpeg"}],"twitter_card":"summary_large_image","schema":{"@context":"https:\/\/schema.org","@graph":[{"@type":"WebPage","@id":"https:\/\/www.rodospalladium.gr\/de\/event\/conferences-events\/socrates\/","url":"https:\/\/www.rodospalladium.gr\/de\/event\/conferences-events\/socrates\/","name":"Socrates - Rodos Palladium Leisure &amp; Wellness","isPartOf":{"@id":"https:\/\/www.rodospalladium.gr\/#website"},"primaryImageOfPage":{"@id":"https:\/\/www.rodospalladium.gr\/de\/event\/conferences-events\/socrates\/#primaryimage"},"image":{"@id":"https:\/\/www.rodospalladium.gr\/de\/event\/conferences-events\/socrates\/#primaryimage"},"thumbnailUrl":"https:\/\/www.rodospalladium.gr\/app\/uploads\/sites\/46\/2020\/02\/914_Academia_Hall_RODOS_PALLADIUM_w10_result.jpeg","datePublished":"2019-05-02T13:46:13+00:00","dateModified":"2020-02-27T12:05:14+00:00","breadcrumb":{"@id":"https:\/\/www.rodospalladium.gr\/de\/event\/conferences-events\/socrates\/#breadcrumb"},"inLanguage":"de","potentialAction":[{"@type":"ReadAction","target":["https:\/\/www.rodospalladium.gr\/de\/event\/conferences-events\/socrates\/"]}]},{"@type":"ImageObject","inLanguage":"de","@id":"https:\/\/www.rodospalladium.gr\/de\/event\/conferences-events\/socrates\/#primaryimage","url":"https:\/\/www.rodospalladium.gr\/app\/uploads\/sites\/46\/2020\/02\/914_Academia_Hall_RODOS_PALLADIUM_w10_result.jpeg","contentUrl":"https:\/\/www.rodospalladium.gr\/app\/uploads\/sites\/46\/2020\/02\/914_Academia_Hall_RODOS_PALLADIUM_w10_result.jpeg","width":1920,"height":1517},{"@type":"BreadcrumbList","@id":"https:\/\/www.rodospalladium.gr\/de\/event\/conferences-events\/socrates\/#breadcrumb","itemListElement":[{"@type":"ListItem","position":1,"name":"Home","item":"https:\/\/www.rodospalladium.gr\/de\/"},{"@type":"ListItem","position":2,"name":"VERANSTALTUNGEN","item":"https:\/\/www.rodospalladium.gr\/de\/event\/"},{"@type":"ListItem","position":3,"name":"Konferenzen und Veranstaltungen","item":"https:\/\/www.rodospalladium.gr\/de\/event\/conferences-events\/"},{"@type":"ListItem","position":4,"name":"Socrates"}]},{"@type":"WebSite","@id":"https:\/\/www.rodospalladium.gr\/#website","url":"https:\/\/www.rodospalladium.gr\/","name":"Rodos Palladium Leisure &amp; Wellness","description":"Rodos Palladium Leisure &amp; Wellness is among Rhodes finest five star hotels. It enjoys a premier beach front location at Kallithea bay, offering luxurious accommodation and exclusive leisure and spa facilities.","potentialAction":[{"@type":"SearchAction","target":{"@type":"EntryPoint","urlTemplate":"https:\/\/www.rodospalladium.gr\/?s={search_term_string}"},"query-input":{"@type":"PropertyValueSpecification","valueRequired":true,"valueName":"search_term_string"}}],"inLanguage":"de"}]}},"_links":{"self":[{"href":"https:\/\/www.rodospalladium.gr\/de\/wp-json\/wp\/v2\/pages\/3818"}],"collection":[{"href":"https:\/\/www.rodospalladium.gr\/de\/wp-json\/wp\/v2\/pages"}],"about":[{"href":"https:\/\/www.rodospalladium.gr\/de\/wp-json\/wp\/v2\/types\/page"}],"author":[{"embeddable":true,"href":"https:\/\/www.rodospalladium.gr\/de\/wp-json\/wp\/v2\/users\/1"}],"replies":[{"embeddable":true,"href":"https:\/\/www.rodospalladium.gr\/de\/wp-json\/wp\/v2\/comments?post=3818"}],"version-history":[{"count":6,"href":"https:\/\/www.rodospalladium.gr\/de\/wp-json\/wp\/v2\/pages\/3818\/revisions"}],"predecessor-version":[{"id":10018,"href":"https:\/\/www.rodospalladium.gr\/de\/wp-json\/wp\/v2\/pages\/3818\/revisions\/10018"}],"up":[{"embeddable":true,"href":"https:\/\/www.rodospalladium.gr\/de\/wp-json\/wp\/v2\/pages\/3806"}],"wp:featuredmedia":[{"embeddable":true,"href":"https:\/\/www.rodospalladium.gr\/de\/wp-json\/wp\/v2\/media\/10003"}],"wp:attachment":[{"href":"https:\/\/www.rodospalladium.gr\/de\/wp-json\/wp\/v2\/media?parent=3818"}],"curies":[{"name":"wp","href":"https:\/\/api.w.org\/{rel}","templated":true}]}}