{"id":3821,"date":"2019-05-02T16:25:24","date_gmt":"2019-05-02T13:25:24","guid":{"rendered":"http:\/\/harmony.cms4.nelios.com\/elysium-experiences\/meeting-experiences\/conference-rooms\/"},"modified":"2020-03-26T17:08:36","modified_gmt":"2020-03-26T14:08:36","slug":"academia","status":"publish","type":"page","link":"https:\/\/www.rodospalladium.gr\/de\/event\/conferences-events\/academia\/","title":{"rendered":"Academia"},"content":{"rendered":"<p>Unser Tagungsraum Academia, im Erdgeschoss, ist eine herrliche Mehrzweckhalle und kann bei Theaterbestuhlung bis zu 450 Personen beherbergen.<\/p>\n<p>Seien es Aufsichtsratssitzungen, Seminare, Pr\u00e4sentationen, private Bankette oder sogar internationale Konferenzen, Sie k\u00f6nnen sicher sein, dass das Rhodos Palladium Hotel der perfekte Austragungsort f\u00fcr eine erfolgreiche Veranstaltung auf Rhodos ist. Fachkundig von uns organisiert garantieren wir Ihnen, dass alles wie geplant verl\u00e4uft, w\u00e4hrend Sie die Fr\u00fcchte einer harmonischen Kombination aus Beruf und kostbarer Freizeit genie\u00dfen.<strong><br \/>\n<\/strong><\/p>\n<p>&nbsp;<\/p>\n<div class=\"user-table\">\n<h3>Konferenzeinrichtungen<\/h3>\n<table style=\"height: 77px;\" border=\"1\" width=\"492\" cellspacing=\"1\" cellpadding=\"1\">\n<thead>\n<tr>\n<td>Academia Spezifikationen<\/td>\n<td><\/td>\n<td><\/td>\n<td><\/td>\n<td><\/td>\n<td><\/td>\n<td><\/td>\n<\/tr>\n<tr>\n<td>Flaeche (m2)<\/td>\n<td>Deckenhoehe (m)<\/td>\n<td>Bankett (Pers.)<\/td>\n<td>Empfang (Pers.)<\/td>\n<td>Klassenzimmer (Pers.)<\/td>\n<td>Theater (Pers.)<\/td>\n<td>Buffet (Pers.)<\/td>\n<\/tr>\n<\/thead>\n<tbody>\n<tr>\n<td>490<\/td>\n<td>4.90 \u2013 3.50<\/td>\n<td>350<\/td>\n<td>500<\/td>\n<td>300<\/td>\n<td>450<\/td>\n<td>400<\/td>\n<\/tr>\n<\/tbody>\n<\/table>\n<\/div>\n<div class=\"addthis-wrapper\">\n<div class=\"title\"><\/div>\n<div class=\"content addthis_toolbox addthis_default_style\"><\/div>\n<\/div>\n<p><strong>\u00a0<\/strong><\/p>\n","protected":false},"excerpt":{"rendered":"<p>Unser Tagungsraum Academia, im Erdgeschoss, ist eine herrliche Mehrzweckhalle und kann bei Theaterbestuhlung bis zu 450 Personen beherbergen. Seien es Aufsichtsratssitzungen, Seminare, Pr\u00e4sentationen, private Bankette oder sogar internationale Konferenzen, Sie k\u00f6nnen sicher sein, dass das Rhodos Palladium Hotel der perfekte Austragungsort f\u00fcr eine erfolgreiche Veranstaltung auf Rhodos ist. Fachkundig von uns organisiert garantieren wir Ihnen,<\/p>\n","protected":false},"author":1,"featured_media":9956,"parent":3806,"menu_order":0,"comment_status":"closed","ping_status":"closed","template":"","meta":{"_acf_changed":false,"footnotes":""},"class_list":["post-3821","page","type-page","status-publish","has-post-thumbnail","hentry"],"acf":[],"yoast_head":"<!-- This site is optimized with the Yoast SEO plugin v26.9 - https:\/\/yoast.com\/product\/yoast-seo-wordpress\/ -->\n<title>Academia - Rodos Palladium Leisure &amp; Wellness<\/title>\n<meta name=\"robots\" content=\"index, follow, max-snippet:-1, max-image-preview:large, max-video-preview:-1\" \/>\n<link rel=\"canonical\" href=\"https:\/\/www.rodospalladium.gr\/de\/event\/conferences-events\/academia\/\" \/>\n<meta property=\"og:locale\" content=\"de_DE\" \/>\n<meta property=\"og:type\" content=\"article\" \/>\n<meta property=\"og:title\" content=\"Academia - Rodos Palladium Leisure &amp; Wellness\" \/>\n<meta property=\"og:description\" content=\"Unser Tagungsraum Academia, im Erdgeschoss, ist eine herrliche Mehrzweckhalle und kann bei Theaterbestuhlung bis zu 450 Personen beherbergen. Seien es Aufsichtsratssitzungen, Seminare, Pr\u00e4sentationen, private Bankette oder sogar internationale Konferenzen, Sie k\u00f6nnen sicher sein, dass das Rhodos Palladium Hotel der perfekte Austragungsort f\u00fcr eine erfolgreiche Veranstaltung auf Rhodos ist. Fachkundig von uns organisiert garantieren wir Ihnen,\" \/>\n<meta property=\"og:url\" content=\"https:\/\/www.rodospalladium.gr\/de\/event\/conferences-events\/academia\/\" \/>\n<meta property=\"og:site_name\" content=\"Rodos Palladium Leisure &amp; Wellness\" \/>\n<meta property=\"article:modified_time\" content=\"2020-03-26T14:08:36+00:00\" \/>\n<meta property=\"og:image\" content=\"https:\/\/www.rodospalladium.gr\/app\/uploads\/sites\/46\/2020\/02\/910_Academia_Hall_RODOS_PALLADIUM.jpeg\" \/>\n\t<meta property=\"og:image:width\" content=\"1920\" \/>\n\t<meta property=\"og:image:height\" content=\"852\" \/>\n\t<meta property=\"og:image:type\" content=\"image\/jpeg\" \/>\n<meta name=\"twitter:card\" content=\"summary_large_image\" \/>\n<script type=\"application\/ld+json\" class=\"yoast-schema-graph\">{\"@context\":\"https:\/\/schema.org\",\"@graph\":[{\"@type\":\"WebPage\",\"@id\":\"https:\/\/www.rodospalladium.gr\/de\/event\/conferences-events\/academia\/\",\"url\":\"https:\/\/www.rodospalladium.gr\/de\/event\/conferences-events\/academia\/\",\"name\":\"Academia - Rodos Palladium Leisure &amp; Wellness\",\"isPartOf\":{\"@id\":\"https:\/\/www.rodospalladium.gr\/#website\"},\"primaryImageOfPage\":{\"@id\":\"https:\/\/www.rodospalladium.gr\/de\/event\/conferences-events\/academia\/#primaryimage\"},\"image\":{\"@id\":\"https:\/\/www.rodospalladium.gr\/de\/event\/conferences-events\/academia\/#primaryimage\"},\"thumbnailUrl\":\"https:\/\/www.rodospalladium.gr\/app\/uploads\/sites\/46\/2020\/02\/910_Academia_Hall_RODOS_PALLADIUM.jpeg\",\"datePublished\":\"2019-05-02T13:25:24+00:00\",\"dateModified\":\"2020-03-26T14:08:36+00:00\",\"breadcrumb\":{\"@id\":\"https:\/\/www.rodospalladium.gr\/de\/event\/conferences-events\/academia\/#breadcrumb\"},\"inLanguage\":\"de\",\"potentialAction\":[{\"@type\":\"ReadAction\",\"target\":[\"https:\/\/www.rodospalladium.gr\/de\/event\/conferences-events\/academia\/\"]}]},{\"@type\":\"ImageObject\",\"inLanguage\":\"de\",\"@id\":\"https:\/\/www.rodospalladium.gr\/de\/event\/conferences-events\/academia\/#primaryimage\",\"url\":\"https:\/\/www.rodospalladium.gr\/app\/uploads\/sites\/46\/2020\/02\/910_Academia_Hall_RODOS_PALLADIUM.jpeg\",\"contentUrl\":\"https:\/\/www.rodospalladium.gr\/app\/uploads\/sites\/46\/2020\/02\/910_Academia_Hall_RODOS_PALLADIUM.jpeg\",\"width\":1920,\"height\":852},{\"@type\":\"BreadcrumbList\",\"@id\":\"https:\/\/www.rodospalladium.gr\/de\/event\/conferences-events\/academia\/#breadcrumb\",\"itemListElement\":[{\"@type\":\"ListItem\",\"position\":1,\"name\":\"Home\",\"item\":\"https:\/\/www.rodospalladium.gr\/de\/\"},{\"@type\":\"ListItem\",\"position\":2,\"name\":\"VERANSTALTUNGEN\",\"item\":\"https:\/\/www.rodospalladium.gr\/de\/event\/\"},{\"@type\":\"ListItem\",\"position\":3,\"name\":\"Konferenzen und Veranstaltungen\",\"item\":\"https:\/\/www.rodospalladium.gr\/de\/event\/conferences-events\/\"},{\"@type\":\"ListItem\",\"position\":4,\"name\":\"Academia\"}]},{\"@type\":\"WebSite\",\"@id\":\"https:\/\/www.rodospalladium.gr\/#website\",\"url\":\"https:\/\/www.rodospalladium.gr\/\",\"name\":\"Rodos Palladium Leisure &amp; Wellness\",\"description\":\"Rodos Palladium Leisure &amp; Wellness is among Rhodes finest five star hotels. It enjoys a premier beach front location at Kallithea bay, offering luxurious accommodation and exclusive leisure and spa facilities.\",\"potentialAction\":[{\"@type\":\"SearchAction\",\"target\":{\"@type\":\"EntryPoint\",\"urlTemplate\":\"https:\/\/www.rodospalladium.gr\/?s={search_term_string}\"},\"query-input\":{\"@type\":\"PropertyValueSpecification\",\"valueRequired\":true,\"valueName\":\"search_term_string\"}}],\"inLanguage\":\"de\"}]}<\/script>\n<!-- \/ Yoast SEO plugin. -->","yoast_head_json":{"title":"Academia - Rodos Palladium Leisure &amp; Wellness","robots":{"index":"index","follow":"follow","max-snippet":"max-snippet:-1","max-image-preview":"max-image-preview:large","max-video-preview":"max-video-preview:-1"},"canonical":"https:\/\/www.rodospalladium.gr\/de\/event\/conferences-events\/academia\/","og_locale":"de_DE","og_type":"article","og_title":"Academia - Rodos Palladium Leisure &amp; Wellness","og_description":"Unser Tagungsraum Academia, im Erdgeschoss, ist eine herrliche Mehrzweckhalle und kann bei Theaterbestuhlung bis zu 450 Personen beherbergen. Seien es Aufsichtsratssitzungen, Seminare, Pr\u00e4sentationen, private Bankette oder sogar internationale Konferenzen, Sie k\u00f6nnen sicher sein, dass das Rhodos Palladium Hotel der perfekte Austragungsort f\u00fcr eine erfolgreiche Veranstaltung auf Rhodos ist. Fachkundig von uns organisiert garantieren wir Ihnen,","og_url":"https:\/\/www.rodospalladium.gr\/de\/event\/conferences-events\/academia\/","og_site_name":"Rodos Palladium Leisure &amp; Wellness","article_modified_time":"2020-03-26T14:08:36+00:00","og_image":[{"width":1920,"height":852,"url":"https:\/\/www.rodospalladium.gr\/app\/uploads\/sites\/46\/2020\/02\/910_Academia_Hall_RODOS_PALLADIUM.jpeg","type":"image\/jpeg"}],"twitter_card":"summary_large_image","schema":{"@context":"https:\/\/schema.org","@graph":[{"@type":"WebPage","@id":"https:\/\/www.rodospalladium.gr\/de\/event\/conferences-events\/academia\/","url":"https:\/\/www.rodospalladium.gr\/de\/event\/conferences-events\/academia\/","name":"Academia - Rodos Palladium Leisure &amp; Wellness","isPartOf":{"@id":"https:\/\/www.rodospalladium.gr\/#website"},"primaryImageOfPage":{"@id":"https:\/\/www.rodospalladium.gr\/de\/event\/conferences-events\/academia\/#primaryimage"},"image":{"@id":"https:\/\/www.rodospalladium.gr\/de\/event\/conferences-events\/academia\/#primaryimage"},"thumbnailUrl":"https:\/\/www.rodospalladium.gr\/app\/uploads\/sites\/46\/2020\/02\/910_Academia_Hall_RODOS_PALLADIUM.jpeg","datePublished":"2019-05-02T13:25:24+00:00","dateModified":"2020-03-26T14:08:36+00:00","breadcrumb":{"@id":"https:\/\/www.rodospalladium.gr\/de\/event\/conferences-events\/academia\/#breadcrumb"},"inLanguage":"de","potentialAction":[{"@type":"ReadAction","target":["https:\/\/www.rodospalladium.gr\/de\/event\/conferences-events\/academia\/"]}]},{"@type":"ImageObject","inLanguage":"de","@id":"https:\/\/www.rodospalladium.gr\/de\/event\/conferences-events\/academia\/#primaryimage","url":"https:\/\/www.rodospalladium.gr\/app\/uploads\/sites\/46\/2020\/02\/910_Academia_Hall_RODOS_PALLADIUM.jpeg","contentUrl":"https:\/\/www.rodospalladium.gr\/app\/uploads\/sites\/46\/2020\/02\/910_Academia_Hall_RODOS_PALLADIUM.jpeg","width":1920,"height":852},{"@type":"BreadcrumbList","@id":"https:\/\/www.rodospalladium.gr\/de\/event\/conferences-events\/academia\/#breadcrumb","itemListElement":[{"@type":"ListItem","position":1,"name":"Home","item":"https:\/\/www.rodospalladium.gr\/de\/"},{"@type":"ListItem","position":2,"name":"VERANSTALTUNGEN","item":"https:\/\/www.rodospalladium.gr\/de\/event\/"},{"@type":"ListItem","position":3,"name":"Konferenzen und Veranstaltungen","item":"https:\/\/www.rodospalladium.gr\/de\/event\/conferences-events\/"},{"@type":"ListItem","position":4,"name":"Academia"}]},{"@type":"WebSite","@id":"https:\/\/www.rodospalladium.gr\/#website","url":"https:\/\/www.rodospalladium.gr\/","name":"Rodos Palladium Leisure &amp; Wellness","description":"Rodos Palladium Leisure &amp; Wellness is among Rhodes finest five star hotels. It enjoys a premier beach front location at Kallithea bay, offering luxurious accommodation and exclusive leisure and spa facilities.","potentialAction":[{"@type":"SearchAction","target":{"@type":"EntryPoint","urlTemplate":"https:\/\/www.rodospalladium.gr\/?s={search_term_string}"},"query-input":{"@type":"PropertyValueSpecification","valueRequired":true,"valueName":"search_term_string"}}],"inLanguage":"de"}]}},"_links":{"self":[{"href":"https:\/\/www.rodospalladium.gr\/de\/wp-json\/wp\/v2\/pages\/3821"}],"collection":[{"href":"https:\/\/www.rodospalladium.gr\/de\/wp-json\/wp\/v2\/pages"}],"about":[{"href":"https:\/\/www.rodospalladium.gr\/de\/wp-json\/wp\/v2\/types\/page"}],"author":[{"embeddable":true,"href":"https:\/\/www.rodospalladium.gr\/de\/wp-json\/wp\/v2\/users\/1"}],"replies":[{"embeddable":true,"href":"https:\/\/www.rodospalladium.gr\/de\/wp-json\/wp\/v2\/comments?post=3821"}],"version-history":[{"count":15,"href":"https:\/\/www.rodospalladium.gr\/de\/wp-json\/wp\/v2\/pages\/3821\/revisions"}],"predecessor-version":[{"id":11447,"href":"https:\/\/www.rodospalladium.gr\/de\/wp-json\/wp\/v2\/pages\/3821\/revisions\/11447"}],"up":[{"embeddable":true,"href":"https:\/\/www.rodospalladium.gr\/de\/wp-json\/wp\/v2\/pages\/3806"}],"wp:featuredmedia":[{"embeddable":true,"href":"https:\/\/www.rodospalladium.gr\/de\/wp-json\/wp\/v2\/media\/9956"}],"wp:attachment":[{"href":"https:\/\/www.rodospalladium.gr\/de\/wp-json\/wp\/v2\/media?parent=3821"}],"curies":[{"name":"wp","href":"https:\/\/api.w.org\/{rel}","templated":true}]}}