{"id":3960,"date":"2019-05-03T15:16:27","date_gmt":"2019-05-03T12:16:27","guid":{"rendered":"http:\/\/harmony.cms4.nelios.com\/about-us-2\/"},"modified":"2024-09-20T17:13:54","modified_gmt":"2024-09-20T14:13:54","slug":"about-us","status":"publish","type":"page","link":"https:\/\/www.rodospalladium.gr\/de\/about-us\/","title":{"rendered":"\u00dcber uns"},"content":{"rendered":"<h2><span style=\"color: #baa789;\">\u00dcBER RODOS PALLADIUM<\/span><\/h2>\n<p>Mit einer F\u00fclle an <strong><span style=\"color: #baa789;\"><a style=\"color: #baa789;\" href=\"https:\/\/www.rodospalladium.gr\/de\/awards\/\">Auszeichnungen<\/a><\/span><\/strong>, wie kein anderes Hotel auf Rhodos sie erhalten hat, und einer Leidenschaft, die Erwartungen unserer G\u00e4ste zu \u00fcbertreffen, wurde das Rhodos Palladium Leisure &amp; Wellness, ein Mitglied der <strong><span style=\"color: #baa789;\"><a style=\"color: #baa789;\" href=\"https:\/\/www.harmonyresorts.gr\/de\/\">Harmony Resorts<\/a><\/span><\/strong> Gruppe, zum Meilenstein daf\u00fcr, gro\u00dfartigen Komfort f\u00fcr ein wirklich luxuri\u00f6ses und unvergessliches Urlaubserlebnis zu bieten.<\/p>\n<p>Im Laufe vieler Jahre haben wir eine einzigartige Servicekultur aufgebaut, sehr bewundert, dennoch nicht leicht nachzuahmen. Tief verbunden mit unserem wertvollsten Kapital, unseren Mitarbeitern, geh\u00f6ren wir zu einem der sehr wenig gut gef\u00fchrten Hotels auf Rhodos. Wir wissen wirklich, Sie zufriedenzustellen, ob Sie nun auf der Suche nach einem romantischen Aufenthalt, einem Familienurlaub, einer prestigetr\u00e4chtigen Hochzeit oder vielleicht dem ultimativen gastronomischen Erlebnis sind.<\/p>\n<p>Mit gro\u00dfem Engagement und unterst\u00fctzt von \u00fcber 4.000 registrierten, immer wiederkehrenden G\u00e4sten, werden wir fortfahren, unseren Service zu perfektionieren, um Sie das wahre Gef\u00fchl einer echten Griechischen Gastfreundschaft sp\u00fcren zu lassen.<\/p>\n<p>&nbsp;<\/p>\n","protected":false},"excerpt":{"rendered":"<p>\u00dcBER RODOS PALLADIUM Mit einer F\u00fclle an Auszeichnungen, wie kein anderes Hotel auf Rhodos sie erhalten hat, und einer Leidenschaft, die Erwartungen unserer G\u00e4ste zu \u00fcbertreffen, wurde das Rhodos Palladium Leisure &amp; Wellness, ein Mitglied der Harmony Resorts Gruppe, zum Meilenstein daf\u00fcr, gro\u00dfartigen Komfort f\u00fcr ein wirklich luxuri\u00f6ses und unvergessliches Urlaubserlebnis zu bieten. Im Laufe<\/p>\n","protected":false},"author":1,"featured_media":13216,"parent":0,"menu_order":0,"comment_status":"closed","ping_status":"closed","template":"","meta":{"_acf_changed":false,"footnotes":""},"class_list":["post-3960","page","type-page","status-publish","has-post-thumbnail","hentry"],"acf":[],"yoast_head":"<!-- This site is optimized with the Yoast SEO plugin v26.9 - https:\/\/yoast.com\/product\/yoast-seo-wordpress\/ -->\n<title>\u00dcber uns - Rodos Palladium Leisure &amp; Wellness<\/title>\n<meta name=\"robots\" content=\"index, follow, max-snippet:-1, max-image-preview:large, max-video-preview:-1\" \/>\n<link rel=\"canonical\" href=\"https:\/\/www.rodospalladium.gr\/de\/about-us\/\" \/>\n<meta property=\"og:locale\" content=\"de_DE\" \/>\n<meta property=\"og:type\" content=\"article\" \/>\n<meta property=\"og:title\" content=\"\u00dcber uns - Rodos Palladium Leisure &amp; Wellness\" \/>\n<meta property=\"og:description\" content=\"\u00dcBER RODOS PALLADIUM Mit einer F\u00fclle an Auszeichnungen, wie kein anderes Hotel auf Rhodos sie erhalten hat, und einer Leidenschaft, die Erwartungen unserer G\u00e4ste zu \u00fcbertreffen, wurde das Rhodos Palladium Leisure &amp; Wellness, ein Mitglied der Harmony Resorts Gruppe, zum Meilenstein daf\u00fcr, gro\u00dfartigen Komfort f\u00fcr ein wirklich luxuri\u00f6ses und unvergessliches Urlaubserlebnis zu bieten. Im Laufe\" \/>\n<meta property=\"og:url\" content=\"https:\/\/www.rodospalladium.gr\/de\/about-us\/\" \/>\n<meta property=\"og:site_name\" content=\"Rodos Palladium Leisure &amp; Wellness\" \/>\n<meta property=\"article:modified_time\" content=\"2024-09-20T14:13:54+00:00\" \/>\n<meta property=\"og:image\" content=\"https:\/\/www.rodospalladium.gr\/app\/uploads\/sites\/46\/2021\/08\/253_RODOS_PALLADIUM.jpg\" \/>\n\t<meta property=\"og:image:width\" content=\"1920\" \/>\n\t<meta property=\"og:image:height\" content=\"1200\" \/>\n\t<meta property=\"og:image:type\" content=\"image\/jpeg\" \/>\n<meta name=\"twitter:card\" content=\"summary_large_image\" \/>\n<meta name=\"twitter:label1\" content=\"Est. reading time\" \/>\n\t<meta name=\"twitter:data1\" content=\"1\u00a0Minute\" \/>\n<script type=\"application\/ld+json\" class=\"yoast-schema-graph\">{\"@context\":\"https:\/\/schema.org\",\"@graph\":[{\"@type\":\"WebPage\",\"@id\":\"https:\/\/www.rodospalladium.gr\/de\/about-us\/\",\"url\":\"https:\/\/www.rodospalladium.gr\/de\/about-us\/\",\"name\":\"\u00dcber uns - Rodos Palladium Leisure &amp; Wellness\",\"isPartOf\":{\"@id\":\"https:\/\/www.rodospalladium.gr\/#website\"},\"primaryImageOfPage\":{\"@id\":\"https:\/\/www.rodospalladium.gr\/de\/about-us\/#primaryimage\"},\"image\":{\"@id\":\"https:\/\/www.rodospalladium.gr\/de\/about-us\/#primaryimage\"},\"thumbnailUrl\":\"https:\/\/www.rodospalladium.gr\/app\/uploads\/sites\/46\/2021\/08\/253_RODOS_PALLADIUM.jpg\",\"datePublished\":\"2019-05-03T12:16:27+00:00\",\"dateModified\":\"2024-09-20T14:13:54+00:00\",\"breadcrumb\":{\"@id\":\"https:\/\/www.rodospalladium.gr\/de\/about-us\/#breadcrumb\"},\"inLanguage\":\"de\",\"potentialAction\":[{\"@type\":\"ReadAction\",\"target\":[\"https:\/\/www.rodospalladium.gr\/de\/about-us\/\"]}]},{\"@type\":\"ImageObject\",\"inLanguage\":\"de\",\"@id\":\"https:\/\/www.rodospalladium.gr\/de\/about-us\/#primaryimage\",\"url\":\"https:\/\/www.rodospalladium.gr\/app\/uploads\/sites\/46\/2021\/08\/253_RODOS_PALLADIUM.jpg\",\"contentUrl\":\"https:\/\/www.rodospalladium.gr\/app\/uploads\/sites\/46\/2021\/08\/253_RODOS_PALLADIUM.jpg\",\"width\":1920,\"height\":1200,\"caption\":\"Aerial View\"},{\"@type\":\"BreadcrumbList\",\"@id\":\"https:\/\/www.rodospalladium.gr\/de\/about-us\/#breadcrumb\",\"itemListElement\":[{\"@type\":\"ListItem\",\"position\":1,\"name\":\"Home\",\"item\":\"https:\/\/www.rodospalladium.gr\/de\/\"},{\"@type\":\"ListItem\",\"position\":2,\"name\":\"\u00dcber uns\"}]},{\"@type\":\"WebSite\",\"@id\":\"https:\/\/www.rodospalladium.gr\/#website\",\"url\":\"https:\/\/www.rodospalladium.gr\/\",\"name\":\"Rodos Palladium Leisure &amp; Wellness\",\"description\":\"Rodos Palladium Leisure &amp; Wellness is among Rhodes finest five star hotels. It enjoys a premier beach front location at Kallithea bay, offering luxurious accommodation and exclusive leisure and spa facilities.\",\"potentialAction\":[{\"@type\":\"SearchAction\",\"target\":{\"@type\":\"EntryPoint\",\"urlTemplate\":\"https:\/\/www.rodospalladium.gr\/?s={search_term_string}\"},\"query-input\":{\"@type\":\"PropertyValueSpecification\",\"valueRequired\":true,\"valueName\":\"search_term_string\"}}],\"inLanguage\":\"de\"}]}<\/script>\n<!-- \/ Yoast SEO plugin. -->","yoast_head_json":{"title":"\u00dcber uns - Rodos Palladium Leisure &amp; Wellness","robots":{"index":"index","follow":"follow","max-snippet":"max-snippet:-1","max-image-preview":"max-image-preview:large","max-video-preview":"max-video-preview:-1"},"canonical":"https:\/\/www.rodospalladium.gr\/de\/about-us\/","og_locale":"de_DE","og_type":"article","og_title":"\u00dcber uns - Rodos Palladium Leisure &amp; Wellness","og_description":"\u00dcBER RODOS PALLADIUM Mit einer F\u00fclle an Auszeichnungen, wie kein anderes Hotel auf Rhodos sie erhalten hat, und einer Leidenschaft, die Erwartungen unserer G\u00e4ste zu \u00fcbertreffen, wurde das Rhodos Palladium Leisure &amp; Wellness, ein Mitglied der Harmony Resorts Gruppe, zum Meilenstein daf\u00fcr, gro\u00dfartigen Komfort f\u00fcr ein wirklich luxuri\u00f6ses und unvergessliches Urlaubserlebnis zu bieten. Im Laufe","og_url":"https:\/\/www.rodospalladium.gr\/de\/about-us\/","og_site_name":"Rodos Palladium Leisure &amp; Wellness","article_modified_time":"2024-09-20T14:13:54+00:00","og_image":[{"width":1920,"height":1200,"url":"https:\/\/www.rodospalladium.gr\/app\/uploads\/sites\/46\/2021\/08\/253_RODOS_PALLADIUM.jpg","type":"image\/jpeg"}],"twitter_card":"summary_large_image","twitter_misc":{"Est. reading time":"1\u00a0Minute"},"schema":{"@context":"https:\/\/schema.org","@graph":[{"@type":"WebPage","@id":"https:\/\/www.rodospalladium.gr\/de\/about-us\/","url":"https:\/\/www.rodospalladium.gr\/de\/about-us\/","name":"\u00dcber uns - Rodos Palladium Leisure &amp; Wellness","isPartOf":{"@id":"https:\/\/www.rodospalladium.gr\/#website"},"primaryImageOfPage":{"@id":"https:\/\/www.rodospalladium.gr\/de\/about-us\/#primaryimage"},"image":{"@id":"https:\/\/www.rodospalladium.gr\/de\/about-us\/#primaryimage"},"thumbnailUrl":"https:\/\/www.rodospalladium.gr\/app\/uploads\/sites\/46\/2021\/08\/253_RODOS_PALLADIUM.jpg","datePublished":"2019-05-03T12:16:27+00:00","dateModified":"2024-09-20T14:13:54+00:00","breadcrumb":{"@id":"https:\/\/www.rodospalladium.gr\/de\/about-us\/#breadcrumb"},"inLanguage":"de","potentialAction":[{"@type":"ReadAction","target":["https:\/\/www.rodospalladium.gr\/de\/about-us\/"]}]},{"@type":"ImageObject","inLanguage":"de","@id":"https:\/\/www.rodospalladium.gr\/de\/about-us\/#primaryimage","url":"https:\/\/www.rodospalladium.gr\/app\/uploads\/sites\/46\/2021\/08\/253_RODOS_PALLADIUM.jpg","contentUrl":"https:\/\/www.rodospalladium.gr\/app\/uploads\/sites\/46\/2021\/08\/253_RODOS_PALLADIUM.jpg","width":1920,"height":1200,"caption":"Aerial View"},{"@type":"BreadcrumbList","@id":"https:\/\/www.rodospalladium.gr\/de\/about-us\/#breadcrumb","itemListElement":[{"@type":"ListItem","position":1,"name":"Home","item":"https:\/\/www.rodospalladium.gr\/de\/"},{"@type":"ListItem","position":2,"name":"\u00dcber uns"}]},{"@type":"WebSite","@id":"https:\/\/www.rodospalladium.gr\/#website","url":"https:\/\/www.rodospalladium.gr\/","name":"Rodos Palladium Leisure &amp; Wellness","description":"Rodos Palladium Leisure &amp; Wellness is among Rhodes finest five star hotels. It enjoys a premier beach front location at Kallithea bay, offering luxurious accommodation and exclusive leisure and spa facilities.","potentialAction":[{"@type":"SearchAction","target":{"@type":"EntryPoint","urlTemplate":"https:\/\/www.rodospalladium.gr\/?s={search_term_string}"},"query-input":{"@type":"PropertyValueSpecification","valueRequired":true,"valueName":"search_term_string"}}],"inLanguage":"de"}]}},"_links":{"self":[{"href":"https:\/\/www.rodospalladium.gr\/de\/wp-json\/wp\/v2\/pages\/3960"}],"collection":[{"href":"https:\/\/www.rodospalladium.gr\/de\/wp-json\/wp\/v2\/pages"}],"about":[{"href":"https:\/\/www.rodospalladium.gr\/de\/wp-json\/wp\/v2\/types\/page"}],"author":[{"embeddable":true,"href":"https:\/\/www.rodospalladium.gr\/de\/wp-json\/wp\/v2\/users\/1"}],"replies":[{"embeddable":true,"href":"https:\/\/www.rodospalladium.gr\/de\/wp-json\/wp\/v2\/comments?post=3960"}],"version-history":[{"count":10,"href":"https:\/\/www.rodospalladium.gr\/de\/wp-json\/wp\/v2\/pages\/3960\/revisions"}],"predecessor-version":[{"id":18628,"href":"https:\/\/www.rodospalladium.gr\/de\/wp-json\/wp\/v2\/pages\/3960\/revisions\/18628"}],"wp:featuredmedia":[{"embeddable":true,"href":"https:\/\/www.rodospalladium.gr\/de\/wp-json\/wp\/v2\/media\/13216"}],"wp:attachment":[{"href":"https:\/\/www.rodospalladium.gr\/de\/wp-json\/wp\/v2\/media?parent=3960"}],"curies":[{"name":"wp","href":"https:\/\/api.w.org\/{rel}","templated":true}]}}