{"id":3969,"date":"2019-05-02T15:54:08","date_gmt":"2019-05-02T12:54:08","guid":{"rendered":"http:\/\/harmony.cms4.nelios.com\/elysium-experiences\/special-occasions-romantic-experiences\/your-wedding-at-elysium\/"},"modified":"2025-03-04T17:04:44","modified_gmt":"2025-03-04T14:04:44","slug":"weddings","status":"publish","type":"page","link":"https:\/\/www.rodospalladium.gr\/de\/event\/weddings\/","title":{"rendered":"Hochzeiten"},"content":{"rendered":"<h3><span style=\"color: #baa789;\">Sagen Sie \u201eJa\u201c in der romantischsten Kulisse auf Rhodos<\/span><\/h3>\n<p>Die Wahl des perfekten Ortes f\u00fcr Ihre Hochzeit ist genauso bedeutend wie die ersten Schritte in Ihr gemeinsames Leben. Im <strong>Rodos Palladium<\/strong> vereinen wir langj\u00e4hrige Erfahrung mit h\u00f6chster Sorgfalt, um unvergessliche Feiern zu gestalten. Von der ersten Planung bis zum letzten Tanz stehen Ihnen unsere erfahrenen Hochzeitsplaner zur Seite und sorgen daf\u00fcr, dass jeder Moment so wird, wie Sie es sich ertr\u00e4umt haben.<\/p>\n<p>Ob Sie von einer eleganten Strandhochzeit in unserem luxuri\u00f6sen Resort oder einer atemberaubenden Zeremonie an den legend\u00e4ren Quellen von Kallithea tr\u00e4umen \u2013 wir setzen Ihre Vision in die Realit\u00e4t um. Und nach der Feier beginnt Ihre unvergessliche Hochzeitsreise direkt hier auf Rhodos. Genie\u00dfen Sie erstklassige Annehmlichkeiten, exzellenten Service und den Komfort unserer luxuri\u00f6sen Zimmer und Hochzeitssuiten \u2013 gestaltet, um jeden Moment f\u00fcr Sie und Ihre G\u00e4ste zu einem besonderen Erlebnis zu machen.<\/p>\n<hr \/>\n<p>M\u00f6chten Sie Ihrer Reise eine romantische Note verleihen? Unsere <strong>romantischen Pakete<\/strong> <span style=\"color: #baa789;\"><a style=\"color: #baa789;\" href=\"https:\/\/www.rodospalladium.gr\/de\/romantic-experiences\/the-golden-romantic-package\/\">\ud83d\udd17<strong>Golden<\/strong><\/a><\/span> und <span style=\"color: #baa789;\"><a style=\"color: #baa789;\" href=\"https:\/\/www.rodospalladium.gr\/de\/romantic-experiences\/the-golden-romantic-package\/\">\ud83d\udd17<strong>Prestige<\/strong><\/a><\/span> wurden mit viel Liebe zum Detail zusammengestellt, um magische Augenblicke f\u00fcr Sie und Ihre Liebsten zu schaffen. Gerne kreieren wir auch ein individuelles Festpaket ganz nach Ihren W\u00fcnschen.<\/p>\n<p>Lassen Sie uns gemeinsam Ihre Traumhochzeit verwirklichen! Kontaktieren Sie unser Reservierungsteam unter <span style=\"color: #3366ff;\"><strong><a style=\"color: #3366ff;\" href=\"mailto:reservations@rodospalladium.gr\">reservations@rodospalladium.gr<\/a><\/strong><\/span> oder unser G\u00e4stebetreuungsteam unter <strong>+30 22410 57300<\/strong> \u2013 wir freuen uns darauf, Ihre sch\u00f6nsten Momente unvergesslich zu machen.<\/p>\n<p>&nbsp;<\/p>\n","protected":false},"excerpt":{"rendered":"<p>Sagen Sie \u201eJa\u201c in der romantischsten Kulisse auf Rhodos Die Wahl des perfekten Ortes f\u00fcr Ihre Hochzeit ist genauso bedeutend wie die ersten Schritte in Ihr gemeinsames Leben. Im Rodos Palladium vereinen wir langj\u00e4hrige Erfahrung mit h\u00f6chster Sorgfalt, um unvergessliche Feiern zu gestalten. Von der ersten Planung bis zum letzten Tanz stehen Ihnen unsere erfahrenen<\/p>\n","protected":false},"author":1,"featured_media":9765,"parent":6587,"menu_order":0,"comment_status":"closed","ping_status":"closed","template":"","meta":{"_acf_changed":false,"footnotes":""},"class_list":["post-3969","page","type-page","status-publish","has-post-thumbnail","hentry"],"acf":[],"yoast_head":"<!-- This site is optimized with the Yoast SEO plugin v26.9 - https:\/\/yoast.com\/product\/yoast-seo-wordpress\/ -->\n<title>Hochzeiten - Rodos Palladium Leisure &amp; Wellness<\/title>\n<meta name=\"robots\" content=\"index, follow, max-snippet:-1, max-image-preview:large, max-video-preview:-1\" \/>\n<link rel=\"canonical\" href=\"https:\/\/www.rodospalladium.gr\/de\/event\/weddings\/\" \/>\n<meta property=\"og:locale\" content=\"de_DE\" \/>\n<meta property=\"og:type\" content=\"article\" \/>\n<meta property=\"og:title\" content=\"Hochzeiten - Rodos Palladium Leisure &amp; Wellness\" \/>\n<meta property=\"og:description\" content=\"Sagen Sie \u201eJa\u201c in der romantischsten Kulisse auf Rhodos Die Wahl des perfekten Ortes f\u00fcr Ihre Hochzeit ist genauso bedeutend wie die ersten Schritte in Ihr gemeinsames Leben. Im Rodos Palladium vereinen wir langj\u00e4hrige Erfahrung mit h\u00f6chster Sorgfalt, um unvergessliche Feiern zu gestalten. Von der ersten Planung bis zum letzten Tanz stehen Ihnen unsere erfahrenen\" \/>\n<meta property=\"og:url\" content=\"https:\/\/www.rodospalladium.gr\/de\/event\/weddings\/\" \/>\n<meta property=\"og:site_name\" content=\"Rodos Palladium Leisure &amp; Wellness\" \/>\n<meta property=\"article:modified_time\" content=\"2025-03-04T14:04:44+00:00\" \/>\n<meta property=\"og:image\" content=\"https:\/\/www.rodospalladium.gr\/app\/uploads\/sites\/46\/2020\/02\/WEDDING_result.jpeg\" \/>\n\t<meta property=\"og:image:width\" content=\"1920\" \/>\n\t<meta property=\"og:image:height\" content=\"1240\" \/>\n\t<meta property=\"og:image:type\" content=\"image\/jpeg\" \/>\n<meta name=\"twitter:card\" content=\"summary_large_image\" \/>\n<meta name=\"twitter:label1\" content=\"Est. reading time\" \/>\n\t<meta name=\"twitter:data1\" content=\"2\u00a0Minuten\" \/>\n<script type=\"application\/ld+json\" class=\"yoast-schema-graph\">{\"@context\":\"https:\/\/schema.org\",\"@graph\":[{\"@type\":\"WebPage\",\"@id\":\"https:\/\/www.rodospalladium.gr\/de\/event\/weddings\/\",\"url\":\"https:\/\/www.rodospalladium.gr\/de\/event\/weddings\/\",\"name\":\"Hochzeiten - Rodos Palladium Leisure &amp; Wellness\",\"isPartOf\":{\"@id\":\"https:\/\/www.rodospalladium.gr\/#website\"},\"primaryImageOfPage\":{\"@id\":\"https:\/\/www.rodospalladium.gr\/de\/event\/weddings\/#primaryimage\"},\"image\":{\"@id\":\"https:\/\/www.rodospalladium.gr\/de\/event\/weddings\/#primaryimage\"},\"thumbnailUrl\":\"https:\/\/www.rodospalladium.gr\/app\/uploads\/sites\/46\/2020\/02\/WEDDING_result.jpeg\",\"datePublished\":\"2019-05-02T12:54:08+00:00\",\"dateModified\":\"2025-03-04T14:04:44+00:00\",\"breadcrumb\":{\"@id\":\"https:\/\/www.rodospalladium.gr\/de\/event\/weddings\/#breadcrumb\"},\"inLanguage\":\"de\",\"potentialAction\":[{\"@type\":\"ReadAction\",\"target\":[\"https:\/\/www.rodospalladium.gr\/de\/event\/weddings\/\"]}]},{\"@type\":\"ImageObject\",\"inLanguage\":\"de\",\"@id\":\"https:\/\/www.rodospalladium.gr\/de\/event\/weddings\/#primaryimage\",\"url\":\"https:\/\/www.rodospalladium.gr\/app\/uploads\/sites\/46\/2020\/02\/WEDDING_result.jpeg\",\"contentUrl\":\"https:\/\/www.rodospalladium.gr\/app\/uploads\/sites\/46\/2020\/02\/WEDDING_result.jpeg\",\"width\":1920,\"height\":1240},{\"@type\":\"BreadcrumbList\",\"@id\":\"https:\/\/www.rodospalladium.gr\/de\/event\/weddings\/#breadcrumb\",\"itemListElement\":[{\"@type\":\"ListItem\",\"position\":1,\"name\":\"Home\",\"item\":\"https:\/\/www.rodospalladium.gr\/de\/\"},{\"@type\":\"ListItem\",\"position\":2,\"name\":\"VERANSTALTUNGEN\",\"item\":\"https:\/\/www.rodospalladium.gr\/de\/event\/\"},{\"@type\":\"ListItem\",\"position\":3,\"name\":\"Hochzeiten\"}]},{\"@type\":\"WebSite\",\"@id\":\"https:\/\/www.rodospalladium.gr\/#website\",\"url\":\"https:\/\/www.rodospalladium.gr\/\",\"name\":\"Rodos Palladium Leisure &amp; Wellness\",\"description\":\"Rodos Palladium Leisure &amp; Wellness is among Rhodes finest five star hotels. It enjoys a premier beach front location at Kallithea bay, offering luxurious accommodation and exclusive leisure and spa facilities.\",\"potentialAction\":[{\"@type\":\"SearchAction\",\"target\":{\"@type\":\"EntryPoint\",\"urlTemplate\":\"https:\/\/www.rodospalladium.gr\/?s={search_term_string}\"},\"query-input\":{\"@type\":\"PropertyValueSpecification\",\"valueRequired\":true,\"valueName\":\"search_term_string\"}}],\"inLanguage\":\"de\"}]}<\/script>\n<!-- \/ Yoast SEO plugin. -->","yoast_head_json":{"title":"Hochzeiten - Rodos Palladium Leisure &amp; Wellness","robots":{"index":"index","follow":"follow","max-snippet":"max-snippet:-1","max-image-preview":"max-image-preview:large","max-video-preview":"max-video-preview:-1"},"canonical":"https:\/\/www.rodospalladium.gr\/de\/event\/weddings\/","og_locale":"de_DE","og_type":"article","og_title":"Hochzeiten - Rodos Palladium Leisure &amp; Wellness","og_description":"Sagen Sie \u201eJa\u201c in der romantischsten Kulisse auf Rhodos Die Wahl des perfekten Ortes f\u00fcr Ihre Hochzeit ist genauso bedeutend wie die ersten Schritte in Ihr gemeinsames Leben. Im Rodos Palladium vereinen wir langj\u00e4hrige Erfahrung mit h\u00f6chster Sorgfalt, um unvergessliche Feiern zu gestalten. Von der ersten Planung bis zum letzten Tanz stehen Ihnen unsere erfahrenen","og_url":"https:\/\/www.rodospalladium.gr\/de\/event\/weddings\/","og_site_name":"Rodos Palladium Leisure &amp; Wellness","article_modified_time":"2025-03-04T14:04:44+00:00","og_image":[{"width":1920,"height":1240,"url":"https:\/\/www.rodospalladium.gr\/app\/uploads\/sites\/46\/2020\/02\/WEDDING_result.jpeg","type":"image\/jpeg"}],"twitter_card":"summary_large_image","twitter_misc":{"Est. reading time":"2\u00a0Minuten"},"schema":{"@context":"https:\/\/schema.org","@graph":[{"@type":"WebPage","@id":"https:\/\/www.rodospalladium.gr\/de\/event\/weddings\/","url":"https:\/\/www.rodospalladium.gr\/de\/event\/weddings\/","name":"Hochzeiten - Rodos Palladium Leisure &amp; Wellness","isPartOf":{"@id":"https:\/\/www.rodospalladium.gr\/#website"},"primaryImageOfPage":{"@id":"https:\/\/www.rodospalladium.gr\/de\/event\/weddings\/#primaryimage"},"image":{"@id":"https:\/\/www.rodospalladium.gr\/de\/event\/weddings\/#primaryimage"},"thumbnailUrl":"https:\/\/www.rodospalladium.gr\/app\/uploads\/sites\/46\/2020\/02\/WEDDING_result.jpeg","datePublished":"2019-05-02T12:54:08+00:00","dateModified":"2025-03-04T14:04:44+00:00","breadcrumb":{"@id":"https:\/\/www.rodospalladium.gr\/de\/event\/weddings\/#breadcrumb"},"inLanguage":"de","potentialAction":[{"@type":"ReadAction","target":["https:\/\/www.rodospalladium.gr\/de\/event\/weddings\/"]}]},{"@type":"ImageObject","inLanguage":"de","@id":"https:\/\/www.rodospalladium.gr\/de\/event\/weddings\/#primaryimage","url":"https:\/\/www.rodospalladium.gr\/app\/uploads\/sites\/46\/2020\/02\/WEDDING_result.jpeg","contentUrl":"https:\/\/www.rodospalladium.gr\/app\/uploads\/sites\/46\/2020\/02\/WEDDING_result.jpeg","width":1920,"height":1240},{"@type":"BreadcrumbList","@id":"https:\/\/www.rodospalladium.gr\/de\/event\/weddings\/#breadcrumb","itemListElement":[{"@type":"ListItem","position":1,"name":"Home","item":"https:\/\/www.rodospalladium.gr\/de\/"},{"@type":"ListItem","position":2,"name":"VERANSTALTUNGEN","item":"https:\/\/www.rodospalladium.gr\/de\/event\/"},{"@type":"ListItem","position":3,"name":"Hochzeiten"}]},{"@type":"WebSite","@id":"https:\/\/www.rodospalladium.gr\/#website","url":"https:\/\/www.rodospalladium.gr\/","name":"Rodos Palladium Leisure &amp; Wellness","description":"Rodos Palladium Leisure &amp; Wellness is among Rhodes finest five star hotels. It enjoys a premier beach front location at Kallithea bay, offering luxurious accommodation and exclusive leisure and spa facilities.","potentialAction":[{"@type":"SearchAction","target":{"@type":"EntryPoint","urlTemplate":"https:\/\/www.rodospalladium.gr\/?s={search_term_string}"},"query-input":{"@type":"PropertyValueSpecification","valueRequired":true,"valueName":"search_term_string"}}],"inLanguage":"de"}]}},"_links":{"self":[{"href":"https:\/\/www.rodospalladium.gr\/de\/wp-json\/wp\/v2\/pages\/3969"}],"collection":[{"href":"https:\/\/www.rodospalladium.gr\/de\/wp-json\/wp\/v2\/pages"}],"about":[{"href":"https:\/\/www.rodospalladium.gr\/de\/wp-json\/wp\/v2\/types\/page"}],"author":[{"embeddable":true,"href":"https:\/\/www.rodospalladium.gr\/de\/wp-json\/wp\/v2\/users\/1"}],"replies":[{"embeddable":true,"href":"https:\/\/www.rodospalladium.gr\/de\/wp-json\/wp\/v2\/comments?post=3969"}],"version-history":[{"count":10,"href":"https:\/\/www.rodospalladium.gr\/de\/wp-json\/wp\/v2\/pages\/3969\/revisions"}],"predecessor-version":[{"id":30806,"href":"https:\/\/www.rodospalladium.gr\/de\/wp-json\/wp\/v2\/pages\/3969\/revisions\/30806"}],"up":[{"embeddable":true,"href":"https:\/\/www.rodospalladium.gr\/de\/wp-json\/wp\/v2\/pages\/6587"}],"wp:featuredmedia":[{"embeddable":true,"href":"https:\/\/www.rodospalladium.gr\/de\/wp-json\/wp\/v2\/media\/9765"}],"wp:attachment":[{"href":"https:\/\/www.rodospalladium.gr\/de\/wp-json\/wp\/v2\/media?parent=3969"}],"curies":[{"name":"wp","href":"https:\/\/api.w.org\/{rel}","templated":true}]}}