{"id":3983,"date":"2019-05-03T15:22:13","date_gmt":"2019-05-03T12:22:13","guid":{"rendered":"http:\/\/harmony.cms4.nelios.com\/environmental-policy\/"},"modified":"2025-07-26T12:40:27","modified_gmt":"2025-07-26T09:40:27","slug":"umweltleistung-nachhaltigkeit","status":"publish","type":"page","link":"https:\/\/www.rodospalladium.gr\/de\/umweltleistung-nachhaltigkeit\/","title":{"rendered":"Umweltpolitik"},"content":{"rendered":"<h2><span style=\"color: #baa789;\">HERAUSRAGENDE Umweltleistung\u00a0<\/span><\/h2>\n<p>Das Rodos Palladium Leisure &amp; Wellness hat in der Umweltpolitik eine beispiellose Rolle \u00fcbernommen, indem es fr\u00fchzeitig umweltfreundliche Ma\u00dfnahmen eingef\u00fchrt hat, angefangen von einfachen Housekeeping-Praktiken bis hin zu kostspieligen High-End-Technologiel\u00f6sungen.<\/p>\n<p>Durch eine sorgf\u00e4ltig geplante und ausgewogene \u00f6kologische Herangehensweise konnten wir unseren \u00f6kologischen Fu\u00dfabdruck effektiv minimieren, ohne dabei die erstklassige 5-Sterne-Qualit\u00e4t unserer Unterkunft und unseres Services zu beeintr\u00e4chtigen.<\/p>\n<h3>Einige unserer umweltpolitischen Ma\u00dfnahmen beinhalten:<\/h3>\n<ul>\n<li>Verwendung eines intelligenten Geb\u00e4udesystems, die Temperaturen in den Zimmern und \u00fcbrigen Bereichen des Hotels kontrolliert; als auch die Beleuchtung, HVAC Einrichtung, Wasser und elektrisches Lastmanagement, das Wasser im Swimming Pool und die Qualit\u00e4t der Luft im Hotel \u00fcberwacht. Geb\u00e4udemanagement ist ein solider Weg um unn\u00f6tigen Verbrauch zu vermeiden, w\u00e4hrend sie uns einen gro\u00dfen Einblick in die umweltpolitische Leistung jeder einzelnen Abteilungen gew\u00e4hrt.<\/li>\n<li>Verwendung eines Solardachs, bestehend aus hocheffizienten Solarflachkollektoren, welche die W\u00e4rmebelastung von Klimaanlagen auf dem Dach des Geb\u00e4udes reduzieren, und hei\u00dfes Wasser f\u00fcr eine Solare Klimatisierung mittels Einsatz von Absorptions K\u00e4lteanlagen f\u00fchrender Hersteller, generieren. Das \u00fcbersch\u00fcssige warme Wasser wird dann zum Erhitzen von Wasser f\u00fcr verschiedene andere Einsatzbereiche verwendet.<\/li>\n<li>Verwendung eines Photovoltaik Systems mit einer Spitzenleistung von 20KW, um Solarenergie zu aktivieren w\u00e4hrend der elektrische Verbrauch reduziert wird.<\/li>\n<li>Durch die Verwendung energieeffizienter Fenster wird das W\u00e4rmeaufkommen, welche durch die Sonneneinstrahlung im Sommer verursacht wird, um bis zu 60% reduziert.<\/li>\n<li>Verwendung von sparsamen Armaturen, sensorgesteuerten Armaturen und digitaler Wasserdruckkontrolle um den Wasserverbrauch auf ein Minimum zu halten.<\/li>\n<li>Energier\u00fcckgewinnung von Verbrennungsgasen, durch Kondensationsw\u00e4rmetauschern, welche sp\u00e4ter zum Vorheizen des Wassers in der W\u00e4scherei verwendet wird.<\/li>\n<li>Regelm\u00e4\u00dfige Auswertung der Ergebnisse jeder Umweltpolitik sowie ein Jahresbericht mit Vorschl\u00e4gen zur kontinuierlichen Verbesserung durch t\u00e4gliche Praktiken und innovative Anwendungen<\/li>\n<li>Das Hotel wurde mit dem \ud83d\udd17<a href=\"https:\/\/www.greenkey.global\/\"><span style=\"color: #339966;\"><strong>Green Key<\/strong><\/span><\/a> (Gr\u00fcnen Schl\u00fcssel &#8211; Foundation for Environmental Education \u2013 FEE) und der \ud83d\udd17<strong><a href=\"https:\/\/www.blueflag.global\/\"><span style=\"color: #3366ff;\">Blauen Flagge<\/span><\/a><\/strong> zertifiziert.<br \/>\n<hr \/>\n<\/li>\n<\/ul>\n<p>Erfahren Sie mehr \u00fcber unsere Umweltinitiativen im \ud83d\udd17<a href=\"https:\/\/www.rodospalladium.gr\/de\/news\/\"><strong>News<\/strong><\/a>(Neuigkeiten)-Bereich unserer Website.<\/p>\n","protected":false},"excerpt":{"rendered":"<p>HERAUSRAGENDE Umweltleistung\u00a0 Das Rodos Palladium Leisure &amp; Wellness hat in der Umweltpolitik eine beispiellose Rolle \u00fcbernommen, indem es fr\u00fchzeitig umweltfreundliche Ma\u00dfnahmen eingef\u00fchrt hat, angefangen von einfachen Housekeeping-Praktiken bis hin zu kostspieligen High-End-Technologiel\u00f6sungen. Durch eine sorgf\u00e4ltig geplante und ausgewogene \u00f6kologische Herangehensweise konnten wir unseren \u00f6kologischen Fu\u00dfabdruck effektiv minimieren, ohne dabei die erstklassige 5-Sterne-Qualit\u00e4t unserer Unterkunft und<\/p>\n","protected":false},"author":1,"featured_media":18747,"parent":0,"menu_order":0,"comment_status":"closed","ping_status":"closed","template":"","meta":{"_acf_changed":false,"footnotes":""},"class_list":["post-3983","page","type-page","status-publish","has-post-thumbnail","hentry"],"acf":[],"yoast_head":"<!-- This site is optimized with the Yoast SEO plugin v26.9 - https:\/\/yoast.com\/product\/yoast-seo-wordpress\/ -->\n<title>Umweltpolitik - Rodos Palladium Leisure &amp; Wellness<\/title>\n<meta name=\"description\" content=\"Entdecken Sie, wie das Rodos Palladium Leisure and Wellness dank intelligenter Technologien und gr\u00fcner Energiel\u00f6sungen herausragende Umweltleistungen erzielt \u2013 ohne Kompromisse beim F\u00fcnf-Sterne-Komfort.\" \/>\n<meta name=\"robots\" content=\"index, follow, max-snippet:-1, max-image-preview:large, max-video-preview:-1\" \/>\n<link rel=\"canonical\" href=\"https:\/\/www.rodospalladium.gr\/de\/umweltleistung-nachhaltigkeit\/\" \/>\n<meta property=\"og:locale\" content=\"de_DE\" \/>\n<meta property=\"og:type\" content=\"article\" \/>\n<meta property=\"og:title\" content=\"Umweltpolitik - Rodos Palladium Leisure &amp; Wellness\" \/>\n<meta property=\"og:description\" content=\"Entdecken Sie, wie das Rodos Palladium Leisure and Wellness dank intelligenter Technologien und gr\u00fcner Energiel\u00f6sungen herausragende Umweltleistungen erzielt \u2013 ohne Kompromisse beim F\u00fcnf-Sterne-Komfort.\" \/>\n<meta property=\"og:url\" content=\"https:\/\/www.rodospalladium.gr\/de\/umweltleistung-nachhaltigkeit\/\" \/>\n<meta property=\"og:site_name\" content=\"Rodos Palladium Leisure &amp; Wellness\" \/>\n<meta property=\"article:modified_time\" content=\"2025-07-26T09:40:27+00:00\" \/>\n<meta property=\"og:image\" content=\"https:\/\/www.rodospalladium.gr\/app\/uploads\/sites\/46\/2024\/02\/V3.jpg\" \/>\n\t<meta property=\"og:image:width\" content=\"1920\" \/>\n\t<meta property=\"og:image:height\" content=\"955\" \/>\n\t<meta property=\"og:image:type\" content=\"image\/jpeg\" \/>\n<meta name=\"twitter:card\" content=\"summary_large_image\" \/>\n<meta name=\"twitter:label1\" content=\"Est. reading time\" \/>\n\t<meta name=\"twitter:data1\" content=\"2\u00a0Minuten\" \/>\n<script type=\"application\/ld+json\" class=\"yoast-schema-graph\">{\"@context\":\"https:\/\/schema.org\",\"@graph\":[{\"@type\":\"WebPage\",\"@id\":\"https:\/\/www.rodospalladium.gr\/de\/umweltleistung-nachhaltigkeit\/\",\"url\":\"https:\/\/www.rodospalladium.gr\/de\/umweltleistung-nachhaltigkeit\/\",\"name\":\"Umweltpolitik - Rodos Palladium Leisure &amp; Wellness\",\"isPartOf\":{\"@id\":\"https:\/\/www.rodospalladium.gr\/#website\"},\"primaryImageOfPage\":{\"@id\":\"https:\/\/www.rodospalladium.gr\/de\/umweltleistung-nachhaltigkeit\/#primaryimage\"},\"image\":{\"@id\":\"https:\/\/www.rodospalladium.gr\/de\/umweltleistung-nachhaltigkeit\/#primaryimage\"},\"thumbnailUrl\":\"https:\/\/www.rodospalladium.gr\/app\/uploads\/sites\/46\/2024\/02\/V3.jpg\",\"datePublished\":\"2019-05-03T12:22:13+00:00\",\"dateModified\":\"2025-07-26T09:40:27+00:00\",\"description\":\"Entdecken Sie, wie das Rodos Palladium Leisure and Wellness dank intelligenter Technologien und gr\u00fcner Energiel\u00f6sungen herausragende Umweltleistungen erzielt \u2013 ohne Kompromisse beim F\u00fcnf-Sterne-Komfort.\",\"breadcrumb\":{\"@id\":\"https:\/\/www.rodospalladium.gr\/de\/umweltleistung-nachhaltigkeit\/#breadcrumb\"},\"inLanguage\":\"de\",\"potentialAction\":[{\"@type\":\"ReadAction\",\"target\":[\"https:\/\/www.rodospalladium.gr\/de\/umweltleistung-nachhaltigkeit\/\"]}]},{\"@type\":\"ImageObject\",\"inLanguage\":\"de\",\"@id\":\"https:\/\/www.rodospalladium.gr\/de\/umweltleistung-nachhaltigkeit\/#primaryimage\",\"url\":\"https:\/\/www.rodospalladium.gr\/app\/uploads\/sites\/46\/2024\/02\/V3.jpg\",\"contentUrl\":\"https:\/\/www.rodospalladium.gr\/app\/uploads\/sites\/46\/2024\/02\/V3.jpg\",\"width\":1920,\"height\":955},{\"@type\":\"BreadcrumbList\",\"@id\":\"https:\/\/www.rodospalladium.gr\/de\/umweltleistung-nachhaltigkeit\/#breadcrumb\",\"itemListElement\":[{\"@type\":\"ListItem\",\"position\":1,\"name\":\"Home\",\"item\":\"https:\/\/www.rodospalladium.gr\/de\/\"},{\"@type\":\"ListItem\",\"position\":2,\"name\":\"Umweltpolitik\"}]},{\"@type\":\"WebSite\",\"@id\":\"https:\/\/www.rodospalladium.gr\/#website\",\"url\":\"https:\/\/www.rodospalladium.gr\/\",\"name\":\"Rodos Palladium Leisure &amp; Wellness\",\"description\":\"Rodos Palladium Leisure &amp; Wellness is among Rhodes finest five star hotels. It enjoys a premier beach front location at Kallithea bay, offering luxurious accommodation and exclusive leisure and spa facilities.\",\"potentialAction\":[{\"@type\":\"SearchAction\",\"target\":{\"@type\":\"EntryPoint\",\"urlTemplate\":\"https:\/\/www.rodospalladium.gr\/?s={search_term_string}\"},\"query-input\":{\"@type\":\"PropertyValueSpecification\",\"valueRequired\":true,\"valueName\":\"search_term_string\"}}],\"inLanguage\":\"de\"}]}<\/script>\n<!-- \/ Yoast SEO plugin. -->","yoast_head_json":{"title":"Umweltpolitik - Rodos Palladium Leisure &amp; Wellness","description":"Entdecken Sie, wie das Rodos Palladium Leisure and Wellness dank intelligenter Technologien und gr\u00fcner Energiel\u00f6sungen herausragende Umweltleistungen erzielt \u2013 ohne Kompromisse beim F\u00fcnf-Sterne-Komfort.","robots":{"index":"index","follow":"follow","max-snippet":"max-snippet:-1","max-image-preview":"max-image-preview:large","max-video-preview":"max-video-preview:-1"},"canonical":"https:\/\/www.rodospalladium.gr\/de\/umweltleistung-nachhaltigkeit\/","og_locale":"de_DE","og_type":"article","og_title":"Umweltpolitik - Rodos Palladium Leisure &amp; Wellness","og_description":"Entdecken Sie, wie das Rodos Palladium Leisure and Wellness dank intelligenter Technologien und gr\u00fcner Energiel\u00f6sungen herausragende Umweltleistungen erzielt \u2013 ohne Kompromisse beim F\u00fcnf-Sterne-Komfort.","og_url":"https:\/\/www.rodospalladium.gr\/de\/umweltleistung-nachhaltigkeit\/","og_site_name":"Rodos Palladium Leisure &amp; Wellness","article_modified_time":"2025-07-26T09:40:27+00:00","og_image":[{"width":1920,"height":955,"url":"https:\/\/www.rodospalladium.gr\/app\/uploads\/sites\/46\/2024\/02\/V3.jpg","type":"image\/jpeg"}],"twitter_card":"summary_large_image","twitter_misc":{"Est. reading time":"2\u00a0Minuten"},"schema":{"@context":"https:\/\/schema.org","@graph":[{"@type":"WebPage","@id":"https:\/\/www.rodospalladium.gr\/de\/umweltleistung-nachhaltigkeit\/","url":"https:\/\/www.rodospalladium.gr\/de\/umweltleistung-nachhaltigkeit\/","name":"Umweltpolitik - Rodos Palladium Leisure &amp; Wellness","isPartOf":{"@id":"https:\/\/www.rodospalladium.gr\/#website"},"primaryImageOfPage":{"@id":"https:\/\/www.rodospalladium.gr\/de\/umweltleistung-nachhaltigkeit\/#primaryimage"},"image":{"@id":"https:\/\/www.rodospalladium.gr\/de\/umweltleistung-nachhaltigkeit\/#primaryimage"},"thumbnailUrl":"https:\/\/www.rodospalladium.gr\/app\/uploads\/sites\/46\/2024\/02\/V3.jpg","datePublished":"2019-05-03T12:22:13+00:00","dateModified":"2025-07-26T09:40:27+00:00","description":"Entdecken Sie, wie das Rodos Palladium Leisure and Wellness dank intelligenter Technologien und gr\u00fcner Energiel\u00f6sungen herausragende Umweltleistungen erzielt \u2013 ohne Kompromisse beim F\u00fcnf-Sterne-Komfort.","breadcrumb":{"@id":"https:\/\/www.rodospalladium.gr\/de\/umweltleistung-nachhaltigkeit\/#breadcrumb"},"inLanguage":"de","potentialAction":[{"@type":"ReadAction","target":["https:\/\/www.rodospalladium.gr\/de\/umweltleistung-nachhaltigkeit\/"]}]},{"@type":"ImageObject","inLanguage":"de","@id":"https:\/\/www.rodospalladium.gr\/de\/umweltleistung-nachhaltigkeit\/#primaryimage","url":"https:\/\/www.rodospalladium.gr\/app\/uploads\/sites\/46\/2024\/02\/V3.jpg","contentUrl":"https:\/\/www.rodospalladium.gr\/app\/uploads\/sites\/46\/2024\/02\/V3.jpg","width":1920,"height":955},{"@type":"BreadcrumbList","@id":"https:\/\/www.rodospalladium.gr\/de\/umweltleistung-nachhaltigkeit\/#breadcrumb","itemListElement":[{"@type":"ListItem","position":1,"name":"Home","item":"https:\/\/www.rodospalladium.gr\/de\/"},{"@type":"ListItem","position":2,"name":"Umweltpolitik"}]},{"@type":"WebSite","@id":"https:\/\/www.rodospalladium.gr\/#website","url":"https:\/\/www.rodospalladium.gr\/","name":"Rodos Palladium Leisure &amp; Wellness","description":"Rodos Palladium Leisure &amp; Wellness is among Rhodes finest five star hotels. It enjoys a premier beach front location at Kallithea bay, offering luxurious accommodation and exclusive leisure and spa facilities.","potentialAction":[{"@type":"SearchAction","target":{"@type":"EntryPoint","urlTemplate":"https:\/\/www.rodospalladium.gr\/?s={search_term_string}"},"query-input":{"@type":"PropertyValueSpecification","valueRequired":true,"valueName":"search_term_string"}}],"inLanguage":"de"}]}},"_links":{"self":[{"href":"https:\/\/www.rodospalladium.gr\/de\/wp-json\/wp\/v2\/pages\/3983"}],"collection":[{"href":"https:\/\/www.rodospalladium.gr\/de\/wp-json\/wp\/v2\/pages"}],"about":[{"href":"https:\/\/www.rodospalladium.gr\/de\/wp-json\/wp\/v2\/types\/page"}],"author":[{"embeddable":true,"href":"https:\/\/www.rodospalladium.gr\/de\/wp-json\/wp\/v2\/users\/1"}],"replies":[{"embeddable":true,"href":"https:\/\/www.rodospalladium.gr\/de\/wp-json\/wp\/v2\/comments?post=3983"}],"version-history":[{"count":10,"href":"https:\/\/www.rodospalladium.gr\/de\/wp-json\/wp\/v2\/pages\/3983\/revisions"}],"predecessor-version":[{"id":31059,"href":"https:\/\/www.rodospalladium.gr\/de\/wp-json\/wp\/v2\/pages\/3983\/revisions\/31059"}],"wp:featuredmedia":[{"embeddable":true,"href":"https:\/\/www.rodospalladium.gr\/de\/wp-json\/wp\/v2\/media\/18747"}],"wp:attachment":[{"href":"https:\/\/www.rodospalladium.gr\/de\/wp-json\/wp\/v2\/media?parent=3983"}],"curies":[{"name":"wp","href":"https:\/\/api.w.org\/{rel}","templated":true}]}}