{"id":4005,"date":"2019-04-09T12:06:39","date_gmt":"2019-04-09T09:06:39","guid":{"rendered":"http:\/\/harmony.cms4.nelios.com\/elysium-experiences\/spa\/"},"modified":"2025-04-14T11:08:59","modified_gmt":"2025-04-14T08:08:59","slug":"spa","status":"publish","type":"page","link":"https:\/\/www.rodospalladium.gr\/de\/spa\/","title":{"rendered":"Sensations Spa"},"content":{"rendered":"<h1><span style=\"color: #baa789;\">Finden Sie Ruhe und Vitalit\u00e4t in unserem Sensations Wellness Center<\/span><\/h1>\n<p>Falls Sie jemals dar\u00fcber nachgedacht haben, Ihr Training auf Hochtouren zu bringen, oder lieber entspannen, regenerieren und revitalisieren m\u00f6chten, dann ist unser Wellnesscenter genau der richtige Ort f\u00fcr Sie!<\/p>\n<p>Genie\u00dfen Sie Ihr Training bei Meerblick in unserem Fitness Center und, wenn Sie Hilfe ben\u00f6tigen, helfen Ihnen unsere fachm\u00e4nnisch ausgebildeten Experten gerne weiter. Haben Sie erst einmal Ihre \u00dcbungen abgeschlossen, lassen Sie Ihr Programm mit einem Besuch in unserer Sauna, dem Dampfbad sowie einer Massage ausklingen. Dies wird Ihnen helfen eventuelle Knoten und Verspannungen im K\u00f6rper zu l\u00f6sen.<\/p>\n<p>Eine breite Palette an spannenden \ud83d\udd17<a href=\"https:\/\/kos-paris.com\/\" target=\"_blank\" rel=\"noopener\"><b><span style=\"color: #baa789;\">KOS PARIS<\/span><\/b><\/a>\u00a0Spa Behandlungen und Services sind sowohl f\u00fcr Einzelpersonen als auch P\u00e4rchen verf\u00fcgbar. Ma\u00dfgeschneiderte Pakete wurden speziell kreiert, um Ihnen das bestm\u00f6gliche Preis\/Leistungsverh\u00e4ltnis zu bieten. Versuchen Sie zum Beispiel eine Hot Stone Massage! Verspannungen werden gel\u00f6st, der Blutfluss angeregt und das Wohlbefinden gesteigert. Oder g\u00f6nnen Sie sich eine Reihe von Wassererlebnissen, wie das alte arabische Reinigungsritual, dem Rasul.<\/p>\n<hr \/>\n<p><span style=\"color: #baa789;\"><b>KOS PARIS<\/b><\/span> ist eine Marke, die f\u00fcr ihre nat\u00fcrlichen und hochwirksamen Sch\u00f6nheitsprodukte bekannt ist, die alle im firmeneigenen Labor in Paris entwickelt und hergestellt werden. Der Fokus liegt auf \u00f6kologischer Landwirtschaft und nachhaltigen, umweltfreundlichen Praktiken. Das Produktsortiment umfasst unter anderem pflegende K\u00f6rper\u00f6le sowie eine Vielzahl an Hautpflegebehandlungen.<\/p>\n<p>Spezielle <span style=\"color: #baa789;\"><b>KOS PARIS<\/b><\/span> K\u00f6rper- und Gesichtsbehandlungen werden zweifelsfrei Ihre zarte Haut verw\u00f6hnen und f\u00fcr einen neuen Start sorgen. Vollenden Sie Ihr Verw\u00f6hnprogramm mit einer Manik\u00fcre, Pedik\u00fcre oder Haarentfernung und Sie werden sich w\u00e4hrend Ihres Aufenthaltes immer gro\u00dfartig f\u00fchlen.<\/p>\n<p>Klicken Sie <span style=\"color: #baa789;\">\ud83d\udd17<a style=\"color: #baa789;\" href=\"https:\/\/www.rodospalladium.gr\/app\/uploads\/sites\/46\/2025\/04\/PALLADIUM-SPA-SERVICES-A4-DE-2025.pdf\"><strong>hier<\/strong><\/a><\/span> f\u00fcr unsere Spa-Angebote!<\/p>\n<p><strong>Eintrittsregeln: <\/strong>G\u00e4ste unter <strong>16 Jahren<\/strong> d\u00fcrfen die Einrichtungen des Sensations Wellness Centers nicht betreten oder nutzen.<\/p>\n<p>&nbsp;<\/p>\n","protected":false},"excerpt":{"rendered":"<p>Finden Sie Ruhe und Vitalit\u00e4t in unserem Sensations Wellness Center Falls Sie jemals dar\u00fcber nachgedacht haben, Ihr Training auf Hochtouren zu bringen, oder lieber entspannen, regenerieren und revitalisieren m\u00f6chten, dann ist unser Wellnesscenter genau der richtige Ort f\u00fcr Sie! Genie\u00dfen Sie Ihr Training bei Meerblick in unserem Fitness Center und, wenn Sie Hilfe ben\u00f6tigen, helfen<\/p>\n","protected":false},"author":8,"featured_media":31254,"parent":0,"menu_order":0,"comment_status":"closed","ping_status":"closed","template":"","meta":{"_acf_changed":false,"footnotes":""},"class_list":["post-4005","page","type-page","status-publish","has-post-thumbnail","hentry"],"acf":[],"yoast_head":"<!-- This site is optimized with the Yoast SEO plugin v26.9 - https:\/\/yoast.com\/product\/yoast-seo-wordpress\/ -->\n<title>Sensations Spa - Rodos Palladium Leisure &amp; Wellness<\/title>\n<meta name=\"robots\" content=\"index, follow, max-snippet:-1, max-image-preview:large, max-video-preview:-1\" \/>\n<link rel=\"canonical\" href=\"https:\/\/www.rodospalladium.gr\/de\/spa\/\" \/>\n<meta property=\"og:locale\" content=\"de_DE\" \/>\n<meta property=\"og:type\" content=\"article\" \/>\n<meta property=\"og:title\" content=\"Sensations Spa - Rodos Palladium Leisure &amp; Wellness\" \/>\n<meta property=\"og:description\" content=\"Finden Sie Ruhe und Vitalit\u00e4t in unserem Sensations Wellness Center Falls Sie jemals dar\u00fcber nachgedacht haben, Ihr Training auf Hochtouren zu bringen, oder lieber entspannen, regenerieren und revitalisieren m\u00f6chten, dann ist unser Wellnesscenter genau der richtige Ort f\u00fcr Sie! Genie\u00dfen Sie Ihr Training bei Meerblick in unserem Fitness Center und, wenn Sie Hilfe ben\u00f6tigen, helfen\" \/>\n<meta property=\"og:url\" content=\"https:\/\/www.rodospalladium.gr\/de\/spa\/\" \/>\n<meta property=\"og:site_name\" content=\"Rodos Palladium Leisure &amp; Wellness\" \/>\n<meta property=\"article:modified_time\" content=\"2025-04-14T08:08:59+00:00\" \/>\n<meta property=\"og:image\" content=\"https:\/\/www.rodospalladium.gr\/app\/uploads\/sites\/46\/2019\/02\/40_812_Spa_RODOS_PALLADIUM_result.jpeg\" \/>\n\t<meta property=\"og:image:width\" content=\"1920\" \/>\n\t<meta property=\"og:image:height\" content=\"1279\" \/>\n\t<meta property=\"og:image:type\" content=\"image\/jpeg\" \/>\n<meta name=\"twitter:card\" content=\"summary_large_image\" \/>\n<meta name=\"twitter:label1\" content=\"Est. reading time\" \/>\n\t<meta name=\"twitter:data1\" content=\"2\u00a0Minuten\" \/>\n<script type=\"application\/ld+json\" class=\"yoast-schema-graph\">{\"@context\":\"https:\/\/schema.org\",\"@graph\":[{\"@type\":\"WebPage\",\"@id\":\"https:\/\/www.rodospalladium.gr\/de\/spa\/\",\"url\":\"https:\/\/www.rodospalladium.gr\/de\/spa\/\",\"name\":\"Sensations Spa - Rodos Palladium Leisure &amp; Wellness\",\"isPartOf\":{\"@id\":\"https:\/\/www.rodospalladium.gr\/#website\"},\"primaryImageOfPage\":{\"@id\":\"https:\/\/www.rodospalladium.gr\/de\/spa\/#primaryimage\"},\"image\":{\"@id\":\"https:\/\/www.rodospalladium.gr\/de\/spa\/#primaryimage\"},\"thumbnailUrl\":\"https:\/\/www.rodospalladium.gr\/app\/uploads\/sites\/46\/2025\/08\/Hot_Stone_Massage.jpg\",\"datePublished\":\"2019-04-09T09:06:39+00:00\",\"dateModified\":\"2025-04-14T08:08:59+00:00\",\"breadcrumb\":{\"@id\":\"https:\/\/www.rodospalladium.gr\/de\/spa\/#breadcrumb\"},\"inLanguage\":\"de\",\"potentialAction\":[{\"@type\":\"ReadAction\",\"target\":[\"https:\/\/www.rodospalladium.gr\/de\/spa\/\"]}]},{\"@type\":\"ImageObject\",\"inLanguage\":\"de\",\"@id\":\"https:\/\/www.rodospalladium.gr\/de\/spa\/#primaryimage\",\"url\":\"https:\/\/www.rodospalladium.gr\/app\/uploads\/sites\/46\/2025\/08\/Hot_Stone_Massage.jpg\",\"contentUrl\":\"https:\/\/www.rodospalladium.gr\/app\/uploads\/sites\/46\/2025\/08\/Hot_Stone_Massage.jpg\",\"width\":2560,\"height\":1707},{\"@type\":\"BreadcrumbList\",\"@id\":\"https:\/\/www.rodospalladium.gr\/de\/spa\/#breadcrumb\",\"itemListElement\":[{\"@type\":\"ListItem\",\"position\":1,\"name\":\"Home\",\"item\":\"https:\/\/www.rodospalladium.gr\/de\/\"},{\"@type\":\"ListItem\",\"position\":2,\"name\":\"Sensations Spa\"}]},{\"@type\":\"WebSite\",\"@id\":\"https:\/\/www.rodospalladium.gr\/#website\",\"url\":\"https:\/\/www.rodospalladium.gr\/\",\"name\":\"Rodos Palladium Leisure &amp; Wellness\",\"description\":\"Rodos Palladium Leisure &amp; Wellness is among Rhodes finest five star hotels. It enjoys a premier beach front location at Kallithea bay, offering luxurious accommodation and exclusive leisure and spa facilities.\",\"potentialAction\":[{\"@type\":\"SearchAction\",\"target\":{\"@type\":\"EntryPoint\",\"urlTemplate\":\"https:\/\/www.rodospalladium.gr\/?s={search_term_string}\"},\"query-input\":{\"@type\":\"PropertyValueSpecification\",\"valueRequired\":true,\"valueName\":\"search_term_string\"}}],\"inLanguage\":\"de\"}]}<\/script>\n<!-- \/ Yoast SEO plugin. -->","yoast_head_json":{"title":"Sensations Spa - Rodos Palladium Leisure &amp; Wellness","robots":{"index":"index","follow":"follow","max-snippet":"max-snippet:-1","max-image-preview":"max-image-preview:large","max-video-preview":"max-video-preview:-1"},"canonical":"https:\/\/www.rodospalladium.gr\/de\/spa\/","og_locale":"de_DE","og_type":"article","og_title":"Sensations Spa - Rodos Palladium Leisure &amp; Wellness","og_description":"Finden Sie Ruhe und Vitalit\u00e4t in unserem Sensations Wellness Center Falls Sie jemals dar\u00fcber nachgedacht haben, Ihr Training auf Hochtouren zu bringen, oder lieber entspannen, regenerieren und revitalisieren m\u00f6chten, dann ist unser Wellnesscenter genau der richtige Ort f\u00fcr Sie! Genie\u00dfen Sie Ihr Training bei Meerblick in unserem Fitness Center und, wenn Sie Hilfe ben\u00f6tigen, helfen","og_url":"https:\/\/www.rodospalladium.gr\/de\/spa\/","og_site_name":"Rodos Palladium Leisure &amp; Wellness","article_modified_time":"2025-04-14T08:08:59+00:00","og_image":[{"width":1920,"height":1279,"url":"https:\/\/www.rodospalladium.gr\/app\/uploads\/sites\/46\/2019\/02\/40_812_Spa_RODOS_PALLADIUM_result.jpeg","type":"image\/jpeg"}],"twitter_card":"summary_large_image","twitter_misc":{"Est. reading time":"2\u00a0Minuten"},"schema":{"@context":"https:\/\/schema.org","@graph":[{"@type":"WebPage","@id":"https:\/\/www.rodospalladium.gr\/de\/spa\/","url":"https:\/\/www.rodospalladium.gr\/de\/spa\/","name":"Sensations Spa - Rodos Palladium Leisure &amp; Wellness","isPartOf":{"@id":"https:\/\/www.rodospalladium.gr\/#website"},"primaryImageOfPage":{"@id":"https:\/\/www.rodospalladium.gr\/de\/spa\/#primaryimage"},"image":{"@id":"https:\/\/www.rodospalladium.gr\/de\/spa\/#primaryimage"},"thumbnailUrl":"https:\/\/www.rodospalladium.gr\/app\/uploads\/sites\/46\/2025\/08\/Hot_Stone_Massage.jpg","datePublished":"2019-04-09T09:06:39+00:00","dateModified":"2025-04-14T08:08:59+00:00","breadcrumb":{"@id":"https:\/\/www.rodospalladium.gr\/de\/spa\/#breadcrumb"},"inLanguage":"de","potentialAction":[{"@type":"ReadAction","target":["https:\/\/www.rodospalladium.gr\/de\/spa\/"]}]},{"@type":"ImageObject","inLanguage":"de","@id":"https:\/\/www.rodospalladium.gr\/de\/spa\/#primaryimage","url":"https:\/\/www.rodospalladium.gr\/app\/uploads\/sites\/46\/2025\/08\/Hot_Stone_Massage.jpg","contentUrl":"https:\/\/www.rodospalladium.gr\/app\/uploads\/sites\/46\/2025\/08\/Hot_Stone_Massage.jpg","width":2560,"height":1707},{"@type":"BreadcrumbList","@id":"https:\/\/www.rodospalladium.gr\/de\/spa\/#breadcrumb","itemListElement":[{"@type":"ListItem","position":1,"name":"Home","item":"https:\/\/www.rodospalladium.gr\/de\/"},{"@type":"ListItem","position":2,"name":"Sensations Spa"}]},{"@type":"WebSite","@id":"https:\/\/www.rodospalladium.gr\/#website","url":"https:\/\/www.rodospalladium.gr\/","name":"Rodos Palladium Leisure &amp; Wellness","description":"Rodos Palladium Leisure &amp; Wellness is among Rhodes finest five star hotels. It enjoys a premier beach front location at Kallithea bay, offering luxurious accommodation and exclusive leisure and spa facilities.","potentialAction":[{"@type":"SearchAction","target":{"@type":"EntryPoint","urlTemplate":"https:\/\/www.rodospalladium.gr\/?s={search_term_string}"},"query-input":{"@type":"PropertyValueSpecification","valueRequired":true,"valueName":"search_term_string"}}],"inLanguage":"de"}]}},"_links":{"self":[{"href":"https:\/\/www.rodospalladium.gr\/de\/wp-json\/wp\/v2\/pages\/4005"}],"collection":[{"href":"https:\/\/www.rodospalladium.gr\/de\/wp-json\/wp\/v2\/pages"}],"about":[{"href":"https:\/\/www.rodospalladium.gr\/de\/wp-json\/wp\/v2\/types\/page"}],"author":[{"embeddable":true,"href":"https:\/\/www.rodospalladium.gr\/de\/wp-json\/wp\/v2\/users\/8"}],"replies":[{"embeddable":true,"href":"https:\/\/www.rodospalladium.gr\/de\/wp-json\/wp\/v2\/comments?post=4005"}],"version-history":[{"count":12,"href":"https:\/\/www.rodospalladium.gr\/de\/wp-json\/wp\/v2\/pages\/4005\/revisions"}],"predecessor-version":[{"id":31028,"href":"https:\/\/www.rodospalladium.gr\/de\/wp-json\/wp\/v2\/pages\/4005\/revisions\/31028"}],"wp:featuredmedia":[{"embeddable":true,"href":"https:\/\/www.rodospalladium.gr\/de\/wp-json\/wp\/v2\/media\/31254"}],"wp:attachment":[{"href":"https:\/\/www.rodospalladium.gr\/de\/wp-json\/wp\/v2\/media?parent=4005"}],"curies":[{"name":"wp","href":"https:\/\/api.w.org\/{rel}","templated":true}]}}