{"id":4079,"date":"2019-05-03T11:24:56","date_gmt":"2019-05-03T08:24:56","guid":{"rendered":"http:\/\/harmony.cms4.nelios.com\/hotel-location\/"},"modified":"2024-01-25T15:15:19","modified_gmt":"2024-01-25T12:15:19","slug":"hotel-location","status":"publish","type":"page","link":"https:\/\/www.rodospalladium.gr\/de\/hotel-location\/","title":{"rendered":"Lage"},"content":{"rendered":"<p>In idyllischer Umgebung, an einer der sch\u00f6nsten Meeresk\u00fcsten auf Rhodos, gelegen, erstreckt sich die Hotelanlage auf einer Fl\u00e4che von 30.000 m2 mitten der mit der blauen Flagge ausgezeichneten Sand- und Kieselstrand von Kallithea, nur wenige hundert Meter vom gleichnamigen Monument entfernt.<\/p>\n<p>Sie werden angenehm \u00fcberrascht sein zu sehen, dass die wunderbare Lage direkt am Meer nicht den einzigen Glanzpunkt darstellt. Mit dem Flughafen, nur 20 Autominuten entfernt (15 km \/ 9 Meilen) besitzen Sie immer eine Vielfalt an M\u00f6glichkeiten, was f\u00fcr Sie weniger \u00c4rger und mehr Spa\u00df w\u00e4hrend Ihres Aufenthaltes bedeutet!<\/p>\n<p>Entdecken Sie die eindrucksvolle Stadt Rhodos (nur 8 km\/5 Meilen n\u00f6rdlich gelegen) mit Ihren erstaunlichen Sehensw\u00fcrdigkeiten oder besuchen Sie den benachbarten Urlaubsort Faliraki (4 km\/2.3 Meilen) f\u00fcr einen kurzen Bummel durch die Gesch\u00e4fte oder f\u00fcr einen unvergesslichen Abend. Diese Gegend bietet eine Vielzahl an Wassersportarten. Sollten Sie jedoch Wasserrutschen bevorzugen, dann werden Sie begeistert sein zu erfahren, dass sich Europas zweitgr\u00f6\u00dfter Wasserpark nur um die Ecke befindet.<\/p>\n<p>Wenn Sie die Insel auf eigene Faust erkunden m\u00f6chten, dann bietet Ihnen unsere Autovermietung im Hause, mit vielen unterschiedlichen Autotypen und speziellen Erm\u00e4\u00dfigungen f\u00fcr all unsere G\u00e4ste, gute Dienste an. Ob Sie nun lieber selbst am Steuer sitzen oder den Bus benutzen (Haltestelle direkt vor dem Hotel), Sie werden sehen, dass das Transportwesen kein Hindernis darstellt!<\/p>\n<h3><strong>Hauptentfernungen:<\/strong><\/h3>\n<p>Flughafen: 15 km \/ 9 Meilen<br \/>\nRhodos Stadt: 8 km \/ 5 Meilen<br \/>\nGolf Platz in Afandou: 13 km \/ 8 Meilen<br \/>\nLindos: 42 km \/ 26 Meilen<br \/>\nSchmetterlingstal: 27 km \/ 16 Meilen<\/p>\n","protected":false},"excerpt":{"rendered":"<p>In idyllischer Umgebung, an einer der sch\u00f6nsten Meeresk\u00fcsten auf Rhodos, gelegen, erstreckt sich die Hotelanlage auf einer Fl\u00e4che von 30.000 m2 mitten der mit der blauen Flagge ausgezeichneten Sand- und Kieselstrand von Kallithea, nur wenige hundert Meter vom gleichnamigen Monument entfernt. Sie werden angenehm \u00fcberrascht sein zu sehen, dass die wunderbare Lage direkt am Meer<\/p>\n","protected":false},"author":1,"featured_media":9595,"parent":0,"menu_order":0,"comment_status":"closed","ping_status":"closed","template":"page-templates\/location.php","meta":{"_acf_changed":false,"footnotes":""},"class_list":["post-4079","page","type-page","status-publish","has-post-thumbnail","hentry"],"acf":[],"yoast_head":"<!-- This site is optimized with the Yoast SEO plugin v26.9 - https:\/\/yoast.com\/product\/yoast-seo-wordpress\/ -->\n<title>Lage - Rodos Palladium Leisure &amp; Wellness<\/title>\n<meta name=\"robots\" content=\"index, follow, max-snippet:-1, max-image-preview:large, max-video-preview:-1\" \/>\n<link rel=\"canonical\" href=\"https:\/\/www.rodospalladium.gr\/de\/hotel-location\/\" \/>\n<meta property=\"og:locale\" content=\"de_DE\" \/>\n<meta property=\"og:type\" content=\"article\" \/>\n<meta property=\"og:title\" content=\"Lage - Rodos Palladium Leisure &amp; Wellness\" \/>\n<meta property=\"og:description\" content=\"In idyllischer Umgebung, an einer der sch\u00f6nsten Meeresk\u00fcsten auf Rhodos, gelegen, erstreckt sich die Hotelanlage auf einer Fl\u00e4che von 30.000 m2 mitten der mit der blauen Flagge ausgezeichneten Sand- und Kieselstrand von Kallithea, nur wenige hundert Meter vom gleichnamigen Monument entfernt. Sie werden angenehm \u00fcberrascht sein zu sehen, dass die wunderbare Lage direkt am Meer\" \/>\n<meta property=\"og:url\" content=\"https:\/\/www.rodospalladium.gr\/de\/hotel-location\/\" \/>\n<meta property=\"og:site_name\" content=\"Rodos Palladium Leisure &amp; Wellness\" \/>\n<meta property=\"article:modified_time\" content=\"2024-01-25T12:15:19+00:00\" \/>\n<meta property=\"og:image\" content=\"https:\/\/www.rodospalladium.gr\/app\/uploads\/sites\/46\/2019\/02\/29_235_Pool_Rodos_Palladium_result.jpeg\" \/>\n\t<meta property=\"og:image:width\" content=\"1920\" \/>\n\t<meta property=\"og:image:height\" content=\"1279\" \/>\n\t<meta property=\"og:image:type\" content=\"image\/jpeg\" \/>\n<meta name=\"twitter:card\" content=\"summary_large_image\" \/>\n<meta name=\"twitter:label1\" content=\"Est. reading time\" \/>\n\t<meta name=\"twitter:data1\" content=\"2\u00a0Minuten\" \/>\n<script type=\"application\/ld+json\" class=\"yoast-schema-graph\">{\"@context\":\"https:\/\/schema.org\",\"@graph\":[{\"@type\":\"WebPage\",\"@id\":\"https:\/\/www.rodospalladium.gr\/de\/hotel-location\/\",\"url\":\"https:\/\/www.rodospalladium.gr\/de\/hotel-location\/\",\"name\":\"Lage - Rodos Palladium Leisure &amp; Wellness\",\"isPartOf\":{\"@id\":\"https:\/\/www.rodospalladium.gr\/#website\"},\"primaryImageOfPage\":{\"@id\":\"https:\/\/www.rodospalladium.gr\/de\/hotel-location\/#primaryimage\"},\"image\":{\"@id\":\"https:\/\/www.rodospalladium.gr\/de\/hotel-location\/#primaryimage\"},\"thumbnailUrl\":\"https:\/\/www.rodospalladium.gr\/app\/uploads\/sites\/46\/2019\/02\/29_235_Pool_Rodos_Palladium_result.jpeg\",\"datePublished\":\"2019-05-03T08:24:56+00:00\",\"dateModified\":\"2024-01-25T12:15:19+00:00\",\"breadcrumb\":{\"@id\":\"https:\/\/www.rodospalladium.gr\/de\/hotel-location\/#breadcrumb\"},\"inLanguage\":\"de\",\"potentialAction\":[{\"@type\":\"ReadAction\",\"target\":[\"https:\/\/www.rodospalladium.gr\/de\/hotel-location\/\"]}]},{\"@type\":\"ImageObject\",\"inLanguage\":\"de\",\"@id\":\"https:\/\/www.rodospalladium.gr\/de\/hotel-location\/#primaryimage\",\"url\":\"https:\/\/www.rodospalladium.gr\/app\/uploads\/sites\/46\/2019\/02\/29_235_Pool_Rodos_Palladium_result.jpeg\",\"contentUrl\":\"https:\/\/www.rodospalladium.gr\/app\/uploads\/sites\/46\/2019\/02\/29_235_Pool_Rodos_Palladium_result.jpeg\",\"width\":1920,\"height\":1279,\"caption\":\"Au\u00dfenpools\"},{\"@type\":\"BreadcrumbList\",\"@id\":\"https:\/\/www.rodospalladium.gr\/de\/hotel-location\/#breadcrumb\",\"itemListElement\":[{\"@type\":\"ListItem\",\"position\":1,\"name\":\"Home\",\"item\":\"https:\/\/www.rodospalladium.gr\/de\/\"},{\"@type\":\"ListItem\",\"position\":2,\"name\":\"Lage\"}]},{\"@type\":\"WebSite\",\"@id\":\"https:\/\/www.rodospalladium.gr\/#website\",\"url\":\"https:\/\/www.rodospalladium.gr\/\",\"name\":\"Rodos Palladium Leisure &amp; Wellness\",\"description\":\"Rodos Palladium Leisure &amp; Wellness is among Rhodes finest five star hotels. It enjoys a premier beach front location at Kallithea bay, offering luxurious accommodation and exclusive leisure and spa facilities.\",\"potentialAction\":[{\"@type\":\"SearchAction\",\"target\":{\"@type\":\"EntryPoint\",\"urlTemplate\":\"https:\/\/www.rodospalladium.gr\/?s={search_term_string}\"},\"query-input\":{\"@type\":\"PropertyValueSpecification\",\"valueRequired\":true,\"valueName\":\"search_term_string\"}}],\"inLanguage\":\"de\"}]}<\/script>\n<!-- \/ Yoast SEO plugin. -->","yoast_head_json":{"title":"Lage - Rodos Palladium Leisure &amp; Wellness","robots":{"index":"index","follow":"follow","max-snippet":"max-snippet:-1","max-image-preview":"max-image-preview:large","max-video-preview":"max-video-preview:-1"},"canonical":"https:\/\/www.rodospalladium.gr\/de\/hotel-location\/","og_locale":"de_DE","og_type":"article","og_title":"Lage - Rodos Palladium Leisure &amp; Wellness","og_description":"In idyllischer Umgebung, an einer der sch\u00f6nsten Meeresk\u00fcsten auf Rhodos, gelegen, erstreckt sich die Hotelanlage auf einer Fl\u00e4che von 30.000 m2 mitten der mit der blauen Flagge ausgezeichneten Sand- und Kieselstrand von Kallithea, nur wenige hundert Meter vom gleichnamigen Monument entfernt. Sie werden angenehm \u00fcberrascht sein zu sehen, dass die wunderbare Lage direkt am Meer","og_url":"https:\/\/www.rodospalladium.gr\/de\/hotel-location\/","og_site_name":"Rodos Palladium Leisure &amp; Wellness","article_modified_time":"2024-01-25T12:15:19+00:00","og_image":[{"width":1920,"height":1279,"url":"https:\/\/www.rodospalladium.gr\/app\/uploads\/sites\/46\/2019\/02\/29_235_Pool_Rodos_Palladium_result.jpeg","type":"image\/jpeg"}],"twitter_card":"summary_large_image","twitter_misc":{"Est. reading time":"2\u00a0Minuten"},"schema":{"@context":"https:\/\/schema.org","@graph":[{"@type":"WebPage","@id":"https:\/\/www.rodospalladium.gr\/de\/hotel-location\/","url":"https:\/\/www.rodospalladium.gr\/de\/hotel-location\/","name":"Lage - Rodos Palladium Leisure &amp; Wellness","isPartOf":{"@id":"https:\/\/www.rodospalladium.gr\/#website"},"primaryImageOfPage":{"@id":"https:\/\/www.rodospalladium.gr\/de\/hotel-location\/#primaryimage"},"image":{"@id":"https:\/\/www.rodospalladium.gr\/de\/hotel-location\/#primaryimage"},"thumbnailUrl":"https:\/\/www.rodospalladium.gr\/app\/uploads\/sites\/46\/2019\/02\/29_235_Pool_Rodos_Palladium_result.jpeg","datePublished":"2019-05-03T08:24:56+00:00","dateModified":"2024-01-25T12:15:19+00:00","breadcrumb":{"@id":"https:\/\/www.rodospalladium.gr\/de\/hotel-location\/#breadcrumb"},"inLanguage":"de","potentialAction":[{"@type":"ReadAction","target":["https:\/\/www.rodospalladium.gr\/de\/hotel-location\/"]}]},{"@type":"ImageObject","inLanguage":"de","@id":"https:\/\/www.rodospalladium.gr\/de\/hotel-location\/#primaryimage","url":"https:\/\/www.rodospalladium.gr\/app\/uploads\/sites\/46\/2019\/02\/29_235_Pool_Rodos_Palladium_result.jpeg","contentUrl":"https:\/\/www.rodospalladium.gr\/app\/uploads\/sites\/46\/2019\/02\/29_235_Pool_Rodos_Palladium_result.jpeg","width":1920,"height":1279,"caption":"Au\u00dfenpools"},{"@type":"BreadcrumbList","@id":"https:\/\/www.rodospalladium.gr\/de\/hotel-location\/#breadcrumb","itemListElement":[{"@type":"ListItem","position":1,"name":"Home","item":"https:\/\/www.rodospalladium.gr\/de\/"},{"@type":"ListItem","position":2,"name":"Lage"}]},{"@type":"WebSite","@id":"https:\/\/www.rodospalladium.gr\/#website","url":"https:\/\/www.rodospalladium.gr\/","name":"Rodos Palladium Leisure &amp; Wellness","description":"Rodos Palladium Leisure &amp; Wellness is among Rhodes finest five star hotels. It enjoys a premier beach front location at Kallithea bay, offering luxurious accommodation and exclusive leisure and spa facilities.","potentialAction":[{"@type":"SearchAction","target":{"@type":"EntryPoint","urlTemplate":"https:\/\/www.rodospalladium.gr\/?s={search_term_string}"},"query-input":{"@type":"PropertyValueSpecification","valueRequired":true,"valueName":"search_term_string"}}],"inLanguage":"de"}]}},"_links":{"self":[{"href":"https:\/\/www.rodospalladium.gr\/de\/wp-json\/wp\/v2\/pages\/4079"}],"collection":[{"href":"https:\/\/www.rodospalladium.gr\/de\/wp-json\/wp\/v2\/pages"}],"about":[{"href":"https:\/\/www.rodospalladium.gr\/de\/wp-json\/wp\/v2\/types\/page"}],"author":[{"embeddable":true,"href":"https:\/\/www.rodospalladium.gr\/de\/wp-json\/wp\/v2\/users\/1"}],"replies":[{"embeddable":true,"href":"https:\/\/www.rodospalladium.gr\/de\/wp-json\/wp\/v2\/comments?post=4079"}],"version-history":[{"count":6,"href":"https:\/\/www.rodospalladium.gr\/de\/wp-json\/wp\/v2\/pages\/4079\/revisions"}],"predecessor-version":[{"id":18610,"href":"https:\/\/www.rodospalladium.gr\/de\/wp-json\/wp\/v2\/pages\/4079\/revisions\/18610"}],"wp:featuredmedia":[{"embeddable":true,"href":"https:\/\/www.rodospalladium.gr\/de\/wp-json\/wp\/v2\/media\/9595"}],"wp:attachment":[{"href":"https:\/\/www.rodospalladium.gr\/de\/wp-json\/wp\/v2\/media?parent=4079"}],"curies":[{"name":"wp","href":"https:\/\/api.w.org\/{rel}","templated":true}]}}