{"id":4281,"date":"2019-05-03T13:54:02","date_gmt":"2019-05-03T10:54:02","guid":{"rendered":"http:\/\/harmony.cms4.nelios.com\/hotel-location\/discover-rhodes\/popular-beaches\/"},"modified":"2024-09-20T18:02:09","modified_gmt":"2024-09-20T15:02:09","slug":"popular-beaches","status":"publish","type":"page","link":"https:\/\/www.rodospalladium.gr\/de\/discover-rhodes\/popular-beaches\/","title":{"rendered":"Beliebte Str\u00e4nde"},"content":{"rendered":"<p>Es ist kein Geheimnis, dass Rhodos in den 1960er Jahren zu den ersten florierenden Gebieten Griechenlands geh\u00f6rte, und seit dem zu den beliebtesten Reisezielen z\u00e4hlt.Entdecken Sie die erstaunliche Str\u00e4nde&#8230;<\/p>\n","protected":false},"excerpt":{"rendered":"<p>Es ist kein Geheimnis, dass Rhodos in den 1960er Jahren zu den ersten florierenden Gebieten Griechenlands geh\u00f6rte, und seit dem zu den beliebtesten Reisezielen z\u00e4hlt.Entdecken Sie die erstaunliche Str\u00e4nde&#8230;<\/p>\n","protected":false},"author":1,"featured_media":2952,"parent":4089,"menu_order":0,"comment_status":"closed","ping_status":"closed","template":"page-templates\/simple-list.php","meta":{"_acf_changed":false,"footnotes":""},"class_list":["post-4281","page","type-page","status-publish","has-post-thumbnail","hentry"],"acf":[],"yoast_head":"<!-- This site is optimized with the Yoast SEO plugin v26.9 - https:\/\/yoast.com\/product\/yoast-seo-wordpress\/ -->\n<title>Beliebte Str\u00e4nde - Rodos Palladium Leisure &amp; Wellness<\/title>\n<meta name=\"robots\" content=\"index, follow, max-snippet:-1, max-image-preview:large, max-video-preview:-1\" \/>\n<link rel=\"canonical\" href=\"https:\/\/www.rodospalladium.gr\/de\/discover-rhodes\/popular-beaches\/\" \/>\n<meta property=\"og:locale\" content=\"de_DE\" \/>\n<meta property=\"og:type\" content=\"article\" \/>\n<meta property=\"og:title\" content=\"Beliebte Str\u00e4nde - Rodos Palladium Leisure &amp; Wellness\" \/>\n<meta property=\"og:description\" content=\"Es ist kein Geheimnis, dass Rhodos in den 1960er Jahren zu den ersten florierenden Gebieten Griechenlands geh\u00f6rte, und seit dem zu den beliebtesten Reisezielen z\u00e4hlt.Entdecken Sie die erstaunliche Str\u00e4nde&#8230;\" \/>\n<meta property=\"og:url\" content=\"https:\/\/www.rodospalladium.gr\/de\/discover-rhodes\/popular-beaches\/\" \/>\n<meta property=\"og:site_name\" content=\"Rodos Palladium Leisure &amp; Wellness\" \/>\n<meta property=\"article:modified_time\" content=\"2024-09-20T15:02:09+00:00\" \/>\n<meta property=\"og:image\" content=\"https:\/\/www.rodospalladium.gr\/app\/uploads\/sites\/46\/2019\/05\/ialysos.jpeg\" \/>\n\t<meta property=\"og:image:width\" content=\"1919\" \/>\n\t<meta property=\"og:image:height\" content=\"1279\" \/>\n\t<meta property=\"og:image:type\" content=\"image\/jpeg\" \/>\n<meta name=\"twitter:card\" content=\"summary_large_image\" \/>\n<meta name=\"twitter:label1\" content=\"Est. reading time\" \/>\n\t<meta name=\"twitter:data1\" content=\"1\u00a0Minute\" \/>\n<script type=\"application\/ld+json\" class=\"yoast-schema-graph\">{\"@context\":\"https:\/\/schema.org\",\"@graph\":[{\"@type\":\"WebPage\",\"@id\":\"https:\/\/www.rodospalladium.gr\/de\/discover-rhodes\/popular-beaches\/\",\"url\":\"https:\/\/www.rodospalladium.gr\/de\/discover-rhodes\/popular-beaches\/\",\"name\":\"Beliebte Str\u00e4nde - Rodos Palladium Leisure &amp; Wellness\",\"isPartOf\":{\"@id\":\"https:\/\/www.rodospalladium.gr\/#website\"},\"primaryImageOfPage\":{\"@id\":\"https:\/\/www.rodospalladium.gr\/de\/discover-rhodes\/popular-beaches\/#primaryimage\"},\"image\":{\"@id\":\"https:\/\/www.rodospalladium.gr\/de\/discover-rhodes\/popular-beaches\/#primaryimage\"},\"thumbnailUrl\":\"https:\/\/www.rodospalladium.gr\/app\/uploads\/sites\/46\/2019\/05\/ialysos.jpeg\",\"datePublished\":\"2019-05-03T10:54:02+00:00\",\"dateModified\":\"2024-09-20T15:02:09+00:00\",\"breadcrumb\":{\"@id\":\"https:\/\/www.rodospalladium.gr\/de\/discover-rhodes\/popular-beaches\/#breadcrumb\"},\"inLanguage\":\"de\",\"potentialAction\":[{\"@type\":\"ReadAction\",\"target\":[\"https:\/\/www.rodospalladium.gr\/de\/discover-rhodes\/popular-beaches\/\"]}]},{\"@type\":\"ImageObject\",\"inLanguage\":\"de\",\"@id\":\"https:\/\/www.rodospalladium.gr\/de\/discover-rhodes\/popular-beaches\/#primaryimage\",\"url\":\"https:\/\/www.rodospalladium.gr\/app\/uploads\/sites\/46\/2019\/05\/ialysos.jpeg\",\"contentUrl\":\"https:\/\/www.rodospalladium.gr\/app\/uploads\/sites\/46\/2019\/05\/ialysos.jpeg\",\"width\":1919,\"height\":1279},{\"@type\":\"BreadcrumbList\",\"@id\":\"https:\/\/www.rodospalladium.gr\/de\/discover-rhodes\/popular-beaches\/#breadcrumb\",\"itemListElement\":[{\"@type\":\"ListItem\",\"position\":1,\"name\":\"Home\",\"item\":\"https:\/\/www.rodospalladium.gr\/de\/\"},{\"@type\":\"ListItem\",\"position\":2,\"name\":\"Entdecken Sie Rhodos\",\"item\":\"https:\/\/www.rodospalladium.gr\/de\/discover-rhodes\/\"},{\"@type\":\"ListItem\",\"position\":3,\"name\":\"Beliebte Str\u00e4nde\"}]},{\"@type\":\"WebSite\",\"@id\":\"https:\/\/www.rodospalladium.gr\/#website\",\"url\":\"https:\/\/www.rodospalladium.gr\/\",\"name\":\"Rodos Palladium Leisure &amp; Wellness\",\"description\":\"Rodos Palladium Leisure &amp; Wellness is among Rhodes finest five star hotels. It enjoys a premier beach front location at Kallithea bay, offering luxurious accommodation and exclusive leisure and spa facilities.\",\"potentialAction\":[{\"@type\":\"SearchAction\",\"target\":{\"@type\":\"EntryPoint\",\"urlTemplate\":\"https:\/\/www.rodospalladium.gr\/?s={search_term_string}\"},\"query-input\":{\"@type\":\"PropertyValueSpecification\",\"valueRequired\":true,\"valueName\":\"search_term_string\"}}],\"inLanguage\":\"de\"}]}<\/script>\n<!-- \/ Yoast SEO plugin. -->","yoast_head_json":{"title":"Beliebte Str\u00e4nde - Rodos Palladium Leisure &amp; Wellness","robots":{"index":"index","follow":"follow","max-snippet":"max-snippet:-1","max-image-preview":"max-image-preview:large","max-video-preview":"max-video-preview:-1"},"canonical":"https:\/\/www.rodospalladium.gr\/de\/discover-rhodes\/popular-beaches\/","og_locale":"de_DE","og_type":"article","og_title":"Beliebte Str\u00e4nde - Rodos Palladium Leisure &amp; Wellness","og_description":"Es ist kein Geheimnis, dass Rhodos in den 1960er Jahren zu den ersten florierenden Gebieten Griechenlands geh\u00f6rte, und seit dem zu den beliebtesten Reisezielen z\u00e4hlt.Entdecken Sie die erstaunliche Str\u00e4nde&#8230;","og_url":"https:\/\/www.rodospalladium.gr\/de\/discover-rhodes\/popular-beaches\/","og_site_name":"Rodos Palladium Leisure &amp; Wellness","article_modified_time":"2024-09-20T15:02:09+00:00","og_image":[{"width":1919,"height":1279,"url":"https:\/\/www.rodospalladium.gr\/app\/uploads\/sites\/46\/2019\/05\/ialysos.jpeg","type":"image\/jpeg"}],"twitter_card":"summary_large_image","twitter_misc":{"Est. reading time":"1\u00a0Minute"},"schema":{"@context":"https:\/\/schema.org","@graph":[{"@type":"WebPage","@id":"https:\/\/www.rodospalladium.gr\/de\/discover-rhodes\/popular-beaches\/","url":"https:\/\/www.rodospalladium.gr\/de\/discover-rhodes\/popular-beaches\/","name":"Beliebte Str\u00e4nde - Rodos Palladium Leisure &amp; Wellness","isPartOf":{"@id":"https:\/\/www.rodospalladium.gr\/#website"},"primaryImageOfPage":{"@id":"https:\/\/www.rodospalladium.gr\/de\/discover-rhodes\/popular-beaches\/#primaryimage"},"image":{"@id":"https:\/\/www.rodospalladium.gr\/de\/discover-rhodes\/popular-beaches\/#primaryimage"},"thumbnailUrl":"https:\/\/www.rodospalladium.gr\/app\/uploads\/sites\/46\/2019\/05\/ialysos.jpeg","datePublished":"2019-05-03T10:54:02+00:00","dateModified":"2024-09-20T15:02:09+00:00","breadcrumb":{"@id":"https:\/\/www.rodospalladium.gr\/de\/discover-rhodes\/popular-beaches\/#breadcrumb"},"inLanguage":"de","potentialAction":[{"@type":"ReadAction","target":["https:\/\/www.rodospalladium.gr\/de\/discover-rhodes\/popular-beaches\/"]}]},{"@type":"ImageObject","inLanguage":"de","@id":"https:\/\/www.rodospalladium.gr\/de\/discover-rhodes\/popular-beaches\/#primaryimage","url":"https:\/\/www.rodospalladium.gr\/app\/uploads\/sites\/46\/2019\/05\/ialysos.jpeg","contentUrl":"https:\/\/www.rodospalladium.gr\/app\/uploads\/sites\/46\/2019\/05\/ialysos.jpeg","width":1919,"height":1279},{"@type":"BreadcrumbList","@id":"https:\/\/www.rodospalladium.gr\/de\/discover-rhodes\/popular-beaches\/#breadcrumb","itemListElement":[{"@type":"ListItem","position":1,"name":"Home","item":"https:\/\/www.rodospalladium.gr\/de\/"},{"@type":"ListItem","position":2,"name":"Entdecken Sie Rhodos","item":"https:\/\/www.rodospalladium.gr\/de\/discover-rhodes\/"},{"@type":"ListItem","position":3,"name":"Beliebte Str\u00e4nde"}]},{"@type":"WebSite","@id":"https:\/\/www.rodospalladium.gr\/#website","url":"https:\/\/www.rodospalladium.gr\/","name":"Rodos Palladium Leisure &amp; Wellness","description":"Rodos Palladium Leisure &amp; Wellness is among Rhodes finest five star hotels. It enjoys a premier beach front location at Kallithea bay, offering luxurious accommodation and exclusive leisure and spa facilities.","potentialAction":[{"@type":"SearchAction","target":{"@type":"EntryPoint","urlTemplate":"https:\/\/www.rodospalladium.gr\/?s={search_term_string}"},"query-input":{"@type":"PropertyValueSpecification","valueRequired":true,"valueName":"search_term_string"}}],"inLanguage":"de"}]}},"_links":{"self":[{"href":"https:\/\/www.rodospalladium.gr\/de\/wp-json\/wp\/v2\/pages\/4281"}],"collection":[{"href":"https:\/\/www.rodospalladium.gr\/de\/wp-json\/wp\/v2\/pages"}],"about":[{"href":"https:\/\/www.rodospalladium.gr\/de\/wp-json\/wp\/v2\/types\/page"}],"author":[{"embeddable":true,"href":"https:\/\/www.rodospalladium.gr\/de\/wp-json\/wp\/v2\/users\/1"}],"replies":[{"embeddable":true,"href":"https:\/\/www.rodospalladium.gr\/de\/wp-json\/wp\/v2\/comments?post=4281"}],"version-history":[{"count":4,"href":"https:\/\/www.rodospalladium.gr\/de\/wp-json\/wp\/v2\/pages\/4281\/revisions"}],"predecessor-version":[{"id":4694,"href":"https:\/\/www.rodospalladium.gr\/de\/wp-json\/wp\/v2\/pages\/4281\/revisions\/4694"}],"up":[{"embeddable":true,"href":"https:\/\/www.rodospalladium.gr\/de\/wp-json\/wp\/v2\/pages\/4089"}],"wp:featuredmedia":[{"embeddable":true,"href":"https:\/\/www.rodospalladium.gr\/de\/wp-json\/wp\/v2\/media\/2952"}],"wp:attachment":[{"href":"https:\/\/www.rodospalladium.gr\/de\/wp-json\/wp\/v2\/media?parent=4281"}],"curies":[{"name":"wp","href":"https:\/\/api.w.org\/{rel}","templated":true}]}}