{"id":4399,"date":"2019-05-03T14:16:00","date_gmt":"2019-05-03T11:16:00","guid":{"rendered":"http:\/\/harmony.cms4.nelios.com\/hotel-location\/discover-rhodes\/popular-beaches\/afandou-beach\/"},"modified":"2024-09-20T18:03:24","modified_gmt":"2024-09-20T15:03:24","slug":"afandou-beach","status":"publish","type":"page","link":"https:\/\/www.rodospalladium.gr\/de\/discover-rhodes\/popular-beaches\/afandou-beach\/","title":{"rendered":"Strand von Afandou"},"content":{"rendered":"<p>Strand von Afandou: 19 km s\u00fcdlich von Rhodos erstreckt sich dieser haupts\u00e4chlich sandige Strand (einige Stellen haben Kieselsteine) \u00fcber mehrere Kilometer und ist ziemlich popul\u00e4r bei den Rhodiern. Der Strand ist teilweise organisiert und sein Wasser ist aufgrund einer geringen Str\u00f6mung in dieser Gegend glasklar. Der Golf Club der Insel, Golf von Afandou, befindet sich auch hier.<\/p>\n","protected":false},"excerpt":{"rendered":"<p>Strand von Afandou: 19 km s\u00fcdlich von Rhodos erstreckt sich dieser haupts\u00e4chlich sandige Strand (einige Stellen haben Kieselsteine) \u00fcber mehrere Kilometer und ist ziemlich popul\u00e4r bei den Rhodiern. Der Strand ist teilweise organisiert und sein Wasser ist aufgrund einer geringen Str\u00f6mung in dieser Gegend glasklar. Der Golf Club der Insel, Golf von Afandou, befindet sich<\/p>\n","protected":false},"author":1,"featured_media":3021,"parent":4281,"menu_order":0,"comment_status":"closed","ping_status":"closed","template":"","meta":{"_acf_changed":false,"footnotes":""},"class_list":["post-4399","page","type-page","status-publish","has-post-thumbnail","hentry"],"acf":[],"yoast_head":"<!-- This site is optimized with the Yoast SEO plugin v26.9 - https:\/\/yoast.com\/product\/yoast-seo-wordpress\/ -->\n<title>Strand von Afandou - Rodos Palladium Leisure &amp; Wellness<\/title>\n<meta name=\"robots\" content=\"index, follow, max-snippet:-1, max-image-preview:large, max-video-preview:-1\" \/>\n<link rel=\"canonical\" href=\"https:\/\/www.rodospalladium.gr\/de\/discover-rhodes\/popular-beaches\/afandou-beach\/\" \/>\n<meta property=\"og:locale\" content=\"de_DE\" \/>\n<meta property=\"og:type\" content=\"article\" \/>\n<meta property=\"og:title\" content=\"Strand von Afandou - Rodos Palladium Leisure &amp; Wellness\" \/>\n<meta property=\"og:description\" content=\"Strand von Afandou: 19 km s\u00fcdlich von Rhodos erstreckt sich dieser haupts\u00e4chlich sandige Strand (einige Stellen haben Kieselsteine) \u00fcber mehrere Kilometer und ist ziemlich popul\u00e4r bei den Rhodiern. Der Strand ist teilweise organisiert und sein Wasser ist aufgrund einer geringen Str\u00f6mung in dieser Gegend glasklar. Der Golf Club der Insel, Golf von Afandou, befindet sich\" \/>\n<meta property=\"og:url\" content=\"https:\/\/www.rodospalladium.gr\/de\/discover-rhodes\/popular-beaches\/afandou-beach\/\" \/>\n<meta property=\"og:site_name\" content=\"Rodos Palladium Leisure &amp; Wellness\" \/>\n<meta property=\"article:modified_time\" content=\"2024-09-20T15:03:24+00:00\" \/>\n<meta property=\"og:image\" content=\"https:\/\/www.rodospalladium.gr\/app\/uploads\/sites\/46\/2019\/05\/afandou.jpeg\" \/>\n\t<meta property=\"og:image:width\" content=\"1919\" \/>\n\t<meta property=\"og:image:height\" content=\"1279\" \/>\n\t<meta property=\"og:image:type\" content=\"image\/jpeg\" \/>\n<meta name=\"twitter:card\" content=\"summary_large_image\" \/>\n<meta name=\"twitter:label1\" content=\"Est. reading time\" \/>\n\t<meta name=\"twitter:data1\" content=\"1\u00a0Minute\" \/>\n<script type=\"application\/ld+json\" class=\"yoast-schema-graph\">{\"@context\":\"https:\/\/schema.org\",\"@graph\":[{\"@type\":\"WebPage\",\"@id\":\"https:\/\/www.rodospalladium.gr\/de\/discover-rhodes\/popular-beaches\/afandou-beach\/\",\"url\":\"https:\/\/www.rodospalladium.gr\/de\/discover-rhodes\/popular-beaches\/afandou-beach\/\",\"name\":\"Strand von Afandou - Rodos Palladium Leisure &amp; Wellness\",\"isPartOf\":{\"@id\":\"https:\/\/www.rodospalladium.gr\/#website\"},\"primaryImageOfPage\":{\"@id\":\"https:\/\/www.rodospalladium.gr\/de\/discover-rhodes\/popular-beaches\/afandou-beach\/#primaryimage\"},\"image\":{\"@id\":\"https:\/\/www.rodospalladium.gr\/de\/discover-rhodes\/popular-beaches\/afandou-beach\/#primaryimage\"},\"thumbnailUrl\":\"https:\/\/www.rodospalladium.gr\/app\/uploads\/sites\/46\/2019\/05\/afandou.jpeg\",\"datePublished\":\"2019-05-03T11:16:00+00:00\",\"dateModified\":\"2024-09-20T15:03:24+00:00\",\"breadcrumb\":{\"@id\":\"https:\/\/www.rodospalladium.gr\/de\/discover-rhodes\/popular-beaches\/afandou-beach\/#breadcrumb\"},\"inLanguage\":\"de\",\"potentialAction\":[{\"@type\":\"ReadAction\",\"target\":[\"https:\/\/www.rodospalladium.gr\/de\/discover-rhodes\/popular-beaches\/afandou-beach\/\"]}]},{\"@type\":\"ImageObject\",\"inLanguage\":\"de\",\"@id\":\"https:\/\/www.rodospalladium.gr\/de\/discover-rhodes\/popular-beaches\/afandou-beach\/#primaryimage\",\"url\":\"https:\/\/www.rodospalladium.gr\/app\/uploads\/sites\/46\/2019\/05\/afandou.jpeg\",\"contentUrl\":\"https:\/\/www.rodospalladium.gr\/app\/uploads\/sites\/46\/2019\/05\/afandou.jpeg\",\"width\":1919,\"height\":1279},{\"@type\":\"BreadcrumbList\",\"@id\":\"https:\/\/www.rodospalladium.gr\/de\/discover-rhodes\/popular-beaches\/afandou-beach\/#breadcrumb\",\"itemListElement\":[{\"@type\":\"ListItem\",\"position\":1,\"name\":\"Home\",\"item\":\"https:\/\/www.rodospalladium.gr\/de\/\"},{\"@type\":\"ListItem\",\"position\":2,\"name\":\"Entdecken Sie Rhodos\",\"item\":\"https:\/\/www.rodospalladium.gr\/de\/discover-rhodes\/\"},{\"@type\":\"ListItem\",\"position\":3,\"name\":\"Beliebte Str\u00e4nde\",\"item\":\"https:\/\/www.rodospalladium.gr\/de\/discover-rhodes\/popular-beaches\/\"},{\"@type\":\"ListItem\",\"position\":4,\"name\":\"Strand von Afandou\"}]},{\"@type\":\"WebSite\",\"@id\":\"https:\/\/www.rodospalladium.gr\/#website\",\"url\":\"https:\/\/www.rodospalladium.gr\/\",\"name\":\"Rodos Palladium Leisure &amp; Wellness\",\"description\":\"Rodos Palladium Leisure &amp; Wellness is among Rhodes finest five star hotels. It enjoys a premier beach front location at Kallithea bay, offering luxurious accommodation and exclusive leisure and spa facilities.\",\"potentialAction\":[{\"@type\":\"SearchAction\",\"target\":{\"@type\":\"EntryPoint\",\"urlTemplate\":\"https:\/\/www.rodospalladium.gr\/?s={search_term_string}\"},\"query-input\":{\"@type\":\"PropertyValueSpecification\",\"valueRequired\":true,\"valueName\":\"search_term_string\"}}],\"inLanguage\":\"de\"}]}<\/script>\n<!-- \/ Yoast SEO plugin. -->","yoast_head_json":{"title":"Strand von Afandou - Rodos Palladium Leisure &amp; Wellness","robots":{"index":"index","follow":"follow","max-snippet":"max-snippet:-1","max-image-preview":"max-image-preview:large","max-video-preview":"max-video-preview:-1"},"canonical":"https:\/\/www.rodospalladium.gr\/de\/discover-rhodes\/popular-beaches\/afandou-beach\/","og_locale":"de_DE","og_type":"article","og_title":"Strand von Afandou - Rodos Palladium Leisure &amp; Wellness","og_description":"Strand von Afandou: 19 km s\u00fcdlich von Rhodos erstreckt sich dieser haupts\u00e4chlich sandige Strand (einige Stellen haben Kieselsteine) \u00fcber mehrere Kilometer und ist ziemlich popul\u00e4r bei den Rhodiern. Der Strand ist teilweise organisiert und sein Wasser ist aufgrund einer geringen Str\u00f6mung in dieser Gegend glasklar. Der Golf Club der Insel, Golf von Afandou, befindet sich","og_url":"https:\/\/www.rodospalladium.gr\/de\/discover-rhodes\/popular-beaches\/afandou-beach\/","og_site_name":"Rodos Palladium Leisure &amp; Wellness","article_modified_time":"2024-09-20T15:03:24+00:00","og_image":[{"width":1919,"height":1279,"url":"https:\/\/www.rodospalladium.gr\/app\/uploads\/sites\/46\/2019\/05\/afandou.jpeg","type":"image\/jpeg"}],"twitter_card":"summary_large_image","twitter_misc":{"Est. reading time":"1\u00a0Minute"},"schema":{"@context":"https:\/\/schema.org","@graph":[{"@type":"WebPage","@id":"https:\/\/www.rodospalladium.gr\/de\/discover-rhodes\/popular-beaches\/afandou-beach\/","url":"https:\/\/www.rodospalladium.gr\/de\/discover-rhodes\/popular-beaches\/afandou-beach\/","name":"Strand von Afandou - Rodos Palladium Leisure &amp; Wellness","isPartOf":{"@id":"https:\/\/www.rodospalladium.gr\/#website"},"primaryImageOfPage":{"@id":"https:\/\/www.rodospalladium.gr\/de\/discover-rhodes\/popular-beaches\/afandou-beach\/#primaryimage"},"image":{"@id":"https:\/\/www.rodospalladium.gr\/de\/discover-rhodes\/popular-beaches\/afandou-beach\/#primaryimage"},"thumbnailUrl":"https:\/\/www.rodospalladium.gr\/app\/uploads\/sites\/46\/2019\/05\/afandou.jpeg","datePublished":"2019-05-03T11:16:00+00:00","dateModified":"2024-09-20T15:03:24+00:00","breadcrumb":{"@id":"https:\/\/www.rodospalladium.gr\/de\/discover-rhodes\/popular-beaches\/afandou-beach\/#breadcrumb"},"inLanguage":"de","potentialAction":[{"@type":"ReadAction","target":["https:\/\/www.rodospalladium.gr\/de\/discover-rhodes\/popular-beaches\/afandou-beach\/"]}]},{"@type":"ImageObject","inLanguage":"de","@id":"https:\/\/www.rodospalladium.gr\/de\/discover-rhodes\/popular-beaches\/afandou-beach\/#primaryimage","url":"https:\/\/www.rodospalladium.gr\/app\/uploads\/sites\/46\/2019\/05\/afandou.jpeg","contentUrl":"https:\/\/www.rodospalladium.gr\/app\/uploads\/sites\/46\/2019\/05\/afandou.jpeg","width":1919,"height":1279},{"@type":"BreadcrumbList","@id":"https:\/\/www.rodospalladium.gr\/de\/discover-rhodes\/popular-beaches\/afandou-beach\/#breadcrumb","itemListElement":[{"@type":"ListItem","position":1,"name":"Home","item":"https:\/\/www.rodospalladium.gr\/de\/"},{"@type":"ListItem","position":2,"name":"Entdecken Sie Rhodos","item":"https:\/\/www.rodospalladium.gr\/de\/discover-rhodes\/"},{"@type":"ListItem","position":3,"name":"Beliebte Str\u00e4nde","item":"https:\/\/www.rodospalladium.gr\/de\/discover-rhodes\/popular-beaches\/"},{"@type":"ListItem","position":4,"name":"Strand von Afandou"}]},{"@type":"WebSite","@id":"https:\/\/www.rodospalladium.gr\/#website","url":"https:\/\/www.rodospalladium.gr\/","name":"Rodos Palladium Leisure &amp; Wellness","description":"Rodos Palladium Leisure &amp; Wellness is among Rhodes finest five star hotels. It enjoys a premier beach front location at Kallithea bay, offering luxurious accommodation and exclusive leisure and spa facilities.","potentialAction":[{"@type":"SearchAction","target":{"@type":"EntryPoint","urlTemplate":"https:\/\/www.rodospalladium.gr\/?s={search_term_string}"},"query-input":{"@type":"PropertyValueSpecification","valueRequired":true,"valueName":"search_term_string"}}],"inLanguage":"de"}]}},"_links":{"self":[{"href":"https:\/\/www.rodospalladium.gr\/de\/wp-json\/wp\/v2\/pages\/4399"}],"collection":[{"href":"https:\/\/www.rodospalladium.gr\/de\/wp-json\/wp\/v2\/pages"}],"about":[{"href":"https:\/\/www.rodospalladium.gr\/de\/wp-json\/wp\/v2\/types\/page"}],"author":[{"embeddable":true,"href":"https:\/\/www.rodospalladium.gr\/de\/wp-json\/wp\/v2\/users\/1"}],"replies":[{"embeddable":true,"href":"https:\/\/www.rodospalladium.gr\/de\/wp-json\/wp\/v2\/comments?post=4399"}],"version-history":[{"count":2,"href":"https:\/\/www.rodospalladium.gr\/de\/wp-json\/wp\/v2\/pages\/4399\/revisions"}],"predecessor-version":[{"id":4406,"href":"https:\/\/www.rodospalladium.gr\/de\/wp-json\/wp\/v2\/pages\/4399\/revisions\/4406"}],"up":[{"embeddable":true,"href":"https:\/\/www.rodospalladium.gr\/de\/wp-json\/wp\/v2\/pages\/4281"}],"wp:featuredmedia":[{"embeddable":true,"href":"https:\/\/www.rodospalladium.gr\/de\/wp-json\/wp\/v2\/media\/3021"}],"wp:attachment":[{"href":"https:\/\/www.rodospalladium.gr\/de\/wp-json\/wp\/v2\/media?parent=4399"}],"curies":[{"name":"wp","href":"https:\/\/api.w.org\/{rel}","templated":true}]}}