{"id":4427,"date":"2019-05-03T13:11:15","date_gmt":"2019-05-03T10:11:15","guid":{"rendered":"http:\/\/harmony.cms4.nelios.com\/hotel-location\/discover-rhodes\/rest-of-the-island\/faliraki-resort\/"},"modified":"2019-05-23T16:38:43","modified_gmt":"2019-05-23T13:38:43","slug":"faliraki-resort","status":"publish","type":"page","link":"https:\/\/www.rodospalladium.gr\/de\/discover-rhodes\/rest-of-the-island\/faliraki-resort\/","title":{"rendered":"Urlaubsort Faliraki"},"content":{"rendered":"<p>Faliraki liegt im nord\u00f6stlichen Teil von Rhodos, nur 4 km vom Urlaubsort Kalithea und ungef\u00e4hr 14 km von der Stadt Rhodos entfernt. Im Urlaubsort herrschte stets gesch\u00e4ftiges Treiben und war besonders bei dem jungen Publikum aus England (18 \u2013 30 j\u00e4hrigen), aufgrund seines ausgelassenen Nachtlebens, das gew\u00f6hnlich um 23.00h startete und bis zum Sonnenaufgang dauerte, der beliebteste Ort. In den letzten paar Jahren scheint dieser Trend jedoch etwas nachgelassen zu haben.<\/p>\n<p>Der Urlaubsort von Faliraki bietet in Bezug auf das Nachtleben immer noch eine gute Alternative zu Rhodos. Neben vielen lokalen Pubs, Diskos und Restaurants werden die Besucher erstaunt sein \u00fcber die Vielfalt der lokalen Touristengesch\u00e4fte in dieser Gegend.<\/p>\n<p>Der Urlaubsort besitzt einen beliebten Sandstrand, welcher sich \u00fcber 5 km (3 Meilen) erstreckt, mit mehreren Sonnenliegen und Sonnenschirmen zum Mieten. Weiters gibt es eine Reihe an Wassersporteinrichtungen wie \u201aDoughnut\u2018 Ringe, Bananenboote, Wasserski, Jet-Ski und Bungee Jumping.<br \/>\nBeachten Sie! Faliraki ist bestimmt nicht geeignet f\u00fcr G\u00e4ste die auf der Suche nach Erholung am Strand sind, oder etwas mehr Privatsph\u00e4re. Daf\u00fcr empfehlen wir Ihnen den sch\u00f6nen Strand von Kalithea, an dem zwei unserer Hotels liegen.<\/p>\n","protected":false},"excerpt":{"rendered":"<p>Faliraki liegt im nord\u00f6stlichen Teil von Rhodos, nur 4 km vom Urlaubsort Kalithea und ungef\u00e4hr 14 km von der Stadt Rhodos entfernt. Im Urlaubsort herrschte stets gesch\u00e4ftiges Treiben und war besonders bei dem jungen Publikum aus England (18 \u2013 30 j\u00e4hrigen), aufgrund seines ausgelassenen Nachtlebens, das gew\u00f6hnlich um 23.00h startete und bis zum Sonnenaufgang dauerte,<\/p>\n","protected":false},"author":1,"featured_media":2634,"parent":4213,"menu_order":0,"comment_status":"closed","ping_status":"closed","template":"","meta":{"_acf_changed":false,"footnotes":""},"class_list":["post-4427","page","type-page","status-publish","has-post-thumbnail","hentry"],"acf":[],"yoast_head":"<!-- This site is optimized with the Yoast SEO plugin v26.9 - https:\/\/yoast.com\/product\/yoast-seo-wordpress\/ -->\n<title>Urlaubsort Faliraki - Rodos Palladium Leisure &amp; Wellness<\/title>\n<meta name=\"robots\" content=\"index, follow, max-snippet:-1, max-image-preview:large, max-video-preview:-1\" \/>\n<link rel=\"canonical\" href=\"https:\/\/www.rodospalladium.gr\/de\/discover-rhodes\/rest-of-the-island\/faliraki-resort\/\" \/>\n<meta property=\"og:locale\" content=\"de_DE\" \/>\n<meta property=\"og:type\" content=\"article\" \/>\n<meta property=\"og:title\" content=\"Urlaubsort Faliraki - Rodos Palladium Leisure &amp; Wellness\" \/>\n<meta property=\"og:description\" content=\"Faliraki liegt im nord\u00f6stlichen Teil von Rhodos, nur 4 km vom Urlaubsort Kalithea und ungef\u00e4hr 14 km von der Stadt Rhodos entfernt. Im Urlaubsort herrschte stets gesch\u00e4ftiges Treiben und war besonders bei dem jungen Publikum aus England (18 \u2013 30 j\u00e4hrigen), aufgrund seines ausgelassenen Nachtlebens, das gew\u00f6hnlich um 23.00h startete und bis zum Sonnenaufgang dauerte,\" \/>\n<meta property=\"og:url\" content=\"https:\/\/www.rodospalladium.gr\/de\/discover-rhodes\/rest-of-the-island\/faliraki-resort\/\" \/>\n<meta property=\"og:site_name\" content=\"Rodos Palladium Leisure &amp; Wellness\" \/>\n<meta property=\"article:modified_time\" content=\"2019-05-23T13:38:43+00:00\" \/>\n<meta property=\"og:image\" content=\"https:\/\/www.rodospalladium.gr\/app\/uploads\/sites\/46\/2019\/05\/faliraki-600x450.jpeg\" \/>\n\t<meta property=\"og:image:width\" content=\"600\" \/>\n\t<meta property=\"og:image:height\" content=\"450\" \/>\n\t<meta property=\"og:image:type\" content=\"image\/jpeg\" \/>\n<meta name=\"twitter:card\" content=\"summary_large_image\" \/>\n<meta name=\"twitter:label1\" content=\"Est. reading time\" \/>\n\t<meta name=\"twitter:data1\" content=\"1\u00a0Minute\" \/>\n<script type=\"application\/ld+json\" class=\"yoast-schema-graph\">{\"@context\":\"https:\/\/schema.org\",\"@graph\":[{\"@type\":\"WebPage\",\"@id\":\"https:\/\/www.rodospalladium.gr\/de\/discover-rhodes\/rest-of-the-island\/faliraki-resort\/\",\"url\":\"https:\/\/www.rodospalladium.gr\/de\/discover-rhodes\/rest-of-the-island\/faliraki-resort\/\",\"name\":\"Urlaubsort Faliraki - Rodos Palladium Leisure &amp; Wellness\",\"isPartOf\":{\"@id\":\"https:\/\/www.rodospalladium.gr\/#website\"},\"primaryImageOfPage\":{\"@id\":\"https:\/\/www.rodospalladium.gr\/de\/discover-rhodes\/rest-of-the-island\/faliraki-resort\/#primaryimage\"},\"image\":{\"@id\":\"https:\/\/www.rodospalladium.gr\/de\/discover-rhodes\/rest-of-the-island\/faliraki-resort\/#primaryimage\"},\"thumbnailUrl\":\"https:\/\/www.rodospalladium.gr\/app\/uploads\/sites\/46\/2019\/05\/faliraki.jpeg\",\"datePublished\":\"2019-05-03T10:11:15+00:00\",\"dateModified\":\"2019-05-23T13:38:43+00:00\",\"breadcrumb\":{\"@id\":\"https:\/\/www.rodospalladium.gr\/de\/discover-rhodes\/rest-of-the-island\/faliraki-resort\/#breadcrumb\"},\"inLanguage\":\"de\",\"potentialAction\":[{\"@type\":\"ReadAction\",\"target\":[\"https:\/\/www.rodospalladium.gr\/de\/discover-rhodes\/rest-of-the-island\/faliraki-resort\/\"]}]},{\"@type\":\"ImageObject\",\"inLanguage\":\"de\",\"@id\":\"https:\/\/www.rodospalladium.gr\/de\/discover-rhodes\/rest-of-the-island\/faliraki-resort\/#primaryimage\",\"url\":\"https:\/\/www.rodospalladium.gr\/app\/uploads\/sites\/46\/2019\/05\/faliraki.jpeg\",\"contentUrl\":\"https:\/\/www.rodospalladium.gr\/app\/uploads\/sites\/46\/2019\/05\/faliraki.jpeg\",\"width\":2560,\"height\":1920},{\"@type\":\"BreadcrumbList\",\"@id\":\"https:\/\/www.rodospalladium.gr\/de\/discover-rhodes\/rest-of-the-island\/faliraki-resort\/#breadcrumb\",\"itemListElement\":[{\"@type\":\"ListItem\",\"position\":1,\"name\":\"Home\",\"item\":\"https:\/\/www.rodospalladium.gr\/de\/\"},{\"@type\":\"ListItem\",\"position\":2,\"name\":\"Entdecken Sie Rhodos\",\"item\":\"https:\/\/www.rodospalladium.gr\/de\/discover-rhodes\/\"},{\"@type\":\"ListItem\",\"position\":3,\"name\":\"Rest Der Insel\",\"item\":\"https:\/\/www.rodospalladium.gr\/de\/discover-rhodes\/rest-of-the-island\/\"},{\"@type\":\"ListItem\",\"position\":4,\"name\":\"Urlaubsort Faliraki\"}]},{\"@type\":\"WebSite\",\"@id\":\"https:\/\/www.rodospalladium.gr\/#website\",\"url\":\"https:\/\/www.rodospalladium.gr\/\",\"name\":\"Rodos Palladium Leisure &amp; Wellness\",\"description\":\"Rodos Palladium Leisure &amp; Wellness is among Rhodes finest five star hotels. It enjoys a premier beach front location at Kallithea bay, offering luxurious accommodation and exclusive leisure and spa facilities.\",\"potentialAction\":[{\"@type\":\"SearchAction\",\"target\":{\"@type\":\"EntryPoint\",\"urlTemplate\":\"https:\/\/www.rodospalladium.gr\/?s={search_term_string}\"},\"query-input\":{\"@type\":\"PropertyValueSpecification\",\"valueRequired\":true,\"valueName\":\"search_term_string\"}}],\"inLanguage\":\"de\"}]}<\/script>\n<!-- \/ Yoast SEO plugin. -->","yoast_head_json":{"title":"Urlaubsort Faliraki - Rodos Palladium Leisure &amp; Wellness","robots":{"index":"index","follow":"follow","max-snippet":"max-snippet:-1","max-image-preview":"max-image-preview:large","max-video-preview":"max-video-preview:-1"},"canonical":"https:\/\/www.rodospalladium.gr\/de\/discover-rhodes\/rest-of-the-island\/faliraki-resort\/","og_locale":"de_DE","og_type":"article","og_title":"Urlaubsort Faliraki - Rodos Palladium Leisure &amp; Wellness","og_description":"Faliraki liegt im nord\u00f6stlichen Teil von Rhodos, nur 4 km vom Urlaubsort Kalithea und ungef\u00e4hr 14 km von der Stadt Rhodos entfernt. Im Urlaubsort herrschte stets gesch\u00e4ftiges Treiben und war besonders bei dem jungen Publikum aus England (18 \u2013 30 j\u00e4hrigen), aufgrund seines ausgelassenen Nachtlebens, das gew\u00f6hnlich um 23.00h startete und bis zum Sonnenaufgang dauerte,","og_url":"https:\/\/www.rodospalladium.gr\/de\/discover-rhodes\/rest-of-the-island\/faliraki-resort\/","og_site_name":"Rodos Palladium Leisure &amp; Wellness","article_modified_time":"2019-05-23T13:38:43+00:00","og_image":[{"width":600,"height":450,"url":"https:\/\/www.rodospalladium.gr\/app\/uploads\/sites\/46\/2019\/05\/faliraki-600x450.jpeg","type":"image\/jpeg"}],"twitter_card":"summary_large_image","twitter_misc":{"Est. reading time":"1\u00a0Minute"},"schema":{"@context":"https:\/\/schema.org","@graph":[{"@type":"WebPage","@id":"https:\/\/www.rodospalladium.gr\/de\/discover-rhodes\/rest-of-the-island\/faliraki-resort\/","url":"https:\/\/www.rodospalladium.gr\/de\/discover-rhodes\/rest-of-the-island\/faliraki-resort\/","name":"Urlaubsort Faliraki - Rodos Palladium Leisure &amp; Wellness","isPartOf":{"@id":"https:\/\/www.rodospalladium.gr\/#website"},"primaryImageOfPage":{"@id":"https:\/\/www.rodospalladium.gr\/de\/discover-rhodes\/rest-of-the-island\/faliraki-resort\/#primaryimage"},"image":{"@id":"https:\/\/www.rodospalladium.gr\/de\/discover-rhodes\/rest-of-the-island\/faliraki-resort\/#primaryimage"},"thumbnailUrl":"https:\/\/www.rodospalladium.gr\/app\/uploads\/sites\/46\/2019\/05\/faliraki.jpeg","datePublished":"2019-05-03T10:11:15+00:00","dateModified":"2019-05-23T13:38:43+00:00","breadcrumb":{"@id":"https:\/\/www.rodospalladium.gr\/de\/discover-rhodes\/rest-of-the-island\/faliraki-resort\/#breadcrumb"},"inLanguage":"de","potentialAction":[{"@type":"ReadAction","target":["https:\/\/www.rodospalladium.gr\/de\/discover-rhodes\/rest-of-the-island\/faliraki-resort\/"]}]},{"@type":"ImageObject","inLanguage":"de","@id":"https:\/\/www.rodospalladium.gr\/de\/discover-rhodes\/rest-of-the-island\/faliraki-resort\/#primaryimage","url":"https:\/\/www.rodospalladium.gr\/app\/uploads\/sites\/46\/2019\/05\/faliraki.jpeg","contentUrl":"https:\/\/www.rodospalladium.gr\/app\/uploads\/sites\/46\/2019\/05\/faliraki.jpeg","width":2560,"height":1920},{"@type":"BreadcrumbList","@id":"https:\/\/www.rodospalladium.gr\/de\/discover-rhodes\/rest-of-the-island\/faliraki-resort\/#breadcrumb","itemListElement":[{"@type":"ListItem","position":1,"name":"Home","item":"https:\/\/www.rodospalladium.gr\/de\/"},{"@type":"ListItem","position":2,"name":"Entdecken Sie Rhodos","item":"https:\/\/www.rodospalladium.gr\/de\/discover-rhodes\/"},{"@type":"ListItem","position":3,"name":"Rest Der Insel","item":"https:\/\/www.rodospalladium.gr\/de\/discover-rhodes\/rest-of-the-island\/"},{"@type":"ListItem","position":4,"name":"Urlaubsort Faliraki"}]},{"@type":"WebSite","@id":"https:\/\/www.rodospalladium.gr\/#website","url":"https:\/\/www.rodospalladium.gr\/","name":"Rodos Palladium Leisure &amp; Wellness","description":"Rodos Palladium Leisure &amp; Wellness is among Rhodes finest five star hotels. It enjoys a premier beach front location at Kallithea bay, offering luxurious accommodation and exclusive leisure and spa facilities.","potentialAction":[{"@type":"SearchAction","target":{"@type":"EntryPoint","urlTemplate":"https:\/\/www.rodospalladium.gr\/?s={search_term_string}"},"query-input":{"@type":"PropertyValueSpecification","valueRequired":true,"valueName":"search_term_string"}}],"inLanguage":"de"}]}},"_links":{"self":[{"href":"https:\/\/www.rodospalladium.gr\/de\/wp-json\/wp\/v2\/pages\/4427"}],"collection":[{"href":"https:\/\/www.rodospalladium.gr\/de\/wp-json\/wp\/v2\/pages"}],"about":[{"href":"https:\/\/www.rodospalladium.gr\/de\/wp-json\/wp\/v2\/types\/page"}],"author":[{"embeddable":true,"href":"https:\/\/www.rodospalladium.gr\/de\/wp-json\/wp\/v2\/users\/1"}],"replies":[{"embeddable":true,"href":"https:\/\/www.rodospalladium.gr\/de\/wp-json\/wp\/v2\/comments?post=4427"}],"version-history":[{"count":2,"href":"https:\/\/www.rodospalladium.gr\/de\/wp-json\/wp\/v2\/pages\/4427\/revisions"}],"predecessor-version":[{"id":4445,"href":"https:\/\/www.rodospalladium.gr\/de\/wp-json\/wp\/v2\/pages\/4427\/revisions\/4445"}],"up":[{"embeddable":true,"href":"https:\/\/www.rodospalladium.gr\/de\/wp-json\/wp\/v2\/pages\/4213"}],"wp:featuredmedia":[{"embeddable":true,"href":"https:\/\/www.rodospalladium.gr\/de\/wp-json\/wp\/v2\/media\/2634"}],"wp:attachment":[{"href":"https:\/\/www.rodospalladium.gr\/de\/wp-json\/wp\/v2\/media?parent=4427"}],"curies":[{"name":"wp","href":"https:\/\/api.w.org\/{rel}","templated":true}]}}