{"id":4472,"date":"2019-05-03T16:00:10","date_gmt":"2019-05-03T13:00:10","guid":{"rendered":"http:\/\/harmony.cms4.nelios.com\/hotel-location\/discover-rhodes\/popular-beaches\/agathi-beach\/"},"modified":"2024-09-20T18:04:14","modified_gmt":"2024-09-20T15:04:14","slug":"agathi-beach","status":"publish","type":"page","link":"https:\/\/www.rodospalladium.gr\/de\/discover-rhodes\/popular-beaches\/agathi-beach\/","title":{"rendered":"Agathi Strand"},"content":{"rendered":"<p>Agathi Strand: liegt etwas weiter s\u00fcdlich, 38 km s\u00fcd\u00f6stlich von Rhodos, nahe dem Dorf von Haraki. Ein sehr sch\u00f6ner goldener Sandstrand mit smaragdgr\u00fcnem Wasser (vermeiden Sie die felsigen Stellen) und unz\u00e4hligen Sonnenliegen und Sonnenschirmen zu mieten. Es gibt auch 3 Tavernen am Strand wo Sie zu Mittagessen oder Getr\u00e4nke einkaufen k\u00f6nnen. Fahren Sie vorsichtig auf der Querstra\u00dfe von Haraki bevor Sie Agahti erreichen. In letzter Zeit hat es dort einige Autounf\u00e4lle gegeben.<\/p>\n","protected":false},"excerpt":{"rendered":"<p>Agathi Strand: liegt etwas weiter s\u00fcdlich, 38 km s\u00fcd\u00f6stlich von Rhodos, nahe dem Dorf von Haraki. Ein sehr sch\u00f6ner goldener Sandstrand mit smaragdgr\u00fcnem Wasser (vermeiden Sie die felsigen Stellen) und unz\u00e4hligen Sonnenliegen und Sonnenschirmen zu mieten. Es gibt auch 3 Tavernen am Strand wo Sie zu Mittagessen oder Getr\u00e4nke einkaufen k\u00f6nnen. Fahren Sie vorsichtig auf<\/p>\n","protected":false},"author":1,"featured_media":2811,"parent":4281,"menu_order":0,"comment_status":"closed","ping_status":"closed","template":"","meta":{"_acf_changed":false,"footnotes":""},"class_list":["post-4472","page","type-page","status-publish","has-post-thumbnail","hentry"],"acf":[],"yoast_head":"<!-- This site is optimized with the Yoast SEO plugin v26.9 - https:\/\/yoast.com\/product\/yoast-seo-wordpress\/ -->\n<title>Agathi Strand - Rodos Palladium Leisure &amp; Wellness<\/title>\n<meta name=\"robots\" content=\"index, follow, max-snippet:-1, max-image-preview:large, max-video-preview:-1\" \/>\n<link rel=\"canonical\" href=\"https:\/\/www.rodospalladium.gr\/de\/discover-rhodes\/popular-beaches\/agathi-beach\/\" \/>\n<meta property=\"og:locale\" content=\"de_DE\" \/>\n<meta property=\"og:type\" content=\"article\" \/>\n<meta property=\"og:title\" content=\"Agathi Strand - Rodos Palladium Leisure &amp; Wellness\" \/>\n<meta property=\"og:description\" content=\"Agathi Strand: liegt etwas weiter s\u00fcdlich, 38 km s\u00fcd\u00f6stlich von Rhodos, nahe dem Dorf von Haraki. Ein sehr sch\u00f6ner goldener Sandstrand mit smaragdgr\u00fcnem Wasser (vermeiden Sie die felsigen Stellen) und unz\u00e4hligen Sonnenliegen und Sonnenschirmen zu mieten. Es gibt auch 3 Tavernen am Strand wo Sie zu Mittagessen oder Getr\u00e4nke einkaufen k\u00f6nnen. Fahren Sie vorsichtig auf\" \/>\n<meta property=\"og:url\" content=\"https:\/\/www.rodospalladium.gr\/de\/discover-rhodes\/popular-beaches\/agathi-beach\/\" \/>\n<meta property=\"og:site_name\" content=\"Rodos Palladium Leisure &amp; Wellness\" \/>\n<meta property=\"article:modified_time\" content=\"2024-09-20T15:04:14+00:00\" \/>\n<meta property=\"og:image\" content=\"https:\/\/www.rodospalladium.gr\/app\/uploads\/sites\/46\/2019\/05\/Agathi_Beach.jpeg\" \/>\n\t<meta property=\"og:image:width\" content=\"1919\" \/>\n\t<meta property=\"og:image:height\" content=\"1439\" \/>\n\t<meta property=\"og:image:type\" content=\"image\/jpeg\" \/>\n<meta name=\"twitter:card\" content=\"summary_large_image\" \/>\n<meta name=\"twitter:label1\" content=\"Est. reading time\" \/>\n\t<meta name=\"twitter:data1\" content=\"1\u00a0Minute\" \/>\n<script type=\"application\/ld+json\" class=\"yoast-schema-graph\">{\"@context\":\"https:\/\/schema.org\",\"@graph\":[{\"@type\":\"WebPage\",\"@id\":\"https:\/\/www.rodospalladium.gr\/de\/discover-rhodes\/popular-beaches\/agathi-beach\/\",\"url\":\"https:\/\/www.rodospalladium.gr\/de\/discover-rhodes\/popular-beaches\/agathi-beach\/\",\"name\":\"Agathi Strand - Rodos Palladium Leisure &amp; Wellness\",\"isPartOf\":{\"@id\":\"https:\/\/www.rodospalladium.gr\/#website\"},\"primaryImageOfPage\":{\"@id\":\"https:\/\/www.rodospalladium.gr\/de\/discover-rhodes\/popular-beaches\/agathi-beach\/#primaryimage\"},\"image\":{\"@id\":\"https:\/\/www.rodospalladium.gr\/de\/discover-rhodes\/popular-beaches\/agathi-beach\/#primaryimage\"},\"thumbnailUrl\":\"https:\/\/www.rodospalladium.gr\/app\/uploads\/sites\/46\/2019\/05\/Agathi_Beach.jpeg\",\"datePublished\":\"2019-05-03T13:00:10+00:00\",\"dateModified\":\"2024-09-20T15:04:14+00:00\",\"breadcrumb\":{\"@id\":\"https:\/\/www.rodospalladium.gr\/de\/discover-rhodes\/popular-beaches\/agathi-beach\/#breadcrumb\"},\"inLanguage\":\"de\",\"potentialAction\":[{\"@type\":\"ReadAction\",\"target\":[\"https:\/\/www.rodospalladium.gr\/de\/discover-rhodes\/popular-beaches\/agathi-beach\/\"]}]},{\"@type\":\"ImageObject\",\"inLanguage\":\"de\",\"@id\":\"https:\/\/www.rodospalladium.gr\/de\/discover-rhodes\/popular-beaches\/agathi-beach\/#primaryimage\",\"url\":\"https:\/\/www.rodospalladium.gr\/app\/uploads\/sites\/46\/2019\/05\/Agathi_Beach.jpeg\",\"contentUrl\":\"https:\/\/www.rodospalladium.gr\/app\/uploads\/sites\/46\/2019\/05\/Agathi_Beach.jpeg\",\"width\":1919,\"height\":1439},{\"@type\":\"BreadcrumbList\",\"@id\":\"https:\/\/www.rodospalladium.gr\/de\/discover-rhodes\/popular-beaches\/agathi-beach\/#breadcrumb\",\"itemListElement\":[{\"@type\":\"ListItem\",\"position\":1,\"name\":\"Home\",\"item\":\"https:\/\/www.rodospalladium.gr\/de\/\"},{\"@type\":\"ListItem\",\"position\":2,\"name\":\"Entdecken Sie Rhodos\",\"item\":\"https:\/\/www.rodospalladium.gr\/de\/discover-rhodes\/\"},{\"@type\":\"ListItem\",\"position\":3,\"name\":\"Beliebte Str\u00e4nde\",\"item\":\"https:\/\/www.rodospalladium.gr\/de\/discover-rhodes\/popular-beaches\/\"},{\"@type\":\"ListItem\",\"position\":4,\"name\":\"Agathi Strand\"}]},{\"@type\":\"WebSite\",\"@id\":\"https:\/\/www.rodospalladium.gr\/#website\",\"url\":\"https:\/\/www.rodospalladium.gr\/\",\"name\":\"Rodos Palladium Leisure &amp; Wellness\",\"description\":\"Rodos Palladium Leisure &amp; Wellness is among Rhodes finest five star hotels. It enjoys a premier beach front location at Kallithea bay, offering luxurious accommodation and exclusive leisure and spa facilities.\",\"potentialAction\":[{\"@type\":\"SearchAction\",\"target\":{\"@type\":\"EntryPoint\",\"urlTemplate\":\"https:\/\/www.rodospalladium.gr\/?s={search_term_string}\"},\"query-input\":{\"@type\":\"PropertyValueSpecification\",\"valueRequired\":true,\"valueName\":\"search_term_string\"}}],\"inLanguage\":\"de\"}]}<\/script>\n<!-- \/ Yoast SEO plugin. -->","yoast_head_json":{"title":"Agathi Strand - Rodos Palladium Leisure &amp; Wellness","robots":{"index":"index","follow":"follow","max-snippet":"max-snippet:-1","max-image-preview":"max-image-preview:large","max-video-preview":"max-video-preview:-1"},"canonical":"https:\/\/www.rodospalladium.gr\/de\/discover-rhodes\/popular-beaches\/agathi-beach\/","og_locale":"de_DE","og_type":"article","og_title":"Agathi Strand - Rodos Palladium Leisure &amp; Wellness","og_description":"Agathi Strand: liegt etwas weiter s\u00fcdlich, 38 km s\u00fcd\u00f6stlich von Rhodos, nahe dem Dorf von Haraki. Ein sehr sch\u00f6ner goldener Sandstrand mit smaragdgr\u00fcnem Wasser (vermeiden Sie die felsigen Stellen) und unz\u00e4hligen Sonnenliegen und Sonnenschirmen zu mieten. Es gibt auch 3 Tavernen am Strand wo Sie zu Mittagessen oder Getr\u00e4nke einkaufen k\u00f6nnen. Fahren Sie vorsichtig auf","og_url":"https:\/\/www.rodospalladium.gr\/de\/discover-rhodes\/popular-beaches\/agathi-beach\/","og_site_name":"Rodos Palladium Leisure &amp; Wellness","article_modified_time":"2024-09-20T15:04:14+00:00","og_image":[{"width":1919,"height":1439,"url":"https:\/\/www.rodospalladium.gr\/app\/uploads\/sites\/46\/2019\/05\/Agathi_Beach.jpeg","type":"image\/jpeg"}],"twitter_card":"summary_large_image","twitter_misc":{"Est. reading time":"1\u00a0Minute"},"schema":{"@context":"https:\/\/schema.org","@graph":[{"@type":"WebPage","@id":"https:\/\/www.rodospalladium.gr\/de\/discover-rhodes\/popular-beaches\/agathi-beach\/","url":"https:\/\/www.rodospalladium.gr\/de\/discover-rhodes\/popular-beaches\/agathi-beach\/","name":"Agathi Strand - Rodos Palladium Leisure &amp; Wellness","isPartOf":{"@id":"https:\/\/www.rodospalladium.gr\/#website"},"primaryImageOfPage":{"@id":"https:\/\/www.rodospalladium.gr\/de\/discover-rhodes\/popular-beaches\/agathi-beach\/#primaryimage"},"image":{"@id":"https:\/\/www.rodospalladium.gr\/de\/discover-rhodes\/popular-beaches\/agathi-beach\/#primaryimage"},"thumbnailUrl":"https:\/\/www.rodospalladium.gr\/app\/uploads\/sites\/46\/2019\/05\/Agathi_Beach.jpeg","datePublished":"2019-05-03T13:00:10+00:00","dateModified":"2024-09-20T15:04:14+00:00","breadcrumb":{"@id":"https:\/\/www.rodospalladium.gr\/de\/discover-rhodes\/popular-beaches\/agathi-beach\/#breadcrumb"},"inLanguage":"de","potentialAction":[{"@type":"ReadAction","target":["https:\/\/www.rodospalladium.gr\/de\/discover-rhodes\/popular-beaches\/agathi-beach\/"]}]},{"@type":"ImageObject","inLanguage":"de","@id":"https:\/\/www.rodospalladium.gr\/de\/discover-rhodes\/popular-beaches\/agathi-beach\/#primaryimage","url":"https:\/\/www.rodospalladium.gr\/app\/uploads\/sites\/46\/2019\/05\/Agathi_Beach.jpeg","contentUrl":"https:\/\/www.rodospalladium.gr\/app\/uploads\/sites\/46\/2019\/05\/Agathi_Beach.jpeg","width":1919,"height":1439},{"@type":"BreadcrumbList","@id":"https:\/\/www.rodospalladium.gr\/de\/discover-rhodes\/popular-beaches\/agathi-beach\/#breadcrumb","itemListElement":[{"@type":"ListItem","position":1,"name":"Home","item":"https:\/\/www.rodospalladium.gr\/de\/"},{"@type":"ListItem","position":2,"name":"Entdecken Sie Rhodos","item":"https:\/\/www.rodospalladium.gr\/de\/discover-rhodes\/"},{"@type":"ListItem","position":3,"name":"Beliebte Str\u00e4nde","item":"https:\/\/www.rodospalladium.gr\/de\/discover-rhodes\/popular-beaches\/"},{"@type":"ListItem","position":4,"name":"Agathi Strand"}]},{"@type":"WebSite","@id":"https:\/\/www.rodospalladium.gr\/#website","url":"https:\/\/www.rodospalladium.gr\/","name":"Rodos Palladium Leisure &amp; Wellness","description":"Rodos Palladium Leisure &amp; Wellness is among Rhodes finest five star hotels. It enjoys a premier beach front location at Kallithea bay, offering luxurious accommodation and exclusive leisure and spa facilities.","potentialAction":[{"@type":"SearchAction","target":{"@type":"EntryPoint","urlTemplate":"https:\/\/www.rodospalladium.gr\/?s={search_term_string}"},"query-input":{"@type":"PropertyValueSpecification","valueRequired":true,"valueName":"search_term_string"}}],"inLanguage":"de"}]}},"_links":{"self":[{"href":"https:\/\/www.rodospalladium.gr\/de\/wp-json\/wp\/v2\/pages\/4472"}],"collection":[{"href":"https:\/\/www.rodospalladium.gr\/de\/wp-json\/wp\/v2\/pages"}],"about":[{"href":"https:\/\/www.rodospalladium.gr\/de\/wp-json\/wp\/v2\/types\/page"}],"author":[{"embeddable":true,"href":"https:\/\/www.rodospalladium.gr\/de\/wp-json\/wp\/v2\/users\/1"}],"replies":[{"embeddable":true,"href":"https:\/\/www.rodospalladium.gr\/de\/wp-json\/wp\/v2\/comments?post=4472"}],"version-history":[{"count":2,"href":"https:\/\/www.rodospalladium.gr\/de\/wp-json\/wp\/v2\/pages\/4472\/revisions"}],"predecessor-version":[{"id":4489,"href":"https:\/\/www.rodospalladium.gr\/de\/wp-json\/wp\/v2\/pages\/4472\/revisions\/4489"}],"up":[{"embeddable":true,"href":"https:\/\/www.rodospalladium.gr\/de\/wp-json\/wp\/v2\/pages\/4281"}],"wp:featuredmedia":[{"embeddable":true,"href":"https:\/\/www.rodospalladium.gr\/de\/wp-json\/wp\/v2\/media\/2811"}],"wp:attachment":[{"href":"https:\/\/www.rodospalladium.gr\/de\/wp-json\/wp\/v2\/media?parent=4472"}],"curies":[{"name":"wp","href":"https:\/\/api.w.org\/{rel}","templated":true}]}}