{"id":5576,"date":"2019-05-03T12:00:51","date_gmt":"2019-05-03T09:00:51","guid":{"rendered":"https:\/\/harmony.cms4.nelios.com\/rhodes-town\/"},"modified":"2024-09-23T14:35:54","modified_gmt":"2024-09-23T11:35:54","slug":"rhodes-town","status":"publish","type":"page","link":"https:\/\/www.rodospalladium.gr\/de\/rhodes-town\/","title":{"rendered":"Stadt Rhodos"},"content":{"rendered":"<p>Die Stadt Rhodos liegt an der n\u00f6rdlichsten Spitze der Insel, wo sich fr\u00fcher die antike Stadt erhob. Die imposante Italienische Architektur ist augenscheinlich und vermischt sich sehr sch\u00f6n mit dem Rest der Stadt und schafft somit eine wahrlich pr\u00e4chtige Atmosph\u00e4re. Es gibt wirklich eine Menge zu sehen und zu tun in Rhodos. Wir haben f\u00fcr Sie sehr sorgf\u00e4ltig all jene Sehensw\u00fcrdigkeiten ausgesucht, die Sie auf keinen Fall missen sollten!<\/p>\n","protected":false},"excerpt":{"rendered":"<p>Die Stadt Rhodos liegt an der n\u00f6rdlichsten Spitze der Insel, wo sich fr\u00fcher die antike Stadt erhob. Die imposante Italienische Architektur ist augenscheinlich und vermischt sich sehr sch\u00f6n mit dem Rest der Stadt und schafft somit eine wahrlich pr\u00e4chtige Atmosph\u00e4re. Es gibt wirklich eine Menge zu sehen und zu tun in Rhodos. Wir haben f\u00fcr<\/p>\n","protected":false},"author":1,"featured_media":2374,"parent":0,"menu_order":0,"comment_status":"closed","ping_status":"closed","template":"","meta":{"_acf_changed":false,"footnotes":""},"class_list":["post-5576","page","type-page","status-publish","has-post-thumbnail","hentry"],"acf":[],"yoast_head":"<!-- This site is optimized with the Yoast SEO plugin v26.9 - https:\/\/yoast.com\/product\/yoast-seo-wordpress\/ -->\n<title>Stadt Rhodos - Rodos Palladium Leisure &amp; Wellness<\/title>\n<meta name=\"robots\" content=\"index, follow, max-snippet:-1, max-image-preview:large, max-video-preview:-1\" \/>\n<link rel=\"canonical\" href=\"https:\/\/www.rodospalladium.gr\/de\/rhodes-town\/\" \/>\n<meta property=\"og:locale\" content=\"de_DE\" \/>\n<meta property=\"og:type\" content=\"article\" \/>\n<meta property=\"og:title\" content=\"Stadt Rhodos - Rodos Palladium Leisure &amp; Wellness\" \/>\n<meta property=\"og:description\" content=\"Die Stadt Rhodos liegt an der n\u00f6rdlichsten Spitze der Insel, wo sich fr\u00fcher die antike Stadt erhob. Die imposante Italienische Architektur ist augenscheinlich und vermischt sich sehr sch\u00f6n mit dem Rest der Stadt und schafft somit eine wahrlich pr\u00e4chtige Atmosph\u00e4re. Es gibt wirklich eine Menge zu sehen und zu tun in Rhodos. Wir haben f\u00fcr\" \/>\n<meta property=\"og:url\" content=\"https:\/\/www.rodospalladium.gr\/de\/rhodes-town\/\" \/>\n<meta property=\"og:site_name\" content=\"Rodos Palladium Leisure &amp; Wellness\" \/>\n<meta property=\"article:modified_time\" content=\"2024-09-23T11:35:54+00:00\" \/>\n<meta property=\"og:image\" content=\"https:\/\/www.rodospalladium.gr\/app\/uploads\/sites\/46\/2019\/05\/rhodes_1web.jpeg\" \/>\n\t<meta property=\"og:image:width\" content=\"1920\" \/>\n\t<meta property=\"og:image:height\" content=\"849\" \/>\n\t<meta property=\"og:image:type\" content=\"image\/jpeg\" \/>\n<meta name=\"twitter:card\" content=\"summary_large_image\" \/>\n<meta name=\"twitter:label1\" content=\"Est. reading time\" \/>\n\t<meta name=\"twitter:data1\" content=\"1\u00a0Minute\" \/>\n<script type=\"application\/ld+json\" class=\"yoast-schema-graph\">{\"@context\":\"https:\/\/schema.org\",\"@graph\":[{\"@type\":\"WebPage\",\"@id\":\"https:\/\/www.rodospalladium.gr\/de\/rhodes-town\/\",\"url\":\"https:\/\/www.rodospalladium.gr\/de\/rhodes-town\/\",\"name\":\"Stadt Rhodos - Rodos Palladium Leisure &amp; Wellness\",\"isPartOf\":{\"@id\":\"https:\/\/www.rodospalladium.gr\/#website\"},\"primaryImageOfPage\":{\"@id\":\"https:\/\/www.rodospalladium.gr\/de\/rhodes-town\/#primaryimage\"},\"image\":{\"@id\":\"https:\/\/www.rodospalladium.gr\/de\/rhodes-town\/#primaryimage\"},\"thumbnailUrl\":\"https:\/\/www.rodospalladium.gr\/app\/uploads\/sites\/46\/2019\/05\/rhodes_1web.jpeg\",\"datePublished\":\"2019-05-03T09:00:51+00:00\",\"dateModified\":\"2024-09-23T11:35:54+00:00\",\"breadcrumb\":{\"@id\":\"https:\/\/www.rodospalladium.gr\/de\/rhodes-town\/#breadcrumb\"},\"inLanguage\":\"de\",\"potentialAction\":[{\"@type\":\"ReadAction\",\"target\":[\"https:\/\/www.rodospalladium.gr\/de\/rhodes-town\/\"]}]},{\"@type\":\"ImageObject\",\"inLanguage\":\"de\",\"@id\":\"https:\/\/www.rodospalladium.gr\/de\/rhodes-town\/#primaryimage\",\"url\":\"https:\/\/www.rodospalladium.gr\/app\/uploads\/sites\/46\/2019\/05\/rhodes_1web.jpeg\",\"contentUrl\":\"https:\/\/www.rodospalladium.gr\/app\/uploads\/sites\/46\/2019\/05\/rhodes_1web.jpeg\",\"width\":1920,\"height\":849},{\"@type\":\"BreadcrumbList\",\"@id\":\"https:\/\/www.rodospalladium.gr\/de\/rhodes-town\/#breadcrumb\",\"itemListElement\":[{\"@type\":\"ListItem\",\"position\":1,\"name\":\"Home\",\"item\":\"https:\/\/www.rodospalladium.gr\/de\/\"},{\"@type\":\"ListItem\",\"position\":2,\"name\":\"Stadt Rhodos\"}]},{\"@type\":\"WebSite\",\"@id\":\"https:\/\/www.rodospalladium.gr\/#website\",\"url\":\"https:\/\/www.rodospalladium.gr\/\",\"name\":\"Rodos Palladium Leisure &amp; Wellness\",\"description\":\"Rodos Palladium Leisure &amp; Wellness is among Rhodes finest five star hotels. It enjoys a premier beach front location at Kallithea bay, offering luxurious accommodation and exclusive leisure and spa facilities.\",\"potentialAction\":[{\"@type\":\"SearchAction\",\"target\":{\"@type\":\"EntryPoint\",\"urlTemplate\":\"https:\/\/www.rodospalladium.gr\/?s={search_term_string}\"},\"query-input\":{\"@type\":\"PropertyValueSpecification\",\"valueRequired\":true,\"valueName\":\"search_term_string\"}}],\"inLanguage\":\"de\"}]}<\/script>\n<!-- \/ Yoast SEO plugin. -->","yoast_head_json":{"title":"Stadt Rhodos - Rodos Palladium Leisure &amp; Wellness","robots":{"index":"index","follow":"follow","max-snippet":"max-snippet:-1","max-image-preview":"max-image-preview:large","max-video-preview":"max-video-preview:-1"},"canonical":"https:\/\/www.rodospalladium.gr\/de\/rhodes-town\/","og_locale":"de_DE","og_type":"article","og_title":"Stadt Rhodos - Rodos Palladium Leisure &amp; Wellness","og_description":"Die Stadt Rhodos liegt an der n\u00f6rdlichsten Spitze der Insel, wo sich fr\u00fcher die antike Stadt erhob. Die imposante Italienische Architektur ist augenscheinlich und vermischt sich sehr sch\u00f6n mit dem Rest der Stadt und schafft somit eine wahrlich pr\u00e4chtige Atmosph\u00e4re. Es gibt wirklich eine Menge zu sehen und zu tun in Rhodos. Wir haben f\u00fcr","og_url":"https:\/\/www.rodospalladium.gr\/de\/rhodes-town\/","og_site_name":"Rodos Palladium Leisure &amp; Wellness","article_modified_time":"2024-09-23T11:35:54+00:00","og_image":[{"width":1920,"height":849,"url":"https:\/\/www.rodospalladium.gr\/app\/uploads\/sites\/46\/2019\/05\/rhodes_1web.jpeg","type":"image\/jpeg"}],"twitter_card":"summary_large_image","twitter_misc":{"Est. reading time":"1\u00a0Minute"},"schema":{"@context":"https:\/\/schema.org","@graph":[{"@type":"WebPage","@id":"https:\/\/www.rodospalladium.gr\/de\/rhodes-town\/","url":"https:\/\/www.rodospalladium.gr\/de\/rhodes-town\/","name":"Stadt Rhodos - Rodos Palladium Leisure &amp; Wellness","isPartOf":{"@id":"https:\/\/www.rodospalladium.gr\/#website"},"primaryImageOfPage":{"@id":"https:\/\/www.rodospalladium.gr\/de\/rhodes-town\/#primaryimage"},"image":{"@id":"https:\/\/www.rodospalladium.gr\/de\/rhodes-town\/#primaryimage"},"thumbnailUrl":"https:\/\/www.rodospalladium.gr\/app\/uploads\/sites\/46\/2019\/05\/rhodes_1web.jpeg","datePublished":"2019-05-03T09:00:51+00:00","dateModified":"2024-09-23T11:35:54+00:00","breadcrumb":{"@id":"https:\/\/www.rodospalladium.gr\/de\/rhodes-town\/#breadcrumb"},"inLanguage":"de","potentialAction":[{"@type":"ReadAction","target":["https:\/\/www.rodospalladium.gr\/de\/rhodes-town\/"]}]},{"@type":"ImageObject","inLanguage":"de","@id":"https:\/\/www.rodospalladium.gr\/de\/rhodes-town\/#primaryimage","url":"https:\/\/www.rodospalladium.gr\/app\/uploads\/sites\/46\/2019\/05\/rhodes_1web.jpeg","contentUrl":"https:\/\/www.rodospalladium.gr\/app\/uploads\/sites\/46\/2019\/05\/rhodes_1web.jpeg","width":1920,"height":849},{"@type":"BreadcrumbList","@id":"https:\/\/www.rodospalladium.gr\/de\/rhodes-town\/#breadcrumb","itemListElement":[{"@type":"ListItem","position":1,"name":"Home","item":"https:\/\/www.rodospalladium.gr\/de\/"},{"@type":"ListItem","position":2,"name":"Stadt Rhodos"}]},{"@type":"WebSite","@id":"https:\/\/www.rodospalladium.gr\/#website","url":"https:\/\/www.rodospalladium.gr\/","name":"Rodos Palladium Leisure &amp; Wellness","description":"Rodos Palladium Leisure &amp; Wellness is among Rhodes finest five star hotels. It enjoys a premier beach front location at Kallithea bay, offering luxurious accommodation and exclusive leisure and spa facilities.","potentialAction":[{"@type":"SearchAction","target":{"@type":"EntryPoint","urlTemplate":"https:\/\/www.rodospalladium.gr\/?s={search_term_string}"},"query-input":{"@type":"PropertyValueSpecification","valueRequired":true,"valueName":"search_term_string"}}],"inLanguage":"de"}]}},"_links":{"self":[{"href":"https:\/\/www.rodospalladium.gr\/de\/wp-json\/wp\/v2\/pages\/5576"}],"collection":[{"href":"https:\/\/www.rodospalladium.gr\/de\/wp-json\/wp\/v2\/pages"}],"about":[{"href":"https:\/\/www.rodospalladium.gr\/de\/wp-json\/wp\/v2\/types\/page"}],"author":[{"embeddable":true,"href":"https:\/\/www.rodospalladium.gr\/de\/wp-json\/wp\/v2\/users\/1"}],"replies":[{"embeddable":true,"href":"https:\/\/www.rodospalladium.gr\/de\/wp-json\/wp\/v2\/comments?post=5576"}],"version-history":[{"count":2,"href":"https:\/\/www.rodospalladium.gr\/de\/wp-json\/wp\/v2\/pages\/5576\/revisions"}],"predecessor-version":[{"id":5583,"href":"https:\/\/www.rodospalladium.gr\/de\/wp-json\/wp\/v2\/pages\/5576\/revisions\/5583"}],"wp:featuredmedia":[{"embeddable":true,"href":"https:\/\/www.rodospalladium.gr\/de\/wp-json\/wp\/v2\/media\/2374"}],"wp:attachment":[{"href":"https:\/\/www.rodospalladium.gr\/de\/wp-json\/wp\/v2\/media?parent=5576"}],"curies":[{"name":"wp","href":"https:\/\/api.w.org\/{rel}","templated":true}]}}