{"id":6272,"date":"2019-11-30T11:36:53","date_gmt":"2019-11-30T08:36:53","guid":{"rendered":"https:\/\/www.elysium.gr\/?page_id=6272"},"modified":"2024-09-23T14:32:55","modified_gmt":"2024-09-23T11:32:55","slug":"palladium-club","status":"publish","type":"page","link":"https:\/\/www.rodospalladium.gr\/de\/palladium-club\/","title":{"rendered":"Palladium Club"},"content":{"rendered":"<p><strong>Wir h\u00e4tten m\u00f6glicherweise nicht mehr die \u00fcber 4.000 wiederkehrenden G\u00e4ste \u00fcberschauen k\u00f6nnen, die unseren Resort als Ihren bevorzugten Urlaubsspot auf Rhodos w\u00e4hlten.<\/strong><\/p>\n<p>Nach sorgf\u00e4ltiger \u00dcberlegung, wie wir diese fortlaufende Unterst\u00fctzung, die unserem Unternehmen half zu wachsen und sich weiter zu entwickeln, wieder vergelten k\u00f6nnen, haben wir den Palladium Club ins Leben gerufen.<\/p>\n<p>Der Palladium Club ist unser Treueprogramm und unsere ganz besondere Art \u201eDanke\u201c zu sagen, all jenen Menschen, die das Rhodos Palladium Hotel mit Ihrer Anwesenheit beehren. Bestehend aus verschiedenen Arten von Preisen, abh\u00e4ngig davon, wie oft das Hotel besucht wurde.Der Palladium Club verspricht Ihr Urlaubserlebnis zu steigern, ohne daf\u00fcr einen Cent mehr zu bezahlen.<\/p>\n<p>Die Preise bewegen sich von Kleinigkeiten wie Erm\u00e4\u00dfigungen beim Einkauf im Hotel \u00fcber h\u00e4ufiges Nachf\u00fcllen von erg\u00e4nzenden Annehmlichkeiten im Zimmer bis hin zu ausgefeilten Besonderheiten, wie den Wunsch nach einem bestimmten Zimmer f\u00fcr seinen Aufenthalt (nach Verf\u00fcgbarkeit) oder den Vorteil eines sp\u00e4teren Check-Outs. Unser Guest Relations Mitarbeiter wird gerne mit Ihnen die Details der verschiedenen Vorteile eines Mitglieds des Palladium Clubs besprechen.<\/p>\n<p>Als wesentlicher Teil unserer Familie erhalten Sie als Palladium Club Mitglied die M\u00f6glichkeit, w\u00e4hrend eines entspannten, ausschlie\u00dflich f\u00fcr Sie organisierten, Cocktail Empfangs die Leute \u201ahinter dem Vorhang\u2018 kennen zu lernen, wie unseren Generaldirektor und seine Abteilungsleiter.<\/p>\n","protected":false},"excerpt":{"rendered":"<p>Wir h\u00e4tten m\u00f6glicherweise nicht mehr die \u00fcber 4.000 wiederkehrenden G\u00e4ste \u00fcberschauen k\u00f6nnen, die unseren Resort als Ihren bevorzugten Urlaubsspot auf Rhodos w\u00e4hlten. Nach sorgf\u00e4ltiger \u00dcberlegung, wie wir diese fortlaufende Unterst\u00fctzung, die unserem Unternehmen half zu wachsen und sich weiter zu entwickeln, wieder vergelten k\u00f6nnen, haben wir den Palladium Club ins Leben gerufen. Der Palladium Club<\/p>\n","protected":false},"author":1,"featured_media":9928,"parent":0,"menu_order":0,"comment_status":"closed","ping_status":"closed","template":"page-templates\/simple-list.php","meta":{"_acf_changed":false,"footnotes":""},"class_list":["post-6272","page","type-page","status-publish","has-post-thumbnail","hentry"],"acf":[],"yoast_head":"<!-- This site is optimized with the Yoast SEO plugin v26.9 - https:\/\/yoast.com\/product\/yoast-seo-wordpress\/ -->\n<title>Palladium Club - Rodos Palladium Leisure &amp; Wellness<\/title>\n<meta name=\"robots\" content=\"index, follow, max-snippet:-1, max-image-preview:large, max-video-preview:-1\" \/>\n<link rel=\"canonical\" href=\"https:\/\/www.rodospalladium.gr\/de\/palladium-club\/\" \/>\n<meta property=\"og:locale\" content=\"de_DE\" \/>\n<meta property=\"og:type\" content=\"article\" \/>\n<meta property=\"og:title\" content=\"Palladium Club - Rodos Palladium Leisure &amp; Wellness\" \/>\n<meta property=\"og:description\" content=\"Wir h\u00e4tten m\u00f6glicherweise nicht mehr die \u00fcber 4.000 wiederkehrenden G\u00e4ste \u00fcberschauen k\u00f6nnen, die unseren Resort als Ihren bevorzugten Urlaubsspot auf Rhodos w\u00e4hlten. Nach sorgf\u00e4ltiger \u00dcberlegung, wie wir diese fortlaufende Unterst\u00fctzung, die unserem Unternehmen half zu wachsen und sich weiter zu entwickeln, wieder vergelten k\u00f6nnen, haben wir den Palladium Club ins Leben gerufen. Der Palladium Club\" \/>\n<meta property=\"og:url\" content=\"https:\/\/www.rodospalladium.gr\/de\/palladium-club\/\" \/>\n<meta property=\"og:site_name\" content=\"Rodos Palladium Leisure &amp; Wellness\" \/>\n<meta property=\"article:modified_time\" content=\"2024-09-23T11:32:55+00:00\" \/>\n<meta property=\"og:image\" content=\"https:\/\/www.rodospalladium.gr\/app\/uploads\/sites\/46\/2020\/02\/24_Gazebo_RODOS_PALLADIUM-v2.jpeg\" \/>\n\t<meta property=\"og:image:width\" content=\"1920\" \/>\n\t<meta property=\"og:image:height\" content=\"1362\" \/>\n\t<meta property=\"og:image:type\" content=\"image\/jpeg\" \/>\n<meta name=\"twitter:card\" content=\"summary_large_image\" \/>\n<meta name=\"twitter:label1\" content=\"Est. reading time\" \/>\n\t<meta name=\"twitter:data1\" content=\"2\u00a0Minuten\" \/>\n<script type=\"application\/ld+json\" class=\"yoast-schema-graph\">{\"@context\":\"https:\/\/schema.org\",\"@graph\":[{\"@type\":\"WebPage\",\"@id\":\"https:\/\/www.rodospalladium.gr\/de\/palladium-club\/\",\"url\":\"https:\/\/www.rodospalladium.gr\/de\/palladium-club\/\",\"name\":\"Palladium Club - Rodos Palladium Leisure &amp; Wellness\",\"isPartOf\":{\"@id\":\"https:\/\/www.rodospalladium.gr\/#website\"},\"primaryImageOfPage\":{\"@id\":\"https:\/\/www.rodospalladium.gr\/de\/palladium-club\/#primaryimage\"},\"image\":{\"@id\":\"https:\/\/www.rodospalladium.gr\/de\/palladium-club\/#primaryimage\"},\"thumbnailUrl\":\"https:\/\/www.rodospalladium.gr\/app\/uploads\/sites\/46\/2020\/02\/24_Gazebo_RODOS_PALLADIUM-v2.jpeg\",\"datePublished\":\"2019-11-30T08:36:53+00:00\",\"dateModified\":\"2024-09-23T11:32:55+00:00\",\"breadcrumb\":{\"@id\":\"https:\/\/www.rodospalladium.gr\/de\/palladium-club\/#breadcrumb\"},\"inLanguage\":\"de\",\"potentialAction\":[{\"@type\":\"ReadAction\",\"target\":[\"https:\/\/www.rodospalladium.gr\/de\/palladium-club\/\"]}]},{\"@type\":\"ImageObject\",\"inLanguage\":\"de\",\"@id\":\"https:\/\/www.rodospalladium.gr\/de\/palladium-club\/#primaryimage\",\"url\":\"https:\/\/www.rodospalladium.gr\/app\/uploads\/sites\/46\/2020\/02\/24_Gazebo_RODOS_PALLADIUM-v2.jpeg\",\"contentUrl\":\"https:\/\/www.rodospalladium.gr\/app\/uploads\/sites\/46\/2020\/02\/24_Gazebo_RODOS_PALLADIUM-v2.jpeg\",\"width\":1920,\"height\":1362},{\"@type\":\"BreadcrumbList\",\"@id\":\"https:\/\/www.rodospalladium.gr\/de\/palladium-club\/#breadcrumb\",\"itemListElement\":[{\"@type\":\"ListItem\",\"position\":1,\"name\":\"Home\",\"item\":\"https:\/\/www.rodospalladium.gr\/de\/\"},{\"@type\":\"ListItem\",\"position\":2,\"name\":\"Palladium Club\"}]},{\"@type\":\"WebSite\",\"@id\":\"https:\/\/www.rodospalladium.gr\/#website\",\"url\":\"https:\/\/www.rodospalladium.gr\/\",\"name\":\"Rodos Palladium Leisure &amp; Wellness\",\"description\":\"Rodos Palladium Leisure &amp; Wellness is among Rhodes finest five star hotels. It enjoys a premier beach front location at Kallithea bay, offering luxurious accommodation and exclusive leisure and spa facilities.\",\"potentialAction\":[{\"@type\":\"SearchAction\",\"target\":{\"@type\":\"EntryPoint\",\"urlTemplate\":\"https:\/\/www.rodospalladium.gr\/?s={search_term_string}\"},\"query-input\":{\"@type\":\"PropertyValueSpecification\",\"valueRequired\":true,\"valueName\":\"search_term_string\"}}],\"inLanguage\":\"de\"}]}<\/script>\n<!-- \/ Yoast SEO plugin. -->","yoast_head_json":{"title":"Palladium Club - Rodos Palladium Leisure &amp; Wellness","robots":{"index":"index","follow":"follow","max-snippet":"max-snippet:-1","max-image-preview":"max-image-preview:large","max-video-preview":"max-video-preview:-1"},"canonical":"https:\/\/www.rodospalladium.gr\/de\/palladium-club\/","og_locale":"de_DE","og_type":"article","og_title":"Palladium Club - Rodos Palladium Leisure &amp; Wellness","og_description":"Wir h\u00e4tten m\u00f6glicherweise nicht mehr die \u00fcber 4.000 wiederkehrenden G\u00e4ste \u00fcberschauen k\u00f6nnen, die unseren Resort als Ihren bevorzugten Urlaubsspot auf Rhodos w\u00e4hlten. Nach sorgf\u00e4ltiger \u00dcberlegung, wie wir diese fortlaufende Unterst\u00fctzung, die unserem Unternehmen half zu wachsen und sich weiter zu entwickeln, wieder vergelten k\u00f6nnen, haben wir den Palladium Club ins Leben gerufen. Der Palladium Club","og_url":"https:\/\/www.rodospalladium.gr\/de\/palladium-club\/","og_site_name":"Rodos Palladium Leisure &amp; Wellness","article_modified_time":"2024-09-23T11:32:55+00:00","og_image":[{"width":1920,"height":1362,"url":"https:\/\/www.rodospalladium.gr\/app\/uploads\/sites\/46\/2020\/02\/24_Gazebo_RODOS_PALLADIUM-v2.jpeg","type":"image\/jpeg"}],"twitter_card":"summary_large_image","twitter_misc":{"Est. reading time":"2\u00a0Minuten"},"schema":{"@context":"https:\/\/schema.org","@graph":[{"@type":"WebPage","@id":"https:\/\/www.rodospalladium.gr\/de\/palladium-club\/","url":"https:\/\/www.rodospalladium.gr\/de\/palladium-club\/","name":"Palladium Club - Rodos Palladium Leisure &amp; Wellness","isPartOf":{"@id":"https:\/\/www.rodospalladium.gr\/#website"},"primaryImageOfPage":{"@id":"https:\/\/www.rodospalladium.gr\/de\/palladium-club\/#primaryimage"},"image":{"@id":"https:\/\/www.rodospalladium.gr\/de\/palladium-club\/#primaryimage"},"thumbnailUrl":"https:\/\/www.rodospalladium.gr\/app\/uploads\/sites\/46\/2020\/02\/24_Gazebo_RODOS_PALLADIUM-v2.jpeg","datePublished":"2019-11-30T08:36:53+00:00","dateModified":"2024-09-23T11:32:55+00:00","breadcrumb":{"@id":"https:\/\/www.rodospalladium.gr\/de\/palladium-club\/#breadcrumb"},"inLanguage":"de","potentialAction":[{"@type":"ReadAction","target":["https:\/\/www.rodospalladium.gr\/de\/palladium-club\/"]}]},{"@type":"ImageObject","inLanguage":"de","@id":"https:\/\/www.rodospalladium.gr\/de\/palladium-club\/#primaryimage","url":"https:\/\/www.rodospalladium.gr\/app\/uploads\/sites\/46\/2020\/02\/24_Gazebo_RODOS_PALLADIUM-v2.jpeg","contentUrl":"https:\/\/www.rodospalladium.gr\/app\/uploads\/sites\/46\/2020\/02\/24_Gazebo_RODOS_PALLADIUM-v2.jpeg","width":1920,"height":1362},{"@type":"BreadcrumbList","@id":"https:\/\/www.rodospalladium.gr\/de\/palladium-club\/#breadcrumb","itemListElement":[{"@type":"ListItem","position":1,"name":"Home","item":"https:\/\/www.rodospalladium.gr\/de\/"},{"@type":"ListItem","position":2,"name":"Palladium Club"}]},{"@type":"WebSite","@id":"https:\/\/www.rodospalladium.gr\/#website","url":"https:\/\/www.rodospalladium.gr\/","name":"Rodos Palladium Leisure &amp; Wellness","description":"Rodos Palladium Leisure &amp; Wellness is among Rhodes finest five star hotels. It enjoys a premier beach front location at Kallithea bay, offering luxurious accommodation and exclusive leisure and spa facilities.","potentialAction":[{"@type":"SearchAction","target":{"@type":"EntryPoint","urlTemplate":"https:\/\/www.rodospalladium.gr\/?s={search_term_string}"},"query-input":{"@type":"PropertyValueSpecification","valueRequired":true,"valueName":"search_term_string"}}],"inLanguage":"de"}]}},"_links":{"self":[{"href":"https:\/\/www.rodospalladium.gr\/de\/wp-json\/wp\/v2\/pages\/6272"}],"collection":[{"href":"https:\/\/www.rodospalladium.gr\/de\/wp-json\/wp\/v2\/pages"}],"about":[{"href":"https:\/\/www.rodospalladium.gr\/de\/wp-json\/wp\/v2\/types\/page"}],"author":[{"embeddable":true,"href":"https:\/\/www.rodospalladium.gr\/de\/wp-json\/wp\/v2\/users\/1"}],"replies":[{"embeddable":true,"href":"https:\/\/www.rodospalladium.gr\/de\/wp-json\/wp\/v2\/comments?post=6272"}],"version-history":[{"count":10,"href":"https:\/\/www.rodospalladium.gr\/de\/wp-json\/wp\/v2\/pages\/6272\/revisions"}],"predecessor-version":[{"id":9940,"href":"https:\/\/www.rodospalladium.gr\/de\/wp-json\/wp\/v2\/pages\/6272\/revisions\/9940"}],"wp:featuredmedia":[{"embeddable":true,"href":"https:\/\/www.rodospalladium.gr\/de\/wp-json\/wp\/v2\/media\/9928"}],"wp:attachment":[{"href":"https:\/\/www.rodospalladium.gr\/de\/wp-json\/wp\/v2\/media?parent=6272"}],"curies":[{"name":"wp","href":"https:\/\/api.w.org\/{rel}","templated":true}]}}