{"id":6587,"date":"2019-12-04T10:51:17","date_gmt":"2019-12-04T07:51:17","guid":{"rendered":"https:\/\/www.elysium.gr\/?page_id=6587"},"modified":"2025-03-04T15:54:03","modified_gmt":"2025-03-04T12:54:03","slug":"event","status":"publish","type":"page","link":"https:\/\/www.rodospalladium.gr\/de\/event\/","title":{"rendered":"VERANSTALTUNGEN"},"content":{"rendered":"<h3 style=\"text-align: center;\"><span style=\"color: #baa789;\"><strong>Rodos Palladium \u2013 Die perfekte Location f\u00fcr Hochzeiten &amp; Events auf Rhodos<\/strong><\/span><\/h3>\n<p>Erleben Sie unvergessliche romantische Momente oder veranstalten Sie ein erfolgreiches Business-Event im Rodos Palladium, dem exklusiven 5-Sterne-Resort auf Rhodos. Mit beeindruckenden Veranstaltungsorten, professioneller Planung und luxuri\u00f6sen Unterk\u00fcnften schaffen wir den perfekten Rahmen f\u00fcr Hochzeiten, Tagungen und Firmenveranstaltungen.<\/p>\n","protected":false},"excerpt":{"rendered":"<p>Rodos Palladium \u2013 Die perfekte Location f\u00fcr Hochzeiten &amp; Events auf Rhodos Erleben Sie unvergessliche romantische Momente oder veranstalten Sie ein erfolgreiches Business-Event im Rodos Palladium, dem exklusiven 5-Sterne-Resort auf Rhodos. Mit beeindruckenden Veranstaltungsorten, professioneller Planung und luxuri\u00f6sen Unterk\u00fcnften schaffen wir den perfekten Rahmen f\u00fcr Hochzeiten, Tagungen und Firmenveranstaltungen.<\/p>\n","protected":false},"author":200,"featured_media":9956,"parent":0,"menu_order":0,"comment_status":"closed","ping_status":"closed","template":"","meta":{"_acf_changed":false,"footnotes":""},"class_list":["post-6587","page","type-page","status-publish","has-post-thumbnail","hentry"],"acf":[],"yoast_head":"<!-- This site is optimized with the Yoast SEO plugin v26.9 - https:\/\/yoast.com\/product\/yoast-seo-wordpress\/ -->\n<title>VERANSTALTUNGEN - Rodos Palladium Leisure &amp; Wellness<\/title>\n<meta name=\"robots\" content=\"index, follow, max-snippet:-1, max-image-preview:large, max-video-preview:-1\" \/>\n<link rel=\"canonical\" href=\"https:\/\/www.rodospalladium.gr\/de\/event\/\" \/>\n<meta property=\"og:locale\" content=\"de_DE\" \/>\n<meta property=\"og:type\" content=\"article\" \/>\n<meta property=\"og:title\" content=\"VERANSTALTUNGEN - Rodos Palladium Leisure &amp; Wellness\" \/>\n<meta property=\"og:description\" content=\"Rodos Palladium \u2013 Die perfekte Location f\u00fcr Hochzeiten &amp; Events auf Rhodos Erleben Sie unvergessliche romantische Momente oder veranstalten Sie ein erfolgreiches Business-Event im Rodos Palladium, dem exklusiven 5-Sterne-Resort auf Rhodos. Mit beeindruckenden Veranstaltungsorten, professioneller Planung und luxuri\u00f6sen Unterk\u00fcnften schaffen wir den perfekten Rahmen f\u00fcr Hochzeiten, Tagungen und Firmenveranstaltungen.\" \/>\n<meta property=\"og:url\" content=\"https:\/\/www.rodospalladium.gr\/de\/event\/\" \/>\n<meta property=\"og:site_name\" content=\"Rodos Palladium Leisure &amp; Wellness\" \/>\n<meta property=\"article:modified_time\" content=\"2025-03-04T12:54:03+00:00\" \/>\n<meta property=\"og:image\" content=\"https:\/\/www.rodospalladium.gr\/app\/uploads\/sites\/46\/2020\/02\/910_Academia_Hall_RODOS_PALLADIUM.jpeg\" \/>\n\t<meta property=\"og:image:width\" content=\"1920\" \/>\n\t<meta property=\"og:image:height\" content=\"852\" \/>\n\t<meta property=\"og:image:type\" content=\"image\/jpeg\" \/>\n<meta name=\"twitter:card\" content=\"summary_large_image\" \/>\n<meta name=\"twitter:label1\" content=\"Est. reading time\" \/>\n\t<meta name=\"twitter:data1\" content=\"1\u00a0Minute\" \/>\n<script type=\"application\/ld+json\" class=\"yoast-schema-graph\">{\"@context\":\"https:\/\/schema.org\",\"@graph\":[{\"@type\":\"WebPage\",\"@id\":\"https:\/\/www.rodospalladium.gr\/de\/event\/\",\"url\":\"https:\/\/www.rodospalladium.gr\/de\/event\/\",\"name\":\"VERANSTALTUNGEN - Rodos Palladium Leisure &amp; Wellness\",\"isPartOf\":{\"@id\":\"https:\/\/www.rodospalladium.gr\/#website\"},\"primaryImageOfPage\":{\"@id\":\"https:\/\/www.rodospalladium.gr\/de\/event\/#primaryimage\"},\"image\":{\"@id\":\"https:\/\/www.rodospalladium.gr\/de\/event\/#primaryimage\"},\"thumbnailUrl\":\"https:\/\/www.rodospalladium.gr\/app\/uploads\/sites\/46\/2020\/02\/910_Academia_Hall_RODOS_PALLADIUM.jpeg\",\"datePublished\":\"2019-12-04T07:51:17+00:00\",\"dateModified\":\"2025-03-04T12:54:03+00:00\",\"breadcrumb\":{\"@id\":\"https:\/\/www.rodospalladium.gr\/de\/event\/#breadcrumb\"},\"inLanguage\":\"de\",\"potentialAction\":[{\"@type\":\"ReadAction\",\"target\":[\"https:\/\/www.rodospalladium.gr\/de\/event\/\"]}]},{\"@type\":\"ImageObject\",\"inLanguage\":\"de\",\"@id\":\"https:\/\/www.rodospalladium.gr\/de\/event\/#primaryimage\",\"url\":\"https:\/\/www.rodospalladium.gr\/app\/uploads\/sites\/46\/2020\/02\/910_Academia_Hall_RODOS_PALLADIUM.jpeg\",\"contentUrl\":\"https:\/\/www.rodospalladium.gr\/app\/uploads\/sites\/46\/2020\/02\/910_Academia_Hall_RODOS_PALLADIUM.jpeg\",\"width\":1920,\"height\":852},{\"@type\":\"BreadcrumbList\",\"@id\":\"https:\/\/www.rodospalladium.gr\/de\/event\/#breadcrumb\",\"itemListElement\":[{\"@type\":\"ListItem\",\"position\":1,\"name\":\"Home\",\"item\":\"https:\/\/www.rodospalladium.gr\/de\/\"},{\"@type\":\"ListItem\",\"position\":2,\"name\":\"VERANSTALTUNGEN\"}]},{\"@type\":\"WebSite\",\"@id\":\"https:\/\/www.rodospalladium.gr\/#website\",\"url\":\"https:\/\/www.rodospalladium.gr\/\",\"name\":\"Rodos Palladium Leisure &amp; Wellness\",\"description\":\"Rodos Palladium Leisure &amp; Wellness is among Rhodes finest five star hotels. It enjoys a premier beach front location at Kallithea bay, offering luxurious accommodation and exclusive leisure and spa facilities.\",\"potentialAction\":[{\"@type\":\"SearchAction\",\"target\":{\"@type\":\"EntryPoint\",\"urlTemplate\":\"https:\/\/www.rodospalladium.gr\/?s={search_term_string}\"},\"query-input\":{\"@type\":\"PropertyValueSpecification\",\"valueRequired\":true,\"valueName\":\"search_term_string\"}}],\"inLanguage\":\"de\"}]}<\/script>\n<!-- \/ Yoast SEO plugin. -->","yoast_head_json":{"title":"VERANSTALTUNGEN - Rodos Palladium Leisure &amp; Wellness","robots":{"index":"index","follow":"follow","max-snippet":"max-snippet:-1","max-image-preview":"max-image-preview:large","max-video-preview":"max-video-preview:-1"},"canonical":"https:\/\/www.rodospalladium.gr\/de\/event\/","og_locale":"de_DE","og_type":"article","og_title":"VERANSTALTUNGEN - Rodos Palladium Leisure &amp; Wellness","og_description":"Rodos Palladium \u2013 Die perfekte Location f\u00fcr Hochzeiten &amp; Events auf Rhodos Erleben Sie unvergessliche romantische Momente oder veranstalten Sie ein erfolgreiches Business-Event im Rodos Palladium, dem exklusiven 5-Sterne-Resort auf Rhodos. Mit beeindruckenden Veranstaltungsorten, professioneller Planung und luxuri\u00f6sen Unterk\u00fcnften schaffen wir den perfekten Rahmen f\u00fcr Hochzeiten, Tagungen und Firmenveranstaltungen.","og_url":"https:\/\/www.rodospalladium.gr\/de\/event\/","og_site_name":"Rodos Palladium Leisure &amp; Wellness","article_modified_time":"2025-03-04T12:54:03+00:00","og_image":[{"width":1920,"height":852,"url":"https:\/\/www.rodospalladium.gr\/app\/uploads\/sites\/46\/2020\/02\/910_Academia_Hall_RODOS_PALLADIUM.jpeg","type":"image\/jpeg"}],"twitter_card":"summary_large_image","twitter_misc":{"Est. reading time":"1\u00a0Minute"},"schema":{"@context":"https:\/\/schema.org","@graph":[{"@type":"WebPage","@id":"https:\/\/www.rodospalladium.gr\/de\/event\/","url":"https:\/\/www.rodospalladium.gr\/de\/event\/","name":"VERANSTALTUNGEN - Rodos Palladium Leisure &amp; Wellness","isPartOf":{"@id":"https:\/\/www.rodospalladium.gr\/#website"},"primaryImageOfPage":{"@id":"https:\/\/www.rodospalladium.gr\/de\/event\/#primaryimage"},"image":{"@id":"https:\/\/www.rodospalladium.gr\/de\/event\/#primaryimage"},"thumbnailUrl":"https:\/\/www.rodospalladium.gr\/app\/uploads\/sites\/46\/2020\/02\/910_Academia_Hall_RODOS_PALLADIUM.jpeg","datePublished":"2019-12-04T07:51:17+00:00","dateModified":"2025-03-04T12:54:03+00:00","breadcrumb":{"@id":"https:\/\/www.rodospalladium.gr\/de\/event\/#breadcrumb"},"inLanguage":"de","potentialAction":[{"@type":"ReadAction","target":["https:\/\/www.rodospalladium.gr\/de\/event\/"]}]},{"@type":"ImageObject","inLanguage":"de","@id":"https:\/\/www.rodospalladium.gr\/de\/event\/#primaryimage","url":"https:\/\/www.rodospalladium.gr\/app\/uploads\/sites\/46\/2020\/02\/910_Academia_Hall_RODOS_PALLADIUM.jpeg","contentUrl":"https:\/\/www.rodospalladium.gr\/app\/uploads\/sites\/46\/2020\/02\/910_Academia_Hall_RODOS_PALLADIUM.jpeg","width":1920,"height":852},{"@type":"BreadcrumbList","@id":"https:\/\/www.rodospalladium.gr\/de\/event\/#breadcrumb","itemListElement":[{"@type":"ListItem","position":1,"name":"Home","item":"https:\/\/www.rodospalladium.gr\/de\/"},{"@type":"ListItem","position":2,"name":"VERANSTALTUNGEN"}]},{"@type":"WebSite","@id":"https:\/\/www.rodospalladium.gr\/#website","url":"https:\/\/www.rodospalladium.gr\/","name":"Rodos Palladium Leisure &amp; Wellness","description":"Rodos Palladium Leisure &amp; Wellness is among Rhodes finest five star hotels. It enjoys a premier beach front location at Kallithea bay, offering luxurious accommodation and exclusive leisure and spa facilities.","potentialAction":[{"@type":"SearchAction","target":{"@type":"EntryPoint","urlTemplate":"https:\/\/www.rodospalladium.gr\/?s={search_term_string}"},"query-input":{"@type":"PropertyValueSpecification","valueRequired":true,"valueName":"search_term_string"}}],"inLanguage":"de"}]}},"_links":{"self":[{"href":"https:\/\/www.rodospalladium.gr\/de\/wp-json\/wp\/v2\/pages\/6587"}],"collection":[{"href":"https:\/\/www.rodospalladium.gr\/de\/wp-json\/wp\/v2\/pages"}],"about":[{"href":"https:\/\/www.rodospalladium.gr\/de\/wp-json\/wp\/v2\/types\/page"}],"author":[{"embeddable":true,"href":"https:\/\/www.rodospalladium.gr\/de\/wp-json\/wp\/v2\/users\/200"}],"replies":[{"embeddable":true,"href":"https:\/\/www.rodospalladium.gr\/de\/wp-json\/wp\/v2\/comments?post=6587"}],"version-history":[{"count":10,"href":"https:\/\/www.rodospalladium.gr\/de\/wp-json\/wp\/v2\/pages\/6587\/revisions"}],"predecessor-version":[{"id":30802,"href":"https:\/\/www.rodospalladium.gr\/de\/wp-json\/wp\/v2\/pages\/6587\/revisions\/30802"}],"wp:featuredmedia":[{"embeddable":true,"href":"https:\/\/www.rodospalladium.gr\/de\/wp-json\/wp\/v2\/media\/9956"}],"wp:attachment":[{"href":"https:\/\/www.rodospalladium.gr\/de\/wp-json\/wp\/v2\/media?parent=6587"}],"curies":[{"name":"wp","href":"https:\/\/api.w.org\/{rel}","templated":true}]}}