{"id":683,"date":"2019-02-15T08:54:48","date_gmt":"2019-02-15T05:54:48","guid":{"rendered":"http:\/\/harmony.cms4.nelios.com\/the-hotel\/"},"modified":"2025-09-04T09:04:05","modified_gmt":"2025-09-04T06:04:05","slug":"das-hotel","status":"publish","type":"page","link":"https:\/\/www.rodospalladium.gr\/de\/das-hotel\/","title":{"rendered":"Hotel \u00dcberblick"},"content":{"rendered":"<h2><span style=\"color: #baa789;\">Rodos Palladium Leisure &amp; Wellness<\/span><\/h2>\n<p>Das Hotel Rodos Palladium, das am h\u00e4ufigsten ausgezeichnete Luxushotel der Insel, kombiniert diskreten Luxus mit authentischer Qualit\u00e4t. Das Hotel konnte sich aufgrund des exzellenten Services, dem zuvorkommenden Personal, den eleganten Restaurants mit Spezialit\u00e4ten aus Griechenland und dem Mittelmeerraum, den mond\u00e4nen Bars und dem gro\u00dfen tropischen Pool einen \u00fcberaus angesehenen Namen schaffen. Eine Anlage die sich ideal sowohl zur Erholung, als auch f\u00fcr Ihre Gesch\u00e4ftsreise mit den beeindruckenden Konferenzr\u00e4umen und der hochmodernen Ausstattung eignet.<\/p>\n<p><strong>LAGE<\/strong><br \/>\nAuf einer Fl\u00e4che von 30.000 m\u00b2 erbaut, befindet sich das Rodos Palladium in einer ausgezeichneten Lage, direkt am Sand- und Kieselstrand von Kallithea von Kallithea, welcher mit der blauen Flagge ausgezeichnet wurde. Ideal gelegen, unweit von der pr\u00e4chtigen mittelalterlichen Stadt mit ihren historischen Sehensw\u00fcrdigkeiten, den Natursch\u00f6nheiten und den traditionellen D\u00f6rfern der bezaubernden Ostk\u00fcste der Insel.<\/p>\n<p><strong>Entfernungen:<\/strong><\/p>\n<ul>\n<li>Rhodos Stadtzentrum: 8Km<\/li>\n<li>Internationaler Flughafen: 15Km<\/li>\n<li>Afandou 18-Loch Golfplatz: 8Km<\/li>\n<li>Lindos: 42Km<\/li>\n<\/ul>\n<h3><strong><br \/>\n<span style=\"color: #baa789;\">DAS HOTEL AUF EINEM BLICK<\/span><\/strong><\/h3>\n<ul>\n<li>Direkte Strandlage<\/li>\n<li>Mit der Blauen Flagge ausgezeichneter Strand<\/li>\n<li>377 G\u00e4stezimmer &amp; Suiten<\/li>\n<li>3 Restaurants &amp; 3 Bars<\/li>\n<li>Wellness &amp; Spa Center mit Beheiztes Hallenbad <strong>(Kinder unter 16 Jahren sind nicht erlaubt)<\/strong><\/li>\n<li>Gro\u00dfer Au\u00dfen Pool<\/li>\n<li>Kinderbecken (Au\u00dfen)<\/li>\n<li>Sportanlagen<\/li>\n<li>Kostenfreies WLAN in der gesamten Anlage verf\u00fcgbar<\/li>\n<\/ul>\n<h3><strong><br \/>\n<span style=\"color: #baa789;\">UNTERKUNFT<\/span><\/strong><\/h3>\n<p>Das luxuri\u00f6se Hotel besteht aus einem 6-st\u00f6ckigen Hauptgeb\u00e4ude, drei 4-st\u00f6ckigen Nebengeb\u00e4uden allesamt mit Meerblick; einem 3-st\u00f6ckigen Geb\u00e4ude mit Deluxe-Familienzimmern ganz in der N\u00e4he des Strandes und einem separaten Geb\u00e4ude im Erdgeschoss mit Executive Zimmern und Suiten mit privaten Pools, nur ein paar Schritte vom Meer entfernt. Alle Zimmer verf\u00fcgen \u00fcber folgende Ausstattung: Individuell steuerbare Klimaanlage, LCD Satellitenfernseher, Wi-Fi Internetzugang (gratis), Schreibtisch, Direktwahltelefon, kleiner K\u00fchlschrank (aufgef\u00fcllte Minibar auf Anfrage), Hausschuhe, Mini Wasserkocher, Safe (ohne Aufpreis). Das gro\u00dfr\u00e4umige Marmorbad verf\u00fcgt \u00fcber Telefonanschluss, F\u00f6hn und Kosmetikspiegel. Zu den Sicherheitssystemen, mit denen die Zimmer ausgestattet sind, geh\u00f6ren magnetische Schl\u00fcsselkarten, Rauchsensoren, Feuerl\u00f6sch-Spr\u00fchanlage und feuersichere T\u00fcren. <strong>Das Mindestalter<\/strong> f\u00fcr den Check-in betr\u00e4gt 18 Jahre. Kinder unter 18 Jahren m\u00fcssen von einem Erwachsenen begleitet werden.<\/p>\n<h4><strong><br \/>\nZIMMERTYPEN:<\/strong><\/h4>\n<ul>\n<li>Deluxe Zimmer mit Landblick (27m\u00b2\/ 2-3 Personen)<\/li>\n<li>Deluxe Zimmer mit Meerblick (27m\u00b2\/ 2-3 Personen)<\/li>\n<li>Superior Zimmer mit Meerblick (27-30m\u00b2\/ 2-3 Personen)<\/li>\n<li>Elite Zimmer mit direktem Meerblick (30m\u00b2\/ 2-3 Personen)<\/li>\n<li>Deluxe Familienzimmer mit Meerblick (35m\u00b2\/ 2-3 Personen)<\/li>\n<li>Juniorsuite mit Meerblick (44m\u00b2\/2-3 Personen)<\/li>\n<li>Executive Zimmer mit privatem Pool (40m\u00b2\/ 2-3 Personen)<\/li>\n<li>Suite mit Meerblick (75m\u00b2\/ 2-3 Personen)<\/li>\n<li>Executive Suite mit privatem Pool &amp; Gartenblick (ca. 50m\u00b2\/ 2-3 Personen)<\/li>\n<li>Executive Suite mit privatem Pool &amp; Meerblick (ca. 50m\u00b2\/ 2-3 Personen)<\/li>\n<\/ul>\n<p><strong><br \/>\n<\/strong><em>F\u00fcr detaillierte Eigenschaften der Zimmertypen bitte <strong><a href=\"\/de\/rooms\/\">hier klicken<\/a>.<\/strong><\/em><\/p>\n","protected":false},"excerpt":{"rendered":"<p>Rodos Palladium Leisure &amp; Wellness Das Hotel Rodos Palladium, das am h\u00e4ufigsten ausgezeichnete Luxushotel der Insel, kombiniert diskreten Luxus mit authentischer Qualit\u00e4t. Das Hotel konnte sich aufgrund des exzellenten Services, dem zuvorkommenden Personal, den eleganten Restaurants mit Spezialit\u00e4ten aus Griechenland und dem Mittelmeerraum, den mond\u00e4nen Bars und dem gro\u00dfen tropischen Pool einen \u00fcberaus angesehenen Namen<\/p>\n","protected":false},"author":2,"featured_media":13220,"parent":0,"menu_order":0,"comment_status":"closed","ping_status":"closed","template":"","meta":{"_acf_changed":false,"footnotes":""},"class_list":["post-683","page","type-page","status-publish","has-post-thumbnail","hentry"],"acf":[],"yoast_head":"<!-- This site is optimized with the Yoast SEO plugin v26.9 - https:\/\/yoast.com\/product\/yoast-seo-wordpress\/ -->\n<title>Hotel \u00dcberblick - Rodos Palladium Leisure &amp; Wellness<\/title>\n<meta name=\"description\" content=\"F\u00fcnf-Sterne-Luxusresort am Strand von Kallithea, Rhodos. Rodos\u202fPalladium bietet preisgekr\u00f6nte Gastfreundschaft, Spa, feine K\u00fcche, Pools &amp; mediterranen Charme.\" \/>\n<meta name=\"robots\" content=\"index, follow, max-snippet:-1, max-image-preview:large, max-video-preview:-1\" \/>\n<link rel=\"canonical\" href=\"https:\/\/www.rodospalladium.gr\/de\/das-hotel\/\" \/>\n<meta property=\"og:locale\" content=\"de_DE\" \/>\n<meta property=\"og:type\" content=\"article\" \/>\n<meta property=\"og:title\" content=\"Hotel \u00dcberblick - Rodos Palladium Leisure &amp; Wellness\" \/>\n<meta property=\"og:description\" content=\"F\u00fcnf-Sterne-Luxusresort am Strand von Kallithea, Rhodos. Rodos\u202fPalladium bietet preisgekr\u00f6nte Gastfreundschaft, Spa, feine K\u00fcche, Pools &amp; mediterranen Charme.\" \/>\n<meta property=\"og:url\" content=\"https:\/\/www.rodospalladium.gr\/de\/das-hotel\/\" \/>\n<meta property=\"og:site_name\" content=\"Rodos Palladium Leisure &amp; Wellness\" \/>\n<meta property=\"article:modified_time\" content=\"2025-09-04T06:04:05+00:00\" \/>\n<meta property=\"og:image\" content=\"https:\/\/www.rodospalladium.gr\/app\/uploads\/sites\/46\/2021\/08\/254_RODOS_PALLADIUM_Outdoor_Pools.jpg\" \/>\n\t<meta property=\"og:image:width\" content=\"1920\" \/>\n\t<meta property=\"og:image:height\" content=\"1200\" \/>\n\t<meta property=\"og:image:type\" content=\"image\/jpeg\" \/>\n<meta name=\"twitter:card\" content=\"summary_large_image\" \/>\n<meta name=\"twitter:label1\" content=\"Est. reading time\" \/>\n\t<meta name=\"twitter:data1\" content=\"2\u00a0Minuten\" \/>\n<script type=\"application\/ld+json\" class=\"yoast-schema-graph\">{\"@context\":\"https:\/\/schema.org\",\"@graph\":[{\"@type\":\"WebPage\",\"@id\":\"https:\/\/www.rodospalladium.gr\/de\/das-hotel\/\",\"url\":\"https:\/\/www.rodospalladium.gr\/de\/das-hotel\/\",\"name\":\"Hotel \u00dcberblick - Rodos Palladium Leisure &amp; Wellness\",\"isPartOf\":{\"@id\":\"https:\/\/www.rodospalladium.gr\/#website\"},\"primaryImageOfPage\":{\"@id\":\"https:\/\/www.rodospalladium.gr\/de\/das-hotel\/#primaryimage\"},\"image\":{\"@id\":\"https:\/\/www.rodospalladium.gr\/de\/das-hotel\/#primaryimage\"},\"thumbnailUrl\":\"https:\/\/www.rodospalladium.gr\/app\/uploads\/sites\/46\/2021\/08\/254_RODOS_PALLADIUM_Outdoor_Pools.jpg\",\"datePublished\":\"2019-02-15T05:54:48+00:00\",\"dateModified\":\"2025-09-04T06:04:05+00:00\",\"description\":\"F\u00fcnf-Sterne-Luxusresort am Strand von Kallithea, Rhodos. Rodos\u202fPalladium bietet preisgekr\u00f6nte Gastfreundschaft, Spa, feine K\u00fcche, Pools & mediterranen Charme.\",\"breadcrumb\":{\"@id\":\"https:\/\/www.rodospalladium.gr\/de\/das-hotel\/#breadcrumb\"},\"inLanguage\":\"de\",\"potentialAction\":[{\"@type\":\"ReadAction\",\"target\":[\"https:\/\/www.rodospalladium.gr\/de\/das-hotel\/\"]}]},{\"@type\":\"ImageObject\",\"inLanguage\":\"de\",\"@id\":\"https:\/\/www.rodospalladium.gr\/de\/das-hotel\/#primaryimage\",\"url\":\"https:\/\/www.rodospalladium.gr\/app\/uploads\/sites\/46\/2021\/08\/254_RODOS_PALLADIUM_Outdoor_Pools.jpg\",\"contentUrl\":\"https:\/\/www.rodospalladium.gr\/app\/uploads\/sites\/46\/2021\/08\/254_RODOS_PALLADIUM_Outdoor_Pools.jpg\",\"width\":1920,\"height\":1200,\"caption\":\"Outdoor Pools\"},{\"@type\":\"BreadcrumbList\",\"@id\":\"https:\/\/www.rodospalladium.gr\/de\/das-hotel\/#breadcrumb\",\"itemListElement\":[{\"@type\":\"ListItem\",\"position\":1,\"name\":\"Home\",\"item\":\"https:\/\/www.rodospalladium.gr\/de\/\"},{\"@type\":\"ListItem\",\"position\":2,\"name\":\"Hotel \u00dcberblick\"}]},{\"@type\":\"WebSite\",\"@id\":\"https:\/\/www.rodospalladium.gr\/#website\",\"url\":\"https:\/\/www.rodospalladium.gr\/\",\"name\":\"Rodos Palladium Leisure &amp; Wellness\",\"description\":\"Rodos Palladium Leisure &amp; Wellness is among Rhodes finest five star hotels. It enjoys a premier beach front location at Kallithea bay, offering luxurious accommodation and exclusive leisure and spa facilities.\",\"potentialAction\":[{\"@type\":\"SearchAction\",\"target\":{\"@type\":\"EntryPoint\",\"urlTemplate\":\"https:\/\/www.rodospalladium.gr\/?s={search_term_string}\"},\"query-input\":{\"@type\":\"PropertyValueSpecification\",\"valueRequired\":true,\"valueName\":\"search_term_string\"}}],\"inLanguage\":\"de\"}]}<\/script>\n<!-- \/ Yoast SEO plugin. -->","yoast_head_json":{"title":"Hotel \u00dcberblick - Rodos Palladium Leisure &amp; Wellness","description":"F\u00fcnf-Sterne-Luxusresort am Strand von Kallithea, Rhodos. Rodos\u202fPalladium bietet preisgekr\u00f6nte Gastfreundschaft, Spa, feine K\u00fcche, Pools & mediterranen Charme.","robots":{"index":"index","follow":"follow","max-snippet":"max-snippet:-1","max-image-preview":"max-image-preview:large","max-video-preview":"max-video-preview:-1"},"canonical":"https:\/\/www.rodospalladium.gr\/de\/das-hotel\/","og_locale":"de_DE","og_type":"article","og_title":"Hotel \u00dcberblick - Rodos Palladium Leisure &amp; Wellness","og_description":"F\u00fcnf-Sterne-Luxusresort am Strand von Kallithea, Rhodos. Rodos\u202fPalladium bietet preisgekr\u00f6nte Gastfreundschaft, Spa, feine K\u00fcche, Pools & mediterranen Charme.","og_url":"https:\/\/www.rodospalladium.gr\/de\/das-hotel\/","og_site_name":"Rodos Palladium Leisure &amp; Wellness","article_modified_time":"2025-09-04T06:04:05+00:00","og_image":[{"width":1920,"height":1200,"url":"https:\/\/www.rodospalladium.gr\/app\/uploads\/sites\/46\/2021\/08\/254_RODOS_PALLADIUM_Outdoor_Pools.jpg","type":"image\/jpeg"}],"twitter_card":"summary_large_image","twitter_misc":{"Est. reading time":"2\u00a0Minuten"},"schema":{"@context":"https:\/\/schema.org","@graph":[{"@type":"WebPage","@id":"https:\/\/www.rodospalladium.gr\/de\/das-hotel\/","url":"https:\/\/www.rodospalladium.gr\/de\/das-hotel\/","name":"Hotel \u00dcberblick - Rodos Palladium Leisure &amp; Wellness","isPartOf":{"@id":"https:\/\/www.rodospalladium.gr\/#website"},"primaryImageOfPage":{"@id":"https:\/\/www.rodospalladium.gr\/de\/das-hotel\/#primaryimage"},"image":{"@id":"https:\/\/www.rodospalladium.gr\/de\/das-hotel\/#primaryimage"},"thumbnailUrl":"https:\/\/www.rodospalladium.gr\/app\/uploads\/sites\/46\/2021\/08\/254_RODOS_PALLADIUM_Outdoor_Pools.jpg","datePublished":"2019-02-15T05:54:48+00:00","dateModified":"2025-09-04T06:04:05+00:00","description":"F\u00fcnf-Sterne-Luxusresort am Strand von Kallithea, Rhodos. Rodos\u202fPalladium bietet preisgekr\u00f6nte Gastfreundschaft, Spa, feine K\u00fcche, Pools & mediterranen Charme.","breadcrumb":{"@id":"https:\/\/www.rodospalladium.gr\/de\/das-hotel\/#breadcrumb"},"inLanguage":"de","potentialAction":[{"@type":"ReadAction","target":["https:\/\/www.rodospalladium.gr\/de\/das-hotel\/"]}]},{"@type":"ImageObject","inLanguage":"de","@id":"https:\/\/www.rodospalladium.gr\/de\/das-hotel\/#primaryimage","url":"https:\/\/www.rodospalladium.gr\/app\/uploads\/sites\/46\/2021\/08\/254_RODOS_PALLADIUM_Outdoor_Pools.jpg","contentUrl":"https:\/\/www.rodospalladium.gr\/app\/uploads\/sites\/46\/2021\/08\/254_RODOS_PALLADIUM_Outdoor_Pools.jpg","width":1920,"height":1200,"caption":"Outdoor Pools"},{"@type":"BreadcrumbList","@id":"https:\/\/www.rodospalladium.gr\/de\/das-hotel\/#breadcrumb","itemListElement":[{"@type":"ListItem","position":1,"name":"Home","item":"https:\/\/www.rodospalladium.gr\/de\/"},{"@type":"ListItem","position":2,"name":"Hotel \u00dcberblick"}]},{"@type":"WebSite","@id":"https:\/\/www.rodospalladium.gr\/#website","url":"https:\/\/www.rodospalladium.gr\/","name":"Rodos Palladium Leisure &amp; Wellness","description":"Rodos Palladium Leisure &amp; Wellness is among Rhodes finest five star hotels. It enjoys a premier beach front location at Kallithea bay, offering luxurious accommodation and exclusive leisure and spa facilities.","potentialAction":[{"@type":"SearchAction","target":{"@type":"EntryPoint","urlTemplate":"https:\/\/www.rodospalladium.gr\/?s={search_term_string}"},"query-input":{"@type":"PropertyValueSpecification","valueRequired":true,"valueName":"search_term_string"}}],"inLanguage":"de"}]}},"_links":{"self":[{"href":"https:\/\/www.rodospalladium.gr\/de\/wp-json\/wp\/v2\/pages\/683"}],"collection":[{"href":"https:\/\/www.rodospalladium.gr\/de\/wp-json\/wp\/v2\/pages"}],"about":[{"href":"https:\/\/www.rodospalladium.gr\/de\/wp-json\/wp\/v2\/types\/page"}],"author":[{"embeddable":true,"href":"https:\/\/www.rodospalladium.gr\/de\/wp-json\/wp\/v2\/users\/2"}],"replies":[{"embeddable":true,"href":"https:\/\/www.rodospalladium.gr\/de\/wp-json\/wp\/v2\/comments?post=683"}],"version-history":[{"count":11,"href":"https:\/\/www.rodospalladium.gr\/de\/wp-json\/wp\/v2\/pages\/683\/revisions"}],"predecessor-version":[{"id":31439,"href":"https:\/\/www.rodospalladium.gr\/de\/wp-json\/wp\/v2\/pages\/683\/revisions\/31439"}],"wp:featuredmedia":[{"embeddable":true,"href":"https:\/\/www.rodospalladium.gr\/de\/wp-json\/wp\/v2\/media\/13220"}],"wp:attachment":[{"href":"https:\/\/www.rodospalladium.gr\/de\/wp-json\/wp\/v2\/media?parent=683"}],"curies":[{"name":"wp","href":"https:\/\/api.w.org\/{rel}","templated":true}]}}