{"id":713,"date":"2019-02-15T08:54:47","date_gmt":"2019-02-15T05:54:47","guid":{"rendered":"http:\/\/harmony.cms4.nelios.com\/restaurants\/"},"modified":"2025-02-21T14:04:34","modified_gmt":"2025-02-21T11:04:34","slug":"restaurants-bars","status":"publish","type":"page","link":"https:\/\/www.rodospalladium.gr\/de\/restaurants-bars\/","title":{"rendered":"RESTAURANTS &#038; BARS"},"content":{"rendered":"<h2><span style=\"color: #baa789;\">Entdecken Sie eine Welt h\u00f6chster kulinarischer Kunst <\/span><\/h2>\n<p>K\u00f6stliche mediterrane Aromen, faszinierende internationale Gerichte und verlockende griechische K\u00f6stlichkeiten werden jedem Bed\u00fcrfnis und Geschmack gerecht. Diese Gaumenfreuden werden jedem Wunsch und Geschmack gerecht.<\/p>\n<p>Das gastronomische Angebot im Rhodos Palladium wird Sie sprachlos machen!<\/p>\n<p>Es ist kein Geheimnis, dass die K\u00fcche des Rhodos Palladium Hotels bereits mehrmals f\u00fcr seine Kreativit\u00e4t, seinen Geschmack und seine Vielfalt gelobt und ausgezeichnet wurde. Unsere Verpflichtung gegen\u00fcber den Standards von ISO 9001:2000 und ISO 22000:2005 (Ex HACCP \u2013 Gefahrenanalyse und kritische Kontrollpunkte) bestimmt eine sorgf\u00e4ltige Auswahl unserer Lieferanten, die beste Zutaten auf dem Markt und Qualit\u00e4tssicherheit im Rahmen der Internationalen Lebensmittelzubereitungsstandards garantieren.<\/p>\n<p>Mit einer beeindruckenden Auswahl an Restaurants und Bars k\u00f6nnen Sie sicher sein, dass Sie bei uns in den besten H\u00e4nden sind!<\/p>\n<h4><strong><em>KLEIDERORDNUNG<\/em>\/DRESS CODE:<\/strong><\/h4>\n<p>Damit Sie Ihren Aufenthalt in unserem Haus in vollen Z\u00fcgen genie\u00dfen k\u00f6nnen, m\u00f6chten wir, dass Sie sich rundum wohlf\u00fchlen und sich das l\u00e4stige mehrmalige Umziehen ersparen. Jedoch als Zeichen des Respekts gegen\u00fcber all unseren G\u00e4sten, die aus verschiedenen L\u00e4ndern und Kulturen stammen, wenden wir w\u00e4hrend des Abendessens in unseren Restaurants eine schick-l\u00e4ssige Kleiderordnung an &#8211; daher wird die folgende Kleidung <strong>NICHT AKZEPTIERT<\/strong>.<\/p>\n<p><strong>Sportshorts oder Trainingshosen, Sport-T-Shirts oder Tr\u00e4gerhemden oder \u00e4rmellose Hemden und Flip-Flops.<\/strong><\/p>\n","protected":false},"excerpt":{"rendered":"<p>Entdecken Sie eine Welt h\u00f6chster kulinarischer Kunst K\u00f6stliche mediterrane Aromen, faszinierende internationale Gerichte und verlockende griechische K\u00f6stlichkeiten werden jedem Bed\u00fcrfnis und Geschmack gerecht. Diese Gaumenfreuden werden jedem Wunsch und Geschmack gerecht. Das gastronomische Angebot im Rhodos Palladium wird Sie sprachlos machen! Es ist kein Geheimnis, dass die K\u00fcche des Rhodos Palladium Hotels bereits mehrmals f\u00fcr<\/p>\n","protected":false},"author":2,"featured_media":13241,"parent":0,"menu_order":0,"comment_status":"closed","ping_status":"closed","template":"","meta":{"_acf_changed":false,"footnotes":""},"class_list":["post-713","page","type-page","status-publish","has-post-thumbnail","hentry"],"acf":[],"yoast_head":"<!-- This site is optimized with the Yoast SEO plugin v26.9 - https:\/\/yoast.com\/product\/yoast-seo-wordpress\/ -->\n<title>RESTAURANTS &amp; BARS - Rodos Palladium Leisure &amp; Wellness<\/title>\n<meta name=\"robots\" content=\"index, follow, max-snippet:-1, max-image-preview:large, max-video-preview:-1\" \/>\n<link rel=\"canonical\" href=\"https:\/\/www.rodospalladium.gr\/de\/restaurants-bars\/\" \/>\n<meta property=\"og:locale\" content=\"de_DE\" \/>\n<meta property=\"og:type\" content=\"article\" \/>\n<meta property=\"og:title\" content=\"RESTAURANTS &amp; BARS - Rodos Palladium Leisure &amp; Wellness\" \/>\n<meta property=\"og:description\" content=\"Entdecken Sie eine Welt h\u00f6chster kulinarischer Kunst K\u00f6stliche mediterrane Aromen, faszinierende internationale Gerichte und verlockende griechische K\u00f6stlichkeiten werden jedem Bed\u00fcrfnis und Geschmack gerecht. Diese Gaumenfreuden werden jedem Wunsch und Geschmack gerecht. Das gastronomische Angebot im Rhodos Palladium wird Sie sprachlos machen! Es ist kein Geheimnis, dass die K\u00fcche des Rhodos Palladium Hotels bereits mehrmals f\u00fcr\" \/>\n<meta property=\"og:url\" content=\"https:\/\/www.rodospalladium.gr\/de\/restaurants-bars\/\" \/>\n<meta property=\"og:site_name\" content=\"Rodos Palladium Leisure &amp; Wellness\" \/>\n<meta property=\"article:modified_time\" content=\"2025-02-21T11:04:34+00:00\" \/>\n<meta property=\"og:image\" content=\"https:\/\/www.rodospalladium.gr\/app\/uploads\/sites\/46\/2021\/08\/332_RODOS_PALLADIUM_Thalassa_Restaurant-1.jpg\" \/>\n\t<meta property=\"og:image:width\" content=\"1920\" \/>\n\t<meta property=\"og:image:height\" content=\"1200\" \/>\n\t<meta property=\"og:image:type\" content=\"image\/jpeg\" \/>\n<meta name=\"twitter:card\" content=\"summary_large_image\" \/>\n<meta name=\"twitter:label1\" content=\"Est. reading time\" \/>\n\t<meta name=\"twitter:data1\" content=\"2\u00a0Minuten\" \/>\n<script type=\"application\/ld+json\" class=\"yoast-schema-graph\">{\"@context\":\"https:\/\/schema.org\",\"@graph\":[{\"@type\":\"WebPage\",\"@id\":\"https:\/\/www.rodospalladium.gr\/de\/restaurants-bars\/\",\"url\":\"https:\/\/www.rodospalladium.gr\/de\/restaurants-bars\/\",\"name\":\"RESTAURANTS & BARS - Rodos Palladium Leisure &amp; Wellness\",\"isPartOf\":{\"@id\":\"https:\/\/www.rodospalladium.gr\/#website\"},\"primaryImageOfPage\":{\"@id\":\"https:\/\/www.rodospalladium.gr\/de\/restaurants-bars\/#primaryimage\"},\"image\":{\"@id\":\"https:\/\/www.rodospalladium.gr\/de\/restaurants-bars\/#primaryimage\"},\"thumbnailUrl\":\"https:\/\/www.rodospalladium.gr\/app\/uploads\/sites\/46\/2021\/08\/332_RODOS_PALLADIUM_Thalassa_Restaurant-1.jpg\",\"datePublished\":\"2019-02-15T05:54:47+00:00\",\"dateModified\":\"2025-02-21T11:04:34+00:00\",\"breadcrumb\":{\"@id\":\"https:\/\/www.rodospalladium.gr\/de\/restaurants-bars\/#breadcrumb\"},\"inLanguage\":\"de\",\"potentialAction\":[{\"@type\":\"ReadAction\",\"target\":[\"https:\/\/www.rodospalladium.gr\/de\/restaurants-bars\/\"]}]},{\"@type\":\"ImageObject\",\"inLanguage\":\"de\",\"@id\":\"https:\/\/www.rodospalladium.gr\/de\/restaurants-bars\/#primaryimage\",\"url\":\"https:\/\/www.rodospalladium.gr\/app\/uploads\/sites\/46\/2021\/08\/332_RODOS_PALLADIUM_Thalassa_Restaurant-1.jpg\",\"contentUrl\":\"https:\/\/www.rodospalladium.gr\/app\/uploads\/sites\/46\/2021\/08\/332_RODOS_PALLADIUM_Thalassa_Restaurant-1.jpg\",\"width\":1920,\"height\":1200,\"caption\":\"RODOS PALLADIUM Thalassa_Restaurant\"},{\"@type\":\"BreadcrumbList\",\"@id\":\"https:\/\/www.rodospalladium.gr\/de\/restaurants-bars\/#breadcrumb\",\"itemListElement\":[{\"@type\":\"ListItem\",\"position\":1,\"name\":\"Home\",\"item\":\"https:\/\/www.rodospalladium.gr\/de\/\"},{\"@type\":\"ListItem\",\"position\":2,\"name\":\"RESTAURANTS &#038; BARS\"}]},{\"@type\":\"WebSite\",\"@id\":\"https:\/\/www.rodospalladium.gr\/#website\",\"url\":\"https:\/\/www.rodospalladium.gr\/\",\"name\":\"Rodos Palladium Leisure &amp; Wellness\",\"description\":\"Rodos Palladium Leisure &amp; Wellness is among Rhodes finest five star hotels. It enjoys a premier beach front location at Kallithea bay, offering luxurious accommodation and exclusive leisure and spa facilities.\",\"potentialAction\":[{\"@type\":\"SearchAction\",\"target\":{\"@type\":\"EntryPoint\",\"urlTemplate\":\"https:\/\/www.rodospalladium.gr\/?s={search_term_string}\"},\"query-input\":{\"@type\":\"PropertyValueSpecification\",\"valueRequired\":true,\"valueName\":\"search_term_string\"}}],\"inLanguage\":\"de\"}]}<\/script>\n<!-- \/ Yoast SEO plugin. -->","yoast_head_json":{"title":"RESTAURANTS & BARS - Rodos Palladium Leisure &amp; Wellness","robots":{"index":"index","follow":"follow","max-snippet":"max-snippet:-1","max-image-preview":"max-image-preview:large","max-video-preview":"max-video-preview:-1"},"canonical":"https:\/\/www.rodospalladium.gr\/de\/restaurants-bars\/","og_locale":"de_DE","og_type":"article","og_title":"RESTAURANTS & BARS - Rodos Palladium Leisure &amp; Wellness","og_description":"Entdecken Sie eine Welt h\u00f6chster kulinarischer Kunst K\u00f6stliche mediterrane Aromen, faszinierende internationale Gerichte und verlockende griechische K\u00f6stlichkeiten werden jedem Bed\u00fcrfnis und Geschmack gerecht. Diese Gaumenfreuden werden jedem Wunsch und Geschmack gerecht. Das gastronomische Angebot im Rhodos Palladium wird Sie sprachlos machen! Es ist kein Geheimnis, dass die K\u00fcche des Rhodos Palladium Hotels bereits mehrmals f\u00fcr","og_url":"https:\/\/www.rodospalladium.gr\/de\/restaurants-bars\/","og_site_name":"Rodos Palladium Leisure &amp; Wellness","article_modified_time":"2025-02-21T11:04:34+00:00","og_image":[{"width":1920,"height":1200,"url":"https:\/\/www.rodospalladium.gr\/app\/uploads\/sites\/46\/2021\/08\/332_RODOS_PALLADIUM_Thalassa_Restaurant-1.jpg","type":"image\/jpeg"}],"twitter_card":"summary_large_image","twitter_misc":{"Est. reading time":"2\u00a0Minuten"},"schema":{"@context":"https:\/\/schema.org","@graph":[{"@type":"WebPage","@id":"https:\/\/www.rodospalladium.gr\/de\/restaurants-bars\/","url":"https:\/\/www.rodospalladium.gr\/de\/restaurants-bars\/","name":"RESTAURANTS & BARS - Rodos Palladium Leisure &amp; Wellness","isPartOf":{"@id":"https:\/\/www.rodospalladium.gr\/#website"},"primaryImageOfPage":{"@id":"https:\/\/www.rodospalladium.gr\/de\/restaurants-bars\/#primaryimage"},"image":{"@id":"https:\/\/www.rodospalladium.gr\/de\/restaurants-bars\/#primaryimage"},"thumbnailUrl":"https:\/\/www.rodospalladium.gr\/app\/uploads\/sites\/46\/2021\/08\/332_RODOS_PALLADIUM_Thalassa_Restaurant-1.jpg","datePublished":"2019-02-15T05:54:47+00:00","dateModified":"2025-02-21T11:04:34+00:00","breadcrumb":{"@id":"https:\/\/www.rodospalladium.gr\/de\/restaurants-bars\/#breadcrumb"},"inLanguage":"de","potentialAction":[{"@type":"ReadAction","target":["https:\/\/www.rodospalladium.gr\/de\/restaurants-bars\/"]}]},{"@type":"ImageObject","inLanguage":"de","@id":"https:\/\/www.rodospalladium.gr\/de\/restaurants-bars\/#primaryimage","url":"https:\/\/www.rodospalladium.gr\/app\/uploads\/sites\/46\/2021\/08\/332_RODOS_PALLADIUM_Thalassa_Restaurant-1.jpg","contentUrl":"https:\/\/www.rodospalladium.gr\/app\/uploads\/sites\/46\/2021\/08\/332_RODOS_PALLADIUM_Thalassa_Restaurant-1.jpg","width":1920,"height":1200,"caption":"RODOS PALLADIUM Thalassa_Restaurant"},{"@type":"BreadcrumbList","@id":"https:\/\/www.rodospalladium.gr\/de\/restaurants-bars\/#breadcrumb","itemListElement":[{"@type":"ListItem","position":1,"name":"Home","item":"https:\/\/www.rodospalladium.gr\/de\/"},{"@type":"ListItem","position":2,"name":"RESTAURANTS &#038; BARS"}]},{"@type":"WebSite","@id":"https:\/\/www.rodospalladium.gr\/#website","url":"https:\/\/www.rodospalladium.gr\/","name":"Rodos Palladium Leisure &amp; Wellness","description":"Rodos Palladium Leisure &amp; Wellness is among Rhodes finest five star hotels. It enjoys a premier beach front location at Kallithea bay, offering luxurious accommodation and exclusive leisure and spa facilities.","potentialAction":[{"@type":"SearchAction","target":{"@type":"EntryPoint","urlTemplate":"https:\/\/www.rodospalladium.gr\/?s={search_term_string}"},"query-input":{"@type":"PropertyValueSpecification","valueRequired":true,"valueName":"search_term_string"}}],"inLanguage":"de"}]}},"_links":{"self":[{"href":"https:\/\/www.rodospalladium.gr\/de\/wp-json\/wp\/v2\/pages\/713"}],"collection":[{"href":"https:\/\/www.rodospalladium.gr\/de\/wp-json\/wp\/v2\/pages"}],"about":[{"href":"https:\/\/www.rodospalladium.gr\/de\/wp-json\/wp\/v2\/types\/page"}],"author":[{"embeddable":true,"href":"https:\/\/www.rodospalladium.gr\/de\/wp-json\/wp\/v2\/users\/2"}],"replies":[{"embeddable":true,"href":"https:\/\/www.rodospalladium.gr\/de\/wp-json\/wp\/v2\/comments?post=713"}],"version-history":[{"count":10,"href":"https:\/\/www.rodospalladium.gr\/de\/wp-json\/wp\/v2\/pages\/713\/revisions"}],"predecessor-version":[{"id":30723,"href":"https:\/\/www.rodospalladium.gr\/de\/wp-json\/wp\/v2\/pages\/713\/revisions\/30723"}],"wp:featuredmedia":[{"embeddable":true,"href":"https:\/\/www.rodospalladium.gr\/de\/wp-json\/wp\/v2\/media\/13241"}],"wp:attachment":[{"href":"https:\/\/www.rodospalladium.gr\/de\/wp-json\/wp\/v2\/media?parent=713"}],"curies":[{"name":"wp","href":"https:\/\/api.w.org\/{rel}","templated":true}]}}