{"id":737,"date":"2019-02-15T08:54:46","date_gmt":"2019-02-15T05:54:46","guid":{"rendered":"http:\/\/harmony.cms4.nelios.com\/home\/"},"modified":"2025-12-09T09:45:30","modified_gmt":"2025-12-09T06:45:30","slug":"home","status":"publish","type":"page","link":"https:\/\/www.rodospalladium.gr\/de\/","title":{"rendered":"Startseite"},"content":{"rendered":"<h1><span style=\"color: #baa789;\">Eine wahre Oase der F\u00fcnf-Sterne-Freizeit- und Wellnesserlebnisse direkt am Strand<\/span><\/h1>\n<p>Als eines der angesehensten Hotels der Insel hat sich Rodos Palladium den Ruf erworben, selbst die anspruchsvollsten Urlauber zufrieden zu stellen. Dieses erstklassige 5-Sterne-Urlaubshotel liegt an prominenter Stelle am mit der Blauen Flagge ausgezeichneten Sand- und Kiesstrand von Kallithea. Das Haus ist f\u00fcr seine echte, zeitlose Leidenschaft f\u00fcr griechische Gastfreundschaft bekannt und bietet seinen G\u00e4sten ein authentisches Erlebnis mit viel Liebe zum Detail.<\/p>\n<p>Feine griechische und mediterrane Gerichte, kosmopolitische Bars, ein gro\u00dfer tropischer Pool und ein Spa mit beheiztem Innenpool machen Rodos Palladium zur idealen Wahl f\u00fcr Ihren Aufenthalt auf Rhodos. Mit einer Entfernung von nur 8 Kilometern von der Stadt Rhodos garantiert das Palladium zweifellos eine entspannte und unbeschwerte Urlaubsatmosph\u00e4re.<\/p>\n","protected":false},"excerpt":{"rendered":"<p>Eine wahre Oase der F\u00fcnf-Sterne-Freizeit- und Wellnesserlebnisse direkt am Strand Als eines der angesehensten Hotels der Insel hat sich Rodos Palladium den Ruf erworben, selbst die anspruchsvollsten Urlauber zufrieden zu stellen. Dieses erstklassige 5-Sterne-Urlaubshotel liegt an prominenter Stelle am mit der Blauen Flagge ausgezeichneten Sand- und Kiesstrand von Kallithea. Das Haus ist f\u00fcr seine echte,<\/p>\n","protected":false},"author":2,"featured_media":13220,"parent":0,"menu_order":0,"comment_status":"closed","ping_status":"closed","template":"","meta":{"_acf_changed":false,"footnotes":""},"class_list":["post-737","page","type-page","status-publish","has-post-thumbnail","hentry"],"acf":[],"yoast_head":"<!-- This site is optimized with the Yoast SEO plugin v26.9 - https:\/\/yoast.com\/product\/yoast-seo-wordpress\/ -->\n<title>5 star Luxury Beach Front Hotel in Rhodes | Rodos Palladium Hotel<\/title>\n<meta name=\"description\" content=\"Rodos Palladium Leisure &amp; Wellness ist ein mehrfach ausgezeichnetes Luxushotel bestehend aus einem Hauptgeb\u00e4ude mit 6 Etagen und 5 angrenzenden Nebengeb\u00e4uden eines mit privaten Pools, mit Aussicht auf die \u00fcppig gr\u00fcnen G\u00e4rten und die weite \u00c4g\u00e4is.\" \/>\n<meta name=\"robots\" content=\"index, follow, max-snippet:-1, max-image-preview:large, max-video-preview:-1\" \/>\n<link rel=\"canonical\" href=\"https:\/\/www.rodospalladium.gr\/de\/\" \/>\n<meta property=\"og:locale\" content=\"de_DE\" \/>\n<meta property=\"og:type\" content=\"article\" \/>\n<meta property=\"og:title\" content=\"5 star Luxury Beach Front Hotel in Rhodes | Rodos Palladium Hotel\" \/>\n<meta property=\"og:description\" content=\"Rodos Palladium Leisure &amp; Wellness ist ein mehrfach ausgezeichnetes Luxushotel bestehend aus einem Hauptgeb\u00e4ude mit 6 Etagen und 5 angrenzenden Nebengeb\u00e4uden eines mit privaten Pools, mit Aussicht auf die \u00fcppig gr\u00fcnen G\u00e4rten und die weite \u00c4g\u00e4is.\" \/>\n<meta property=\"og:url\" content=\"https:\/\/www.rodospalladium.gr\/de\/\" \/>\n<meta property=\"og:site_name\" content=\"Rodos Palladium Leisure &amp; Wellness\" \/>\n<meta property=\"article:modified_time\" content=\"2025-12-09T06:45:30+00:00\" \/>\n<meta property=\"og:image\" content=\"https:\/\/www.rodospalladium.gr\/app\/uploads\/sites\/46\/2021\/08\/254_RODOS_PALLADIUM_Outdoor_Pools.jpg\" \/>\n\t<meta property=\"og:image:width\" content=\"1920\" \/>\n\t<meta property=\"og:image:height\" content=\"1200\" \/>\n\t<meta property=\"og:image:type\" content=\"image\/jpeg\" \/>\n<meta name=\"twitter:card\" content=\"summary_large_image\" \/>\n<meta name=\"twitter:label1\" content=\"Est. reading time\" \/>\n\t<meta name=\"twitter:data1\" content=\"1\u00a0Minute\" \/>\n<script type=\"application\/ld+json\" class=\"yoast-schema-graph\">{\"@context\":\"https:\/\/schema.org\",\"@graph\":[{\"@type\":\"WebPage\",\"@id\":\"https:\/\/www.rodospalladium.gr\/de\/\",\"url\":\"https:\/\/www.rodospalladium.gr\/de\/\",\"name\":\"5 star Luxury Beach Front Hotel in Rhodes | Rodos Palladium Hotel\",\"isPartOf\":{\"@id\":\"https:\/\/www.rodospalladium.gr\/#website\"},\"primaryImageOfPage\":{\"@id\":\"https:\/\/www.rodospalladium.gr\/de\/#primaryimage\"},\"image\":{\"@id\":\"https:\/\/www.rodospalladium.gr\/de\/#primaryimage\"},\"thumbnailUrl\":\"https:\/\/www.rodospalladium.gr\/app\/uploads\/sites\/46\/2021\/08\/254_RODOS_PALLADIUM_Outdoor_Pools.jpg\",\"datePublished\":\"2019-02-15T05:54:46+00:00\",\"dateModified\":\"2025-12-09T06:45:30+00:00\",\"description\":\"Rodos Palladium Leisure & Wellness ist ein mehrfach ausgezeichnetes Luxushotel bestehend aus einem Hauptgeb\u00e4ude mit 6 Etagen und 5 angrenzenden Nebengeb\u00e4uden eines mit privaten Pools, mit Aussicht auf die \u00fcppig gr\u00fcnen G\u00e4rten und die weite \u00c4g\u00e4is.\",\"breadcrumb\":{\"@id\":\"https:\/\/www.rodospalladium.gr\/de\/#breadcrumb\"},\"inLanguage\":\"de\",\"potentialAction\":[{\"@type\":\"ReadAction\",\"target\":[\"https:\/\/www.rodospalladium.gr\/de\/\"]}]},{\"@type\":\"ImageObject\",\"inLanguage\":\"de\",\"@id\":\"https:\/\/www.rodospalladium.gr\/de\/#primaryimage\",\"url\":\"https:\/\/www.rodospalladium.gr\/app\/uploads\/sites\/46\/2021\/08\/254_RODOS_PALLADIUM_Outdoor_Pools.jpg\",\"contentUrl\":\"https:\/\/www.rodospalladium.gr\/app\/uploads\/sites\/46\/2021\/08\/254_RODOS_PALLADIUM_Outdoor_Pools.jpg\",\"width\":1920,\"height\":1200,\"caption\":\"Outdoor Pools\"},{\"@type\":\"BreadcrumbList\",\"@id\":\"https:\/\/www.rodospalladium.gr\/de\/#breadcrumb\",\"itemListElement\":[{\"@type\":\"ListItem\",\"position\":1,\"name\":\"Home\",\"item\":\"https:\/\/www.rodospalladium.gr\/de\/\"},{\"@type\":\"ListItem\",\"position\":2,\"name\":\"Startseite\"}]},{\"@type\":\"WebSite\",\"@id\":\"https:\/\/www.rodospalladium.gr\/#website\",\"url\":\"https:\/\/www.rodospalladium.gr\/\",\"name\":\"Rodos Palladium Leisure &amp; Wellness\",\"description\":\"Rodos Palladium Leisure &amp; Wellness is among Rhodes finest five star hotels. It enjoys a premier beach front location at Kallithea bay, offering luxurious accommodation and exclusive leisure and spa facilities.\",\"potentialAction\":[{\"@type\":\"SearchAction\",\"target\":{\"@type\":\"EntryPoint\",\"urlTemplate\":\"https:\/\/www.rodospalladium.gr\/?s={search_term_string}\"},\"query-input\":{\"@type\":\"PropertyValueSpecification\",\"valueRequired\":true,\"valueName\":\"search_term_string\"}}],\"inLanguage\":\"de\"}]}<\/script>\n<!-- \/ Yoast SEO plugin. -->","yoast_head_json":{"title":"5 star Luxury Beach Front Hotel in Rhodes | Rodos Palladium Hotel","description":"Rodos Palladium Leisure & Wellness ist ein mehrfach ausgezeichnetes Luxushotel bestehend aus einem Hauptgeb\u00e4ude mit 6 Etagen und 5 angrenzenden Nebengeb\u00e4uden eines mit privaten Pools, mit Aussicht auf die \u00fcppig gr\u00fcnen G\u00e4rten und die weite \u00c4g\u00e4is.","robots":{"index":"index","follow":"follow","max-snippet":"max-snippet:-1","max-image-preview":"max-image-preview:large","max-video-preview":"max-video-preview:-1"},"canonical":"https:\/\/www.rodospalladium.gr\/de\/","og_locale":"de_DE","og_type":"article","og_title":"5 star Luxury Beach Front Hotel in Rhodes | Rodos Palladium Hotel","og_description":"Rodos Palladium Leisure & Wellness ist ein mehrfach ausgezeichnetes Luxushotel bestehend aus einem Hauptgeb\u00e4ude mit 6 Etagen und 5 angrenzenden Nebengeb\u00e4uden eines mit privaten Pools, mit Aussicht auf die \u00fcppig gr\u00fcnen G\u00e4rten und die weite \u00c4g\u00e4is.","og_url":"https:\/\/www.rodospalladium.gr\/de\/","og_site_name":"Rodos Palladium Leisure &amp; Wellness","article_modified_time":"2025-12-09T06:45:30+00:00","og_image":[{"width":1920,"height":1200,"url":"https:\/\/www.rodospalladium.gr\/app\/uploads\/sites\/46\/2021\/08\/254_RODOS_PALLADIUM_Outdoor_Pools.jpg","type":"image\/jpeg"}],"twitter_card":"summary_large_image","twitter_misc":{"Est. reading time":"1\u00a0Minute"},"schema":{"@context":"https:\/\/schema.org","@graph":[{"@type":"WebPage","@id":"https:\/\/www.rodospalladium.gr\/de\/","url":"https:\/\/www.rodospalladium.gr\/de\/","name":"5 star Luxury Beach Front Hotel in Rhodes | Rodos Palladium Hotel","isPartOf":{"@id":"https:\/\/www.rodospalladium.gr\/#website"},"primaryImageOfPage":{"@id":"https:\/\/www.rodospalladium.gr\/de\/#primaryimage"},"image":{"@id":"https:\/\/www.rodospalladium.gr\/de\/#primaryimage"},"thumbnailUrl":"https:\/\/www.rodospalladium.gr\/app\/uploads\/sites\/46\/2021\/08\/254_RODOS_PALLADIUM_Outdoor_Pools.jpg","datePublished":"2019-02-15T05:54:46+00:00","dateModified":"2025-12-09T06:45:30+00:00","description":"Rodos Palladium Leisure & Wellness ist ein mehrfach ausgezeichnetes Luxushotel bestehend aus einem Hauptgeb\u00e4ude mit 6 Etagen und 5 angrenzenden Nebengeb\u00e4uden eines mit privaten Pools, mit Aussicht auf die \u00fcppig gr\u00fcnen G\u00e4rten und die weite \u00c4g\u00e4is.","breadcrumb":{"@id":"https:\/\/www.rodospalladium.gr\/de\/#breadcrumb"},"inLanguage":"de","potentialAction":[{"@type":"ReadAction","target":["https:\/\/www.rodospalladium.gr\/de\/"]}]},{"@type":"ImageObject","inLanguage":"de","@id":"https:\/\/www.rodospalladium.gr\/de\/#primaryimage","url":"https:\/\/www.rodospalladium.gr\/app\/uploads\/sites\/46\/2021\/08\/254_RODOS_PALLADIUM_Outdoor_Pools.jpg","contentUrl":"https:\/\/www.rodospalladium.gr\/app\/uploads\/sites\/46\/2021\/08\/254_RODOS_PALLADIUM_Outdoor_Pools.jpg","width":1920,"height":1200,"caption":"Outdoor Pools"},{"@type":"BreadcrumbList","@id":"https:\/\/www.rodospalladium.gr\/de\/#breadcrumb","itemListElement":[{"@type":"ListItem","position":1,"name":"Home","item":"https:\/\/www.rodospalladium.gr\/de\/"},{"@type":"ListItem","position":2,"name":"Startseite"}]},{"@type":"WebSite","@id":"https:\/\/www.rodospalladium.gr\/#website","url":"https:\/\/www.rodospalladium.gr\/","name":"Rodos Palladium Leisure &amp; Wellness","description":"Rodos Palladium Leisure &amp; Wellness is among Rhodes finest five star hotels. It enjoys a premier beach front location at Kallithea bay, offering luxurious accommodation and exclusive leisure and spa facilities.","potentialAction":[{"@type":"SearchAction","target":{"@type":"EntryPoint","urlTemplate":"https:\/\/www.rodospalladium.gr\/?s={search_term_string}"},"query-input":{"@type":"PropertyValueSpecification","valueRequired":true,"valueName":"search_term_string"}}],"inLanguage":"de"}]}},"_links":{"self":[{"href":"https:\/\/www.rodospalladium.gr\/de\/wp-json\/wp\/v2\/pages\/737"}],"collection":[{"href":"https:\/\/www.rodospalladium.gr\/de\/wp-json\/wp\/v2\/pages"}],"about":[{"href":"https:\/\/www.rodospalladium.gr\/de\/wp-json\/wp\/v2\/types\/page"}],"author":[{"embeddable":true,"href":"https:\/\/www.rodospalladium.gr\/de\/wp-json\/wp\/v2\/users\/2"}],"replies":[{"embeddable":true,"href":"https:\/\/www.rodospalladium.gr\/de\/wp-json\/wp\/v2\/comments?post=737"}],"version-history":[{"count":11,"href":"https:\/\/www.rodospalladium.gr\/de\/wp-json\/wp\/v2\/pages\/737\/revisions"}],"predecessor-version":[{"id":31694,"href":"https:\/\/www.rodospalladium.gr\/de\/wp-json\/wp\/v2\/pages\/737\/revisions\/31694"}],"wp:featuredmedia":[{"embeddable":true,"href":"https:\/\/www.rodospalladium.gr\/de\/wp-json\/wp\/v2\/media\/13220"}],"wp:attachment":[{"href":"https:\/\/www.rodospalladium.gr\/de\/wp-json\/wp\/v2\/media?parent=737"}],"curies":[{"name":"wp","href":"https:\/\/api.w.org\/{rel}","templated":true}]}}