{"id":761,"date":"2019-02-15T08:54:46","date_gmt":"2019-02-15T05:54:46","guid":{"rendered":"http:\/\/harmony.cms4.nelios.com\/rooms\/"},"modified":"2026-01-20T10:37:40","modified_gmt":"2026-01-20T07:37:40","slug":"zimmer","status":"publish","type":"page","link":"https:\/\/www.rodospalladium.gr\/de\/zimmer\/","title":{"rendered":"Zimmer &amp; Suiten"},"content":{"rendered":"<h2><span style=\"color: #baa789;\">Eine Oase der Luxusunterkunft<\/span><\/h2>\n<p>Unser Haus ist ein Beispiel f\u00fcr unvergleichliche Eleganz und setzt h\u00f6chste Ma\u00dfst\u00e4be. Es bietet Zimmerkomfort, der nirgendwo sonst auf der Insel seinesgleichen sucht.<\/p>\n<p><a href=\"https:\/\/www.rodospalladium.gr\/de\/new-relaxed-cancellation-payment-terms\/\">Klicken Sie hier, um \u00fcber unsere<\/a><br \/>\n<strong><a href=\"https:\/\/www.rodospalladium.gr\/de\/new-relaxed-cancellation-payment-terms\/\">STORNIERUNGS- UND ZAHLUNGSBESTIMMUNGEN<\/a><br \/>\n<\/strong>zu lesen die maximale Flexibilit\u00e4t und Sicherheit bieten!<\/p>\n","protected":false},"excerpt":{"rendered":"<p>Eine Oase der Luxusunterkunft Unser Haus ist ein Beispiel f\u00fcr unvergleichliche Eleganz und setzt h\u00f6chste Ma\u00dfst\u00e4be. Es bietet Zimmerkomfort, der nirgendwo sonst auf der Insel seinesgleichen sucht. Klicken Sie hier, um \u00fcber unsere STORNIERUNGS- UND ZAHLUNGSBESTIMMUNGEN zu lesen die maximale Flexibilit\u00e4t und Sicherheit bieten!<\/p>\n","protected":false},"author":2,"featured_media":9208,"parent":0,"menu_order":0,"comment_status":"closed","ping_status":"closed","template":"page-templates\/rooms.php","meta":{"_acf_changed":false,"footnotes":""},"class_list":["post-761","page","type-page","status-publish","has-post-thumbnail","hentry"],"acf":[],"yoast_head":"<!-- This site is optimized with the Yoast SEO plugin v26.9 - https:\/\/yoast.com\/product\/yoast-seo-wordpress\/ -->\n<title>Zimmer &amp; Suiten - Rodos Palladium Leisure &amp; Wellness<\/title>\n<meta name=\"description\" content=\"Entdecken Sie den Komfort der Zimmer &amp; Suiten im Rodos Palladium auf Rhodos \u2013 von stilvollen Unterk\u00fcnften mit Meerblick bis hin zu privaten Pool-Refugien, ausgestattet mit erstklassigen Annehmlichkeiten f\u00fcr einen unvergesslichen Strandurlaub.\" \/>\n<meta name=\"robots\" content=\"index, follow, max-snippet:-1, max-image-preview:large, max-video-preview:-1\" \/>\n<link rel=\"canonical\" href=\"https:\/\/www.rodospalladium.gr\/de\/zimmer\/\" \/>\n<meta property=\"og:locale\" content=\"de_DE\" \/>\n<meta property=\"og:type\" content=\"article\" \/>\n<meta property=\"og:title\" content=\"Zimmer &amp; Suiten - Rodos Palladium Leisure &amp; Wellness\" \/>\n<meta property=\"og:description\" content=\"Entdecken Sie den Komfort der Zimmer &amp; Suiten im Rodos Palladium auf Rhodos \u2013 von stilvollen Unterk\u00fcnften mit Meerblick bis hin zu privaten Pool-Refugien, ausgestattet mit erstklassigen Annehmlichkeiten f\u00fcr einen unvergesslichen Strandurlaub.\" \/>\n<meta property=\"og:url\" content=\"https:\/\/www.rodospalladium.gr\/de\/zimmer\/\" \/>\n<meta property=\"og:site_name\" content=\"Rodos Palladium Leisure &amp; Wellness\" \/>\n<meta property=\"article:modified_time\" content=\"2026-01-20T07:37:40+00:00\" \/>\n<meta property=\"og:image\" content=\"https:\/\/www.rodospalladium.gr\/app\/uploads\/sites\/46\/2019\/06\/Suite-Livingroom-1_result.jpeg\" \/>\n\t<meta property=\"og:image:width\" content=\"1920\" \/>\n\t<meta property=\"og:image:height\" content=\"1278\" \/>\n\t<meta property=\"og:image:type\" content=\"image\/jpeg\" \/>\n<meta name=\"twitter:card\" content=\"summary_large_image\" \/>\n<meta name=\"twitter:label1\" content=\"Est. reading time\" \/>\n\t<meta name=\"twitter:data1\" content=\"1\u00a0Minute\" \/>\n<script type=\"application\/ld+json\" class=\"yoast-schema-graph\">{\"@context\":\"https:\/\/schema.org\",\"@graph\":[{\"@type\":\"WebPage\",\"@id\":\"https:\/\/www.rodospalladium.gr\/de\/zimmer\/\",\"url\":\"https:\/\/www.rodospalladium.gr\/de\/zimmer\/\",\"name\":\"Zimmer &amp; Suiten - Rodos Palladium Leisure &amp; Wellness\",\"isPartOf\":{\"@id\":\"https:\/\/www.rodospalladium.gr\/#website\"},\"primaryImageOfPage\":{\"@id\":\"https:\/\/www.rodospalladium.gr\/de\/zimmer\/#primaryimage\"},\"image\":{\"@id\":\"https:\/\/www.rodospalladium.gr\/de\/zimmer\/#primaryimage\"},\"thumbnailUrl\":\"https:\/\/www.rodospalladium.gr\/app\/uploads\/sites\/46\/2019\/06\/Suite-Livingroom-1_result.jpeg\",\"datePublished\":\"2019-02-15T05:54:46+00:00\",\"dateModified\":\"2026-01-20T07:37:40+00:00\",\"description\":\"Entdecken Sie den Komfort der Zimmer & Suiten im Rodos Palladium auf Rhodos \u2013 von stilvollen Unterk\u00fcnften mit Meerblick bis hin zu privaten Pool-Refugien, ausgestattet mit erstklassigen Annehmlichkeiten f\u00fcr einen unvergesslichen Strandurlaub.\",\"breadcrumb\":{\"@id\":\"https:\/\/www.rodospalladium.gr\/de\/zimmer\/#breadcrumb\"},\"inLanguage\":\"de\",\"potentialAction\":[{\"@type\":\"ReadAction\",\"target\":[\"https:\/\/www.rodospalladium.gr\/de\/zimmer\/\"]}]},{\"@type\":\"ImageObject\",\"inLanguage\":\"de\",\"@id\":\"https:\/\/www.rodospalladium.gr\/de\/zimmer\/#primaryimage\",\"url\":\"https:\/\/www.rodospalladium.gr\/app\/uploads\/sites\/46\/2019\/06\/Suite-Livingroom-1_result.jpeg\",\"contentUrl\":\"https:\/\/www.rodospalladium.gr\/app\/uploads\/sites\/46\/2019\/06\/Suite-Livingroom-1_result.jpeg\",\"width\":1920,\"height\":1278},{\"@type\":\"BreadcrumbList\",\"@id\":\"https:\/\/www.rodospalladium.gr\/de\/zimmer\/#breadcrumb\",\"itemListElement\":[{\"@type\":\"ListItem\",\"position\":1,\"name\":\"Home\",\"item\":\"https:\/\/www.rodospalladium.gr\/de\/\"},{\"@type\":\"ListItem\",\"position\":2,\"name\":\"Zimmer &amp; Suiten\"}]},{\"@type\":\"WebSite\",\"@id\":\"https:\/\/www.rodospalladium.gr\/#website\",\"url\":\"https:\/\/www.rodospalladium.gr\/\",\"name\":\"Rodos Palladium Leisure &amp; Wellness\",\"description\":\"Rodos Palladium Leisure &amp; Wellness is among Rhodes finest five star hotels. It enjoys a premier beach front location at Kallithea bay, offering luxurious accommodation and exclusive leisure and spa facilities.\",\"potentialAction\":[{\"@type\":\"SearchAction\",\"target\":{\"@type\":\"EntryPoint\",\"urlTemplate\":\"https:\/\/www.rodospalladium.gr\/?s={search_term_string}\"},\"query-input\":{\"@type\":\"PropertyValueSpecification\",\"valueRequired\":true,\"valueName\":\"search_term_string\"}}],\"inLanguage\":\"de\"}]}<\/script>\n<!-- \/ Yoast SEO plugin. -->","yoast_head_json":{"title":"Zimmer &amp; Suiten - Rodos Palladium Leisure &amp; Wellness","description":"Entdecken Sie den Komfort der Zimmer & Suiten im Rodos Palladium auf Rhodos \u2013 von stilvollen Unterk\u00fcnften mit Meerblick bis hin zu privaten Pool-Refugien, ausgestattet mit erstklassigen Annehmlichkeiten f\u00fcr einen unvergesslichen Strandurlaub.","robots":{"index":"index","follow":"follow","max-snippet":"max-snippet:-1","max-image-preview":"max-image-preview:large","max-video-preview":"max-video-preview:-1"},"canonical":"https:\/\/www.rodospalladium.gr\/de\/zimmer\/","og_locale":"de_DE","og_type":"article","og_title":"Zimmer &amp; Suiten - Rodos Palladium Leisure &amp; Wellness","og_description":"Entdecken Sie den Komfort der Zimmer & Suiten im Rodos Palladium auf Rhodos \u2013 von stilvollen Unterk\u00fcnften mit Meerblick bis hin zu privaten Pool-Refugien, ausgestattet mit erstklassigen Annehmlichkeiten f\u00fcr einen unvergesslichen Strandurlaub.","og_url":"https:\/\/www.rodospalladium.gr\/de\/zimmer\/","og_site_name":"Rodos Palladium Leisure &amp; Wellness","article_modified_time":"2026-01-20T07:37:40+00:00","og_image":[{"width":1920,"height":1278,"url":"https:\/\/www.rodospalladium.gr\/app\/uploads\/sites\/46\/2019\/06\/Suite-Livingroom-1_result.jpeg","type":"image\/jpeg"}],"twitter_card":"summary_large_image","twitter_misc":{"Est. reading time":"1\u00a0Minute"},"schema":{"@context":"https:\/\/schema.org","@graph":[{"@type":"WebPage","@id":"https:\/\/www.rodospalladium.gr\/de\/zimmer\/","url":"https:\/\/www.rodospalladium.gr\/de\/zimmer\/","name":"Zimmer &amp; Suiten - Rodos Palladium Leisure &amp; Wellness","isPartOf":{"@id":"https:\/\/www.rodospalladium.gr\/#website"},"primaryImageOfPage":{"@id":"https:\/\/www.rodospalladium.gr\/de\/zimmer\/#primaryimage"},"image":{"@id":"https:\/\/www.rodospalladium.gr\/de\/zimmer\/#primaryimage"},"thumbnailUrl":"https:\/\/www.rodospalladium.gr\/app\/uploads\/sites\/46\/2019\/06\/Suite-Livingroom-1_result.jpeg","datePublished":"2019-02-15T05:54:46+00:00","dateModified":"2026-01-20T07:37:40+00:00","description":"Entdecken Sie den Komfort der Zimmer & Suiten im Rodos Palladium auf Rhodos \u2013 von stilvollen Unterk\u00fcnften mit Meerblick bis hin zu privaten Pool-Refugien, ausgestattet mit erstklassigen Annehmlichkeiten f\u00fcr einen unvergesslichen Strandurlaub.","breadcrumb":{"@id":"https:\/\/www.rodospalladium.gr\/de\/zimmer\/#breadcrumb"},"inLanguage":"de","potentialAction":[{"@type":"ReadAction","target":["https:\/\/www.rodospalladium.gr\/de\/zimmer\/"]}]},{"@type":"ImageObject","inLanguage":"de","@id":"https:\/\/www.rodospalladium.gr\/de\/zimmer\/#primaryimage","url":"https:\/\/www.rodospalladium.gr\/app\/uploads\/sites\/46\/2019\/06\/Suite-Livingroom-1_result.jpeg","contentUrl":"https:\/\/www.rodospalladium.gr\/app\/uploads\/sites\/46\/2019\/06\/Suite-Livingroom-1_result.jpeg","width":1920,"height":1278},{"@type":"BreadcrumbList","@id":"https:\/\/www.rodospalladium.gr\/de\/zimmer\/#breadcrumb","itemListElement":[{"@type":"ListItem","position":1,"name":"Home","item":"https:\/\/www.rodospalladium.gr\/de\/"},{"@type":"ListItem","position":2,"name":"Zimmer &amp; Suiten"}]},{"@type":"WebSite","@id":"https:\/\/www.rodospalladium.gr\/#website","url":"https:\/\/www.rodospalladium.gr\/","name":"Rodos Palladium Leisure &amp; Wellness","description":"Rodos Palladium Leisure &amp; Wellness is among Rhodes finest five star hotels. It enjoys a premier beach front location at Kallithea bay, offering luxurious accommodation and exclusive leisure and spa facilities.","potentialAction":[{"@type":"SearchAction","target":{"@type":"EntryPoint","urlTemplate":"https:\/\/www.rodospalladium.gr\/?s={search_term_string}"},"query-input":{"@type":"PropertyValueSpecification","valueRequired":true,"valueName":"search_term_string"}}],"inLanguage":"de"}]}},"_links":{"self":[{"href":"https:\/\/www.rodospalladium.gr\/de\/wp-json\/wp\/v2\/pages\/761"}],"collection":[{"href":"https:\/\/www.rodospalladium.gr\/de\/wp-json\/wp\/v2\/pages"}],"about":[{"href":"https:\/\/www.rodospalladium.gr\/de\/wp-json\/wp\/v2\/types\/page"}],"author":[{"embeddable":true,"href":"https:\/\/www.rodospalladium.gr\/de\/wp-json\/wp\/v2\/users\/2"}],"replies":[{"embeddable":true,"href":"https:\/\/www.rodospalladium.gr\/de\/wp-json\/wp\/v2\/comments?post=761"}],"version-history":[{"count":11,"href":"https:\/\/www.rodospalladium.gr\/de\/wp-json\/wp\/v2\/pages\/761\/revisions"}],"predecessor-version":[{"id":30245,"href":"https:\/\/www.rodospalladium.gr\/de\/wp-json\/wp\/v2\/pages\/761\/revisions\/30245"}],"wp:featuredmedia":[{"embeddable":true,"href":"https:\/\/www.rodospalladium.gr\/de\/wp-json\/wp\/v2\/media\/9208"}],"wp:attachment":[{"href":"https:\/\/www.rodospalladium.gr\/de\/wp-json\/wp\/v2\/media?parent=761"}],"curies":[{"name":"wp","href":"https:\/\/api.w.org\/{rel}","templated":true}]}}