{"id":29390,"date":"2024-03-12T13:26:15","date_gmt":"2024-03-12T10:26:15","guid":{"rendered":"https:\/\/www.rodospalladium.gr\/?page_id=29390"},"modified":"2025-04-14T11:10:07","modified_gmt":"2025-04-14T08:10:07","slug":"spa-sensations","status":"publish","type":"page","link":"https:\/\/www.rodospalladium.gr\/fr\/spa-sensations\/","title":{"rendered":"SPA SENSATIONS"},"content":{"rendered":"<h2><span style=\"color: #baa789;\">D\u00c9COUVREZ TRANQUILIT\u00c9 ET VITALIT\u00c9 A NOTRE CENTRE DE BIEN-\u00caTRE SENSATIONS<\/span><\/h2>\n<p>Si vous avez d\u00e9j\u00e0 envisag\u00e9 de passer \u00e0 la vitesse sup\u00e9rieure dans votre entra\u00eenement ou si vous pr\u00e9f\u00e9rez plut\u00f4t vous d\u00e9tendre, vous ressourcer et vous revitaliser, alors notre centre de bien-\u00eatre Sensation est exactement l\u2019endroit que vous recherchez\u00a0!<\/p>\n<p>Profitez de votre entra\u00eenement dans notre centre de remise en forme avec vue sur la mer et si vous avez besoin d\u2019aide, soyez assur\u00e9 que nos experts professionnellement form\u00e9s se feront un plaisir de vous aider. Une fois votre exercice termin\u00e9, nos soins sauna, hammam et massages s\u2019av\u00e8reront un excellent moyen de terminer votre programme en lib\u00e9rant les n\u0153uds et les tensions cr\u00e9es dans le corps.<\/p>\n<p>Toute une gamme de soins, de programmes et de services de beaut\u00e9 passionnants au spa <span style=\"color: #baa789;\"><strong><a style=\"color: #baa789;\" href=\"https:\/\/kos-paris.com\/\" target=\"_blank\" rel=\"noopener\">KOS PARIS<\/a><\/strong> <\/span>sont disponibles pour les individus et les couples avec des forfaits sur mesure sp\u00e9cialement cr\u00e9es pour garantir un rapport qualit\u00e9-prix maximal. N\u2019oubliez pas d\u2019essayer le massage aux pierres chaudes qui soulagera les tensions et am\u00e9liorera le circulation sanguine en cr\u00e9ant une sensation de bien-\u00eatre ou offrez-vous une s\u00e9rie d\u2019exp\u00e9rience aquatiques, notamment l\u2019ancien rituel de nettoyage arabe le Rasul.<\/p>\n<hr \/>\n<p><strong>KOS PARIS<\/strong>, est une marque connue pour ses produits de beaut\u00e9 naturels et efficaces, tous fabriqu\u00e9s dans son laboratoire parisien, en privil\u00e9giant l&rsquo;agriculture biologique et les pratiques respectueuses de l&rsquo;environnement.<\/p>\n<p>Leur gamme de produits comprend des articles tels que des huiles corporelles nourrissantes et divers soins de la peau.<\/p>\n<p>Les traitements sp\u00e9ciaux du corps et du visage \ud83d\udd17<strong><a href=\"https:\/\/kos-paris.com\/\" target=\"_blank\" rel=\"noopener\"><span style=\"color: #baa789;\">KOS PARIS<\/span><\/a><\/strong> prendront sans aucun doute soin de votre peau d\u00e9licate pour un nouveau d\u00e9part, tandis que pour la touche finale, manicure, p\u00e9dicure et \u00e9pilation vous assureront de rester en beaut\u00e9 pendant votre s\u00e9jour.<\/p>\n<p>Cliquez \ud83d\udd17<span style=\"color: #baa789;\"><strong><a style=\"color: #baa789;\" href=\"https:\/\/www.rodospalladium.gr\/app\/uploads\/sites\/46\/2025\/04\/PALLADIUM-SPA-SERVICES-A4-FR-2025.pdf\">ici<\/a> <\/strong><\/span>pour consulter notre liste de soins Spa!<\/p>\n<p><strong>Politique d\u2019entr\u00e9e:<\/strong> Les clients de moins de 16 ans ne peuvent pas entrer ni utiliser les installations du centre de bien-\u00eatre Sensations.<\/p>\n<p>&nbsp;<\/p>\n<p>&nbsp;<\/p>\n<p>&nbsp;<\/p>\n","protected":false},"excerpt":{"rendered":"<p>D\u00c9COUVREZ TRANQUILIT\u00c9 ET VITALIT\u00c9 A NOTRE CENTRE DE BIEN-\u00caTRE SENSATIONS Si vous avez d\u00e9j\u00e0 envisag\u00e9 de passer \u00e0 la vitesse sup\u00e9rieure dans votre entra\u00eenement ou si vous pr\u00e9f\u00e9rez plut\u00f4t vous d\u00e9tendre, vous ressourcer et vous revitaliser, alors notre centre de bien-\u00eatre Sensation est exactement l\u2019endroit que vous recherchez\u00a0! Profitez de votre entra\u00eenement dans notre centre<\/p>\n","protected":false},"author":361,"featured_media":31253,"parent":0,"menu_order":0,"comment_status":"closed","ping_status":"closed","template":"","meta":{"_acf_changed":false,"footnotes":""},"class_list":["post-29390","page","type-page","status-publish","has-post-thumbnail","hentry"],"acf":[],"yoast_head":"<!-- This site is optimized with the Yoast SEO plugin v26.9 - https:\/\/yoast.com\/product\/yoast-seo-wordpress\/ -->\n<title>SPA SENSATIONS - Rodos Palladium Leisure &amp; Wellness<\/title>\n<meta name=\"robots\" content=\"index, follow, max-snippet:-1, max-image-preview:large, max-video-preview:-1\" \/>\n<link rel=\"canonical\" href=\"https:\/\/www.rodospalladium.gr\/fr\/spa-sensations\/\" \/>\n<meta property=\"og:locale\" content=\"fr_FR\" \/>\n<meta property=\"og:type\" content=\"article\" \/>\n<meta property=\"og:title\" content=\"SPA SENSATIONS - Rodos Palladium Leisure &amp; Wellness\" \/>\n<meta property=\"og:description\" content=\"D\u00c9COUVREZ TRANQUILIT\u00c9 ET VITALIT\u00c9 A NOTRE CENTRE DE BIEN-\u00caTRE SENSATIONS Si vous avez d\u00e9j\u00e0 envisag\u00e9 de passer \u00e0 la vitesse sup\u00e9rieure dans votre entra\u00eenement ou si vous pr\u00e9f\u00e9rez plut\u00f4t vous d\u00e9tendre, vous ressourcer et vous revitaliser, alors notre centre de bien-\u00eatre Sensation est exactement l\u2019endroit que vous recherchez\u00a0! Profitez de votre entra\u00eenement dans notre centre\" \/>\n<meta property=\"og:url\" content=\"https:\/\/www.rodospalladium.gr\/fr\/spa-sensations\/\" \/>\n<meta property=\"og:site_name\" content=\"Rodos Palladium Leisure &amp; Wellness\" \/>\n<meta property=\"article:modified_time\" content=\"2025-04-14T08:10:07+00:00\" \/>\n<meta property=\"og:image\" content=\"https:\/\/www.rodospalladium.gr\/app\/uploads\/sites\/46\/2019\/02\/40_812_Spa_RODOS_PALLADIUM_result.jpeg\" \/>\n\t<meta property=\"og:image:width\" content=\"1920\" \/>\n\t<meta property=\"og:image:height\" content=\"1279\" \/>\n\t<meta property=\"og:image:type\" content=\"image\/jpeg\" \/>\n<meta name=\"twitter:card\" content=\"summary_large_image\" \/>\n<meta name=\"twitter:label1\" content=\"Est. reading time\" \/>\n\t<meta name=\"twitter:data1\" content=\"2 minutes\" \/>\n<script type=\"application\/ld+json\" class=\"yoast-schema-graph\">{\"@context\":\"https:\/\/schema.org\",\"@graph\":[{\"@type\":\"WebPage\",\"@id\":\"https:\/\/www.rodospalladium.gr\/fr\/spa-sensations\/\",\"url\":\"https:\/\/www.rodospalladium.gr\/fr\/spa-sensations\/\",\"name\":\"SPA SENSATIONS - Rodos Palladium Leisure &amp; Wellness\",\"isPartOf\":{\"@id\":\"https:\/\/www.rodospalladium.gr\/#website\"},\"primaryImageOfPage\":{\"@id\":\"https:\/\/www.rodospalladium.gr\/fr\/spa-sensations\/#primaryimage\"},\"image\":{\"@id\":\"https:\/\/www.rodospalladium.gr\/fr\/spa-sensations\/#primaryimage\"},\"thumbnailUrl\":\"https:\/\/www.rodospalladium.gr\/app\/uploads\/sites\/46\/2025\/08\/Hot_Stone_Massage.jpg\",\"datePublished\":\"2024-03-12T10:26:15+00:00\",\"dateModified\":\"2025-04-14T08:10:07+00:00\",\"breadcrumb\":{\"@id\":\"https:\/\/www.rodospalladium.gr\/fr\/spa-sensations\/#breadcrumb\"},\"inLanguage\":\"fr-FR\",\"potentialAction\":[{\"@type\":\"ReadAction\",\"target\":[\"https:\/\/www.rodospalladium.gr\/fr\/spa-sensations\/\"]}]},{\"@type\":\"ImageObject\",\"inLanguage\":\"fr-FR\",\"@id\":\"https:\/\/www.rodospalladium.gr\/fr\/spa-sensations\/#primaryimage\",\"url\":\"https:\/\/www.rodospalladium.gr\/app\/uploads\/sites\/46\/2025\/08\/Hot_Stone_Massage.jpg\",\"contentUrl\":\"https:\/\/www.rodospalladium.gr\/app\/uploads\/sites\/46\/2025\/08\/Hot_Stone_Massage.jpg\",\"width\":2560,\"height\":1707},{\"@type\":\"BreadcrumbList\",\"@id\":\"https:\/\/www.rodospalladium.gr\/fr\/spa-sensations\/#breadcrumb\",\"itemListElement\":[{\"@type\":\"ListItem\",\"position\":1,\"name\":\"Home\",\"item\":\"https:\/\/www.rodospalladium.gr\/fr\/\"},{\"@type\":\"ListItem\",\"position\":2,\"name\":\"SPA SENSATIONS\"}]},{\"@type\":\"WebSite\",\"@id\":\"https:\/\/www.rodospalladium.gr\/#website\",\"url\":\"https:\/\/www.rodospalladium.gr\/\",\"name\":\"Rodos Palladium Leisure &amp; Wellness\",\"description\":\"Rodos Palladium Leisure &amp; Wellness is among Rhodes finest five star hotels. It enjoys a premier beach front location at Kallithea bay, offering luxurious accommodation and exclusive leisure and spa facilities.\",\"potentialAction\":[{\"@type\":\"SearchAction\",\"target\":{\"@type\":\"EntryPoint\",\"urlTemplate\":\"https:\/\/www.rodospalladium.gr\/?s={search_term_string}\"},\"query-input\":{\"@type\":\"PropertyValueSpecification\",\"valueRequired\":true,\"valueName\":\"search_term_string\"}}],\"inLanguage\":\"fr-FR\"}]}<\/script>\n<!-- \/ Yoast SEO plugin. -->","yoast_head_json":{"title":"SPA SENSATIONS - Rodos Palladium Leisure &amp; Wellness","robots":{"index":"index","follow":"follow","max-snippet":"max-snippet:-1","max-image-preview":"max-image-preview:large","max-video-preview":"max-video-preview:-1"},"canonical":"https:\/\/www.rodospalladium.gr\/fr\/spa-sensations\/","og_locale":"fr_FR","og_type":"article","og_title":"SPA SENSATIONS - Rodos Palladium Leisure &amp; Wellness","og_description":"D\u00c9COUVREZ TRANQUILIT\u00c9 ET VITALIT\u00c9 A NOTRE CENTRE DE BIEN-\u00caTRE SENSATIONS Si vous avez d\u00e9j\u00e0 envisag\u00e9 de passer \u00e0 la vitesse sup\u00e9rieure dans votre entra\u00eenement ou si vous pr\u00e9f\u00e9rez plut\u00f4t vous d\u00e9tendre, vous ressourcer et vous revitaliser, alors notre centre de bien-\u00eatre Sensation est exactement l\u2019endroit que vous recherchez\u00a0! Profitez de votre entra\u00eenement dans notre centre","og_url":"https:\/\/www.rodospalladium.gr\/fr\/spa-sensations\/","og_site_name":"Rodos Palladium Leisure &amp; Wellness","article_modified_time":"2025-04-14T08:10:07+00:00","og_image":[{"width":1920,"height":1279,"url":"https:\/\/www.rodospalladium.gr\/app\/uploads\/sites\/46\/2019\/02\/40_812_Spa_RODOS_PALLADIUM_result.jpeg","type":"image\/jpeg"}],"twitter_card":"summary_large_image","twitter_misc":{"Est. reading time":"2 minutes"},"schema":{"@context":"https:\/\/schema.org","@graph":[{"@type":"WebPage","@id":"https:\/\/www.rodospalladium.gr\/fr\/spa-sensations\/","url":"https:\/\/www.rodospalladium.gr\/fr\/spa-sensations\/","name":"SPA SENSATIONS - Rodos Palladium Leisure &amp; Wellness","isPartOf":{"@id":"https:\/\/www.rodospalladium.gr\/#website"},"primaryImageOfPage":{"@id":"https:\/\/www.rodospalladium.gr\/fr\/spa-sensations\/#primaryimage"},"image":{"@id":"https:\/\/www.rodospalladium.gr\/fr\/spa-sensations\/#primaryimage"},"thumbnailUrl":"https:\/\/www.rodospalladium.gr\/app\/uploads\/sites\/46\/2025\/08\/Hot_Stone_Massage.jpg","datePublished":"2024-03-12T10:26:15+00:00","dateModified":"2025-04-14T08:10:07+00:00","breadcrumb":{"@id":"https:\/\/www.rodospalladium.gr\/fr\/spa-sensations\/#breadcrumb"},"inLanguage":"fr-FR","potentialAction":[{"@type":"ReadAction","target":["https:\/\/www.rodospalladium.gr\/fr\/spa-sensations\/"]}]},{"@type":"ImageObject","inLanguage":"fr-FR","@id":"https:\/\/www.rodospalladium.gr\/fr\/spa-sensations\/#primaryimage","url":"https:\/\/www.rodospalladium.gr\/app\/uploads\/sites\/46\/2025\/08\/Hot_Stone_Massage.jpg","contentUrl":"https:\/\/www.rodospalladium.gr\/app\/uploads\/sites\/46\/2025\/08\/Hot_Stone_Massage.jpg","width":2560,"height":1707},{"@type":"BreadcrumbList","@id":"https:\/\/www.rodospalladium.gr\/fr\/spa-sensations\/#breadcrumb","itemListElement":[{"@type":"ListItem","position":1,"name":"Home","item":"https:\/\/www.rodospalladium.gr\/fr\/"},{"@type":"ListItem","position":2,"name":"SPA SENSATIONS"}]},{"@type":"WebSite","@id":"https:\/\/www.rodospalladium.gr\/#website","url":"https:\/\/www.rodospalladium.gr\/","name":"Rodos Palladium Leisure &amp; Wellness","description":"Rodos Palladium Leisure &amp; Wellness is among Rhodes finest five star hotels. It enjoys a premier beach front location at Kallithea bay, offering luxurious accommodation and exclusive leisure and spa facilities.","potentialAction":[{"@type":"SearchAction","target":{"@type":"EntryPoint","urlTemplate":"https:\/\/www.rodospalladium.gr\/?s={search_term_string}"},"query-input":{"@type":"PropertyValueSpecification","valueRequired":true,"valueName":"search_term_string"}}],"inLanguage":"fr-FR"}]}},"_links":{"self":[{"href":"https:\/\/www.rodospalladium.gr\/fr\/wp-json\/wp\/v2\/pages\/29390"}],"collection":[{"href":"https:\/\/www.rodospalladium.gr\/fr\/wp-json\/wp\/v2\/pages"}],"about":[{"href":"https:\/\/www.rodospalladium.gr\/fr\/wp-json\/wp\/v2\/types\/page"}],"author":[{"embeddable":true,"href":"https:\/\/www.rodospalladium.gr\/fr\/wp-json\/wp\/v2\/users\/361"}],"replies":[{"embeddable":true,"href":"https:\/\/www.rodospalladium.gr\/fr\/wp-json\/wp\/v2\/comments?post=29390"}],"version-history":[{"count":7,"href":"https:\/\/www.rodospalladium.gr\/fr\/wp-json\/wp\/v2\/pages\/29390\/revisions"}],"predecessor-version":[{"id":31029,"href":"https:\/\/www.rodospalladium.gr\/fr\/wp-json\/wp\/v2\/pages\/29390\/revisions\/31029"}],"wp:featuredmedia":[{"embeddable":true,"href":"https:\/\/www.rodospalladium.gr\/fr\/wp-json\/wp\/v2\/media\/31253"}],"wp:attachment":[{"href":"https:\/\/www.rodospalladium.gr\/fr\/wp-json\/wp\/v2\/media?parent=29390"}],"curies":[{"name":"wp","href":"https:\/\/api.w.org\/{rel}","templated":true}]}}