{"id":29394,"date":"2024-03-12T13:46:54","date_gmt":"2024-03-12T10:46:54","guid":{"rendered":"https:\/\/www.rodospalladium.gr\/?page_id=29394"},"modified":"2025-03-05T15:32:43","modified_gmt":"2025-03-05T12:32:43","slug":"piscine-plage","status":"publish","type":"page","link":"https:\/\/www.rodospalladium.gr\/fr\/loisirs\/piscine-plage\/","title":{"rendered":"PISCINE &#038; PLAGE"},"content":{"rendered":"<p data-start=\"0\" data-end=\"383\">Le Rodos Palladium dispose de deux piscines ext\u00e9rieures et d&rsquo;une piscine int\u00e9rieure : une magnifique piscine de style lagon et une piscine ext\u00e9rieure s\u00e9par\u00e9e pour enfants avec un pare-soleil. Notre piscine int\u00e9rieure et notre jacuzzi sont exclusivement r\u00e9serv\u00e9s aux clients \u00e2g\u00e9s de <strong>16 ans<\/strong> et plus. Toutes les piscines sont remplies d&rsquo;eau douce et cristalline.<\/p>\n<p data-start=\"385\" data-end=\"789\">Juste en face de l&rsquo;h\u00f4tel, une belle plage de sable et de galets longue de 400 m\u00e8tres s&rsquo;\u00e9tend le long de la c\u00f4te. Chaque ann\u00e9e, elle est r\u00e9compens\u00e9e par le prestigieux label Pavillon Bleu, offrant ainsi le cadre parfait pour se d\u00e9tendre au bord de la mer. Des transats, des parasols et des serviettes de plage sont disponibles gratuitement pour les clients de l&rsquo;h\u00f4tel \u00e0 la fois \u00e0 la piscine et \u00e0 la plage.<\/p>\n","protected":false},"excerpt":{"rendered":"<p>Le Rodos Palladium dispose de deux piscines ext\u00e9rieures et d&rsquo;une piscine int\u00e9rieure : une magnifique piscine de style lagon et une piscine ext\u00e9rieure s\u00e9par\u00e9e pour enfants avec un pare-soleil. Notre piscine int\u00e9rieure et notre jacuzzi sont exclusivement r\u00e9serv\u00e9s aux clients \u00e2g\u00e9s de 16 ans et plus. Toutes les piscines sont remplies d&rsquo;eau douce et cristalline.<\/p>\n","protected":false},"author":361,"featured_media":13404,"parent":29392,"menu_order":0,"comment_status":"closed","ping_status":"closed","template":"","meta":{"_acf_changed":false,"footnotes":""},"class_list":["post-29394","page","type-page","status-publish","has-post-thumbnail","hentry"],"acf":[],"yoast_head":"<!-- This site is optimized with the Yoast SEO plugin v26.9 - https:\/\/yoast.com\/product\/yoast-seo-wordpress\/ -->\n<title>PISCINE &amp; PLAGE - Rodos Palladium Leisure &amp; Wellness<\/title>\n<meta name=\"description\" content=\"Venez d\u00e9couvrir le luxe au Rodos Palladium avec des piscines de style lagon, une piscine pour enfants avec pare-soleil, et une plage r\u00e9compens\u00e9e du Pavillon Bleu. Profitez d&#039;un acc\u00e8s exclusif \u00e0 la piscine int\u00e9rieure et au jacuzzi pour les clients de 16 ans et plus\" \/>\n<meta name=\"robots\" content=\"index, follow, max-snippet:-1, max-image-preview:large, max-video-preview:-1\" \/>\n<link rel=\"canonical\" href=\"https:\/\/www.rodospalladium.gr\/fr\/loisirs\/piscine-plage\/\" \/>\n<meta property=\"og:locale\" content=\"fr_FR\" \/>\n<meta property=\"og:type\" content=\"article\" \/>\n<meta property=\"og:title\" content=\"PISCINE &amp; PLAGE - Rodos Palladium Leisure &amp; Wellness\" \/>\n<meta property=\"og:description\" content=\"Venez d\u00e9couvrir le luxe au Rodos Palladium avec des piscines de style lagon, une piscine pour enfants avec pare-soleil, et une plage r\u00e9compens\u00e9e du Pavillon Bleu. Profitez d&#039;un acc\u00e8s exclusif \u00e0 la piscine int\u00e9rieure et au jacuzzi pour les clients de 16 ans et plus\" \/>\n<meta property=\"og:url\" content=\"https:\/\/www.rodospalladium.gr\/fr\/loisirs\/piscine-plage\/\" \/>\n<meta property=\"og:site_name\" content=\"Rodos Palladium Leisure &amp; Wellness\" \/>\n<meta property=\"article:modified_time\" content=\"2025-03-05T12:32:43+00:00\" \/>\n<meta property=\"og:image\" content=\"https:\/\/www.rodospalladium.gr\/app\/uploads\/sites\/46\/2021\/08\/254_RODOS_PALLADIUM_Outdoor_Pools.jpg\" \/>\n\t<meta property=\"og:image:width\" content=\"1920\" \/>\n\t<meta property=\"og:image:height\" content=\"1200\" \/>\n\t<meta property=\"og:image:type\" content=\"image\/jpeg\" \/>\n<meta name=\"twitter:card\" content=\"summary_large_image\" \/>\n<meta name=\"twitter:label1\" content=\"Est. reading time\" \/>\n\t<meta name=\"twitter:data1\" content=\"1 minute\" \/>\n<script type=\"application\/ld+json\" class=\"yoast-schema-graph\">{\"@context\":\"https:\/\/schema.org\",\"@graph\":[{\"@type\":\"WebPage\",\"@id\":\"https:\/\/www.rodospalladium.gr\/fr\/loisirs\/piscine-plage\/\",\"url\":\"https:\/\/www.rodospalladium.gr\/fr\/loisirs\/piscine-plage\/\",\"name\":\"PISCINE & PLAGE - Rodos Palladium Leisure &amp; Wellness\",\"isPartOf\":{\"@id\":\"https:\/\/www.rodospalladium.gr\/#website\"},\"primaryImageOfPage\":{\"@id\":\"https:\/\/www.rodospalladium.gr\/fr\/loisirs\/piscine-plage\/#primaryimage\"},\"image\":{\"@id\":\"https:\/\/www.rodospalladium.gr\/fr\/loisirs\/piscine-plage\/#primaryimage\"},\"thumbnailUrl\":\"https:\/\/www.rodospalladium.gr\/app\/uploads\/sites\/46\/2021\/08\/254_RODOS_PALLADIUM_Outdoor_Pools.jpg\",\"datePublished\":\"2024-03-12T10:46:54+00:00\",\"dateModified\":\"2025-03-05T12:32:43+00:00\",\"description\":\"Venez d\u00e9couvrir le luxe au Rodos Palladium avec des piscines de style lagon, une piscine pour enfants avec pare-soleil, et une plage r\u00e9compens\u00e9e du Pavillon Bleu. Profitez d'un acc\u00e8s exclusif \u00e0 la piscine int\u00e9rieure et au jacuzzi pour les clients de 16 ans et plus\",\"breadcrumb\":{\"@id\":\"https:\/\/www.rodospalladium.gr\/fr\/loisirs\/piscine-plage\/#breadcrumb\"},\"inLanguage\":\"fr-FR\",\"potentialAction\":[{\"@type\":\"ReadAction\",\"target\":[\"https:\/\/www.rodospalladium.gr\/fr\/loisirs\/piscine-plage\/\"]}]},{\"@type\":\"ImageObject\",\"inLanguage\":\"fr-FR\",\"@id\":\"https:\/\/www.rodospalladium.gr\/fr\/loisirs\/piscine-plage\/#primaryimage\",\"url\":\"https:\/\/www.rodospalladium.gr\/app\/uploads\/sites\/46\/2021\/08\/254_RODOS_PALLADIUM_Outdoor_Pools.jpg\",\"contentUrl\":\"https:\/\/www.rodospalladium.gr\/app\/uploads\/sites\/46\/2021\/08\/254_RODOS_PALLADIUM_Outdoor_Pools.jpg\",\"width\":1920,\"height\":1200,\"caption\":\"Outdoor Pools\"},{\"@type\":\"BreadcrumbList\",\"@id\":\"https:\/\/www.rodospalladium.gr\/fr\/loisirs\/piscine-plage\/#breadcrumb\",\"itemListElement\":[{\"@type\":\"ListItem\",\"position\":1,\"name\":\"Home\",\"item\":\"https:\/\/www.rodospalladium.gr\/fr\/\"},{\"@type\":\"ListItem\",\"position\":2,\"name\":\"LOISIRS\",\"item\":\"https:\/\/www.rodospalladium.gr\/fr\/loisirs\/\"},{\"@type\":\"ListItem\",\"position\":3,\"name\":\"PISCINE &#038; PLAGE\"}]},{\"@type\":\"WebSite\",\"@id\":\"https:\/\/www.rodospalladium.gr\/#website\",\"url\":\"https:\/\/www.rodospalladium.gr\/\",\"name\":\"Rodos Palladium Leisure &amp; Wellness\",\"description\":\"Rodos Palladium Leisure &amp; Wellness is among Rhodes finest five star hotels. It enjoys a premier beach front location at Kallithea bay, offering luxurious accommodation and exclusive leisure and spa facilities.\",\"potentialAction\":[{\"@type\":\"SearchAction\",\"target\":{\"@type\":\"EntryPoint\",\"urlTemplate\":\"https:\/\/www.rodospalladium.gr\/?s={search_term_string}\"},\"query-input\":{\"@type\":\"PropertyValueSpecification\",\"valueRequired\":true,\"valueName\":\"search_term_string\"}}],\"inLanguage\":\"fr-FR\"}]}<\/script>\n<!-- \/ Yoast SEO plugin. -->","yoast_head_json":{"title":"PISCINE & PLAGE - Rodos Palladium Leisure &amp; Wellness","description":"Venez d\u00e9couvrir le luxe au Rodos Palladium avec des piscines de style lagon, une piscine pour enfants avec pare-soleil, et une plage r\u00e9compens\u00e9e du Pavillon Bleu. Profitez d'un acc\u00e8s exclusif \u00e0 la piscine int\u00e9rieure et au jacuzzi pour les clients de 16 ans et plus","robots":{"index":"index","follow":"follow","max-snippet":"max-snippet:-1","max-image-preview":"max-image-preview:large","max-video-preview":"max-video-preview:-1"},"canonical":"https:\/\/www.rodospalladium.gr\/fr\/loisirs\/piscine-plage\/","og_locale":"fr_FR","og_type":"article","og_title":"PISCINE & PLAGE - Rodos Palladium Leisure &amp; Wellness","og_description":"Venez d\u00e9couvrir le luxe au Rodos Palladium avec des piscines de style lagon, une piscine pour enfants avec pare-soleil, et une plage r\u00e9compens\u00e9e du Pavillon Bleu. Profitez d'un acc\u00e8s exclusif \u00e0 la piscine int\u00e9rieure et au jacuzzi pour les clients de 16 ans et plus","og_url":"https:\/\/www.rodospalladium.gr\/fr\/loisirs\/piscine-plage\/","og_site_name":"Rodos Palladium Leisure &amp; Wellness","article_modified_time":"2025-03-05T12:32:43+00:00","og_image":[{"width":1920,"height":1200,"url":"https:\/\/www.rodospalladium.gr\/app\/uploads\/sites\/46\/2021\/08\/254_RODOS_PALLADIUM_Outdoor_Pools.jpg","type":"image\/jpeg"}],"twitter_card":"summary_large_image","twitter_misc":{"Est. reading time":"1 minute"},"schema":{"@context":"https:\/\/schema.org","@graph":[{"@type":"WebPage","@id":"https:\/\/www.rodospalladium.gr\/fr\/loisirs\/piscine-plage\/","url":"https:\/\/www.rodospalladium.gr\/fr\/loisirs\/piscine-plage\/","name":"PISCINE & PLAGE - Rodos Palladium Leisure &amp; Wellness","isPartOf":{"@id":"https:\/\/www.rodospalladium.gr\/#website"},"primaryImageOfPage":{"@id":"https:\/\/www.rodospalladium.gr\/fr\/loisirs\/piscine-plage\/#primaryimage"},"image":{"@id":"https:\/\/www.rodospalladium.gr\/fr\/loisirs\/piscine-plage\/#primaryimage"},"thumbnailUrl":"https:\/\/www.rodospalladium.gr\/app\/uploads\/sites\/46\/2021\/08\/254_RODOS_PALLADIUM_Outdoor_Pools.jpg","datePublished":"2024-03-12T10:46:54+00:00","dateModified":"2025-03-05T12:32:43+00:00","description":"Venez d\u00e9couvrir le luxe au Rodos Palladium avec des piscines de style lagon, une piscine pour enfants avec pare-soleil, et une plage r\u00e9compens\u00e9e du Pavillon Bleu. Profitez d'un acc\u00e8s exclusif \u00e0 la piscine int\u00e9rieure et au jacuzzi pour les clients de 16 ans et plus","breadcrumb":{"@id":"https:\/\/www.rodospalladium.gr\/fr\/loisirs\/piscine-plage\/#breadcrumb"},"inLanguage":"fr-FR","potentialAction":[{"@type":"ReadAction","target":["https:\/\/www.rodospalladium.gr\/fr\/loisirs\/piscine-plage\/"]}]},{"@type":"ImageObject","inLanguage":"fr-FR","@id":"https:\/\/www.rodospalladium.gr\/fr\/loisirs\/piscine-plage\/#primaryimage","url":"https:\/\/www.rodospalladium.gr\/app\/uploads\/sites\/46\/2021\/08\/254_RODOS_PALLADIUM_Outdoor_Pools.jpg","contentUrl":"https:\/\/www.rodospalladium.gr\/app\/uploads\/sites\/46\/2021\/08\/254_RODOS_PALLADIUM_Outdoor_Pools.jpg","width":1920,"height":1200,"caption":"Outdoor Pools"},{"@type":"BreadcrumbList","@id":"https:\/\/www.rodospalladium.gr\/fr\/loisirs\/piscine-plage\/#breadcrumb","itemListElement":[{"@type":"ListItem","position":1,"name":"Home","item":"https:\/\/www.rodospalladium.gr\/fr\/"},{"@type":"ListItem","position":2,"name":"LOISIRS","item":"https:\/\/www.rodospalladium.gr\/fr\/loisirs\/"},{"@type":"ListItem","position":3,"name":"PISCINE &#038; PLAGE"}]},{"@type":"WebSite","@id":"https:\/\/www.rodospalladium.gr\/#website","url":"https:\/\/www.rodospalladium.gr\/","name":"Rodos Palladium Leisure &amp; Wellness","description":"Rodos Palladium Leisure &amp; Wellness is among Rhodes finest five star hotels. It enjoys a premier beach front location at Kallithea bay, offering luxurious accommodation and exclusive leisure and spa facilities.","potentialAction":[{"@type":"SearchAction","target":{"@type":"EntryPoint","urlTemplate":"https:\/\/www.rodospalladium.gr\/?s={search_term_string}"},"query-input":{"@type":"PropertyValueSpecification","valueRequired":true,"valueName":"search_term_string"}}],"inLanguage":"fr-FR"}]}},"_links":{"self":[{"href":"https:\/\/www.rodospalladium.gr\/fr\/wp-json\/wp\/v2\/pages\/29394"}],"collection":[{"href":"https:\/\/www.rodospalladium.gr\/fr\/wp-json\/wp\/v2\/pages"}],"about":[{"href":"https:\/\/www.rodospalladium.gr\/fr\/wp-json\/wp\/v2\/types\/page"}],"author":[{"embeddable":true,"href":"https:\/\/www.rodospalladium.gr\/fr\/wp-json\/wp\/v2\/users\/361"}],"replies":[{"embeddable":true,"href":"https:\/\/www.rodospalladium.gr\/fr\/wp-json\/wp\/v2\/comments?post=29394"}],"version-history":[{"count":2,"href":"https:\/\/www.rodospalladium.gr\/fr\/wp-json\/wp\/v2\/pages\/29394\/revisions"}],"predecessor-version":[{"id":30819,"href":"https:\/\/www.rodospalladium.gr\/fr\/wp-json\/wp\/v2\/pages\/29394\/revisions\/30819"}],"up":[{"embeddable":true,"href":"https:\/\/www.rodospalladium.gr\/fr\/wp-json\/wp\/v2\/pages\/29392"}],"wp:featuredmedia":[{"embeddable":true,"href":"https:\/\/www.rodospalladium.gr\/fr\/wp-json\/wp\/v2\/media\/13404"}],"wp:attachment":[{"href":"https:\/\/www.rodospalladium.gr\/fr\/wp-json\/wp\/v2\/media?parent=29394"}],"curies":[{"name":"wp","href":"https:\/\/api.w.org\/{rel}","templated":true}]}}