{"id":29396,"date":"2024-03-12T14:00:03","date_gmt":"2024-03-12T11:00:03","guid":{"rendered":"https:\/\/www.rodospalladium.gr\/?page_id=29396"},"modified":"2024-03-12T14:00:03","modified_gmt":"2024-03-12T11:00:03","slug":"animation-du-soir","status":"publish","type":"page","link":"https:\/\/www.rodospalladium.gr\/fr\/loisirs\/animation-du-soir\/","title":{"rendered":"ANIMATION DU SOIR"},"content":{"rendered":"<p>Il se passe toujours quelque chose le soir au Rodos Palladium\u00a0! Chaque jour, nos \u00e9v\u00e8nements de divertissement en direct comprennent des airs classiques au piano, de la musique et de la danse jazz et latine, des groupes, des spectacles de divertissement des soir\u00e9es \u00e0 th\u00e8me fr\u00e9quentes avec de la musique bouzouki et des danses traditionnelles. Une salle calme pour le bridge est \u00e9galement disponible.<\/p>\n<p>Des soir\u00e9es spectacles et diverses soir\u00e9es \u00e0 th\u00e8me sont propos\u00e9es quotidiennement entre juin et septembre (en basse saison, la fr\u00e9quence peut d\u00e9pendre des conditions m\u00e9t\u00e9orologiques).<\/p>\n","protected":false},"excerpt":{"rendered":"<p>Il se passe toujours quelque chose le soir au Rodos Palladium\u00a0! Chaque jour, nos \u00e9v\u00e8nements de divertissement en direct comprennent des airs classiques au piano, de la musique et de la danse jazz et latine, des groupes, des spectacles de divertissement des soir\u00e9es \u00e0 th\u00e8me fr\u00e9quentes avec de la musique bouzouki et des danses traditionnelles.<\/p>\n","protected":false},"author":361,"featured_media":29238,"parent":29392,"menu_order":0,"comment_status":"closed","ping_status":"closed","template":"","meta":{"_acf_changed":false,"footnotes":""},"class_list":["post-29396","page","type-page","status-publish","has-post-thumbnail","hentry"],"acf":[],"yoast_head":"<!-- This site is optimized with the Yoast SEO plugin v26.9 - https:\/\/yoast.com\/product\/yoast-seo-wordpress\/ -->\n<title>ANIMATION DU SOIR - Rodos Palladium Leisure &amp; Wellness<\/title>\n<meta name=\"robots\" content=\"index, follow, max-snippet:-1, max-image-preview:large, max-video-preview:-1\" \/>\n<link rel=\"canonical\" href=\"https:\/\/www.rodospalladium.gr\/fr\/loisirs\/animation-du-soir\/\" \/>\n<meta property=\"og:locale\" content=\"fr_FR\" \/>\n<meta property=\"og:type\" content=\"article\" \/>\n<meta property=\"og:title\" content=\"ANIMATION DU SOIR - Rodos Palladium Leisure &amp; Wellness\" \/>\n<meta property=\"og:description\" content=\"Il se passe toujours quelque chose le soir au Rodos Palladium\u00a0! Chaque jour, nos \u00e9v\u00e8nements de divertissement en direct comprennent des airs classiques au piano, de la musique et de la danse jazz et latine, des groupes, des spectacles de divertissement des soir\u00e9es \u00e0 th\u00e8me fr\u00e9quentes avec de la musique bouzouki et des danses traditionnelles.\" \/>\n<meta property=\"og:url\" content=\"https:\/\/www.rodospalladium.gr\/fr\/loisirs\/animation-du-soir\/\" \/>\n<meta property=\"og:site_name\" content=\"Rodos Palladium Leisure &amp; Wellness\" \/>\n<meta property=\"og:image\" content=\"https:\/\/www.rodospalladium.gr\/app\/uploads\/sites\/46\/2021\/08\/421_RODOS_PALLADIUM_SHOW_STAGE.jpg\" \/>\n\t<meta property=\"og:image:width\" content=\"1920\" \/>\n\t<meta property=\"og:image:height\" content=\"1200\" \/>\n\t<meta property=\"og:image:type\" content=\"image\/jpeg\" \/>\n<meta name=\"twitter:card\" content=\"summary_large_image\" \/>\n<meta name=\"twitter:label1\" content=\"Est. reading time\" \/>\n\t<meta name=\"twitter:data1\" content=\"1 minute\" \/>\n<script type=\"application\/ld+json\" class=\"yoast-schema-graph\">{\"@context\":\"https:\/\/schema.org\",\"@graph\":[{\"@type\":\"WebPage\",\"@id\":\"https:\/\/www.rodospalladium.gr\/fr\/loisirs\/animation-du-soir\/\",\"url\":\"https:\/\/www.rodospalladium.gr\/fr\/loisirs\/animation-du-soir\/\",\"name\":\"ANIMATION DU SOIR - Rodos Palladium Leisure &amp; Wellness\",\"isPartOf\":{\"@id\":\"https:\/\/www.rodospalladium.gr\/#website\"},\"primaryImageOfPage\":{\"@id\":\"https:\/\/www.rodospalladium.gr\/fr\/loisirs\/animation-du-soir\/#primaryimage\"},\"image\":{\"@id\":\"https:\/\/www.rodospalladium.gr\/fr\/loisirs\/animation-du-soir\/#primaryimage\"},\"thumbnailUrl\":\"https:\/\/www.rodospalladium.gr\/app\/uploads\/sites\/46\/2021\/08\/421_RODOS_PALLADIUM_SHOW_STAGE.jpg\",\"datePublished\":\"2024-03-12T11:00:03+00:00\",\"breadcrumb\":{\"@id\":\"https:\/\/www.rodospalladium.gr\/fr\/loisirs\/animation-du-soir\/#breadcrumb\"},\"inLanguage\":\"fr-FR\",\"potentialAction\":[{\"@type\":\"ReadAction\",\"target\":[\"https:\/\/www.rodospalladium.gr\/fr\/loisirs\/animation-du-soir\/\"]}]},{\"@type\":\"ImageObject\",\"inLanguage\":\"fr-FR\",\"@id\":\"https:\/\/www.rodospalladium.gr\/fr\/loisirs\/animation-du-soir\/#primaryimage\",\"url\":\"https:\/\/www.rodospalladium.gr\/app\/uploads\/sites\/46\/2021\/08\/421_RODOS_PALLADIUM_SHOW_STAGE.jpg\",\"contentUrl\":\"https:\/\/www.rodospalladium.gr\/app\/uploads\/sites\/46\/2021\/08\/421_RODOS_PALLADIUM_SHOW_STAGE.jpg\",\"width\":1920,\"height\":1200,\"caption\":\"The Show Stage\"},{\"@type\":\"BreadcrumbList\",\"@id\":\"https:\/\/www.rodospalladium.gr\/fr\/loisirs\/animation-du-soir\/#breadcrumb\",\"itemListElement\":[{\"@type\":\"ListItem\",\"position\":1,\"name\":\"Home\",\"item\":\"https:\/\/www.rodospalladium.gr\/fr\/\"},{\"@type\":\"ListItem\",\"position\":2,\"name\":\"LOISIRS\",\"item\":\"https:\/\/www.rodospalladium.gr\/fr\/loisirs\/\"},{\"@type\":\"ListItem\",\"position\":3,\"name\":\"ANIMATION DU SOIR\"}]},{\"@type\":\"WebSite\",\"@id\":\"https:\/\/www.rodospalladium.gr\/#website\",\"url\":\"https:\/\/www.rodospalladium.gr\/\",\"name\":\"Rodos Palladium Leisure &amp; Wellness\",\"description\":\"Rodos Palladium Leisure &amp; Wellness is among Rhodes finest five star hotels. It enjoys a premier beach front location at Kallithea bay, offering luxurious accommodation and exclusive leisure and spa facilities.\",\"potentialAction\":[{\"@type\":\"SearchAction\",\"target\":{\"@type\":\"EntryPoint\",\"urlTemplate\":\"https:\/\/www.rodospalladium.gr\/?s={search_term_string}\"},\"query-input\":{\"@type\":\"PropertyValueSpecification\",\"valueRequired\":true,\"valueName\":\"search_term_string\"}}],\"inLanguage\":\"fr-FR\"}]}<\/script>\n<!-- \/ Yoast SEO plugin. -->","yoast_head_json":{"title":"ANIMATION DU SOIR - Rodos Palladium Leisure &amp; Wellness","robots":{"index":"index","follow":"follow","max-snippet":"max-snippet:-1","max-image-preview":"max-image-preview:large","max-video-preview":"max-video-preview:-1"},"canonical":"https:\/\/www.rodospalladium.gr\/fr\/loisirs\/animation-du-soir\/","og_locale":"fr_FR","og_type":"article","og_title":"ANIMATION DU SOIR - Rodos Palladium Leisure &amp; Wellness","og_description":"Il se passe toujours quelque chose le soir au Rodos Palladium\u00a0! Chaque jour, nos \u00e9v\u00e8nements de divertissement en direct comprennent des airs classiques au piano, de la musique et de la danse jazz et latine, des groupes, des spectacles de divertissement des soir\u00e9es \u00e0 th\u00e8me fr\u00e9quentes avec de la musique bouzouki et des danses traditionnelles.","og_url":"https:\/\/www.rodospalladium.gr\/fr\/loisirs\/animation-du-soir\/","og_site_name":"Rodos Palladium Leisure &amp; Wellness","og_image":[{"width":1920,"height":1200,"url":"https:\/\/www.rodospalladium.gr\/app\/uploads\/sites\/46\/2021\/08\/421_RODOS_PALLADIUM_SHOW_STAGE.jpg","type":"image\/jpeg"}],"twitter_card":"summary_large_image","twitter_misc":{"Est. reading time":"1 minute"},"schema":{"@context":"https:\/\/schema.org","@graph":[{"@type":"WebPage","@id":"https:\/\/www.rodospalladium.gr\/fr\/loisirs\/animation-du-soir\/","url":"https:\/\/www.rodospalladium.gr\/fr\/loisirs\/animation-du-soir\/","name":"ANIMATION DU SOIR - Rodos Palladium Leisure &amp; Wellness","isPartOf":{"@id":"https:\/\/www.rodospalladium.gr\/#website"},"primaryImageOfPage":{"@id":"https:\/\/www.rodospalladium.gr\/fr\/loisirs\/animation-du-soir\/#primaryimage"},"image":{"@id":"https:\/\/www.rodospalladium.gr\/fr\/loisirs\/animation-du-soir\/#primaryimage"},"thumbnailUrl":"https:\/\/www.rodospalladium.gr\/app\/uploads\/sites\/46\/2021\/08\/421_RODOS_PALLADIUM_SHOW_STAGE.jpg","datePublished":"2024-03-12T11:00:03+00:00","breadcrumb":{"@id":"https:\/\/www.rodospalladium.gr\/fr\/loisirs\/animation-du-soir\/#breadcrumb"},"inLanguage":"fr-FR","potentialAction":[{"@type":"ReadAction","target":["https:\/\/www.rodospalladium.gr\/fr\/loisirs\/animation-du-soir\/"]}]},{"@type":"ImageObject","inLanguage":"fr-FR","@id":"https:\/\/www.rodospalladium.gr\/fr\/loisirs\/animation-du-soir\/#primaryimage","url":"https:\/\/www.rodospalladium.gr\/app\/uploads\/sites\/46\/2021\/08\/421_RODOS_PALLADIUM_SHOW_STAGE.jpg","contentUrl":"https:\/\/www.rodospalladium.gr\/app\/uploads\/sites\/46\/2021\/08\/421_RODOS_PALLADIUM_SHOW_STAGE.jpg","width":1920,"height":1200,"caption":"The Show Stage"},{"@type":"BreadcrumbList","@id":"https:\/\/www.rodospalladium.gr\/fr\/loisirs\/animation-du-soir\/#breadcrumb","itemListElement":[{"@type":"ListItem","position":1,"name":"Home","item":"https:\/\/www.rodospalladium.gr\/fr\/"},{"@type":"ListItem","position":2,"name":"LOISIRS","item":"https:\/\/www.rodospalladium.gr\/fr\/loisirs\/"},{"@type":"ListItem","position":3,"name":"ANIMATION DU SOIR"}]},{"@type":"WebSite","@id":"https:\/\/www.rodospalladium.gr\/#website","url":"https:\/\/www.rodospalladium.gr\/","name":"Rodos Palladium Leisure &amp; Wellness","description":"Rodos Palladium Leisure &amp; Wellness is among Rhodes finest five star hotels. It enjoys a premier beach front location at Kallithea bay, offering luxurious accommodation and exclusive leisure and spa facilities.","potentialAction":[{"@type":"SearchAction","target":{"@type":"EntryPoint","urlTemplate":"https:\/\/www.rodospalladium.gr\/?s={search_term_string}"},"query-input":{"@type":"PropertyValueSpecification","valueRequired":true,"valueName":"search_term_string"}}],"inLanguage":"fr-FR"}]}},"_links":{"self":[{"href":"https:\/\/www.rodospalladium.gr\/fr\/wp-json\/wp\/v2\/pages\/29396"}],"collection":[{"href":"https:\/\/www.rodospalladium.gr\/fr\/wp-json\/wp\/v2\/pages"}],"about":[{"href":"https:\/\/www.rodospalladium.gr\/fr\/wp-json\/wp\/v2\/types\/page"}],"author":[{"embeddable":true,"href":"https:\/\/www.rodospalladium.gr\/fr\/wp-json\/wp\/v2\/users\/361"}],"replies":[{"embeddable":true,"href":"https:\/\/www.rodospalladium.gr\/fr\/wp-json\/wp\/v2\/comments?post=29396"}],"version-history":[{"count":1,"href":"https:\/\/www.rodospalladium.gr\/fr\/wp-json\/wp\/v2\/pages\/29396\/revisions"}],"predecessor-version":[{"id":29397,"href":"https:\/\/www.rodospalladium.gr\/fr\/wp-json\/wp\/v2\/pages\/29396\/revisions\/29397"}],"up":[{"embeddable":true,"href":"https:\/\/www.rodospalladium.gr\/fr\/wp-json\/wp\/v2\/pages\/29392"}],"wp:featuredmedia":[{"embeddable":true,"href":"https:\/\/www.rodospalladium.gr\/fr\/wp-json\/wp\/v2\/media\/29238"}],"wp:attachment":[{"href":"https:\/\/www.rodospalladium.gr\/fr\/wp-json\/wp\/v2\/media?parent=29396"}],"curies":[{"name":"wp","href":"https:\/\/api.w.org\/{rel}","templated":true}]}}