{"id":29439,"date":"2024-03-13T12:53:05","date_gmt":"2024-03-13T09:53:05","guid":{"rendered":"https:\/\/www.rodospalladium.gr\/?page_id=29439"},"modified":"2025-04-09T09:02:26","modified_gmt":"2025-04-09T06:02:26","slug":"experiences-romantiques","status":"publish","type":"page","link":"https:\/\/www.rodospalladium.gr\/fr\/experiences-romantiques\/","title":{"rendered":"EXPERIENCES ROMANTIQUES"},"content":{"rendered":"<h2><span style=\"color: #baa789;\">C\u00c9L\u00c9BREZ LES MOMENTS LES PLUS SP\u00c9CIAUX DE VOTRE VIE<\/span><\/h2>\n<p>Au Rodos Palladium, notre \u00e9quipe vous aidera \u00e0 transformer votre r\u00e9ception de mariage, votre enterrement de vie de gar\u00e7on ou de jeune fille, votre lune de miel ou votre anniversaire, ou m\u00eame votre anniversaire de mariage, en une exp\u00e9rience vraiment m\u00e9morable.<\/p>\n<p>Vous cherchez des id\u00e9es pour ajouter une touche romantique \u00e0 votre voyage de vacances? Nous avons soigneusement con\u00e7u pour vous les forfaits romantiques Or et Prestige!<\/p>\n<p>&nbsp;<\/p>\n<p>Alternativement, vous pouvez choisir parmi une vari\u00e9t\u00e9 d\u2019options pour cr\u00e9er votre propre forfait de c\u00e9l\u00e9bration sur mesure.<\/p>\n<p>Pour en savoir plus sur chacun des \u00e9l\u00e9ments ci-dessous, n\u2019h\u00e9sitez pas \u00e0 contacter notre service de r\u00e9servation \u00e0 \ud83d\udce7<strong><a href=\"mailto:reservations@rodospalladium.gr\">reservations@rodospalladium.gr<\/a><\/strong> ou a appeler notre bureau des relations publiques au <strong>+30 22410 57300<\/strong><\/p>\n<p>&nbsp;<\/p>\n<p>&nbsp;<\/p>\n<p>&nbsp;<\/p>\n<p>&nbsp;<\/p>\n","protected":false},"excerpt":{"rendered":"<p>C\u00c9L\u00c9BREZ LES MOMENTS LES PLUS SP\u00c9CIAUX DE VOTRE VIE Au Rodos Palladium, notre \u00e9quipe vous aidera \u00e0 transformer votre r\u00e9ception de mariage, votre enterrement de vie de gar\u00e7on ou de jeune fille, votre lune de miel ou votre anniversaire, ou m\u00eame votre anniversaire de mariage, en une exp\u00e9rience vraiment m\u00e9morable. Vous cherchez des id\u00e9es pour<\/p>\n","protected":false},"author":361,"featured_media":0,"parent":0,"menu_order":0,"comment_status":"closed","ping_status":"closed","template":"","meta":{"_acf_changed":false,"footnotes":""},"class_list":["post-29439","page","type-page","status-publish","hentry"],"acf":[],"yoast_head":"<!-- This site is optimized with the Yoast SEO plugin v26.9 - https:\/\/yoast.com\/product\/yoast-seo-wordpress\/ -->\n<title>EXPERIENCES ROMANTIQUES - Rodos Palladium Leisure &amp; Wellness<\/title>\n<meta name=\"robots\" content=\"index, follow, max-snippet:-1, max-image-preview:large, max-video-preview:-1\" \/>\n<link rel=\"canonical\" href=\"https:\/\/www.rodospalladium.gr\/fr\/experiences-romantiques\/\" \/>\n<meta property=\"og:locale\" content=\"fr_FR\" \/>\n<meta property=\"og:type\" content=\"article\" \/>\n<meta property=\"og:title\" content=\"EXPERIENCES ROMANTIQUES - Rodos Palladium Leisure &amp; Wellness\" \/>\n<meta property=\"og:description\" content=\"C\u00c9L\u00c9BREZ LES MOMENTS LES PLUS SP\u00c9CIAUX DE VOTRE VIE Au Rodos Palladium, notre \u00e9quipe vous aidera \u00e0 transformer votre r\u00e9ception de mariage, votre enterrement de vie de gar\u00e7on ou de jeune fille, votre lune de miel ou votre anniversaire, ou m\u00eame votre anniversaire de mariage, en une exp\u00e9rience vraiment m\u00e9morable. Vous cherchez des id\u00e9es pour\" \/>\n<meta property=\"og:url\" content=\"https:\/\/www.rodospalladium.gr\/fr\/experiences-romantiques\/\" \/>\n<meta property=\"og:site_name\" content=\"Rodos Palladium Leisure &amp; Wellness\" \/>\n<meta property=\"article:modified_time\" content=\"2025-04-09T06:02:26+00:00\" \/>\n<meta name=\"twitter:card\" content=\"summary_large_image\" \/>\n<meta name=\"twitter:label1\" content=\"Est. reading time\" \/>\n\t<meta name=\"twitter:data1\" content=\"1 minute\" \/>\n<script type=\"application\/ld+json\" class=\"yoast-schema-graph\">{\"@context\":\"https:\/\/schema.org\",\"@graph\":[{\"@type\":\"WebPage\",\"@id\":\"https:\/\/www.rodospalladium.gr\/fr\/experiences-romantiques\/\",\"url\":\"https:\/\/www.rodospalladium.gr\/fr\/experiences-romantiques\/\",\"name\":\"EXPERIENCES ROMANTIQUES - Rodos Palladium Leisure &amp; Wellness\",\"isPartOf\":{\"@id\":\"https:\/\/www.rodospalladium.gr\/#website\"},\"datePublished\":\"2024-03-13T09:53:05+00:00\",\"dateModified\":\"2025-04-09T06:02:26+00:00\",\"breadcrumb\":{\"@id\":\"https:\/\/www.rodospalladium.gr\/fr\/experiences-romantiques\/#breadcrumb\"},\"inLanguage\":\"fr-FR\",\"potentialAction\":[{\"@type\":\"ReadAction\",\"target\":[\"https:\/\/www.rodospalladium.gr\/fr\/experiences-romantiques\/\"]}]},{\"@type\":\"BreadcrumbList\",\"@id\":\"https:\/\/www.rodospalladium.gr\/fr\/experiences-romantiques\/#breadcrumb\",\"itemListElement\":[{\"@type\":\"ListItem\",\"position\":1,\"name\":\"Home\",\"item\":\"https:\/\/www.rodospalladium.gr\/fr\/\"},{\"@type\":\"ListItem\",\"position\":2,\"name\":\"EXPERIENCES ROMANTIQUES\"}]},{\"@type\":\"WebSite\",\"@id\":\"https:\/\/www.rodospalladium.gr\/#website\",\"url\":\"https:\/\/www.rodospalladium.gr\/\",\"name\":\"Rodos Palladium Leisure &amp; Wellness\",\"description\":\"Rodos Palladium Leisure &amp; Wellness is among Rhodes finest five star hotels. It enjoys a premier beach front location at Kallithea bay, offering luxurious accommodation and exclusive leisure and spa facilities.\",\"potentialAction\":[{\"@type\":\"SearchAction\",\"target\":{\"@type\":\"EntryPoint\",\"urlTemplate\":\"https:\/\/www.rodospalladium.gr\/?s={search_term_string}\"},\"query-input\":{\"@type\":\"PropertyValueSpecification\",\"valueRequired\":true,\"valueName\":\"search_term_string\"}}],\"inLanguage\":\"fr-FR\"}]}<\/script>\n<!-- \/ Yoast SEO plugin. -->","yoast_head_json":{"title":"EXPERIENCES ROMANTIQUES - Rodos Palladium Leisure &amp; Wellness","robots":{"index":"index","follow":"follow","max-snippet":"max-snippet:-1","max-image-preview":"max-image-preview:large","max-video-preview":"max-video-preview:-1"},"canonical":"https:\/\/www.rodospalladium.gr\/fr\/experiences-romantiques\/","og_locale":"fr_FR","og_type":"article","og_title":"EXPERIENCES ROMANTIQUES - Rodos Palladium Leisure &amp; Wellness","og_description":"C\u00c9L\u00c9BREZ LES MOMENTS LES PLUS SP\u00c9CIAUX DE VOTRE VIE Au Rodos Palladium, notre \u00e9quipe vous aidera \u00e0 transformer votre r\u00e9ception de mariage, votre enterrement de vie de gar\u00e7on ou de jeune fille, votre lune de miel ou votre anniversaire, ou m\u00eame votre anniversaire de mariage, en une exp\u00e9rience vraiment m\u00e9morable. Vous cherchez des id\u00e9es pour","og_url":"https:\/\/www.rodospalladium.gr\/fr\/experiences-romantiques\/","og_site_name":"Rodos Palladium Leisure &amp; Wellness","article_modified_time":"2025-04-09T06:02:26+00:00","twitter_card":"summary_large_image","twitter_misc":{"Est. reading time":"1 minute"},"schema":{"@context":"https:\/\/schema.org","@graph":[{"@type":"WebPage","@id":"https:\/\/www.rodospalladium.gr\/fr\/experiences-romantiques\/","url":"https:\/\/www.rodospalladium.gr\/fr\/experiences-romantiques\/","name":"EXPERIENCES ROMANTIQUES - Rodos Palladium Leisure &amp; Wellness","isPartOf":{"@id":"https:\/\/www.rodospalladium.gr\/#website"},"datePublished":"2024-03-13T09:53:05+00:00","dateModified":"2025-04-09T06:02:26+00:00","breadcrumb":{"@id":"https:\/\/www.rodospalladium.gr\/fr\/experiences-romantiques\/#breadcrumb"},"inLanguage":"fr-FR","potentialAction":[{"@type":"ReadAction","target":["https:\/\/www.rodospalladium.gr\/fr\/experiences-romantiques\/"]}]},{"@type":"BreadcrumbList","@id":"https:\/\/www.rodospalladium.gr\/fr\/experiences-romantiques\/#breadcrumb","itemListElement":[{"@type":"ListItem","position":1,"name":"Home","item":"https:\/\/www.rodospalladium.gr\/fr\/"},{"@type":"ListItem","position":2,"name":"EXPERIENCES ROMANTIQUES"}]},{"@type":"WebSite","@id":"https:\/\/www.rodospalladium.gr\/#website","url":"https:\/\/www.rodospalladium.gr\/","name":"Rodos Palladium Leisure &amp; Wellness","description":"Rodos Palladium Leisure &amp; Wellness is among Rhodes finest five star hotels. It enjoys a premier beach front location at Kallithea bay, offering luxurious accommodation and exclusive leisure and spa facilities.","potentialAction":[{"@type":"SearchAction","target":{"@type":"EntryPoint","urlTemplate":"https:\/\/www.rodospalladium.gr\/?s={search_term_string}"},"query-input":{"@type":"PropertyValueSpecification","valueRequired":true,"valueName":"search_term_string"}}],"inLanguage":"fr-FR"}]}},"_links":{"self":[{"href":"https:\/\/www.rodospalladium.gr\/fr\/wp-json\/wp\/v2\/pages\/29439"}],"collection":[{"href":"https:\/\/www.rodospalladium.gr\/fr\/wp-json\/wp\/v2\/pages"}],"about":[{"href":"https:\/\/www.rodospalladium.gr\/fr\/wp-json\/wp\/v2\/types\/page"}],"author":[{"embeddable":true,"href":"https:\/\/www.rodospalladium.gr\/fr\/wp-json\/wp\/v2\/users\/361"}],"replies":[{"embeddable":true,"href":"https:\/\/www.rodospalladium.gr\/fr\/wp-json\/wp\/v2\/comments?post=29439"}],"version-history":[{"count":4,"href":"https:\/\/www.rodospalladium.gr\/fr\/wp-json\/wp\/v2\/pages\/29439\/revisions"}],"predecessor-version":[{"id":30978,"href":"https:\/\/www.rodospalladium.gr\/fr\/wp-json\/wp\/v2\/pages\/29439\/revisions\/30978"}],"wp:attachment":[{"href":"https:\/\/www.rodospalladium.gr\/fr\/wp-json\/wp\/v2\/media?parent=29439"}],"curies":[{"name":"wp","href":"https:\/\/api.w.org\/{rel}","templated":true}]}}