{"id":29441,"date":"2024-03-13T13:05:17","date_gmt":"2024-03-13T10:05:17","guid":{"rendered":"https:\/\/www.rodospalladium.gr\/?page_id=29441"},"modified":"2025-04-09T09:24:35","modified_gmt":"2025-04-09T06:24:35","slug":"le-forfait-romantique-or","status":"publish","type":"page","link":"https:\/\/www.rodospalladium.gr\/fr\/experiences-romantiques\/le-forfait-romantique-or\/","title":{"rendered":"Le Forfait Romantique Dor\u00e9"},"content":{"rendered":"<h2 data-start=\"50\" data-end=\"105\"><span style=\"color: #baa789;\"><strong data-start=\"50\" data-end=\"105\">C\u00e9l\u00e9brez l\u2019Amour avec notre Forfait Romantique Dor\u00e9<\/strong><\/span><\/h2>\n<p class=\"\" data-start=\"107\" data-end=\"350\">Que vous soyez en lune de miel, que vous f\u00eatiez un anniversaire de mariage ou que vous souhaitiez simplement ajouter une touche de romantisme \u00e0 votre s\u00e9jour au Rodos Palladium, notre <strong><span style=\"color: #baa789;\">Forfait Romantique Dor\u00e9<\/span><\/strong> a \u00e9t\u00e9 soigneusement con\u00e7u pour vous.<\/p>\n<h3 data-start=\"352\" data-end=\"381\">Votre exp\u00e9rience comprend :<\/h3>\n<ul data-start=\"382\" data-end=\"1050\">\n<li class=\"\" data-start=\"382\" data-end=\"574\">\n<p class=\"\" data-start=\"384\" data-end=\"574\">Une bouteille de <strong>Champagne Mo\u00ebt &amp; Chandon<\/strong>, accompagn\u00e9e d\u2019un assortiment de hors-d\u2019\u0153uvre et d\u2019un charmant bouquet de fleurs fra\u00eeches, \u00e9l\u00e9gamment dispos\u00e9s dans votre chambre \u00e0 votre arriv\u00e9e.<\/p>\n<\/li>\n<li class=\"\" data-start=\"575\" data-end=\"671\">\n<p class=\"\" data-start=\"577\" data-end=\"671\">Une journ\u00e9e d\u2019utilisation exclusive d\u2019un <strong>gazebo en bord de mer<\/strong>, disponible de 10h00 \u00e0 18h00.<\/p>\n<\/li>\n<li class=\"\" data-start=\"672\" data-end=\"778\">\n<p class=\"\" data-start=\"674\" data-end=\"778\"><strong>Deux cocktails<\/strong> servis avec une assiette de canap\u00e9s gastronomiques dans notre bar principal \u00ab Mythos \u00bb.<\/p>\n<\/li>\n<li class=\"\" data-start=\"779\" data-end=\"897\">\n<p class=\"\" data-start=\"781\" data-end=\"897\"><strong>Une escapade bien-\u00eatre en duo<\/strong> : d\u00e9tendez-vous ensemble avec un massage Zen relaxant du corps entier de 50 minutes.<\/p>\n<\/li>\n<li class=\"\" data-start=\"898\" data-end=\"1050\">\n<p class=\"\" data-start=\"900\" data-end=\"1050\"><strong>Un d\u00eener romantique aux chandelles de six plats pour deux personnes<\/strong>, servi dans votre gazebo priv\u00e9, directement sur la plage.* (Boissons non incluses)<\/p>\n<\/li>\n<\/ul>\n<p class=\"\" data-start=\"1052\" data-end=\"1150\">Rendez votre escapade romantique inoubliable gr\u00e2ce \u00e0 cette exp\u00e9rience luxueuse au Rodos Palladium.<\/p>\n<hr \/>\n<p class=\"\" data-start=\"1152\" data-end=\"1265\">(*) En cas de conditions m\u00e9t\u00e9orologiques d\u00e9favorables, le d\u00eener aux chandelles sera servi au restaurant Thalassa.<\/p>\n<p class=\"\" data-start=\"1267\" data-end=\"1305\"><strong data-start=\"1267\" data-end=\"1305\">Prix : 580 \u20ac (pour deux personnes)<\/strong><\/p>\n<p>&nbsp;<\/p>\n","protected":false},"excerpt":{"rendered":"<p>C\u00e9l\u00e9brez l\u2019Amour avec notre Forfait Romantique Dor\u00e9 Que vous soyez en lune de miel, que vous f\u00eatiez un anniversaire de mariage ou que vous souhaitiez simplement ajouter une touche de romantisme \u00e0 votre s\u00e9jour au Rodos Palladium, notre Forfait Romantique Dor\u00e9 a \u00e9t\u00e9 soigneusement con\u00e7u pour vous. Votre exp\u00e9rience comprend : Une bouteille de Champagne<\/p>\n","protected":false},"author":361,"featured_media":29932,"parent":29439,"menu_order":0,"comment_status":"closed","ping_status":"closed","template":"","meta":{"_acf_changed":false,"footnotes":""},"class_list":["post-29441","page","type-page","status-publish","has-post-thumbnail","hentry"],"acf":[],"yoast_head":"<!-- This site is optimized with the Yoast SEO plugin v26.9 - https:\/\/yoast.com\/product\/yoast-seo-wordpress\/ -->\n<title>Le Forfait Romantique Dor\u00e9 - Rodos Palladium Leisure &amp; Wellness<\/title>\n<meta name=\"robots\" content=\"index, follow, max-snippet:-1, max-image-preview:large, max-video-preview:-1\" \/>\n<link rel=\"canonical\" href=\"https:\/\/www.rodospalladium.gr\/fr\/experiences-romantiques\/le-forfait-romantique-or\/\" \/>\n<meta property=\"og:locale\" content=\"fr_FR\" \/>\n<meta property=\"og:type\" content=\"article\" \/>\n<meta property=\"og:title\" content=\"Le Forfait Romantique Dor\u00e9 - Rodos Palladium Leisure &amp; Wellness\" \/>\n<meta property=\"og:description\" content=\"C\u00e9l\u00e9brez l\u2019Amour avec notre Forfait Romantique Dor\u00e9 Que vous soyez en lune de miel, que vous f\u00eatiez un anniversaire de mariage ou que vous souhaitiez simplement ajouter une touche de romantisme \u00e0 votre s\u00e9jour au Rodos Palladium, notre Forfait Romantique Dor\u00e9 a \u00e9t\u00e9 soigneusement con\u00e7u pour vous. Votre exp\u00e9rience comprend : Une bouteille de Champagne\" \/>\n<meta property=\"og:url\" content=\"https:\/\/www.rodospalladium.gr\/fr\/experiences-romantiques\/le-forfait-romantique-or\/\" \/>\n<meta property=\"og:site_name\" content=\"Rodos Palladium Leisure &amp; Wellness\" \/>\n<meta property=\"article:modified_time\" content=\"2025-04-09T06:24:35+00:00\" \/>\n<meta property=\"og:image\" content=\"https:\/\/www.rodospalladium.gr\/app\/uploads\/sites\/46\/2024\/06\/Candelit-Dinner_Web_Res-scaled.jpg\" \/>\n\t<meta property=\"og:image:width\" content=\"2560\" \/>\n\t<meta property=\"og:image:height\" content=\"1707\" \/>\n\t<meta property=\"og:image:type\" content=\"image\/jpeg\" \/>\n<meta name=\"twitter:card\" content=\"summary_large_image\" \/>\n<meta name=\"twitter:label1\" content=\"Est. reading time\" \/>\n\t<meta name=\"twitter:data1\" content=\"1 minute\" \/>\n<script type=\"application\/ld+json\" class=\"yoast-schema-graph\">{\"@context\":\"https:\/\/schema.org\",\"@graph\":[{\"@type\":\"WebPage\",\"@id\":\"https:\/\/www.rodospalladium.gr\/fr\/experiences-romantiques\/le-forfait-romantique-or\/\",\"url\":\"https:\/\/www.rodospalladium.gr\/fr\/experiences-romantiques\/le-forfait-romantique-or\/\",\"name\":\"Le Forfait Romantique Dor\u00e9 - Rodos Palladium Leisure &amp; Wellness\",\"isPartOf\":{\"@id\":\"https:\/\/www.rodospalladium.gr\/#website\"},\"primaryImageOfPage\":{\"@id\":\"https:\/\/www.rodospalladium.gr\/fr\/experiences-romantiques\/le-forfait-romantique-or\/#primaryimage\"},\"image\":{\"@id\":\"https:\/\/www.rodospalladium.gr\/fr\/experiences-romantiques\/le-forfait-romantique-or\/#primaryimage\"},\"thumbnailUrl\":\"https:\/\/www.rodospalladium.gr\/app\/uploads\/sites\/46\/2024\/06\/Candelit-Dinner_Web_Res-scaled.jpg\",\"datePublished\":\"2024-03-13T10:05:17+00:00\",\"dateModified\":\"2025-04-09T06:24:35+00:00\",\"breadcrumb\":{\"@id\":\"https:\/\/www.rodospalladium.gr\/fr\/experiences-romantiques\/le-forfait-romantique-or\/#breadcrumb\"},\"inLanguage\":\"fr-FR\",\"potentialAction\":[{\"@type\":\"ReadAction\",\"target\":[\"https:\/\/www.rodospalladium.gr\/fr\/experiences-romantiques\/le-forfait-romantique-or\/\"]}]},{\"@type\":\"ImageObject\",\"inLanguage\":\"fr-FR\",\"@id\":\"https:\/\/www.rodospalladium.gr\/fr\/experiences-romantiques\/le-forfait-romantique-or\/#primaryimage\",\"url\":\"https:\/\/www.rodospalladium.gr\/app\/uploads\/sites\/46\/2024\/06\/Candelit-Dinner_Web_Res-scaled.jpg\",\"contentUrl\":\"https:\/\/www.rodospalladium.gr\/app\/uploads\/sites\/46\/2024\/06\/Candelit-Dinner_Web_Res-scaled.jpg\",\"width\":2560,\"height\":1707,\"caption\":\"Candelit Dinner at the beach\"},{\"@type\":\"BreadcrumbList\",\"@id\":\"https:\/\/www.rodospalladium.gr\/fr\/experiences-romantiques\/le-forfait-romantique-or\/#breadcrumb\",\"itemListElement\":[{\"@type\":\"ListItem\",\"position\":1,\"name\":\"Home\",\"item\":\"https:\/\/www.rodospalladium.gr\/fr\/\"},{\"@type\":\"ListItem\",\"position\":2,\"name\":\"EXPERIENCES ROMANTIQUES\",\"item\":\"https:\/\/www.rodospalladium.gr\/fr\/experiences-romantiques\/\"},{\"@type\":\"ListItem\",\"position\":3,\"name\":\"Le Forfait Romantique Dor\u00e9\"}]},{\"@type\":\"WebSite\",\"@id\":\"https:\/\/www.rodospalladium.gr\/#website\",\"url\":\"https:\/\/www.rodospalladium.gr\/\",\"name\":\"Rodos Palladium Leisure &amp; Wellness\",\"description\":\"Rodos Palladium Leisure &amp; Wellness is among Rhodes finest five star hotels. It enjoys a premier beach front location at Kallithea bay, offering luxurious accommodation and exclusive leisure and spa facilities.\",\"potentialAction\":[{\"@type\":\"SearchAction\",\"target\":{\"@type\":\"EntryPoint\",\"urlTemplate\":\"https:\/\/www.rodospalladium.gr\/?s={search_term_string}\"},\"query-input\":{\"@type\":\"PropertyValueSpecification\",\"valueRequired\":true,\"valueName\":\"search_term_string\"}}],\"inLanguage\":\"fr-FR\"}]}<\/script>\n<!-- \/ Yoast SEO plugin. -->","yoast_head_json":{"title":"Le Forfait Romantique Dor\u00e9 - Rodos Palladium Leisure &amp; Wellness","robots":{"index":"index","follow":"follow","max-snippet":"max-snippet:-1","max-image-preview":"max-image-preview:large","max-video-preview":"max-video-preview:-1"},"canonical":"https:\/\/www.rodospalladium.gr\/fr\/experiences-romantiques\/le-forfait-romantique-or\/","og_locale":"fr_FR","og_type":"article","og_title":"Le Forfait Romantique Dor\u00e9 - Rodos Palladium Leisure &amp; Wellness","og_description":"C\u00e9l\u00e9brez l\u2019Amour avec notre Forfait Romantique Dor\u00e9 Que vous soyez en lune de miel, que vous f\u00eatiez un anniversaire de mariage ou que vous souhaitiez simplement ajouter une touche de romantisme \u00e0 votre s\u00e9jour au Rodos Palladium, notre Forfait Romantique Dor\u00e9 a \u00e9t\u00e9 soigneusement con\u00e7u pour vous. Votre exp\u00e9rience comprend : Une bouteille de Champagne","og_url":"https:\/\/www.rodospalladium.gr\/fr\/experiences-romantiques\/le-forfait-romantique-or\/","og_site_name":"Rodos Palladium Leisure &amp; Wellness","article_modified_time":"2025-04-09T06:24:35+00:00","og_image":[{"width":2560,"height":1707,"url":"https:\/\/www.rodospalladium.gr\/app\/uploads\/sites\/46\/2024\/06\/Candelit-Dinner_Web_Res-scaled.jpg","type":"image\/jpeg"}],"twitter_card":"summary_large_image","twitter_misc":{"Est. reading time":"1 minute"},"schema":{"@context":"https:\/\/schema.org","@graph":[{"@type":"WebPage","@id":"https:\/\/www.rodospalladium.gr\/fr\/experiences-romantiques\/le-forfait-romantique-or\/","url":"https:\/\/www.rodospalladium.gr\/fr\/experiences-romantiques\/le-forfait-romantique-or\/","name":"Le Forfait Romantique Dor\u00e9 - Rodos Palladium Leisure &amp; Wellness","isPartOf":{"@id":"https:\/\/www.rodospalladium.gr\/#website"},"primaryImageOfPage":{"@id":"https:\/\/www.rodospalladium.gr\/fr\/experiences-romantiques\/le-forfait-romantique-or\/#primaryimage"},"image":{"@id":"https:\/\/www.rodospalladium.gr\/fr\/experiences-romantiques\/le-forfait-romantique-or\/#primaryimage"},"thumbnailUrl":"https:\/\/www.rodospalladium.gr\/app\/uploads\/sites\/46\/2024\/06\/Candelit-Dinner_Web_Res-scaled.jpg","datePublished":"2024-03-13T10:05:17+00:00","dateModified":"2025-04-09T06:24:35+00:00","breadcrumb":{"@id":"https:\/\/www.rodospalladium.gr\/fr\/experiences-romantiques\/le-forfait-romantique-or\/#breadcrumb"},"inLanguage":"fr-FR","potentialAction":[{"@type":"ReadAction","target":["https:\/\/www.rodospalladium.gr\/fr\/experiences-romantiques\/le-forfait-romantique-or\/"]}]},{"@type":"ImageObject","inLanguage":"fr-FR","@id":"https:\/\/www.rodospalladium.gr\/fr\/experiences-romantiques\/le-forfait-romantique-or\/#primaryimage","url":"https:\/\/www.rodospalladium.gr\/app\/uploads\/sites\/46\/2024\/06\/Candelit-Dinner_Web_Res-scaled.jpg","contentUrl":"https:\/\/www.rodospalladium.gr\/app\/uploads\/sites\/46\/2024\/06\/Candelit-Dinner_Web_Res-scaled.jpg","width":2560,"height":1707,"caption":"Candelit Dinner at the beach"},{"@type":"BreadcrumbList","@id":"https:\/\/www.rodospalladium.gr\/fr\/experiences-romantiques\/le-forfait-romantique-or\/#breadcrumb","itemListElement":[{"@type":"ListItem","position":1,"name":"Home","item":"https:\/\/www.rodospalladium.gr\/fr\/"},{"@type":"ListItem","position":2,"name":"EXPERIENCES ROMANTIQUES","item":"https:\/\/www.rodospalladium.gr\/fr\/experiences-romantiques\/"},{"@type":"ListItem","position":3,"name":"Le Forfait Romantique Dor\u00e9"}]},{"@type":"WebSite","@id":"https:\/\/www.rodospalladium.gr\/#website","url":"https:\/\/www.rodospalladium.gr\/","name":"Rodos Palladium Leisure &amp; Wellness","description":"Rodos Palladium Leisure &amp; Wellness is among Rhodes finest five star hotels. It enjoys a premier beach front location at Kallithea bay, offering luxurious accommodation and exclusive leisure and spa facilities.","potentialAction":[{"@type":"SearchAction","target":{"@type":"EntryPoint","urlTemplate":"https:\/\/www.rodospalladium.gr\/?s={search_term_string}"},"query-input":{"@type":"PropertyValueSpecification","valueRequired":true,"valueName":"search_term_string"}}],"inLanguage":"fr-FR"}]}},"_links":{"self":[{"href":"https:\/\/www.rodospalladium.gr\/fr\/wp-json\/wp\/v2\/pages\/29441"}],"collection":[{"href":"https:\/\/www.rodospalladium.gr\/fr\/wp-json\/wp\/v2\/pages"}],"about":[{"href":"https:\/\/www.rodospalladium.gr\/fr\/wp-json\/wp\/v2\/types\/page"}],"author":[{"embeddable":true,"href":"https:\/\/www.rodospalladium.gr\/fr\/wp-json\/wp\/v2\/users\/361"}],"replies":[{"embeddable":true,"href":"https:\/\/www.rodospalladium.gr\/fr\/wp-json\/wp\/v2\/comments?post=29441"}],"version-history":[{"count":10,"href":"https:\/\/www.rodospalladium.gr\/fr\/wp-json\/wp\/v2\/pages\/29441\/revisions"}],"predecessor-version":[{"id":30987,"href":"https:\/\/www.rodospalladium.gr\/fr\/wp-json\/wp\/v2\/pages\/29441\/revisions\/30987"}],"up":[{"embeddable":true,"href":"https:\/\/www.rodospalladium.gr\/fr\/wp-json\/wp\/v2\/pages\/29439"}],"wp:featuredmedia":[{"embeddable":true,"href":"https:\/\/www.rodospalladium.gr\/fr\/wp-json\/wp\/v2\/media\/29932"}],"wp:attachment":[{"href":"https:\/\/www.rodospalladium.gr\/fr\/wp-json\/wp\/v2\/media?parent=29441"}],"curies":[{"name":"wp","href":"https:\/\/api.w.org\/{rel}","templated":true}]}}