{"id":29457,"date":"2024-03-13T15:04:40","date_gmt":"2024-03-13T12:04:40","guid":{"rendered":"https:\/\/www.rodospalladium.gr\/?page_id=29457"},"modified":"2024-03-13T15:04:40","modified_gmt":"2024-03-13T12:04:40","slug":"situation-de-lhotel","status":"publish","type":"page","link":"https:\/\/www.rodospalladium.gr\/fr\/situation-de-lhotel\/","title":{"rendered":"SITUATION DE L\u2019H\u00d4TEL"},"content":{"rendered":"<p>Situ\u00e9 dans un cadre idyllique sur un magnifique bord de mer, le luxueux Rodos Palladium\u00a0Leisure &amp; Wellness s\u2019\u00e9tend sur une superficie de 30 000 m2 (7,4 acres\u00a0; 3 hectares) en plein milieu de la plage de sable et de galets r\u00e9compens\u00e9e par le pavillon bleu de Kallithea et \u00e0 c\u00f4t\u00e9 du monument pittoresque des sources de Kallithea.<\/p>\n<p>Vous serez agr\u00e9ablement surpris de constater que l\u2019emplacement de l\u2019h\u00f4tel en bord de mer n\u2019est pas la seule chose qui vous ravira\u00a0; une grande vari\u00e9t\u00e9 d\u2019options est disponible \u00e0 port\u00e9e de main, l\u2019a\u00e9roport \u00e9tant \u00e0 seulement 20 minutes en voiture (15 km \/ 9 miles), ce qui signifie moins de tracas et plus de plaisir pendant votre s\u00e9jour\u00a0!<\/p>\n<p>Promenez-vous dans la belle ville de Rhodes \u00e0 seulement 8 km au nord ou visitez peut-\u00eatre la station baln\u00e9aire voisine de Faliraki (4 km) pour une petite promenade dans les magasins ou une soir\u00e9e inoubliable. De nombreux sports nautiques sont disponibles dans la r\u00e9gion tandis que si vous pr\u00e9f\u00e9rez les toboggans aquatiques, vous serez ravi d\u2019apprendre que le deuxi\u00e8me plus grand parc aquatique d\u2019Europe se trouve au coin de la rue.<\/p>\n<p>Et si faire des escapades fr\u00e9quentes autour de l\u2019\u00eele est votre plaisir, faites appel \u00e0 notre soci\u00e9t\u00e9 de location de voitures interne avec de nombreux types de voitures parmi lesquelles choisir et des r\u00e9ductions sp\u00e9ciales pour tous nos clients. Que vous aimiez conduire ou utiliser l\u2019arr\u00eat de bus disponible devant l\u2019h\u00f4tel, vous constaterez que le transport vers le Rodos Palladium n\u2019est pas un probl\u00e8me\u00a0!<\/p>\n<h3><strong>DISTANCES CL\u00c9S<\/strong><\/h3>\n<p>A\u00e9roport: 15 km<\/p>\n<p>Ville de Rhodes: 8 km<\/p>\n<p>Terrain de Golf d\u2019Afandou 13 km<\/p>\n<p>Lindos: 42 km<\/p>\n","protected":false},"excerpt":{"rendered":"<p>Situ\u00e9 dans un cadre idyllique sur un magnifique bord de mer, le luxueux Rodos Palladium\u00a0Leisure &amp; Wellness s\u2019\u00e9tend sur une superficie de 30 000 m2 (7,4 acres\u00a0; 3 hectares) en plein milieu de la plage de sable et de galets r\u00e9compens\u00e9e par le pavillon bleu de Kallithea et \u00e0 c\u00f4t\u00e9 du monument pittoresque des sources<\/p>\n","protected":false},"author":361,"featured_media":0,"parent":0,"menu_order":0,"comment_status":"closed","ping_status":"closed","template":"page-templates\/location.php","meta":{"_acf_changed":false,"footnotes":""},"class_list":["post-29457","page","type-page","status-publish","hentry"],"acf":[],"yoast_head":"<!-- This site is optimized with the Yoast SEO plugin v26.9 - https:\/\/yoast.com\/product\/yoast-seo-wordpress\/ -->\n<title>SITUATION DE L\u2019H\u00d4TEL - Rodos Palladium Leisure &amp; Wellness<\/title>\n<meta name=\"robots\" content=\"index, follow, max-snippet:-1, max-image-preview:large, max-video-preview:-1\" \/>\n<link rel=\"canonical\" href=\"https:\/\/www.rodospalladium.gr\/fr\/situation-de-lhotel\/\" \/>\n<meta property=\"og:locale\" content=\"fr_FR\" \/>\n<meta property=\"og:type\" content=\"article\" \/>\n<meta property=\"og:title\" content=\"SITUATION DE L\u2019H\u00d4TEL - Rodos Palladium Leisure &amp; Wellness\" \/>\n<meta property=\"og:description\" content=\"Situ\u00e9 dans un cadre idyllique sur un magnifique bord de mer, le luxueux Rodos Palladium\u00a0Leisure &amp; Wellness s\u2019\u00e9tend sur une superficie de 30 000 m2 (7,4 acres\u00a0; 3 hectares) en plein milieu de la plage de sable et de galets r\u00e9compens\u00e9e par le pavillon bleu de Kallithea et \u00e0 c\u00f4t\u00e9 du monument pittoresque des sources\" \/>\n<meta property=\"og:url\" content=\"https:\/\/www.rodospalladium.gr\/fr\/situation-de-lhotel\/\" \/>\n<meta property=\"og:site_name\" content=\"Rodos Palladium Leisure &amp; Wellness\" \/>\n<meta name=\"twitter:card\" content=\"summary_large_image\" \/>\n<meta name=\"twitter:label1\" content=\"Est. reading time\" \/>\n\t<meta name=\"twitter:data1\" content=\"2 minutes\" \/>\n<script type=\"application\/ld+json\" class=\"yoast-schema-graph\">{\"@context\":\"https:\/\/schema.org\",\"@graph\":[{\"@type\":\"WebPage\",\"@id\":\"https:\/\/www.rodospalladium.gr\/fr\/situation-de-lhotel\/\",\"url\":\"https:\/\/www.rodospalladium.gr\/fr\/situation-de-lhotel\/\",\"name\":\"SITUATION DE L\u2019H\u00d4TEL - Rodos Palladium Leisure &amp; Wellness\",\"isPartOf\":{\"@id\":\"https:\/\/www.rodospalladium.gr\/#website\"},\"datePublished\":\"2024-03-13T12:04:40+00:00\",\"breadcrumb\":{\"@id\":\"https:\/\/www.rodospalladium.gr\/fr\/situation-de-lhotel\/#breadcrumb\"},\"inLanguage\":\"fr-FR\",\"potentialAction\":[{\"@type\":\"ReadAction\",\"target\":[\"https:\/\/www.rodospalladium.gr\/fr\/situation-de-lhotel\/\"]}]},{\"@type\":\"BreadcrumbList\",\"@id\":\"https:\/\/www.rodospalladium.gr\/fr\/situation-de-lhotel\/#breadcrumb\",\"itemListElement\":[{\"@type\":\"ListItem\",\"position\":1,\"name\":\"Home\",\"item\":\"https:\/\/www.rodospalladium.gr\/fr\/\"},{\"@type\":\"ListItem\",\"position\":2,\"name\":\"SITUATION DE L\u2019H\u00d4TEL\"}]},{\"@type\":\"WebSite\",\"@id\":\"https:\/\/www.rodospalladium.gr\/#website\",\"url\":\"https:\/\/www.rodospalladium.gr\/\",\"name\":\"Rodos Palladium Leisure &amp; Wellness\",\"description\":\"Rodos Palladium Leisure &amp; Wellness is among Rhodes finest five star hotels. It enjoys a premier beach front location at Kallithea bay, offering luxurious accommodation and exclusive leisure and spa facilities.\",\"potentialAction\":[{\"@type\":\"SearchAction\",\"target\":{\"@type\":\"EntryPoint\",\"urlTemplate\":\"https:\/\/www.rodospalladium.gr\/?s={search_term_string}\"},\"query-input\":{\"@type\":\"PropertyValueSpecification\",\"valueRequired\":true,\"valueName\":\"search_term_string\"}}],\"inLanguage\":\"fr-FR\"}]}<\/script>\n<!-- \/ Yoast SEO plugin. -->","yoast_head_json":{"title":"SITUATION DE L\u2019H\u00d4TEL - Rodos Palladium Leisure &amp; Wellness","robots":{"index":"index","follow":"follow","max-snippet":"max-snippet:-1","max-image-preview":"max-image-preview:large","max-video-preview":"max-video-preview:-1"},"canonical":"https:\/\/www.rodospalladium.gr\/fr\/situation-de-lhotel\/","og_locale":"fr_FR","og_type":"article","og_title":"SITUATION DE L\u2019H\u00d4TEL - Rodos Palladium Leisure &amp; Wellness","og_description":"Situ\u00e9 dans un cadre idyllique sur un magnifique bord de mer, le luxueux Rodos Palladium\u00a0Leisure &amp; Wellness s\u2019\u00e9tend sur une superficie de 30 000 m2 (7,4 acres\u00a0; 3 hectares) en plein milieu de la plage de sable et de galets r\u00e9compens\u00e9e par le pavillon bleu de Kallithea et \u00e0 c\u00f4t\u00e9 du monument pittoresque des sources","og_url":"https:\/\/www.rodospalladium.gr\/fr\/situation-de-lhotel\/","og_site_name":"Rodos Palladium Leisure &amp; Wellness","twitter_card":"summary_large_image","twitter_misc":{"Est. reading time":"2 minutes"},"schema":{"@context":"https:\/\/schema.org","@graph":[{"@type":"WebPage","@id":"https:\/\/www.rodospalladium.gr\/fr\/situation-de-lhotel\/","url":"https:\/\/www.rodospalladium.gr\/fr\/situation-de-lhotel\/","name":"SITUATION DE L\u2019H\u00d4TEL - Rodos Palladium Leisure &amp; Wellness","isPartOf":{"@id":"https:\/\/www.rodospalladium.gr\/#website"},"datePublished":"2024-03-13T12:04:40+00:00","breadcrumb":{"@id":"https:\/\/www.rodospalladium.gr\/fr\/situation-de-lhotel\/#breadcrumb"},"inLanguage":"fr-FR","potentialAction":[{"@type":"ReadAction","target":["https:\/\/www.rodospalladium.gr\/fr\/situation-de-lhotel\/"]}]},{"@type":"BreadcrumbList","@id":"https:\/\/www.rodospalladium.gr\/fr\/situation-de-lhotel\/#breadcrumb","itemListElement":[{"@type":"ListItem","position":1,"name":"Home","item":"https:\/\/www.rodospalladium.gr\/fr\/"},{"@type":"ListItem","position":2,"name":"SITUATION DE L\u2019H\u00d4TEL"}]},{"@type":"WebSite","@id":"https:\/\/www.rodospalladium.gr\/#website","url":"https:\/\/www.rodospalladium.gr\/","name":"Rodos Palladium Leisure &amp; Wellness","description":"Rodos Palladium Leisure &amp; Wellness is among Rhodes finest five star hotels. It enjoys a premier beach front location at Kallithea bay, offering luxurious accommodation and exclusive leisure and spa facilities.","potentialAction":[{"@type":"SearchAction","target":{"@type":"EntryPoint","urlTemplate":"https:\/\/www.rodospalladium.gr\/?s={search_term_string}"},"query-input":{"@type":"PropertyValueSpecification","valueRequired":true,"valueName":"search_term_string"}}],"inLanguage":"fr-FR"}]}},"_links":{"self":[{"href":"https:\/\/www.rodospalladium.gr\/fr\/wp-json\/wp\/v2\/pages\/29457"}],"collection":[{"href":"https:\/\/www.rodospalladium.gr\/fr\/wp-json\/wp\/v2\/pages"}],"about":[{"href":"https:\/\/www.rodospalladium.gr\/fr\/wp-json\/wp\/v2\/types\/page"}],"author":[{"embeddable":true,"href":"https:\/\/www.rodospalladium.gr\/fr\/wp-json\/wp\/v2\/users\/361"}],"replies":[{"embeddable":true,"href":"https:\/\/www.rodospalladium.gr\/fr\/wp-json\/wp\/v2\/comments?post=29457"}],"version-history":[{"count":1,"href":"https:\/\/www.rodospalladium.gr\/fr\/wp-json\/wp\/v2\/pages\/29457\/revisions"}],"predecessor-version":[{"id":29458,"href":"https:\/\/www.rodospalladium.gr\/fr\/wp-json\/wp\/v2\/pages\/29457\/revisions\/29458"}],"wp:attachment":[{"href":"https:\/\/www.rodospalladium.gr\/fr\/wp-json\/wp\/v2\/media?parent=29457"}],"curies":[{"name":"wp","href":"https:\/\/api.w.org\/{rel}","templated":true}]}}