{"id":29468,"date":"2024-03-13T16:25:42","date_gmt":"2024-03-13T13:25:42","guid":{"rendered":"https:\/\/www.rodospalladium.gr\/?page_id=29468"},"modified":"2024-09-20T18:01:57","modified_gmt":"2024-09-20T15:01:57","slug":"plages-populaires","status":"publish","type":"page","link":"https:\/\/www.rodospalladium.gr\/fr\/decouvrir-rhodes\/plages-populaires\/","title":{"rendered":"PLAGES POPULAIRES"},"content":{"rendered":"<p>Ce n\u2019est pas un secret que Rhodes f\u00fbt une des premi\u00e8res destinations qui fleurirent dans les ann\u00e9es 60 et reste \u00e0 ce jour une des pr\u00e9f\u00e9rence des voyageurs depuis. D\u00e9couvrez ses plages incroyables.<\/p>\n","protected":false},"excerpt":{"rendered":"<p>Ce n\u2019est pas un secret que Rhodes f\u00fbt une des premi\u00e8res destinations qui fleurirent dans les ann\u00e9es 60 et reste \u00e0 ce jour une des pr\u00e9f\u00e9rence des voyageurs depuis. D\u00e9couvrez ses plages incroyables.<\/p>\n","protected":false},"author":361,"featured_media":28532,"parent":29459,"menu_order":0,"comment_status":"closed","ping_status":"closed","template":"page-templates\/simple-list.php","meta":{"_acf_changed":false,"footnotes":""},"class_list":["post-29468","page","type-page","status-publish","has-post-thumbnail","hentry"],"acf":[],"yoast_head":"<!-- This site is optimized with the Yoast SEO plugin v26.9 - https:\/\/yoast.com\/product\/yoast-seo-wordpress\/ -->\n<title>PLAGES POPULAIRES - Rodos Palladium Leisure &amp; Wellness<\/title>\n<meta name=\"robots\" content=\"index, follow, max-snippet:-1, max-image-preview:large, max-video-preview:-1\" \/>\n<link rel=\"canonical\" href=\"https:\/\/www.rodospalladium.gr\/fr\/decouvrir-rhodes\/plages-populaires\/\" \/>\n<meta property=\"og:locale\" content=\"fr_FR\" \/>\n<meta property=\"og:type\" content=\"article\" \/>\n<meta property=\"og:title\" content=\"PLAGES POPULAIRES - Rodos Palladium Leisure &amp; Wellness\" \/>\n<meta property=\"og:description\" content=\"Ce n\u2019est pas un secret que Rhodes f\u00fbt une des premi\u00e8res destinations qui fleurirent dans les ann\u00e9es 60 et reste \u00e0 ce jour une des pr\u00e9f\u00e9rence des voyageurs depuis. D\u00e9couvrez ses plages incroyables.\" \/>\n<meta property=\"og:url\" content=\"https:\/\/www.rodospalladium.gr\/fr\/decouvrir-rhodes\/plages-populaires\/\" \/>\n<meta property=\"og:site_name\" content=\"Rodos Palladium Leisure &amp; Wellness\" \/>\n<meta property=\"article:modified_time\" content=\"2024-09-20T15:01:57+00:00\" \/>\n<meta property=\"og:image\" content=\"https:\/\/www.rodospalladium.gr\/app\/uploads\/sites\/46\/2019\/05\/ialysos.jpeg\" \/>\n\t<meta property=\"og:image:width\" content=\"1919\" \/>\n\t<meta property=\"og:image:height\" content=\"1279\" \/>\n\t<meta property=\"og:image:type\" content=\"image\/jpeg\" \/>\n<meta name=\"twitter:card\" content=\"summary_large_image\" \/>\n<meta name=\"twitter:label1\" content=\"Est. reading time\" \/>\n\t<meta name=\"twitter:data1\" content=\"1 minute\" \/>\n<script type=\"application\/ld+json\" class=\"yoast-schema-graph\">{\"@context\":\"https:\/\/schema.org\",\"@graph\":[{\"@type\":\"WebPage\",\"@id\":\"https:\/\/www.rodospalladium.gr\/fr\/decouvrir-rhodes\/plages-populaires\/\",\"url\":\"https:\/\/www.rodospalladium.gr\/fr\/decouvrir-rhodes\/plages-populaires\/\",\"name\":\"PLAGES POPULAIRES - Rodos Palladium Leisure &amp; Wellness\",\"isPartOf\":{\"@id\":\"https:\/\/www.rodospalladium.gr\/#website\"},\"primaryImageOfPage\":{\"@id\":\"https:\/\/www.rodospalladium.gr\/fr\/decouvrir-rhodes\/plages-populaires\/#primaryimage\"},\"image\":{\"@id\":\"https:\/\/www.rodospalladium.gr\/fr\/decouvrir-rhodes\/plages-populaires\/#primaryimage\"},\"thumbnailUrl\":\"https:\/\/www.rodospalladium.gr\/app\/uploads\/sites\/46\/2019\/05\/ialysos.jpeg\",\"datePublished\":\"2024-03-13T13:25:42+00:00\",\"dateModified\":\"2024-09-20T15:01:57+00:00\",\"breadcrumb\":{\"@id\":\"https:\/\/www.rodospalladium.gr\/fr\/decouvrir-rhodes\/plages-populaires\/#breadcrumb\"},\"inLanguage\":\"fr-FR\",\"potentialAction\":[{\"@type\":\"ReadAction\",\"target\":[\"https:\/\/www.rodospalladium.gr\/fr\/decouvrir-rhodes\/plages-populaires\/\"]}]},{\"@type\":\"ImageObject\",\"inLanguage\":\"fr-FR\",\"@id\":\"https:\/\/www.rodospalladium.gr\/fr\/decouvrir-rhodes\/plages-populaires\/#primaryimage\",\"url\":\"https:\/\/www.rodospalladium.gr\/app\/uploads\/sites\/46\/2019\/05\/ialysos.jpeg\",\"contentUrl\":\"https:\/\/www.rodospalladium.gr\/app\/uploads\/sites\/46\/2019\/05\/ialysos.jpeg\",\"width\":1919,\"height\":1279},{\"@type\":\"BreadcrumbList\",\"@id\":\"https:\/\/www.rodospalladium.gr\/fr\/decouvrir-rhodes\/plages-populaires\/#breadcrumb\",\"itemListElement\":[{\"@type\":\"ListItem\",\"position\":1,\"name\":\"Home\",\"item\":\"https:\/\/www.rodospalladium.gr\/fr\/\"},{\"@type\":\"ListItem\",\"position\":2,\"name\":\"D\u00c9COUVRIR RHODES\",\"item\":\"https:\/\/www.rodospalladium.gr\/fr\/decouvrir-rhodes\/\"},{\"@type\":\"ListItem\",\"position\":3,\"name\":\"PLAGES POPULAIRES\"}]},{\"@type\":\"WebSite\",\"@id\":\"https:\/\/www.rodospalladium.gr\/#website\",\"url\":\"https:\/\/www.rodospalladium.gr\/\",\"name\":\"Rodos Palladium Leisure &amp; Wellness\",\"description\":\"Rodos Palladium Leisure &amp; Wellness is among Rhodes finest five star hotels. It enjoys a premier beach front location at Kallithea bay, offering luxurious accommodation and exclusive leisure and spa facilities.\",\"potentialAction\":[{\"@type\":\"SearchAction\",\"target\":{\"@type\":\"EntryPoint\",\"urlTemplate\":\"https:\/\/www.rodospalladium.gr\/?s={search_term_string}\"},\"query-input\":{\"@type\":\"PropertyValueSpecification\",\"valueRequired\":true,\"valueName\":\"search_term_string\"}}],\"inLanguage\":\"fr-FR\"}]}<\/script>\n<!-- \/ Yoast SEO plugin. -->","yoast_head_json":{"title":"PLAGES POPULAIRES - Rodos Palladium Leisure &amp; Wellness","robots":{"index":"index","follow":"follow","max-snippet":"max-snippet:-1","max-image-preview":"max-image-preview:large","max-video-preview":"max-video-preview:-1"},"canonical":"https:\/\/www.rodospalladium.gr\/fr\/decouvrir-rhodes\/plages-populaires\/","og_locale":"fr_FR","og_type":"article","og_title":"PLAGES POPULAIRES - Rodos Palladium Leisure &amp; Wellness","og_description":"Ce n\u2019est pas un secret que Rhodes f\u00fbt une des premi\u00e8res destinations qui fleurirent dans les ann\u00e9es 60 et reste \u00e0 ce jour une des pr\u00e9f\u00e9rence des voyageurs depuis. D\u00e9couvrez ses plages incroyables.","og_url":"https:\/\/www.rodospalladium.gr\/fr\/decouvrir-rhodes\/plages-populaires\/","og_site_name":"Rodos Palladium Leisure &amp; Wellness","article_modified_time":"2024-09-20T15:01:57+00:00","og_image":[{"width":1919,"height":1279,"url":"https:\/\/www.rodospalladium.gr\/app\/uploads\/sites\/46\/2019\/05\/ialysos.jpeg","type":"image\/jpeg"}],"twitter_card":"summary_large_image","twitter_misc":{"Est. reading time":"1 minute"},"schema":{"@context":"https:\/\/schema.org","@graph":[{"@type":"WebPage","@id":"https:\/\/www.rodospalladium.gr\/fr\/decouvrir-rhodes\/plages-populaires\/","url":"https:\/\/www.rodospalladium.gr\/fr\/decouvrir-rhodes\/plages-populaires\/","name":"PLAGES POPULAIRES - Rodos Palladium Leisure &amp; Wellness","isPartOf":{"@id":"https:\/\/www.rodospalladium.gr\/#website"},"primaryImageOfPage":{"@id":"https:\/\/www.rodospalladium.gr\/fr\/decouvrir-rhodes\/plages-populaires\/#primaryimage"},"image":{"@id":"https:\/\/www.rodospalladium.gr\/fr\/decouvrir-rhodes\/plages-populaires\/#primaryimage"},"thumbnailUrl":"https:\/\/www.rodospalladium.gr\/app\/uploads\/sites\/46\/2019\/05\/ialysos.jpeg","datePublished":"2024-03-13T13:25:42+00:00","dateModified":"2024-09-20T15:01:57+00:00","breadcrumb":{"@id":"https:\/\/www.rodospalladium.gr\/fr\/decouvrir-rhodes\/plages-populaires\/#breadcrumb"},"inLanguage":"fr-FR","potentialAction":[{"@type":"ReadAction","target":["https:\/\/www.rodospalladium.gr\/fr\/decouvrir-rhodes\/plages-populaires\/"]}]},{"@type":"ImageObject","inLanguage":"fr-FR","@id":"https:\/\/www.rodospalladium.gr\/fr\/decouvrir-rhodes\/plages-populaires\/#primaryimage","url":"https:\/\/www.rodospalladium.gr\/app\/uploads\/sites\/46\/2019\/05\/ialysos.jpeg","contentUrl":"https:\/\/www.rodospalladium.gr\/app\/uploads\/sites\/46\/2019\/05\/ialysos.jpeg","width":1919,"height":1279},{"@type":"BreadcrumbList","@id":"https:\/\/www.rodospalladium.gr\/fr\/decouvrir-rhodes\/plages-populaires\/#breadcrumb","itemListElement":[{"@type":"ListItem","position":1,"name":"Home","item":"https:\/\/www.rodospalladium.gr\/fr\/"},{"@type":"ListItem","position":2,"name":"D\u00c9COUVRIR RHODES","item":"https:\/\/www.rodospalladium.gr\/fr\/decouvrir-rhodes\/"},{"@type":"ListItem","position":3,"name":"PLAGES POPULAIRES"}]},{"@type":"WebSite","@id":"https:\/\/www.rodospalladium.gr\/#website","url":"https:\/\/www.rodospalladium.gr\/","name":"Rodos Palladium Leisure &amp; Wellness","description":"Rodos Palladium Leisure &amp; Wellness is among Rhodes finest five star hotels. It enjoys a premier beach front location at Kallithea bay, offering luxurious accommodation and exclusive leisure and spa facilities.","potentialAction":[{"@type":"SearchAction","target":{"@type":"EntryPoint","urlTemplate":"https:\/\/www.rodospalladium.gr\/?s={search_term_string}"},"query-input":{"@type":"PropertyValueSpecification","valueRequired":true,"valueName":"search_term_string"}}],"inLanguage":"fr-FR"}]}},"_links":{"self":[{"href":"https:\/\/www.rodospalladium.gr\/fr\/wp-json\/wp\/v2\/pages\/29468"}],"collection":[{"href":"https:\/\/www.rodospalladium.gr\/fr\/wp-json\/wp\/v2\/pages"}],"about":[{"href":"https:\/\/www.rodospalladium.gr\/fr\/wp-json\/wp\/v2\/types\/page"}],"author":[{"embeddable":true,"href":"https:\/\/www.rodospalladium.gr\/fr\/wp-json\/wp\/v2\/users\/361"}],"replies":[{"embeddable":true,"href":"https:\/\/www.rodospalladium.gr\/fr\/wp-json\/wp\/v2\/comments?post=29468"}],"version-history":[{"count":1,"href":"https:\/\/www.rodospalladium.gr\/fr\/wp-json\/wp\/v2\/pages\/29468\/revisions"}],"predecessor-version":[{"id":29469,"href":"https:\/\/www.rodospalladium.gr\/fr\/wp-json\/wp\/v2\/pages\/29468\/revisions\/29469"}],"up":[{"embeddable":true,"href":"https:\/\/www.rodospalladium.gr\/fr\/wp-json\/wp\/v2\/pages\/29459"}],"wp:featuredmedia":[{"embeddable":true,"href":"https:\/\/www.rodospalladium.gr\/fr\/wp-json\/wp\/v2\/media\/28532"}],"wp:attachment":[{"href":"https:\/\/www.rodospalladium.gr\/fr\/wp-json\/wp\/v2\/media?parent=29468"}],"curies":[{"name":"wp","href":"https:\/\/api.w.org\/{rel}","templated":true}]}}