{"id":29491,"date":"2024-03-14T15:21:27","date_gmt":"2024-03-14T12:21:27","guid":{"rendered":"https:\/\/www.rodospalladium.gr\/?page_id=29491"},"modified":"2024-03-14T15:21:27","modified_gmt":"2024-03-14T12:21:27","slug":"plage-de-tsampika","status":"publish","type":"page","link":"https:\/\/www.rodospalladium.gr\/fr\/decouvrir-rhodes\/plages-populaires\/plage-de-tsampika\/","title":{"rendered":"PLAGE DE TSAMPIKA"},"content":{"rendered":"<p>Plage de Tsampika: c\u2019est une des plages les plus c\u00e9l\u00e8bres de Rhodes environ \u00e0 25 km au sud de la ville. Les eaux turquoise en combinaison avec le sable dor\u00e9 cr\u00e9ent une sc\u00e8ne magnifique. Le niveau de l\u2019eau est assez bas et il faut marcher quelques m\u00e8tres avant de pouvoir r\u00e9ellement nager!!<\/p>\n","protected":false},"excerpt":{"rendered":"<p>Plage de Tsampika: c\u2019est une des plages les plus c\u00e9l\u00e8bres de Rhodes environ \u00e0 25 km au sud de la ville. Les eaux turquoise en combinaison avec le sable dor\u00e9 cr\u00e9ent une sc\u00e8ne magnifique. Le niveau de l\u2019eau est assez bas et il faut marcher quelques m\u00e8tres avant de pouvoir r\u00e9ellement nager!!<\/p>\n","protected":false},"author":361,"featured_media":28533,"parent":29468,"menu_order":0,"comment_status":"closed","ping_status":"closed","template":"","meta":{"_acf_changed":false,"footnotes":""},"class_list":["post-29491","page","type-page","status-publish","has-post-thumbnail","hentry"],"acf":[],"yoast_head":"<!-- This site is optimized with the Yoast SEO plugin v26.9 - https:\/\/yoast.com\/product\/yoast-seo-wordpress\/ -->\n<title>PLAGE DE TSAMPIKA - Rodos Palladium Leisure &amp; Wellness<\/title>\n<meta name=\"robots\" content=\"index, follow, max-snippet:-1, max-image-preview:large, max-video-preview:-1\" \/>\n<link rel=\"canonical\" href=\"https:\/\/www.rodospalladium.gr\/fr\/decouvrir-rhodes\/plages-populaires\/plage-de-tsampika\/\" \/>\n<meta property=\"og:locale\" content=\"fr_FR\" \/>\n<meta property=\"og:type\" content=\"article\" \/>\n<meta property=\"og:title\" content=\"PLAGE DE TSAMPIKA - Rodos Palladium Leisure &amp; Wellness\" \/>\n<meta property=\"og:description\" content=\"Plage de Tsampika: c\u2019est une des plages les plus c\u00e9l\u00e8bres de Rhodes environ \u00e0 25 km au sud de la ville. Les eaux turquoise en combinaison avec le sable dor\u00e9 cr\u00e9ent une sc\u00e8ne magnifique. Le niveau de l\u2019eau est assez bas et il faut marcher quelques m\u00e8tres avant de pouvoir r\u00e9ellement nager!!\" \/>\n<meta property=\"og:url\" content=\"https:\/\/www.rodospalladium.gr\/fr\/decouvrir-rhodes\/plages-populaires\/plage-de-tsampika\/\" \/>\n<meta property=\"og:site_name\" content=\"Rodos Palladium Leisure &amp; Wellness\" \/>\n<meta property=\"og:image\" content=\"https:\/\/www.rodospalladium.gr\/app\/uploads\/sites\/46\/2019\/05\/tsambika_beach.jpeg\" \/>\n\t<meta property=\"og:image:width\" content=\"1919\" \/>\n\t<meta property=\"og:image:height\" content=\"1279\" \/>\n\t<meta property=\"og:image:type\" content=\"image\/jpeg\" \/>\n<meta name=\"twitter:card\" content=\"summary_large_image\" \/>\n<meta name=\"twitter:label1\" content=\"Est. reading time\" \/>\n\t<meta name=\"twitter:data1\" content=\"1 minute\" \/>\n<script type=\"application\/ld+json\" class=\"yoast-schema-graph\">{\"@context\":\"https:\/\/schema.org\",\"@graph\":[{\"@type\":\"WebPage\",\"@id\":\"https:\/\/www.rodospalladium.gr\/fr\/decouvrir-rhodes\/plages-populaires\/plage-de-tsampika\/\",\"url\":\"https:\/\/www.rodospalladium.gr\/fr\/decouvrir-rhodes\/plages-populaires\/plage-de-tsampika\/\",\"name\":\"PLAGE DE TSAMPIKA - Rodos Palladium Leisure &amp; Wellness\",\"isPartOf\":{\"@id\":\"https:\/\/www.rodospalladium.gr\/#website\"},\"primaryImageOfPage\":{\"@id\":\"https:\/\/www.rodospalladium.gr\/fr\/decouvrir-rhodes\/plages-populaires\/plage-de-tsampika\/#primaryimage\"},\"image\":{\"@id\":\"https:\/\/www.rodospalladium.gr\/fr\/decouvrir-rhodes\/plages-populaires\/plage-de-tsampika\/#primaryimage\"},\"thumbnailUrl\":\"https:\/\/www.rodospalladium.gr\/app\/uploads\/sites\/46\/2019\/05\/tsambika_beach.jpeg\",\"datePublished\":\"2024-03-14T12:21:27+00:00\",\"breadcrumb\":{\"@id\":\"https:\/\/www.rodospalladium.gr\/fr\/decouvrir-rhodes\/plages-populaires\/plage-de-tsampika\/#breadcrumb\"},\"inLanguage\":\"fr-FR\",\"potentialAction\":[{\"@type\":\"ReadAction\",\"target\":[\"https:\/\/www.rodospalladium.gr\/fr\/decouvrir-rhodes\/plages-populaires\/plage-de-tsampika\/\"]}]},{\"@type\":\"ImageObject\",\"inLanguage\":\"fr-FR\",\"@id\":\"https:\/\/www.rodospalladium.gr\/fr\/decouvrir-rhodes\/plages-populaires\/plage-de-tsampika\/#primaryimage\",\"url\":\"https:\/\/www.rodospalladium.gr\/app\/uploads\/sites\/46\/2019\/05\/tsambika_beach.jpeg\",\"contentUrl\":\"https:\/\/www.rodospalladium.gr\/app\/uploads\/sites\/46\/2019\/05\/tsambika_beach.jpeg\",\"width\":1919,\"height\":1279},{\"@type\":\"BreadcrumbList\",\"@id\":\"https:\/\/www.rodospalladium.gr\/fr\/decouvrir-rhodes\/plages-populaires\/plage-de-tsampika\/#breadcrumb\",\"itemListElement\":[{\"@type\":\"ListItem\",\"position\":1,\"name\":\"Home\",\"item\":\"https:\/\/www.rodospalladium.gr\/fr\/\"},{\"@type\":\"ListItem\",\"position\":2,\"name\":\"D\u00c9COUVRIR RHODES\",\"item\":\"https:\/\/www.rodospalladium.gr\/fr\/decouvrir-rhodes\/\"},{\"@type\":\"ListItem\",\"position\":3,\"name\":\"PLAGES POPULAIRES\",\"item\":\"https:\/\/www.rodospalladium.gr\/fr\/decouvrir-rhodes\/plages-populaires\/\"},{\"@type\":\"ListItem\",\"position\":4,\"name\":\"PLAGE DE TSAMPIKA\"}]},{\"@type\":\"WebSite\",\"@id\":\"https:\/\/www.rodospalladium.gr\/#website\",\"url\":\"https:\/\/www.rodospalladium.gr\/\",\"name\":\"Rodos Palladium Leisure &amp; Wellness\",\"description\":\"Rodos Palladium Leisure &amp; Wellness is among Rhodes finest five star hotels. It enjoys a premier beach front location at Kallithea bay, offering luxurious accommodation and exclusive leisure and spa facilities.\",\"potentialAction\":[{\"@type\":\"SearchAction\",\"target\":{\"@type\":\"EntryPoint\",\"urlTemplate\":\"https:\/\/www.rodospalladium.gr\/?s={search_term_string}\"},\"query-input\":{\"@type\":\"PropertyValueSpecification\",\"valueRequired\":true,\"valueName\":\"search_term_string\"}}],\"inLanguage\":\"fr-FR\"}]}<\/script>\n<!-- \/ Yoast SEO plugin. -->","yoast_head_json":{"title":"PLAGE DE TSAMPIKA - Rodos Palladium Leisure &amp; Wellness","robots":{"index":"index","follow":"follow","max-snippet":"max-snippet:-1","max-image-preview":"max-image-preview:large","max-video-preview":"max-video-preview:-1"},"canonical":"https:\/\/www.rodospalladium.gr\/fr\/decouvrir-rhodes\/plages-populaires\/plage-de-tsampika\/","og_locale":"fr_FR","og_type":"article","og_title":"PLAGE DE TSAMPIKA - Rodos Palladium Leisure &amp; Wellness","og_description":"Plage de Tsampika: c\u2019est une des plages les plus c\u00e9l\u00e8bres de Rhodes environ \u00e0 25 km au sud de la ville. Les eaux turquoise en combinaison avec le sable dor\u00e9 cr\u00e9ent une sc\u00e8ne magnifique. Le niveau de l\u2019eau est assez bas et il faut marcher quelques m\u00e8tres avant de pouvoir r\u00e9ellement nager!!","og_url":"https:\/\/www.rodospalladium.gr\/fr\/decouvrir-rhodes\/plages-populaires\/plage-de-tsampika\/","og_site_name":"Rodos Palladium Leisure &amp; Wellness","og_image":[{"width":1919,"height":1279,"url":"https:\/\/www.rodospalladium.gr\/app\/uploads\/sites\/46\/2019\/05\/tsambika_beach.jpeg","type":"image\/jpeg"}],"twitter_card":"summary_large_image","twitter_misc":{"Est. reading time":"1 minute"},"schema":{"@context":"https:\/\/schema.org","@graph":[{"@type":"WebPage","@id":"https:\/\/www.rodospalladium.gr\/fr\/decouvrir-rhodes\/plages-populaires\/plage-de-tsampika\/","url":"https:\/\/www.rodospalladium.gr\/fr\/decouvrir-rhodes\/plages-populaires\/plage-de-tsampika\/","name":"PLAGE DE TSAMPIKA - Rodos Palladium Leisure &amp; Wellness","isPartOf":{"@id":"https:\/\/www.rodospalladium.gr\/#website"},"primaryImageOfPage":{"@id":"https:\/\/www.rodospalladium.gr\/fr\/decouvrir-rhodes\/plages-populaires\/plage-de-tsampika\/#primaryimage"},"image":{"@id":"https:\/\/www.rodospalladium.gr\/fr\/decouvrir-rhodes\/plages-populaires\/plage-de-tsampika\/#primaryimage"},"thumbnailUrl":"https:\/\/www.rodospalladium.gr\/app\/uploads\/sites\/46\/2019\/05\/tsambika_beach.jpeg","datePublished":"2024-03-14T12:21:27+00:00","breadcrumb":{"@id":"https:\/\/www.rodospalladium.gr\/fr\/decouvrir-rhodes\/plages-populaires\/plage-de-tsampika\/#breadcrumb"},"inLanguage":"fr-FR","potentialAction":[{"@type":"ReadAction","target":["https:\/\/www.rodospalladium.gr\/fr\/decouvrir-rhodes\/plages-populaires\/plage-de-tsampika\/"]}]},{"@type":"ImageObject","inLanguage":"fr-FR","@id":"https:\/\/www.rodospalladium.gr\/fr\/decouvrir-rhodes\/plages-populaires\/plage-de-tsampika\/#primaryimage","url":"https:\/\/www.rodospalladium.gr\/app\/uploads\/sites\/46\/2019\/05\/tsambika_beach.jpeg","contentUrl":"https:\/\/www.rodospalladium.gr\/app\/uploads\/sites\/46\/2019\/05\/tsambika_beach.jpeg","width":1919,"height":1279},{"@type":"BreadcrumbList","@id":"https:\/\/www.rodospalladium.gr\/fr\/decouvrir-rhodes\/plages-populaires\/plage-de-tsampika\/#breadcrumb","itemListElement":[{"@type":"ListItem","position":1,"name":"Home","item":"https:\/\/www.rodospalladium.gr\/fr\/"},{"@type":"ListItem","position":2,"name":"D\u00c9COUVRIR RHODES","item":"https:\/\/www.rodospalladium.gr\/fr\/decouvrir-rhodes\/"},{"@type":"ListItem","position":3,"name":"PLAGES POPULAIRES","item":"https:\/\/www.rodospalladium.gr\/fr\/decouvrir-rhodes\/plages-populaires\/"},{"@type":"ListItem","position":4,"name":"PLAGE DE TSAMPIKA"}]},{"@type":"WebSite","@id":"https:\/\/www.rodospalladium.gr\/#website","url":"https:\/\/www.rodospalladium.gr\/","name":"Rodos Palladium Leisure &amp; Wellness","description":"Rodos Palladium Leisure &amp; Wellness is among Rhodes finest five star hotels. It enjoys a premier beach front location at Kallithea bay, offering luxurious accommodation and exclusive leisure and spa facilities.","potentialAction":[{"@type":"SearchAction","target":{"@type":"EntryPoint","urlTemplate":"https:\/\/www.rodospalladium.gr\/?s={search_term_string}"},"query-input":{"@type":"PropertyValueSpecification","valueRequired":true,"valueName":"search_term_string"}}],"inLanguage":"fr-FR"}]}},"_links":{"self":[{"href":"https:\/\/www.rodospalladium.gr\/fr\/wp-json\/wp\/v2\/pages\/29491"}],"collection":[{"href":"https:\/\/www.rodospalladium.gr\/fr\/wp-json\/wp\/v2\/pages"}],"about":[{"href":"https:\/\/www.rodospalladium.gr\/fr\/wp-json\/wp\/v2\/types\/page"}],"author":[{"embeddable":true,"href":"https:\/\/www.rodospalladium.gr\/fr\/wp-json\/wp\/v2\/users\/361"}],"replies":[{"embeddable":true,"href":"https:\/\/www.rodospalladium.gr\/fr\/wp-json\/wp\/v2\/comments?post=29491"}],"version-history":[{"count":1,"href":"https:\/\/www.rodospalladium.gr\/fr\/wp-json\/wp\/v2\/pages\/29491\/revisions"}],"predecessor-version":[{"id":29492,"href":"https:\/\/www.rodospalladium.gr\/fr\/wp-json\/wp\/v2\/pages\/29491\/revisions\/29492"}],"up":[{"embeddable":true,"href":"https:\/\/www.rodospalladium.gr\/fr\/wp-json\/wp\/v2\/pages\/29468"}],"wp:featuredmedia":[{"embeddable":true,"href":"https:\/\/www.rodospalladium.gr\/fr\/wp-json\/wp\/v2\/media\/28533"}],"wp:attachment":[{"href":"https:\/\/www.rodospalladium.gr\/fr\/wp-json\/wp\/v2\/media?parent=29491"}],"curies":[{"name":"wp","href":"https:\/\/api.w.org\/{rel}","templated":true}]}}