{"id":29519,"date":"2024-03-15T10:17:26","date_gmt":"2024-03-15T07:17:26","guid":{"rendered":"https:\/\/www.rodospalladium.gr\/?page_id=29519"},"modified":"2024-03-15T10:17:26","modified_gmt":"2024-03-15T07:17:26","slug":"le-chateau-de-kritinia","status":"publish","type":"page","link":"https:\/\/www.rodospalladium.gr\/fr\/decouvrir-rhodes\/le-reste-de-lile\/le-chateau-de-kritinia\/","title":{"rendered":"LE CHATEAU DE KRITINIA"},"content":{"rendered":"<p>Au sud de Rhodes, vous rencontrerez le village de Kritinia construit en amphith\u00e9\u00e2tre, avec ses vues fantastiques sur la mer et le Castello dominant, un ch\u00e2teau venitien construit au 16\u00e8me si\u00e8cle apr\u00e8s JC. L\u2019imposante structure m\u00e9di\u00e9vale avec son \u00e9glise en ruine Saint\u2013Paul se trouve sur un rocher escarp\u00e9 \u00e0 131 m\u00e8tres de haut offrant une exp\u00e9rience \u00e9poustouflante, surtout au coucher du soleil. C\u2019\u00e9tait \u00e9galement l\u2019une des principales forteresses strat\u00e9giques utilis\u00e9es par les Chevaliers de l\u2019ordre de Saint-Jean. De nos jours, Kritinia est un authentique village grec avec une superbe plage et des tavernes locales et constitue un excellent endroit pour une excursion d\u2019une journ\u00e9e compl\u00e8te.<\/p>\n","protected":false},"excerpt":{"rendered":"<p>Au sud de Rhodes, vous rencontrerez le village de Kritinia construit en amphith\u00e9\u00e2tre, avec ses vues fantastiques sur la mer et le Castello dominant, un ch\u00e2teau venitien construit au 16\u00e8me si\u00e8cle apr\u00e8s JC. L\u2019imposante structure m\u00e9di\u00e9vale avec son \u00e9glise en ruine Saint\u2013Paul se trouve sur un rocher escarp\u00e9 \u00e0 131 m\u00e8tres de haut offrant une<\/p>\n","protected":false},"author":361,"featured_media":28529,"parent":29513,"menu_order":0,"comment_status":"closed","ping_status":"closed","template":"","meta":{"_acf_changed":false,"footnotes":""},"class_list":["post-29519","page","type-page","status-publish","has-post-thumbnail","hentry"],"acf":[],"yoast_head":"<!-- This site is optimized with the Yoast SEO plugin v26.9 - https:\/\/yoast.com\/product\/yoast-seo-wordpress\/ -->\n<title>LE CHATEAU DE KRITINIA - Rodos Palladium Leisure &amp; Wellness<\/title>\n<meta name=\"robots\" content=\"index, follow, max-snippet:-1, max-image-preview:large, max-video-preview:-1\" \/>\n<link rel=\"canonical\" href=\"https:\/\/www.rodospalladium.gr\/fr\/decouvrir-rhodes\/le-reste-de-lile\/le-chateau-de-kritinia\/\" \/>\n<meta property=\"og:locale\" content=\"fr_FR\" \/>\n<meta property=\"og:type\" content=\"article\" \/>\n<meta property=\"og:title\" content=\"LE CHATEAU DE KRITINIA - Rodos Palladium Leisure &amp; Wellness\" \/>\n<meta property=\"og:description\" content=\"Au sud de Rhodes, vous rencontrerez le village de Kritinia construit en amphith\u00e9\u00e2tre, avec ses vues fantastiques sur la mer et le Castello dominant, un ch\u00e2teau venitien construit au 16\u00e8me si\u00e8cle apr\u00e8s JC. L\u2019imposante structure m\u00e9di\u00e9vale avec son \u00e9glise en ruine Saint\u2013Paul se trouve sur un rocher escarp\u00e9 \u00e0 131 m\u00e8tres de haut offrant une\" \/>\n<meta property=\"og:url\" content=\"https:\/\/www.rodospalladium.gr\/fr\/decouvrir-rhodes\/le-reste-de-lile\/le-chateau-de-kritinia\/\" \/>\n<meta property=\"og:site_name\" content=\"Rodos Palladium Leisure &amp; Wellness\" \/>\n<meta property=\"og:image\" content=\"https:\/\/www.rodospalladium.gr\/app\/uploads\/sites\/46\/2019\/05\/Kastelos_1.jpeg\" \/>\n\t<meta property=\"og:image:width\" content=\"1919\" \/>\n\t<meta property=\"og:image:height\" content=\"1300\" \/>\n\t<meta property=\"og:image:type\" content=\"image\/jpeg\" \/>\n<meta name=\"twitter:card\" content=\"summary_large_image\" \/>\n<meta name=\"twitter:label1\" content=\"Est. reading time\" \/>\n\t<meta name=\"twitter:data1\" content=\"1 minute\" \/>\n<script type=\"application\/ld+json\" class=\"yoast-schema-graph\">{\"@context\":\"https:\/\/schema.org\",\"@graph\":[{\"@type\":\"WebPage\",\"@id\":\"https:\/\/www.rodospalladium.gr\/fr\/decouvrir-rhodes\/le-reste-de-lile\/le-chateau-de-kritinia\/\",\"url\":\"https:\/\/www.rodospalladium.gr\/fr\/decouvrir-rhodes\/le-reste-de-lile\/le-chateau-de-kritinia\/\",\"name\":\"LE CHATEAU DE KRITINIA - Rodos Palladium Leisure &amp; Wellness\",\"isPartOf\":{\"@id\":\"https:\/\/www.rodospalladium.gr\/#website\"},\"primaryImageOfPage\":{\"@id\":\"https:\/\/www.rodospalladium.gr\/fr\/decouvrir-rhodes\/le-reste-de-lile\/le-chateau-de-kritinia\/#primaryimage\"},\"image\":{\"@id\":\"https:\/\/www.rodospalladium.gr\/fr\/decouvrir-rhodes\/le-reste-de-lile\/le-chateau-de-kritinia\/#primaryimage\"},\"thumbnailUrl\":\"https:\/\/www.rodospalladium.gr\/app\/uploads\/sites\/46\/2019\/05\/Kastelos_1.jpeg\",\"datePublished\":\"2024-03-15T07:17:26+00:00\",\"breadcrumb\":{\"@id\":\"https:\/\/www.rodospalladium.gr\/fr\/decouvrir-rhodes\/le-reste-de-lile\/le-chateau-de-kritinia\/#breadcrumb\"},\"inLanguage\":\"fr-FR\",\"potentialAction\":[{\"@type\":\"ReadAction\",\"target\":[\"https:\/\/www.rodospalladium.gr\/fr\/decouvrir-rhodes\/le-reste-de-lile\/le-chateau-de-kritinia\/\"]}]},{\"@type\":\"ImageObject\",\"inLanguage\":\"fr-FR\",\"@id\":\"https:\/\/www.rodospalladium.gr\/fr\/decouvrir-rhodes\/le-reste-de-lile\/le-chateau-de-kritinia\/#primaryimage\",\"url\":\"https:\/\/www.rodospalladium.gr\/app\/uploads\/sites\/46\/2019\/05\/Kastelos_1.jpeg\",\"contentUrl\":\"https:\/\/www.rodospalladium.gr\/app\/uploads\/sites\/46\/2019\/05\/Kastelos_1.jpeg\",\"width\":1919,\"height\":1300},{\"@type\":\"BreadcrumbList\",\"@id\":\"https:\/\/www.rodospalladium.gr\/fr\/decouvrir-rhodes\/le-reste-de-lile\/le-chateau-de-kritinia\/#breadcrumb\",\"itemListElement\":[{\"@type\":\"ListItem\",\"position\":1,\"name\":\"Home\",\"item\":\"https:\/\/www.rodospalladium.gr\/fr\/\"},{\"@type\":\"ListItem\",\"position\":2,\"name\":\"D\u00c9COUVRIR RHODES\",\"item\":\"https:\/\/www.rodospalladium.gr\/fr\/decouvrir-rhodes\/\"},{\"@type\":\"ListItem\",\"position\":3,\"name\":\"LE RESTE DE L\u2019ILE\",\"item\":\"https:\/\/www.rodospalladium.gr\/fr\/decouvrir-rhodes\/le-reste-de-lile\/\"},{\"@type\":\"ListItem\",\"position\":4,\"name\":\"LE CHATEAU DE KRITINIA\"}]},{\"@type\":\"WebSite\",\"@id\":\"https:\/\/www.rodospalladium.gr\/#website\",\"url\":\"https:\/\/www.rodospalladium.gr\/\",\"name\":\"Rodos Palladium Leisure &amp; Wellness\",\"description\":\"Rodos Palladium Leisure &amp; Wellness is among Rhodes finest five star hotels. It enjoys a premier beach front location at Kallithea bay, offering luxurious accommodation and exclusive leisure and spa facilities.\",\"potentialAction\":[{\"@type\":\"SearchAction\",\"target\":{\"@type\":\"EntryPoint\",\"urlTemplate\":\"https:\/\/www.rodospalladium.gr\/?s={search_term_string}\"},\"query-input\":{\"@type\":\"PropertyValueSpecification\",\"valueRequired\":true,\"valueName\":\"search_term_string\"}}],\"inLanguage\":\"fr-FR\"}]}<\/script>\n<!-- \/ Yoast SEO plugin. -->","yoast_head_json":{"title":"LE CHATEAU DE KRITINIA - Rodos Palladium Leisure &amp; Wellness","robots":{"index":"index","follow":"follow","max-snippet":"max-snippet:-1","max-image-preview":"max-image-preview:large","max-video-preview":"max-video-preview:-1"},"canonical":"https:\/\/www.rodospalladium.gr\/fr\/decouvrir-rhodes\/le-reste-de-lile\/le-chateau-de-kritinia\/","og_locale":"fr_FR","og_type":"article","og_title":"LE CHATEAU DE KRITINIA - Rodos Palladium Leisure &amp; Wellness","og_description":"Au sud de Rhodes, vous rencontrerez le village de Kritinia construit en amphith\u00e9\u00e2tre, avec ses vues fantastiques sur la mer et le Castello dominant, un ch\u00e2teau venitien construit au 16\u00e8me si\u00e8cle apr\u00e8s JC. L\u2019imposante structure m\u00e9di\u00e9vale avec son \u00e9glise en ruine Saint\u2013Paul se trouve sur un rocher escarp\u00e9 \u00e0 131 m\u00e8tres de haut offrant une","og_url":"https:\/\/www.rodospalladium.gr\/fr\/decouvrir-rhodes\/le-reste-de-lile\/le-chateau-de-kritinia\/","og_site_name":"Rodos Palladium Leisure &amp; Wellness","og_image":[{"width":1919,"height":1300,"url":"https:\/\/www.rodospalladium.gr\/app\/uploads\/sites\/46\/2019\/05\/Kastelos_1.jpeg","type":"image\/jpeg"}],"twitter_card":"summary_large_image","twitter_misc":{"Est. reading time":"1 minute"},"schema":{"@context":"https:\/\/schema.org","@graph":[{"@type":"WebPage","@id":"https:\/\/www.rodospalladium.gr\/fr\/decouvrir-rhodes\/le-reste-de-lile\/le-chateau-de-kritinia\/","url":"https:\/\/www.rodospalladium.gr\/fr\/decouvrir-rhodes\/le-reste-de-lile\/le-chateau-de-kritinia\/","name":"LE CHATEAU DE KRITINIA - Rodos Palladium Leisure &amp; Wellness","isPartOf":{"@id":"https:\/\/www.rodospalladium.gr\/#website"},"primaryImageOfPage":{"@id":"https:\/\/www.rodospalladium.gr\/fr\/decouvrir-rhodes\/le-reste-de-lile\/le-chateau-de-kritinia\/#primaryimage"},"image":{"@id":"https:\/\/www.rodospalladium.gr\/fr\/decouvrir-rhodes\/le-reste-de-lile\/le-chateau-de-kritinia\/#primaryimage"},"thumbnailUrl":"https:\/\/www.rodospalladium.gr\/app\/uploads\/sites\/46\/2019\/05\/Kastelos_1.jpeg","datePublished":"2024-03-15T07:17:26+00:00","breadcrumb":{"@id":"https:\/\/www.rodospalladium.gr\/fr\/decouvrir-rhodes\/le-reste-de-lile\/le-chateau-de-kritinia\/#breadcrumb"},"inLanguage":"fr-FR","potentialAction":[{"@type":"ReadAction","target":["https:\/\/www.rodospalladium.gr\/fr\/decouvrir-rhodes\/le-reste-de-lile\/le-chateau-de-kritinia\/"]}]},{"@type":"ImageObject","inLanguage":"fr-FR","@id":"https:\/\/www.rodospalladium.gr\/fr\/decouvrir-rhodes\/le-reste-de-lile\/le-chateau-de-kritinia\/#primaryimage","url":"https:\/\/www.rodospalladium.gr\/app\/uploads\/sites\/46\/2019\/05\/Kastelos_1.jpeg","contentUrl":"https:\/\/www.rodospalladium.gr\/app\/uploads\/sites\/46\/2019\/05\/Kastelos_1.jpeg","width":1919,"height":1300},{"@type":"BreadcrumbList","@id":"https:\/\/www.rodospalladium.gr\/fr\/decouvrir-rhodes\/le-reste-de-lile\/le-chateau-de-kritinia\/#breadcrumb","itemListElement":[{"@type":"ListItem","position":1,"name":"Home","item":"https:\/\/www.rodospalladium.gr\/fr\/"},{"@type":"ListItem","position":2,"name":"D\u00c9COUVRIR RHODES","item":"https:\/\/www.rodospalladium.gr\/fr\/decouvrir-rhodes\/"},{"@type":"ListItem","position":3,"name":"LE RESTE DE L\u2019ILE","item":"https:\/\/www.rodospalladium.gr\/fr\/decouvrir-rhodes\/le-reste-de-lile\/"},{"@type":"ListItem","position":4,"name":"LE CHATEAU DE KRITINIA"}]},{"@type":"WebSite","@id":"https:\/\/www.rodospalladium.gr\/#website","url":"https:\/\/www.rodospalladium.gr\/","name":"Rodos Palladium Leisure &amp; Wellness","description":"Rodos Palladium Leisure &amp; Wellness is among Rhodes finest five star hotels. It enjoys a premier beach front location at Kallithea bay, offering luxurious accommodation and exclusive leisure and spa facilities.","potentialAction":[{"@type":"SearchAction","target":{"@type":"EntryPoint","urlTemplate":"https:\/\/www.rodospalladium.gr\/?s={search_term_string}"},"query-input":{"@type":"PropertyValueSpecification","valueRequired":true,"valueName":"search_term_string"}}],"inLanguage":"fr-FR"}]}},"_links":{"self":[{"href":"https:\/\/www.rodospalladium.gr\/fr\/wp-json\/wp\/v2\/pages\/29519"}],"collection":[{"href":"https:\/\/www.rodospalladium.gr\/fr\/wp-json\/wp\/v2\/pages"}],"about":[{"href":"https:\/\/www.rodospalladium.gr\/fr\/wp-json\/wp\/v2\/types\/page"}],"author":[{"embeddable":true,"href":"https:\/\/www.rodospalladium.gr\/fr\/wp-json\/wp\/v2\/users\/361"}],"replies":[{"embeddable":true,"href":"https:\/\/www.rodospalladium.gr\/fr\/wp-json\/wp\/v2\/comments?post=29519"}],"version-history":[{"count":1,"href":"https:\/\/www.rodospalladium.gr\/fr\/wp-json\/wp\/v2\/pages\/29519\/revisions"}],"predecessor-version":[{"id":29520,"href":"https:\/\/www.rodospalladium.gr\/fr\/wp-json\/wp\/v2\/pages\/29519\/revisions\/29520"}],"up":[{"embeddable":true,"href":"https:\/\/www.rodospalladium.gr\/fr\/wp-json\/wp\/v2\/pages\/29513"}],"wp:featuredmedia":[{"embeddable":true,"href":"https:\/\/www.rodospalladium.gr\/fr\/wp-json\/wp\/v2\/media\/28529"}],"wp:attachment":[{"href":"https:\/\/www.rodospalladium.gr\/fr\/wp-json\/wp\/v2\/media?parent=29519"}],"curies":[{"name":"wp","href":"https:\/\/api.w.org\/{rel}","templated":true}]}}