{"id":29537,"date":"2024-03-15T10:42:34","date_gmt":"2024-03-15T07:42:34","guid":{"rendered":"https:\/\/www.rodospalladium.gr\/?page_id=29537"},"modified":"2024-09-20T17:53:30","modified_gmt":"2024-09-20T14:53:30","slug":"leglise-catholique-de-rhodes-saint-francis","status":"publish","type":"page","link":"https:\/\/www.rodospalladium.gr\/fr\/decouvrir-rhodes\/la-ville-de-rhodes\/leglise-catholique-de-rhodes-saint-francis\/","title":{"rendered":"L\u2019\u00c9GLISE CATHOLIQUE DE RHODES (SAINT FRANCIS)"},"content":{"rendered":"<p>Puisque Rhodes a \u00e9t\u00e9 occup\u00e9e par plusieurs conqu\u00e9rants de diverses religions, il est naturel de trouver plusieurs monuments religieux sur l\u2019\u00eele. La plus populaire aupr\u00e8s des catholiques est la magnifique \u00e9glise catholique romaine de San Fransisco, situ\u00e9e sur la place du m\u00eame nom, juste \u00e0 l\u2019ext\u00e9rieur des murs de la vieille ville.<\/p>\n","protected":false},"excerpt":{"rendered":"<p>Puisque Rhodes a \u00e9t\u00e9 occup\u00e9e par plusieurs conqu\u00e9rants de diverses religions, il est naturel de trouver plusieurs monuments religieux sur l\u2019\u00eele. La plus populaire aupr\u00e8s des catholiques est la magnifique \u00e9glise catholique romaine de San Fransisco, situ\u00e9e sur la place du m\u00eame nom, juste \u00e0 l\u2019ext\u00e9rieur des murs de la vieille ville.<\/p>\n","protected":false},"author":361,"featured_media":28502,"parent":29532,"menu_order":0,"comment_status":"closed","ping_status":"closed","template":"","meta":{"_acf_changed":false,"footnotes":""},"class_list":["post-29537","page","type-page","status-publish","has-post-thumbnail","hentry"],"acf":[],"yoast_head":"<!-- This site is optimized with the Yoast SEO plugin v26.9 - https:\/\/yoast.com\/product\/yoast-seo-wordpress\/ -->\n<title>L\u2019\u00c9GLISE CATHOLIQUE DE RHODES (SAINT FRANCIS) - Rodos Palladium Leisure &amp; Wellness<\/title>\n<meta name=\"robots\" content=\"index, follow, max-snippet:-1, max-image-preview:large, max-video-preview:-1\" \/>\n<link rel=\"canonical\" href=\"https:\/\/www.rodospalladium.gr\/fr\/decouvrir-rhodes\/la-ville-de-rhodes\/leglise-catholique-de-rhodes-saint-francis\/\" \/>\n<meta property=\"og:locale\" content=\"fr_FR\" \/>\n<meta property=\"og:type\" content=\"article\" \/>\n<meta property=\"og:title\" content=\"L\u2019\u00c9GLISE CATHOLIQUE DE RHODES (SAINT FRANCIS) - Rodos Palladium Leisure &amp; Wellness\" \/>\n<meta property=\"og:description\" content=\"Puisque Rhodes a \u00e9t\u00e9 occup\u00e9e par plusieurs conqu\u00e9rants de diverses religions, il est naturel de trouver plusieurs monuments religieux sur l\u2019\u00eele. La plus populaire aupr\u00e8s des catholiques est la magnifique \u00e9glise catholique romaine de San Fransisco, situ\u00e9e sur la place du m\u00eame nom, juste \u00e0 l\u2019ext\u00e9rieur des murs de la vieille ville.\" \/>\n<meta property=\"og:url\" content=\"https:\/\/www.rodospalladium.gr\/fr\/decouvrir-rhodes\/la-ville-de-rhodes\/leglise-catholique-de-rhodes-saint-francis\/\" \/>\n<meta property=\"og:site_name\" content=\"Rodos Palladium Leisure &amp; Wellness\" \/>\n<meta property=\"article:modified_time\" content=\"2024-09-20T14:53:30+00:00\" \/>\n<meta property=\"og:image\" content=\"https:\/\/www.rodospalladium.gr\/app\/uploads\/sites\/46\/2019\/05\/Francis_of_Assisi_in_Rhodes_P8220652.jpeg\" \/>\n\t<meta property=\"og:image:width\" content=\"1920\" \/>\n\t<meta property=\"og:image:height\" content=\"2560\" \/>\n\t<meta property=\"og:image:type\" content=\"image\/jpeg\" \/>\n<meta name=\"twitter:card\" content=\"summary_large_image\" \/>\n<meta name=\"twitter:label1\" content=\"Est. reading time\" \/>\n\t<meta name=\"twitter:data1\" content=\"1 minute\" \/>\n<script type=\"application\/ld+json\" class=\"yoast-schema-graph\">{\"@context\":\"https:\/\/schema.org\",\"@graph\":[{\"@type\":\"WebPage\",\"@id\":\"https:\/\/www.rodospalladium.gr\/fr\/decouvrir-rhodes\/la-ville-de-rhodes\/leglise-catholique-de-rhodes-saint-francis\/\",\"url\":\"https:\/\/www.rodospalladium.gr\/fr\/decouvrir-rhodes\/la-ville-de-rhodes\/leglise-catholique-de-rhodes-saint-francis\/\",\"name\":\"L\u2019\u00c9GLISE CATHOLIQUE DE RHODES (SAINT FRANCIS) - Rodos Palladium Leisure &amp; Wellness\",\"isPartOf\":{\"@id\":\"https:\/\/www.rodospalladium.gr\/#website\"},\"primaryImageOfPage\":{\"@id\":\"https:\/\/www.rodospalladium.gr\/fr\/decouvrir-rhodes\/la-ville-de-rhodes\/leglise-catholique-de-rhodes-saint-francis\/#primaryimage\"},\"image\":{\"@id\":\"https:\/\/www.rodospalladium.gr\/fr\/decouvrir-rhodes\/la-ville-de-rhodes\/leglise-catholique-de-rhodes-saint-francis\/#primaryimage\"},\"thumbnailUrl\":\"https:\/\/www.rodospalladium.gr\/app\/uploads\/sites\/46\/2019\/05\/Francis_of_Assisi_in_Rhodes_P8220652.jpeg\",\"datePublished\":\"2024-03-15T07:42:34+00:00\",\"dateModified\":\"2024-09-20T14:53:30+00:00\",\"breadcrumb\":{\"@id\":\"https:\/\/www.rodospalladium.gr\/fr\/decouvrir-rhodes\/la-ville-de-rhodes\/leglise-catholique-de-rhodes-saint-francis\/#breadcrumb\"},\"inLanguage\":\"fr-FR\",\"potentialAction\":[{\"@type\":\"ReadAction\",\"target\":[\"https:\/\/www.rodospalladium.gr\/fr\/decouvrir-rhodes\/la-ville-de-rhodes\/leglise-catholique-de-rhodes-saint-francis\/\"]}]},{\"@type\":\"ImageObject\",\"inLanguage\":\"fr-FR\",\"@id\":\"https:\/\/www.rodospalladium.gr\/fr\/decouvrir-rhodes\/la-ville-de-rhodes\/leglise-catholique-de-rhodes-saint-francis\/#primaryimage\",\"url\":\"https:\/\/www.rodospalladium.gr\/app\/uploads\/sites\/46\/2019\/05\/Francis_of_Assisi_in_Rhodes_P8220652.jpeg\",\"contentUrl\":\"https:\/\/www.rodospalladium.gr\/app\/uploads\/sites\/46\/2019\/05\/Francis_of_Assisi_in_Rhodes_P8220652.jpeg\",\"width\":1920,\"height\":2560},{\"@type\":\"BreadcrumbList\",\"@id\":\"https:\/\/www.rodospalladium.gr\/fr\/decouvrir-rhodes\/la-ville-de-rhodes\/leglise-catholique-de-rhodes-saint-francis\/#breadcrumb\",\"itemListElement\":[{\"@type\":\"ListItem\",\"position\":1,\"name\":\"Home\",\"item\":\"https:\/\/www.rodospalladium.gr\/fr\/\"},{\"@type\":\"ListItem\",\"position\":2,\"name\":\"D\u00c9COUVRIR RHODES\",\"item\":\"https:\/\/www.rodospalladium.gr\/fr\/decouvrir-rhodes\/\"},{\"@type\":\"ListItem\",\"position\":3,\"name\":\"LA VILLE DE RHODES\",\"item\":\"https:\/\/www.rodospalladium.gr\/fr\/decouvrir-rhodes\/la-ville-de-rhodes\/\"},{\"@type\":\"ListItem\",\"position\":4,\"name\":\"L\u2019\u00c9GLISE CATHOLIQUE DE RHODES (SAINT FRANCIS)\"}]},{\"@type\":\"WebSite\",\"@id\":\"https:\/\/www.rodospalladium.gr\/#website\",\"url\":\"https:\/\/www.rodospalladium.gr\/\",\"name\":\"Rodos Palladium Leisure &amp; Wellness\",\"description\":\"Rodos Palladium Leisure &amp; Wellness is among Rhodes finest five star hotels. It enjoys a premier beach front location at Kallithea bay, offering luxurious accommodation and exclusive leisure and spa facilities.\",\"potentialAction\":[{\"@type\":\"SearchAction\",\"target\":{\"@type\":\"EntryPoint\",\"urlTemplate\":\"https:\/\/www.rodospalladium.gr\/?s={search_term_string}\"},\"query-input\":{\"@type\":\"PropertyValueSpecification\",\"valueRequired\":true,\"valueName\":\"search_term_string\"}}],\"inLanguage\":\"fr-FR\"}]}<\/script>\n<!-- \/ Yoast SEO plugin. -->","yoast_head_json":{"title":"L\u2019\u00c9GLISE CATHOLIQUE DE RHODES (SAINT FRANCIS) - Rodos Palladium Leisure &amp; Wellness","robots":{"index":"index","follow":"follow","max-snippet":"max-snippet:-1","max-image-preview":"max-image-preview:large","max-video-preview":"max-video-preview:-1"},"canonical":"https:\/\/www.rodospalladium.gr\/fr\/decouvrir-rhodes\/la-ville-de-rhodes\/leglise-catholique-de-rhodes-saint-francis\/","og_locale":"fr_FR","og_type":"article","og_title":"L\u2019\u00c9GLISE CATHOLIQUE DE RHODES (SAINT FRANCIS) - Rodos Palladium Leisure &amp; Wellness","og_description":"Puisque Rhodes a \u00e9t\u00e9 occup\u00e9e par plusieurs conqu\u00e9rants de diverses religions, il est naturel de trouver plusieurs monuments religieux sur l\u2019\u00eele. La plus populaire aupr\u00e8s des catholiques est la magnifique \u00e9glise catholique romaine de San Fransisco, situ\u00e9e sur la place du m\u00eame nom, juste \u00e0 l\u2019ext\u00e9rieur des murs de la vieille ville.","og_url":"https:\/\/www.rodospalladium.gr\/fr\/decouvrir-rhodes\/la-ville-de-rhodes\/leglise-catholique-de-rhodes-saint-francis\/","og_site_name":"Rodos Palladium Leisure &amp; Wellness","article_modified_time":"2024-09-20T14:53:30+00:00","og_image":[{"width":1920,"height":2560,"url":"https:\/\/www.rodospalladium.gr\/app\/uploads\/sites\/46\/2019\/05\/Francis_of_Assisi_in_Rhodes_P8220652.jpeg","type":"image\/jpeg"}],"twitter_card":"summary_large_image","twitter_misc":{"Est. reading time":"1 minute"},"schema":{"@context":"https:\/\/schema.org","@graph":[{"@type":"WebPage","@id":"https:\/\/www.rodospalladium.gr\/fr\/decouvrir-rhodes\/la-ville-de-rhodes\/leglise-catholique-de-rhodes-saint-francis\/","url":"https:\/\/www.rodospalladium.gr\/fr\/decouvrir-rhodes\/la-ville-de-rhodes\/leglise-catholique-de-rhodes-saint-francis\/","name":"L\u2019\u00c9GLISE CATHOLIQUE DE RHODES (SAINT FRANCIS) - Rodos Palladium Leisure &amp; Wellness","isPartOf":{"@id":"https:\/\/www.rodospalladium.gr\/#website"},"primaryImageOfPage":{"@id":"https:\/\/www.rodospalladium.gr\/fr\/decouvrir-rhodes\/la-ville-de-rhodes\/leglise-catholique-de-rhodes-saint-francis\/#primaryimage"},"image":{"@id":"https:\/\/www.rodospalladium.gr\/fr\/decouvrir-rhodes\/la-ville-de-rhodes\/leglise-catholique-de-rhodes-saint-francis\/#primaryimage"},"thumbnailUrl":"https:\/\/www.rodospalladium.gr\/app\/uploads\/sites\/46\/2019\/05\/Francis_of_Assisi_in_Rhodes_P8220652.jpeg","datePublished":"2024-03-15T07:42:34+00:00","dateModified":"2024-09-20T14:53:30+00:00","breadcrumb":{"@id":"https:\/\/www.rodospalladium.gr\/fr\/decouvrir-rhodes\/la-ville-de-rhodes\/leglise-catholique-de-rhodes-saint-francis\/#breadcrumb"},"inLanguage":"fr-FR","potentialAction":[{"@type":"ReadAction","target":["https:\/\/www.rodospalladium.gr\/fr\/decouvrir-rhodes\/la-ville-de-rhodes\/leglise-catholique-de-rhodes-saint-francis\/"]}]},{"@type":"ImageObject","inLanguage":"fr-FR","@id":"https:\/\/www.rodospalladium.gr\/fr\/decouvrir-rhodes\/la-ville-de-rhodes\/leglise-catholique-de-rhodes-saint-francis\/#primaryimage","url":"https:\/\/www.rodospalladium.gr\/app\/uploads\/sites\/46\/2019\/05\/Francis_of_Assisi_in_Rhodes_P8220652.jpeg","contentUrl":"https:\/\/www.rodospalladium.gr\/app\/uploads\/sites\/46\/2019\/05\/Francis_of_Assisi_in_Rhodes_P8220652.jpeg","width":1920,"height":2560},{"@type":"BreadcrumbList","@id":"https:\/\/www.rodospalladium.gr\/fr\/decouvrir-rhodes\/la-ville-de-rhodes\/leglise-catholique-de-rhodes-saint-francis\/#breadcrumb","itemListElement":[{"@type":"ListItem","position":1,"name":"Home","item":"https:\/\/www.rodospalladium.gr\/fr\/"},{"@type":"ListItem","position":2,"name":"D\u00c9COUVRIR RHODES","item":"https:\/\/www.rodospalladium.gr\/fr\/decouvrir-rhodes\/"},{"@type":"ListItem","position":3,"name":"LA VILLE DE RHODES","item":"https:\/\/www.rodospalladium.gr\/fr\/decouvrir-rhodes\/la-ville-de-rhodes\/"},{"@type":"ListItem","position":4,"name":"L\u2019\u00c9GLISE CATHOLIQUE DE RHODES (SAINT FRANCIS)"}]},{"@type":"WebSite","@id":"https:\/\/www.rodospalladium.gr\/#website","url":"https:\/\/www.rodospalladium.gr\/","name":"Rodos Palladium Leisure &amp; Wellness","description":"Rodos Palladium Leisure &amp; Wellness is among Rhodes finest five star hotels. It enjoys a premier beach front location at Kallithea bay, offering luxurious accommodation and exclusive leisure and spa facilities.","potentialAction":[{"@type":"SearchAction","target":{"@type":"EntryPoint","urlTemplate":"https:\/\/www.rodospalladium.gr\/?s={search_term_string}"},"query-input":{"@type":"PropertyValueSpecification","valueRequired":true,"valueName":"search_term_string"}}],"inLanguage":"fr-FR"}]}},"_links":{"self":[{"href":"https:\/\/www.rodospalladium.gr\/fr\/wp-json\/wp\/v2\/pages\/29537"}],"collection":[{"href":"https:\/\/www.rodospalladium.gr\/fr\/wp-json\/wp\/v2\/pages"}],"about":[{"href":"https:\/\/www.rodospalladium.gr\/fr\/wp-json\/wp\/v2\/types\/page"}],"author":[{"embeddable":true,"href":"https:\/\/www.rodospalladium.gr\/fr\/wp-json\/wp\/v2\/users\/361"}],"replies":[{"embeddable":true,"href":"https:\/\/www.rodospalladium.gr\/fr\/wp-json\/wp\/v2\/comments?post=29537"}],"version-history":[{"count":1,"href":"https:\/\/www.rodospalladium.gr\/fr\/wp-json\/wp\/v2\/pages\/29537\/revisions"}],"predecessor-version":[{"id":29538,"href":"https:\/\/www.rodospalladium.gr\/fr\/wp-json\/wp\/v2\/pages\/29537\/revisions\/29538"}],"up":[{"embeddable":true,"href":"https:\/\/www.rodospalladium.gr\/fr\/wp-json\/wp\/v2\/pages\/29532"}],"wp:featuredmedia":[{"embeddable":true,"href":"https:\/\/www.rodospalladium.gr\/fr\/wp-json\/wp\/v2\/media\/28502"}],"wp:attachment":[{"href":"https:\/\/www.rodospalladium.gr\/fr\/wp-json\/wp\/v2\/media?parent=29537"}],"curies":[{"name":"wp","href":"https:\/\/api.w.org\/{rel}","templated":true}]}}