{"id":29539,"date":"2024-03-15T10:45:08","date_gmt":"2024-03-15T07:45:08","guid":{"rendered":"https:\/\/www.rodospalladium.gr\/?page_id=29539"},"modified":"2024-09-20T17:49:38","modified_gmt":"2024-09-20T14:49:38","slug":"laquarium-de-rhodes","status":"publish","type":"page","link":"https:\/\/www.rodospalladium.gr\/fr\/decouvrir-rhodes\/la-ville-de-rhodes\/laquarium-de-rhodes\/","title":{"rendered":"L\u2019AQUARIUM DE RHODES"},"content":{"rendered":"<p>L\u2019aquarium de Rhodes a \u00e9t\u00e9 construit entre 1934 et 1936 alors que le royaume d\u2019Italie occupait l\u2019\u00eele. Plus tard, en 1945, suite \u00e0 la r\u00e9unification de l\u2019\u00eele avec le reste de la Gr\u00e8ce, l\u2019aquarium f\u00fbt rebaptis\u00e9 \u00abInstitut hell\u00e9nistique d\u2019hydrobiologie\u00bb et f\u00fbt supervis\u00e9 par l\u2019Acad\u00e9mie d\u2019Ath\u00e8nes. Aujourd\u2019hui, le b\u00e2timent est utilis\u00e9 comme mus\u00e9e et comme centre de recherche visant \u00e0 la pr\u00e9servation et \u00e0 l\u2019exposition des cr\u00e9atures embaum\u00e9es et vivantes de la mer M\u00e9diterran\u00e9e.<\/p>\n<p>Avec une vari\u00e9t\u00e9 d\u2019expositions disponibles, c\u2019est un endroit \u00e0 visiter car vous pourrez observer de pr\u00e8s une s\u00e9lection d\u2019anthozoaires, de mollusques (gast\u00e9ropodes et c\u00e9phalopodes), diverses esp\u00e8ces de crabes et certaines cat\u00e9gories de poissons appartenant aux familles suivantes : Dasyatidaie, Mullidae, Sparidea, Centrachantidae, Labridae, Scaridae, Siganidae, Mugilidae, Scopaenidae, Triglidae, Balistidae, Monacanthidae ainsi que les tortues\u00a0marines. D\u2019autres expositions incluent des requins, des tortues de mer, des baleines \u00e0 dents et des phoques moines de M\u00e9diterran\u00e9e.<\/p>\n","protected":false},"excerpt":{"rendered":"<p>L\u2019aquarium de Rhodes a \u00e9t\u00e9 construit entre 1934 et 1936 alors que le royaume d\u2019Italie occupait l\u2019\u00eele. Plus tard, en 1945, suite \u00e0 la r\u00e9unification de l\u2019\u00eele avec le reste de la Gr\u00e8ce, l\u2019aquarium f\u00fbt rebaptis\u00e9 \u00abInstitut hell\u00e9nistique d\u2019hydrobiologie\u00bb et f\u00fbt supervis\u00e9 par l\u2019Acad\u00e9mie d\u2019Ath\u00e8nes. Aujourd\u2019hui, le b\u00e2timent est utilis\u00e9 comme mus\u00e9e et comme centre<\/p>\n","protected":false},"author":361,"featured_media":28501,"parent":29532,"menu_order":0,"comment_status":"closed","ping_status":"closed","template":"","meta":{"_acf_changed":false,"footnotes":""},"class_list":["post-29539","page","type-page","status-publish","has-post-thumbnail","hentry"],"acf":[],"yoast_head":"<!-- This site is optimized with the Yoast SEO plugin v26.9 - https:\/\/yoast.com\/product\/yoast-seo-wordpress\/ -->\n<title>L\u2019AQUARIUM DE RHODES - Rodos Palladium Leisure &amp; Wellness<\/title>\n<meta name=\"robots\" content=\"index, follow, max-snippet:-1, max-image-preview:large, max-video-preview:-1\" \/>\n<link rel=\"canonical\" href=\"https:\/\/www.rodospalladium.gr\/fr\/decouvrir-rhodes\/la-ville-de-rhodes\/laquarium-de-rhodes\/\" \/>\n<meta property=\"og:locale\" content=\"fr_FR\" \/>\n<meta property=\"og:type\" content=\"article\" \/>\n<meta property=\"og:title\" content=\"L\u2019AQUARIUM DE RHODES - Rodos Palladium Leisure &amp; Wellness\" \/>\n<meta property=\"og:description\" content=\"L\u2019aquarium de Rhodes a \u00e9t\u00e9 construit entre 1934 et 1936 alors que le royaume d\u2019Italie occupait l\u2019\u00eele. Plus tard, en 1945, suite \u00e0 la r\u00e9unification de l\u2019\u00eele avec le reste de la Gr\u00e8ce, l\u2019aquarium f\u00fbt rebaptis\u00e9 \u00abInstitut hell\u00e9nistique d\u2019hydrobiologie\u00bb et f\u00fbt supervis\u00e9 par l\u2019Acad\u00e9mie d\u2019Ath\u00e8nes. Aujourd\u2019hui, le b\u00e2timent est utilis\u00e9 comme mus\u00e9e et comme centre\" \/>\n<meta property=\"og:url\" content=\"https:\/\/www.rodospalladium.gr\/fr\/decouvrir-rhodes\/la-ville-de-rhodes\/laquarium-de-rhodes\/\" \/>\n<meta property=\"og:site_name\" content=\"Rodos Palladium Leisure &amp; Wellness\" \/>\n<meta property=\"article:modified_time\" content=\"2024-09-20T14:49:38+00:00\" \/>\n<meta property=\"og:image\" content=\"https:\/\/www.rodospalladium.gr\/app\/uploads\/sites\/46\/2019\/05\/Aquarium-Rhodes.jpeg\" \/>\n\t<meta property=\"og:image:width\" content=\"1920\" \/>\n\t<meta property=\"og:image:height\" content=\"850\" \/>\n\t<meta property=\"og:image:type\" content=\"image\/jpeg\" \/>\n<meta name=\"twitter:card\" content=\"summary_large_image\" \/>\n<meta name=\"twitter:label1\" content=\"Est. reading time\" \/>\n\t<meta name=\"twitter:data1\" content=\"1 minute\" \/>\n<script type=\"application\/ld+json\" class=\"yoast-schema-graph\">{\"@context\":\"https:\/\/schema.org\",\"@graph\":[{\"@type\":\"WebPage\",\"@id\":\"https:\/\/www.rodospalladium.gr\/fr\/decouvrir-rhodes\/la-ville-de-rhodes\/laquarium-de-rhodes\/\",\"url\":\"https:\/\/www.rodospalladium.gr\/fr\/decouvrir-rhodes\/la-ville-de-rhodes\/laquarium-de-rhodes\/\",\"name\":\"L\u2019AQUARIUM DE RHODES - Rodos Palladium Leisure &amp; Wellness\",\"isPartOf\":{\"@id\":\"https:\/\/www.rodospalladium.gr\/#website\"},\"primaryImageOfPage\":{\"@id\":\"https:\/\/www.rodospalladium.gr\/fr\/decouvrir-rhodes\/la-ville-de-rhodes\/laquarium-de-rhodes\/#primaryimage\"},\"image\":{\"@id\":\"https:\/\/www.rodospalladium.gr\/fr\/decouvrir-rhodes\/la-ville-de-rhodes\/laquarium-de-rhodes\/#primaryimage\"},\"thumbnailUrl\":\"https:\/\/www.rodospalladium.gr\/app\/uploads\/sites\/46\/2019\/05\/Aquarium-Rhodes.jpeg\",\"datePublished\":\"2024-03-15T07:45:08+00:00\",\"dateModified\":\"2024-09-20T14:49:38+00:00\",\"breadcrumb\":{\"@id\":\"https:\/\/www.rodospalladium.gr\/fr\/decouvrir-rhodes\/la-ville-de-rhodes\/laquarium-de-rhodes\/#breadcrumb\"},\"inLanguage\":\"fr-FR\",\"potentialAction\":[{\"@type\":\"ReadAction\",\"target\":[\"https:\/\/www.rodospalladium.gr\/fr\/decouvrir-rhodes\/la-ville-de-rhodes\/laquarium-de-rhodes\/\"]}]},{\"@type\":\"ImageObject\",\"inLanguage\":\"fr-FR\",\"@id\":\"https:\/\/www.rodospalladium.gr\/fr\/decouvrir-rhodes\/la-ville-de-rhodes\/laquarium-de-rhodes\/#primaryimage\",\"url\":\"https:\/\/www.rodospalladium.gr\/app\/uploads\/sites\/46\/2019\/05\/Aquarium-Rhodes.jpeg\",\"contentUrl\":\"https:\/\/www.rodospalladium.gr\/app\/uploads\/sites\/46\/2019\/05\/Aquarium-Rhodes.jpeg\",\"width\":1920,\"height\":850},{\"@type\":\"BreadcrumbList\",\"@id\":\"https:\/\/www.rodospalladium.gr\/fr\/decouvrir-rhodes\/la-ville-de-rhodes\/laquarium-de-rhodes\/#breadcrumb\",\"itemListElement\":[{\"@type\":\"ListItem\",\"position\":1,\"name\":\"Home\",\"item\":\"https:\/\/www.rodospalladium.gr\/fr\/\"},{\"@type\":\"ListItem\",\"position\":2,\"name\":\"D\u00c9COUVRIR RHODES\",\"item\":\"https:\/\/www.rodospalladium.gr\/fr\/decouvrir-rhodes\/\"},{\"@type\":\"ListItem\",\"position\":3,\"name\":\"LA VILLE DE RHODES\",\"item\":\"https:\/\/www.rodospalladium.gr\/fr\/decouvrir-rhodes\/la-ville-de-rhodes\/\"},{\"@type\":\"ListItem\",\"position\":4,\"name\":\"L\u2019AQUARIUM DE RHODES\"}]},{\"@type\":\"WebSite\",\"@id\":\"https:\/\/www.rodospalladium.gr\/#website\",\"url\":\"https:\/\/www.rodospalladium.gr\/\",\"name\":\"Rodos Palladium Leisure &amp; Wellness\",\"description\":\"Rodos Palladium Leisure &amp; Wellness is among Rhodes finest five star hotels. It enjoys a premier beach front location at Kallithea bay, offering luxurious accommodation and exclusive leisure and spa facilities.\",\"potentialAction\":[{\"@type\":\"SearchAction\",\"target\":{\"@type\":\"EntryPoint\",\"urlTemplate\":\"https:\/\/www.rodospalladium.gr\/?s={search_term_string}\"},\"query-input\":{\"@type\":\"PropertyValueSpecification\",\"valueRequired\":true,\"valueName\":\"search_term_string\"}}],\"inLanguage\":\"fr-FR\"}]}<\/script>\n<!-- \/ Yoast SEO plugin. -->","yoast_head_json":{"title":"L\u2019AQUARIUM DE RHODES - Rodos Palladium Leisure &amp; Wellness","robots":{"index":"index","follow":"follow","max-snippet":"max-snippet:-1","max-image-preview":"max-image-preview:large","max-video-preview":"max-video-preview:-1"},"canonical":"https:\/\/www.rodospalladium.gr\/fr\/decouvrir-rhodes\/la-ville-de-rhodes\/laquarium-de-rhodes\/","og_locale":"fr_FR","og_type":"article","og_title":"L\u2019AQUARIUM DE RHODES - Rodos Palladium Leisure &amp; Wellness","og_description":"L\u2019aquarium de Rhodes a \u00e9t\u00e9 construit entre 1934 et 1936 alors que le royaume d\u2019Italie occupait l\u2019\u00eele. Plus tard, en 1945, suite \u00e0 la r\u00e9unification de l\u2019\u00eele avec le reste de la Gr\u00e8ce, l\u2019aquarium f\u00fbt rebaptis\u00e9 \u00abInstitut hell\u00e9nistique d\u2019hydrobiologie\u00bb et f\u00fbt supervis\u00e9 par l\u2019Acad\u00e9mie d\u2019Ath\u00e8nes. Aujourd\u2019hui, le b\u00e2timent est utilis\u00e9 comme mus\u00e9e et comme centre","og_url":"https:\/\/www.rodospalladium.gr\/fr\/decouvrir-rhodes\/la-ville-de-rhodes\/laquarium-de-rhodes\/","og_site_name":"Rodos Palladium Leisure &amp; Wellness","article_modified_time":"2024-09-20T14:49:38+00:00","og_image":[{"width":1920,"height":850,"url":"https:\/\/www.rodospalladium.gr\/app\/uploads\/sites\/46\/2019\/05\/Aquarium-Rhodes.jpeg","type":"image\/jpeg"}],"twitter_card":"summary_large_image","twitter_misc":{"Est. reading time":"1 minute"},"schema":{"@context":"https:\/\/schema.org","@graph":[{"@type":"WebPage","@id":"https:\/\/www.rodospalladium.gr\/fr\/decouvrir-rhodes\/la-ville-de-rhodes\/laquarium-de-rhodes\/","url":"https:\/\/www.rodospalladium.gr\/fr\/decouvrir-rhodes\/la-ville-de-rhodes\/laquarium-de-rhodes\/","name":"L\u2019AQUARIUM DE RHODES - Rodos Palladium Leisure &amp; Wellness","isPartOf":{"@id":"https:\/\/www.rodospalladium.gr\/#website"},"primaryImageOfPage":{"@id":"https:\/\/www.rodospalladium.gr\/fr\/decouvrir-rhodes\/la-ville-de-rhodes\/laquarium-de-rhodes\/#primaryimage"},"image":{"@id":"https:\/\/www.rodospalladium.gr\/fr\/decouvrir-rhodes\/la-ville-de-rhodes\/laquarium-de-rhodes\/#primaryimage"},"thumbnailUrl":"https:\/\/www.rodospalladium.gr\/app\/uploads\/sites\/46\/2019\/05\/Aquarium-Rhodes.jpeg","datePublished":"2024-03-15T07:45:08+00:00","dateModified":"2024-09-20T14:49:38+00:00","breadcrumb":{"@id":"https:\/\/www.rodospalladium.gr\/fr\/decouvrir-rhodes\/la-ville-de-rhodes\/laquarium-de-rhodes\/#breadcrumb"},"inLanguage":"fr-FR","potentialAction":[{"@type":"ReadAction","target":["https:\/\/www.rodospalladium.gr\/fr\/decouvrir-rhodes\/la-ville-de-rhodes\/laquarium-de-rhodes\/"]}]},{"@type":"ImageObject","inLanguage":"fr-FR","@id":"https:\/\/www.rodospalladium.gr\/fr\/decouvrir-rhodes\/la-ville-de-rhodes\/laquarium-de-rhodes\/#primaryimage","url":"https:\/\/www.rodospalladium.gr\/app\/uploads\/sites\/46\/2019\/05\/Aquarium-Rhodes.jpeg","contentUrl":"https:\/\/www.rodospalladium.gr\/app\/uploads\/sites\/46\/2019\/05\/Aquarium-Rhodes.jpeg","width":1920,"height":850},{"@type":"BreadcrumbList","@id":"https:\/\/www.rodospalladium.gr\/fr\/decouvrir-rhodes\/la-ville-de-rhodes\/laquarium-de-rhodes\/#breadcrumb","itemListElement":[{"@type":"ListItem","position":1,"name":"Home","item":"https:\/\/www.rodospalladium.gr\/fr\/"},{"@type":"ListItem","position":2,"name":"D\u00c9COUVRIR RHODES","item":"https:\/\/www.rodospalladium.gr\/fr\/decouvrir-rhodes\/"},{"@type":"ListItem","position":3,"name":"LA VILLE DE RHODES","item":"https:\/\/www.rodospalladium.gr\/fr\/decouvrir-rhodes\/la-ville-de-rhodes\/"},{"@type":"ListItem","position":4,"name":"L\u2019AQUARIUM DE RHODES"}]},{"@type":"WebSite","@id":"https:\/\/www.rodospalladium.gr\/#website","url":"https:\/\/www.rodospalladium.gr\/","name":"Rodos Palladium Leisure &amp; Wellness","description":"Rodos Palladium Leisure &amp; Wellness is among Rhodes finest five star hotels. It enjoys a premier beach front location at Kallithea bay, offering luxurious accommodation and exclusive leisure and spa facilities.","potentialAction":[{"@type":"SearchAction","target":{"@type":"EntryPoint","urlTemplate":"https:\/\/www.rodospalladium.gr\/?s={search_term_string}"},"query-input":{"@type":"PropertyValueSpecification","valueRequired":true,"valueName":"search_term_string"}}],"inLanguage":"fr-FR"}]}},"_links":{"self":[{"href":"https:\/\/www.rodospalladium.gr\/fr\/wp-json\/wp\/v2\/pages\/29539"}],"collection":[{"href":"https:\/\/www.rodospalladium.gr\/fr\/wp-json\/wp\/v2\/pages"}],"about":[{"href":"https:\/\/www.rodospalladium.gr\/fr\/wp-json\/wp\/v2\/types\/page"}],"author":[{"embeddable":true,"href":"https:\/\/www.rodospalladium.gr\/fr\/wp-json\/wp\/v2\/users\/361"}],"replies":[{"embeddable":true,"href":"https:\/\/www.rodospalladium.gr\/fr\/wp-json\/wp\/v2\/comments?post=29539"}],"version-history":[{"count":1,"href":"https:\/\/www.rodospalladium.gr\/fr\/wp-json\/wp\/v2\/pages\/29539\/revisions"}],"predecessor-version":[{"id":29540,"href":"https:\/\/www.rodospalladium.gr\/fr\/wp-json\/wp\/v2\/pages\/29539\/revisions\/29540"}],"up":[{"embeddable":true,"href":"https:\/\/www.rodospalladium.gr\/fr\/wp-json\/wp\/v2\/pages\/29532"}],"wp:featuredmedia":[{"embeddable":true,"href":"https:\/\/www.rodospalladium.gr\/fr\/wp-json\/wp\/v2\/media\/28501"}],"wp:attachment":[{"href":"https:\/\/www.rodospalladium.gr\/fr\/wp-json\/wp\/v2\/media?parent=29539"}],"curies":[{"name":"wp","href":"https:\/\/api.w.org\/{rel}","templated":true}]}}