{"id":29543,"date":"2024-03-15T10:49:59","date_gmt":"2024-03-15T07:49:59","guid":{"rendered":"https:\/\/www.rodospalladium.gr\/?page_id=29543"},"modified":"2024-09-20T17:47:01","modified_gmt":"2024-09-20T14:47:01","slug":"lancien-stade-de-rhodes","status":"publish","type":"page","link":"https:\/\/www.rodospalladium.gr\/fr\/decouvrir-rhodes\/la-ville-de-rhodes\/lancien-stade-de-rhodes\/","title":{"rendered":"L\u2019ANCIEN STADE DE RHODES"},"content":{"rendered":"<p>Dans l\u2019ancienne acropole de Rhodes, les visiteurs ont la chance d\u2019admirer les vestiges de l\u2019ancien stade de Rhodes, juste \u00e0 c\u00f4t\u00e9 du temple d\u2019Appolon. Le stade \u00e9tait estim\u00e9 \u00e0 600 pieds\/ 210 m\u00e8tres de long, une de ses parties \u00e9tant pr\u00e9serv\u00e9e encore aujourd\u2019hui. Plus pr\u00e9cis\u00e9ment, les parties originales survivantes comprennent le \u00abSphendone\u00bb (extr\u00e9mit\u00e9 arrondie avec poteau tournant), le \u00abProedries\u00bb ( l\u2019endroit ou s\u2019asseyaient les fonctionnaires) et certains des si\u00e8ges inferieurs de l\u2019auditorium.<\/p>\n<p>Ce qui est remarquable. C\u2019est que le m\u00e9canisme de d\u00e9marrage des athl\u00e8tes a \u00e9galement \u00e9t\u00e9 conserv\u00e9\u00a0! En outre, a quelques m\u00e8tres de la se trouve le gymnase qui \u00e9tait essentiellement un \u00e9difice massif de forme carr\u00e9e\u00a0; les arch\u00e9ologies ont r\u00e9ussi d\u2019importantes \u0153uvres d\u2019art sur ce site. Malheureusement, l\u2019ensemble de l\u2019Acropole n\u2019a pas encore \u00e9t\u00e9 fouill\u00e9, une zone arch\u00e9ologique exclusive de 12 500 m\u00e8tres carr\u00e9s \u00e9tant s\u00e9par\u00e9e des \u00e9difices contemporains.<\/p>\n","protected":false},"excerpt":{"rendered":"<p>Dans l\u2019ancienne acropole de Rhodes, les visiteurs ont la chance d\u2019admirer les vestiges de l\u2019ancien stade de Rhodes, juste \u00e0 c\u00f4t\u00e9 du temple d\u2019Appolon. Le stade \u00e9tait estim\u00e9 \u00e0 600 pieds\/ 210 m\u00e8tres de long, une de ses parties \u00e9tant pr\u00e9serv\u00e9e encore aujourd\u2019hui. Plus pr\u00e9cis\u00e9ment, les parties originales survivantes comprennent le \u00abSphendone\u00bb (extr\u00e9mit\u00e9 arrondie avec<\/p>\n","protected":false},"author":361,"featured_media":28499,"parent":29532,"menu_order":0,"comment_status":"closed","ping_status":"closed","template":"","meta":{"_acf_changed":false,"footnotes":""},"class_list":["post-29543","page","type-page","status-publish","has-post-thumbnail","hentry"],"acf":[],"yoast_head":"<!-- This site is optimized with the Yoast SEO plugin v26.9 - https:\/\/yoast.com\/product\/yoast-seo-wordpress\/ -->\n<title>L\u2019ANCIEN STADE DE RHODES - Rodos Palladium Leisure &amp; Wellness<\/title>\n<meta name=\"robots\" content=\"index, follow, max-snippet:-1, max-image-preview:large, max-video-preview:-1\" \/>\n<link rel=\"canonical\" href=\"https:\/\/www.rodospalladium.gr\/fr\/decouvrir-rhodes\/la-ville-de-rhodes\/lancien-stade-de-rhodes\/\" \/>\n<meta property=\"og:locale\" content=\"fr_FR\" \/>\n<meta property=\"og:type\" content=\"article\" \/>\n<meta property=\"og:title\" content=\"L\u2019ANCIEN STADE DE RHODES - Rodos Palladium Leisure &amp; Wellness\" \/>\n<meta property=\"og:description\" content=\"Dans l\u2019ancienne acropole de Rhodes, les visiteurs ont la chance d\u2019admirer les vestiges de l\u2019ancien stade de Rhodes, juste \u00e0 c\u00f4t\u00e9 du temple d\u2019Appolon. Le stade \u00e9tait estim\u00e9 \u00e0 600 pieds\/ 210 m\u00e8tres de long, une de ses parties \u00e9tant pr\u00e9serv\u00e9e encore aujourd\u2019hui. Plus pr\u00e9cis\u00e9ment, les parties originales survivantes comprennent le \u00abSphendone\u00bb (extr\u00e9mit\u00e9 arrondie avec\" \/>\n<meta property=\"og:url\" content=\"https:\/\/www.rodospalladium.gr\/fr\/decouvrir-rhodes\/la-ville-de-rhodes\/lancien-stade-de-rhodes\/\" \/>\n<meta property=\"og:site_name\" content=\"Rodos Palladium Leisure &amp; Wellness\" \/>\n<meta property=\"article:modified_time\" content=\"2024-09-20T14:47:01+00:00\" \/>\n<meta property=\"og:image\" content=\"https:\/\/www.rodospalladium.gr\/app\/uploads\/sites\/46\/2019\/05\/Ancient_stadium_of_Rhodes_03.jpeg\" \/>\n\t<meta property=\"og:image:width\" content=\"2560\" \/>\n\t<meta property=\"og:image:height\" content=\"1920\" \/>\n\t<meta property=\"og:image:type\" content=\"image\/jpeg\" \/>\n<meta name=\"twitter:card\" content=\"summary_large_image\" \/>\n<meta name=\"twitter:label1\" content=\"Est. reading time\" \/>\n\t<meta name=\"twitter:data1\" content=\"1 minute\" \/>\n<script type=\"application\/ld+json\" class=\"yoast-schema-graph\">{\"@context\":\"https:\/\/schema.org\",\"@graph\":[{\"@type\":\"WebPage\",\"@id\":\"https:\/\/www.rodospalladium.gr\/fr\/decouvrir-rhodes\/la-ville-de-rhodes\/lancien-stade-de-rhodes\/\",\"url\":\"https:\/\/www.rodospalladium.gr\/fr\/decouvrir-rhodes\/la-ville-de-rhodes\/lancien-stade-de-rhodes\/\",\"name\":\"L\u2019ANCIEN STADE DE RHODES - Rodos Palladium Leisure &amp; Wellness\",\"isPartOf\":{\"@id\":\"https:\/\/www.rodospalladium.gr\/#website\"},\"primaryImageOfPage\":{\"@id\":\"https:\/\/www.rodospalladium.gr\/fr\/decouvrir-rhodes\/la-ville-de-rhodes\/lancien-stade-de-rhodes\/#primaryimage\"},\"image\":{\"@id\":\"https:\/\/www.rodospalladium.gr\/fr\/decouvrir-rhodes\/la-ville-de-rhodes\/lancien-stade-de-rhodes\/#primaryimage\"},\"thumbnailUrl\":\"https:\/\/www.rodospalladium.gr\/app\/uploads\/sites\/46\/2019\/05\/Ancient_stadium_of_Rhodes_03.jpeg\",\"datePublished\":\"2024-03-15T07:49:59+00:00\",\"dateModified\":\"2024-09-20T14:47:01+00:00\",\"breadcrumb\":{\"@id\":\"https:\/\/www.rodospalladium.gr\/fr\/decouvrir-rhodes\/la-ville-de-rhodes\/lancien-stade-de-rhodes\/#breadcrumb\"},\"inLanguage\":\"fr-FR\",\"potentialAction\":[{\"@type\":\"ReadAction\",\"target\":[\"https:\/\/www.rodospalladium.gr\/fr\/decouvrir-rhodes\/la-ville-de-rhodes\/lancien-stade-de-rhodes\/\"]}]},{\"@type\":\"ImageObject\",\"inLanguage\":\"fr-FR\",\"@id\":\"https:\/\/www.rodospalladium.gr\/fr\/decouvrir-rhodes\/la-ville-de-rhodes\/lancien-stade-de-rhodes\/#primaryimage\",\"url\":\"https:\/\/www.rodospalladium.gr\/app\/uploads\/sites\/46\/2019\/05\/Ancient_stadium_of_Rhodes_03.jpeg\",\"contentUrl\":\"https:\/\/www.rodospalladium.gr\/app\/uploads\/sites\/46\/2019\/05\/Ancient_stadium_of_Rhodes_03.jpeg\",\"width\":2560,\"height\":1920},{\"@type\":\"BreadcrumbList\",\"@id\":\"https:\/\/www.rodospalladium.gr\/fr\/decouvrir-rhodes\/la-ville-de-rhodes\/lancien-stade-de-rhodes\/#breadcrumb\",\"itemListElement\":[{\"@type\":\"ListItem\",\"position\":1,\"name\":\"Home\",\"item\":\"https:\/\/www.rodospalladium.gr\/fr\/\"},{\"@type\":\"ListItem\",\"position\":2,\"name\":\"D\u00c9COUVRIR RHODES\",\"item\":\"https:\/\/www.rodospalladium.gr\/fr\/decouvrir-rhodes\/\"},{\"@type\":\"ListItem\",\"position\":3,\"name\":\"LA VILLE DE RHODES\",\"item\":\"https:\/\/www.rodospalladium.gr\/fr\/decouvrir-rhodes\/la-ville-de-rhodes\/\"},{\"@type\":\"ListItem\",\"position\":4,\"name\":\"L\u2019ANCIEN STADE DE RHODES\"}]},{\"@type\":\"WebSite\",\"@id\":\"https:\/\/www.rodospalladium.gr\/#website\",\"url\":\"https:\/\/www.rodospalladium.gr\/\",\"name\":\"Rodos Palladium Leisure &amp; Wellness\",\"description\":\"Rodos Palladium Leisure &amp; Wellness is among Rhodes finest five star hotels. It enjoys a premier beach front location at Kallithea bay, offering luxurious accommodation and exclusive leisure and spa facilities.\",\"potentialAction\":[{\"@type\":\"SearchAction\",\"target\":{\"@type\":\"EntryPoint\",\"urlTemplate\":\"https:\/\/www.rodospalladium.gr\/?s={search_term_string}\"},\"query-input\":{\"@type\":\"PropertyValueSpecification\",\"valueRequired\":true,\"valueName\":\"search_term_string\"}}],\"inLanguage\":\"fr-FR\"}]}<\/script>\n<!-- \/ Yoast SEO plugin. -->","yoast_head_json":{"title":"L\u2019ANCIEN STADE DE RHODES - Rodos Palladium Leisure &amp; Wellness","robots":{"index":"index","follow":"follow","max-snippet":"max-snippet:-1","max-image-preview":"max-image-preview:large","max-video-preview":"max-video-preview:-1"},"canonical":"https:\/\/www.rodospalladium.gr\/fr\/decouvrir-rhodes\/la-ville-de-rhodes\/lancien-stade-de-rhodes\/","og_locale":"fr_FR","og_type":"article","og_title":"L\u2019ANCIEN STADE DE RHODES - Rodos Palladium Leisure &amp; Wellness","og_description":"Dans l\u2019ancienne acropole de Rhodes, les visiteurs ont la chance d\u2019admirer les vestiges de l\u2019ancien stade de Rhodes, juste \u00e0 c\u00f4t\u00e9 du temple d\u2019Appolon. Le stade \u00e9tait estim\u00e9 \u00e0 600 pieds\/ 210 m\u00e8tres de long, une de ses parties \u00e9tant pr\u00e9serv\u00e9e encore aujourd\u2019hui. Plus pr\u00e9cis\u00e9ment, les parties originales survivantes comprennent le \u00abSphendone\u00bb (extr\u00e9mit\u00e9 arrondie avec","og_url":"https:\/\/www.rodospalladium.gr\/fr\/decouvrir-rhodes\/la-ville-de-rhodes\/lancien-stade-de-rhodes\/","og_site_name":"Rodos Palladium Leisure &amp; Wellness","article_modified_time":"2024-09-20T14:47:01+00:00","og_image":[{"width":2560,"height":1920,"url":"https:\/\/www.rodospalladium.gr\/app\/uploads\/sites\/46\/2019\/05\/Ancient_stadium_of_Rhodes_03.jpeg","type":"image\/jpeg"}],"twitter_card":"summary_large_image","twitter_misc":{"Est. reading time":"1 minute"},"schema":{"@context":"https:\/\/schema.org","@graph":[{"@type":"WebPage","@id":"https:\/\/www.rodospalladium.gr\/fr\/decouvrir-rhodes\/la-ville-de-rhodes\/lancien-stade-de-rhodes\/","url":"https:\/\/www.rodospalladium.gr\/fr\/decouvrir-rhodes\/la-ville-de-rhodes\/lancien-stade-de-rhodes\/","name":"L\u2019ANCIEN STADE DE RHODES - Rodos Palladium Leisure &amp; Wellness","isPartOf":{"@id":"https:\/\/www.rodospalladium.gr\/#website"},"primaryImageOfPage":{"@id":"https:\/\/www.rodospalladium.gr\/fr\/decouvrir-rhodes\/la-ville-de-rhodes\/lancien-stade-de-rhodes\/#primaryimage"},"image":{"@id":"https:\/\/www.rodospalladium.gr\/fr\/decouvrir-rhodes\/la-ville-de-rhodes\/lancien-stade-de-rhodes\/#primaryimage"},"thumbnailUrl":"https:\/\/www.rodospalladium.gr\/app\/uploads\/sites\/46\/2019\/05\/Ancient_stadium_of_Rhodes_03.jpeg","datePublished":"2024-03-15T07:49:59+00:00","dateModified":"2024-09-20T14:47:01+00:00","breadcrumb":{"@id":"https:\/\/www.rodospalladium.gr\/fr\/decouvrir-rhodes\/la-ville-de-rhodes\/lancien-stade-de-rhodes\/#breadcrumb"},"inLanguage":"fr-FR","potentialAction":[{"@type":"ReadAction","target":["https:\/\/www.rodospalladium.gr\/fr\/decouvrir-rhodes\/la-ville-de-rhodes\/lancien-stade-de-rhodes\/"]}]},{"@type":"ImageObject","inLanguage":"fr-FR","@id":"https:\/\/www.rodospalladium.gr\/fr\/decouvrir-rhodes\/la-ville-de-rhodes\/lancien-stade-de-rhodes\/#primaryimage","url":"https:\/\/www.rodospalladium.gr\/app\/uploads\/sites\/46\/2019\/05\/Ancient_stadium_of_Rhodes_03.jpeg","contentUrl":"https:\/\/www.rodospalladium.gr\/app\/uploads\/sites\/46\/2019\/05\/Ancient_stadium_of_Rhodes_03.jpeg","width":2560,"height":1920},{"@type":"BreadcrumbList","@id":"https:\/\/www.rodospalladium.gr\/fr\/decouvrir-rhodes\/la-ville-de-rhodes\/lancien-stade-de-rhodes\/#breadcrumb","itemListElement":[{"@type":"ListItem","position":1,"name":"Home","item":"https:\/\/www.rodospalladium.gr\/fr\/"},{"@type":"ListItem","position":2,"name":"D\u00c9COUVRIR RHODES","item":"https:\/\/www.rodospalladium.gr\/fr\/decouvrir-rhodes\/"},{"@type":"ListItem","position":3,"name":"LA VILLE DE RHODES","item":"https:\/\/www.rodospalladium.gr\/fr\/decouvrir-rhodes\/la-ville-de-rhodes\/"},{"@type":"ListItem","position":4,"name":"L\u2019ANCIEN STADE DE RHODES"}]},{"@type":"WebSite","@id":"https:\/\/www.rodospalladium.gr\/#website","url":"https:\/\/www.rodospalladium.gr\/","name":"Rodos Palladium Leisure &amp; Wellness","description":"Rodos Palladium Leisure &amp; Wellness is among Rhodes finest five star hotels. It enjoys a premier beach front location at Kallithea bay, offering luxurious accommodation and exclusive leisure and spa facilities.","potentialAction":[{"@type":"SearchAction","target":{"@type":"EntryPoint","urlTemplate":"https:\/\/www.rodospalladium.gr\/?s={search_term_string}"},"query-input":{"@type":"PropertyValueSpecification","valueRequired":true,"valueName":"search_term_string"}}],"inLanguage":"fr-FR"}]}},"_links":{"self":[{"href":"https:\/\/www.rodospalladium.gr\/fr\/wp-json\/wp\/v2\/pages\/29543"}],"collection":[{"href":"https:\/\/www.rodospalladium.gr\/fr\/wp-json\/wp\/v2\/pages"}],"about":[{"href":"https:\/\/www.rodospalladium.gr\/fr\/wp-json\/wp\/v2\/types\/page"}],"author":[{"embeddable":true,"href":"https:\/\/www.rodospalladium.gr\/fr\/wp-json\/wp\/v2\/users\/361"}],"replies":[{"embeddable":true,"href":"https:\/\/www.rodospalladium.gr\/fr\/wp-json\/wp\/v2\/comments?post=29543"}],"version-history":[{"count":1,"href":"https:\/\/www.rodospalladium.gr\/fr\/wp-json\/wp\/v2\/pages\/29543\/revisions"}],"predecessor-version":[{"id":29544,"href":"https:\/\/www.rodospalladium.gr\/fr\/wp-json\/wp\/v2\/pages\/29543\/revisions\/29544"}],"up":[{"embeddable":true,"href":"https:\/\/www.rodospalladium.gr\/fr\/wp-json\/wp\/v2\/pages\/29532"}],"wp:featuredmedia":[{"embeddable":true,"href":"https:\/\/www.rodospalladium.gr\/fr\/wp-json\/wp\/v2\/media\/28499"}],"wp:attachment":[{"href":"https:\/\/www.rodospalladium.gr\/fr\/wp-json\/wp\/v2\/media?parent=29543"}],"curies":[{"name":"wp","href":"https:\/\/api.w.org\/{rel}","templated":true}]}}