{"id":29547,"date":"2024-03-15T10:54:40","date_gmt":"2024-03-15T07:54:40","guid":{"rendered":"https:\/\/www.rodospalladium.gr\/?page_id=29547"},"modified":"2024-09-20T17:54:27","modified_gmt":"2024-09-20T14:54:27","slug":"la-vieille-ville-de-rhodes-ville-medievale","status":"publish","type":"page","link":"https:\/\/www.rodospalladium.gr\/fr\/decouvrir-rhodes\/la-ville-de-rhodes\/la-vieille-ville-de-rhodes-ville-medievale\/","title":{"rendered":"LA VIEILLE VILLE DE RHODES \u2013 VILLE M\u00c9DIEVALE"},"content":{"rendered":"<p>La ville m\u00e9di\u00e9vale de Rhodes ou \u00abvieille ville\u00bb, comme l\u2019appellent les locaux, est un monument du patrimoine culturel mondial de L\u2019UNESCO. En fait, c\u2019est la plus grande et la plus ancienne ville m\u00e9di\u00e9vale habit\u00e9e d\u2019Europe!<\/p>\n<p>La vieille ville est la ville des Chevaliers de l\u2019Ordre de Saint- Jean et certains b\u00e2timents portent encore les embl\u00e8mes de l\u2019Ordre. Promenez-vous dans les magnifiques ruelles pav\u00e9es, sous les portes et les colonnades, sur les places et les cours obscures et ressentez la v\u00e9ritable atmosph\u00e8re m\u00e9di\u00e9vale.<\/p>\n<p>La ville m\u00e9di\u00e9vale est prot\u00e9g\u00e9e par une forteresse construite au 14\u00e8me si\u00e8cle apr\u00e8s JC par les chevaliers de Rhodes divis\u00e9e en deux parties\u00a0: le Kollakio au nord et le Burgh ou Hora au sud. Dans la partie nord de la forteresse vous trouverez la rue des Chevaliers, le Palais des Grands Ma\u00eetres (\u00e9galement connu sous le nom de Castello), l\u2019H\u00f4pital (aujourd\u2019hui mus\u00e9e), les \u00e9glises officielles de l\u2019Ordre tandis que dans la partie sud (Hora), vous verrez le bazar turc autour de la mosqu\u00e9e de Suliman et le vieux marche (rue Socrates) o\u00f9 se trouvent de nombreux magasins et restaurant locaux.<\/p>\n<p>Quoi que vous fassiez, ne n\u00e9gligez pas de visiter le mus\u00e9e byzantin, le Panagiatou Kastrou, le mus\u00e9e arch\u00e9ologique de Rhodes et la F\u00eate M\u00e9di\u00e9vale (foire m\u00e9di\u00e9vale aux roses) g\u00e9n\u00e9ralement organis\u00e9e vers le mois de mai.<\/p>\n<p>Se promener dans la vieille ville de Rhodes est une exp\u00e9rience unique et garantira une soir\u00e9e romantique et une visite m\u00e9morable pour toute la famille.<\/p>\n","protected":false},"excerpt":{"rendered":"<p>La ville m\u00e9di\u00e9vale de Rhodes ou \u00abvieille ville\u00bb, comme l\u2019appellent les locaux, est un monument du patrimoine culturel mondial de L\u2019UNESCO. En fait, c\u2019est la plus grande et la plus ancienne ville m\u00e9di\u00e9vale habit\u00e9e d\u2019Europe! La vieille ville est la ville des Chevaliers de l\u2019Ordre de Saint- Jean et certains b\u00e2timents portent encore les embl\u00e8mes<\/p>\n","protected":false},"author":361,"featured_media":28494,"parent":29532,"menu_order":0,"comment_status":"closed","ping_status":"closed","template":"","meta":{"_acf_changed":false,"footnotes":""},"class_list":["post-29547","page","type-page","status-publish","has-post-thumbnail","hentry"],"acf":[],"yoast_head":"<!-- This site is optimized with the Yoast SEO plugin v26.9 - https:\/\/yoast.com\/product\/yoast-seo-wordpress\/ -->\n<title>LA VIEILLE VILLE DE RHODES \u2013 VILLE M\u00c9DIEVALE - Rodos Palladium Leisure &amp; Wellness<\/title>\n<meta name=\"robots\" content=\"index, follow, max-snippet:-1, max-image-preview:large, max-video-preview:-1\" \/>\n<link rel=\"canonical\" href=\"https:\/\/www.rodospalladium.gr\/fr\/decouvrir-rhodes\/la-ville-de-rhodes\/la-vieille-ville-de-rhodes-ville-medievale\/\" \/>\n<meta property=\"og:locale\" content=\"fr_FR\" \/>\n<meta property=\"og:type\" content=\"article\" \/>\n<meta property=\"og:title\" content=\"LA VIEILLE VILLE DE RHODES \u2013 VILLE M\u00c9DIEVALE - Rodos Palladium Leisure &amp; Wellness\" \/>\n<meta property=\"og:description\" content=\"La ville m\u00e9di\u00e9vale de Rhodes ou \u00abvieille ville\u00bb, comme l\u2019appellent les locaux, est un monument du patrimoine culturel mondial de L\u2019UNESCO. En fait, c\u2019est la plus grande et la plus ancienne ville m\u00e9di\u00e9vale habit\u00e9e d\u2019Europe! La vieille ville est la ville des Chevaliers de l\u2019Ordre de Saint- Jean et certains b\u00e2timents portent encore les embl\u00e8mes\" \/>\n<meta property=\"og:url\" content=\"https:\/\/www.rodospalladium.gr\/fr\/decouvrir-rhodes\/la-ville-de-rhodes\/la-vieille-ville-de-rhodes-ville-medievale\/\" \/>\n<meta property=\"og:site_name\" content=\"Rodos Palladium Leisure &amp; Wellness\" \/>\n<meta property=\"article:modified_time\" content=\"2024-09-20T14:54:27+00:00\" \/>\n<meta property=\"og:image\" content=\"https:\/\/www.rodospalladium.gr\/app\/uploads\/sites\/46\/2019\/05\/21-street-of-the-knights.jpeg\" \/>\n\t<meta property=\"og:image:width\" content=\"2560\" \/>\n\t<meta property=\"og:image:height\" content=\"1920\" \/>\n\t<meta property=\"og:image:type\" content=\"image\/jpeg\" \/>\n<meta name=\"twitter:card\" content=\"summary_large_image\" \/>\n<meta name=\"twitter:label1\" content=\"Est. reading time\" \/>\n\t<meta name=\"twitter:data1\" content=\"2 minutes\" \/>\n<script type=\"application\/ld+json\" class=\"yoast-schema-graph\">{\"@context\":\"https:\/\/schema.org\",\"@graph\":[{\"@type\":\"WebPage\",\"@id\":\"https:\/\/www.rodospalladium.gr\/fr\/decouvrir-rhodes\/la-ville-de-rhodes\/la-vieille-ville-de-rhodes-ville-medievale\/\",\"url\":\"https:\/\/www.rodospalladium.gr\/fr\/decouvrir-rhodes\/la-ville-de-rhodes\/la-vieille-ville-de-rhodes-ville-medievale\/\",\"name\":\"LA VIEILLE VILLE DE RHODES \u2013 VILLE M\u00c9DIEVALE - Rodos Palladium Leisure &amp; Wellness\",\"isPartOf\":{\"@id\":\"https:\/\/www.rodospalladium.gr\/#website\"},\"primaryImageOfPage\":{\"@id\":\"https:\/\/www.rodospalladium.gr\/fr\/decouvrir-rhodes\/la-ville-de-rhodes\/la-vieille-ville-de-rhodes-ville-medievale\/#primaryimage\"},\"image\":{\"@id\":\"https:\/\/www.rodospalladium.gr\/fr\/decouvrir-rhodes\/la-ville-de-rhodes\/la-vieille-ville-de-rhodes-ville-medievale\/#primaryimage\"},\"thumbnailUrl\":\"https:\/\/www.rodospalladium.gr\/app\/uploads\/sites\/46\/2019\/05\/21-street-of-the-knights.jpeg\",\"datePublished\":\"2024-03-15T07:54:40+00:00\",\"dateModified\":\"2024-09-20T14:54:27+00:00\",\"breadcrumb\":{\"@id\":\"https:\/\/www.rodospalladium.gr\/fr\/decouvrir-rhodes\/la-ville-de-rhodes\/la-vieille-ville-de-rhodes-ville-medievale\/#breadcrumb\"},\"inLanguage\":\"fr-FR\",\"potentialAction\":[{\"@type\":\"ReadAction\",\"target\":[\"https:\/\/www.rodospalladium.gr\/fr\/decouvrir-rhodes\/la-ville-de-rhodes\/la-vieille-ville-de-rhodes-ville-medievale\/\"]}]},{\"@type\":\"ImageObject\",\"inLanguage\":\"fr-FR\",\"@id\":\"https:\/\/www.rodospalladium.gr\/fr\/decouvrir-rhodes\/la-ville-de-rhodes\/la-vieille-ville-de-rhodes-ville-medievale\/#primaryimage\",\"url\":\"https:\/\/www.rodospalladium.gr\/app\/uploads\/sites\/46\/2019\/05\/21-street-of-the-knights.jpeg\",\"contentUrl\":\"https:\/\/www.rodospalladium.gr\/app\/uploads\/sites\/46\/2019\/05\/21-street-of-the-knights.jpeg\",\"width\":2560,\"height\":1920},{\"@type\":\"BreadcrumbList\",\"@id\":\"https:\/\/www.rodospalladium.gr\/fr\/decouvrir-rhodes\/la-ville-de-rhodes\/la-vieille-ville-de-rhodes-ville-medievale\/#breadcrumb\",\"itemListElement\":[{\"@type\":\"ListItem\",\"position\":1,\"name\":\"Home\",\"item\":\"https:\/\/www.rodospalladium.gr\/fr\/\"},{\"@type\":\"ListItem\",\"position\":2,\"name\":\"D\u00c9COUVRIR RHODES\",\"item\":\"https:\/\/www.rodospalladium.gr\/fr\/decouvrir-rhodes\/\"},{\"@type\":\"ListItem\",\"position\":3,\"name\":\"LA VILLE DE RHODES\",\"item\":\"https:\/\/www.rodospalladium.gr\/fr\/decouvrir-rhodes\/la-ville-de-rhodes\/\"},{\"@type\":\"ListItem\",\"position\":4,\"name\":\"LA VIEILLE VILLE DE RHODES \u2013 VILLE M\u00c9DIEVALE\"}]},{\"@type\":\"WebSite\",\"@id\":\"https:\/\/www.rodospalladium.gr\/#website\",\"url\":\"https:\/\/www.rodospalladium.gr\/\",\"name\":\"Rodos Palladium Leisure &amp; Wellness\",\"description\":\"Rodos Palladium Leisure &amp; Wellness is among Rhodes finest five star hotels. It enjoys a premier beach front location at Kallithea bay, offering luxurious accommodation and exclusive leisure and spa facilities.\",\"potentialAction\":[{\"@type\":\"SearchAction\",\"target\":{\"@type\":\"EntryPoint\",\"urlTemplate\":\"https:\/\/www.rodospalladium.gr\/?s={search_term_string}\"},\"query-input\":{\"@type\":\"PropertyValueSpecification\",\"valueRequired\":true,\"valueName\":\"search_term_string\"}}],\"inLanguage\":\"fr-FR\"}]}<\/script>\n<!-- \/ Yoast SEO plugin. -->","yoast_head_json":{"title":"LA VIEILLE VILLE DE RHODES \u2013 VILLE M\u00c9DIEVALE - Rodos Palladium Leisure &amp; Wellness","robots":{"index":"index","follow":"follow","max-snippet":"max-snippet:-1","max-image-preview":"max-image-preview:large","max-video-preview":"max-video-preview:-1"},"canonical":"https:\/\/www.rodospalladium.gr\/fr\/decouvrir-rhodes\/la-ville-de-rhodes\/la-vieille-ville-de-rhodes-ville-medievale\/","og_locale":"fr_FR","og_type":"article","og_title":"LA VIEILLE VILLE DE RHODES \u2013 VILLE M\u00c9DIEVALE - Rodos Palladium Leisure &amp; Wellness","og_description":"La ville m\u00e9di\u00e9vale de Rhodes ou \u00abvieille ville\u00bb, comme l\u2019appellent les locaux, est un monument du patrimoine culturel mondial de L\u2019UNESCO. En fait, c\u2019est la plus grande et la plus ancienne ville m\u00e9di\u00e9vale habit\u00e9e d\u2019Europe! La vieille ville est la ville des Chevaliers de l\u2019Ordre de Saint- Jean et certains b\u00e2timents portent encore les embl\u00e8mes","og_url":"https:\/\/www.rodospalladium.gr\/fr\/decouvrir-rhodes\/la-ville-de-rhodes\/la-vieille-ville-de-rhodes-ville-medievale\/","og_site_name":"Rodos Palladium Leisure &amp; Wellness","article_modified_time":"2024-09-20T14:54:27+00:00","og_image":[{"width":2560,"height":1920,"url":"https:\/\/www.rodospalladium.gr\/app\/uploads\/sites\/46\/2019\/05\/21-street-of-the-knights.jpeg","type":"image\/jpeg"}],"twitter_card":"summary_large_image","twitter_misc":{"Est. reading time":"2 minutes"},"schema":{"@context":"https:\/\/schema.org","@graph":[{"@type":"WebPage","@id":"https:\/\/www.rodospalladium.gr\/fr\/decouvrir-rhodes\/la-ville-de-rhodes\/la-vieille-ville-de-rhodes-ville-medievale\/","url":"https:\/\/www.rodospalladium.gr\/fr\/decouvrir-rhodes\/la-ville-de-rhodes\/la-vieille-ville-de-rhodes-ville-medievale\/","name":"LA VIEILLE VILLE DE RHODES \u2013 VILLE M\u00c9DIEVALE - Rodos Palladium Leisure &amp; Wellness","isPartOf":{"@id":"https:\/\/www.rodospalladium.gr\/#website"},"primaryImageOfPage":{"@id":"https:\/\/www.rodospalladium.gr\/fr\/decouvrir-rhodes\/la-ville-de-rhodes\/la-vieille-ville-de-rhodes-ville-medievale\/#primaryimage"},"image":{"@id":"https:\/\/www.rodospalladium.gr\/fr\/decouvrir-rhodes\/la-ville-de-rhodes\/la-vieille-ville-de-rhodes-ville-medievale\/#primaryimage"},"thumbnailUrl":"https:\/\/www.rodospalladium.gr\/app\/uploads\/sites\/46\/2019\/05\/21-street-of-the-knights.jpeg","datePublished":"2024-03-15T07:54:40+00:00","dateModified":"2024-09-20T14:54:27+00:00","breadcrumb":{"@id":"https:\/\/www.rodospalladium.gr\/fr\/decouvrir-rhodes\/la-ville-de-rhodes\/la-vieille-ville-de-rhodes-ville-medievale\/#breadcrumb"},"inLanguage":"fr-FR","potentialAction":[{"@type":"ReadAction","target":["https:\/\/www.rodospalladium.gr\/fr\/decouvrir-rhodes\/la-ville-de-rhodes\/la-vieille-ville-de-rhodes-ville-medievale\/"]}]},{"@type":"ImageObject","inLanguage":"fr-FR","@id":"https:\/\/www.rodospalladium.gr\/fr\/decouvrir-rhodes\/la-ville-de-rhodes\/la-vieille-ville-de-rhodes-ville-medievale\/#primaryimage","url":"https:\/\/www.rodospalladium.gr\/app\/uploads\/sites\/46\/2019\/05\/21-street-of-the-knights.jpeg","contentUrl":"https:\/\/www.rodospalladium.gr\/app\/uploads\/sites\/46\/2019\/05\/21-street-of-the-knights.jpeg","width":2560,"height":1920},{"@type":"BreadcrumbList","@id":"https:\/\/www.rodospalladium.gr\/fr\/decouvrir-rhodes\/la-ville-de-rhodes\/la-vieille-ville-de-rhodes-ville-medievale\/#breadcrumb","itemListElement":[{"@type":"ListItem","position":1,"name":"Home","item":"https:\/\/www.rodospalladium.gr\/fr\/"},{"@type":"ListItem","position":2,"name":"D\u00c9COUVRIR RHODES","item":"https:\/\/www.rodospalladium.gr\/fr\/decouvrir-rhodes\/"},{"@type":"ListItem","position":3,"name":"LA VILLE DE RHODES","item":"https:\/\/www.rodospalladium.gr\/fr\/decouvrir-rhodes\/la-ville-de-rhodes\/"},{"@type":"ListItem","position":4,"name":"LA VIEILLE VILLE DE RHODES \u2013 VILLE M\u00c9DIEVALE"}]},{"@type":"WebSite","@id":"https:\/\/www.rodospalladium.gr\/#website","url":"https:\/\/www.rodospalladium.gr\/","name":"Rodos Palladium Leisure &amp; Wellness","description":"Rodos Palladium Leisure &amp; Wellness is among Rhodes finest five star hotels. It enjoys a premier beach front location at Kallithea bay, offering luxurious accommodation and exclusive leisure and spa facilities.","potentialAction":[{"@type":"SearchAction","target":{"@type":"EntryPoint","urlTemplate":"https:\/\/www.rodospalladium.gr\/?s={search_term_string}"},"query-input":{"@type":"PropertyValueSpecification","valueRequired":true,"valueName":"search_term_string"}}],"inLanguage":"fr-FR"}]}},"_links":{"self":[{"href":"https:\/\/www.rodospalladium.gr\/fr\/wp-json\/wp\/v2\/pages\/29547"}],"collection":[{"href":"https:\/\/www.rodospalladium.gr\/fr\/wp-json\/wp\/v2\/pages"}],"about":[{"href":"https:\/\/www.rodospalladium.gr\/fr\/wp-json\/wp\/v2\/types\/page"}],"author":[{"embeddable":true,"href":"https:\/\/www.rodospalladium.gr\/fr\/wp-json\/wp\/v2\/users\/361"}],"replies":[{"embeddable":true,"href":"https:\/\/www.rodospalladium.gr\/fr\/wp-json\/wp\/v2\/comments?post=29547"}],"version-history":[{"count":1,"href":"https:\/\/www.rodospalladium.gr\/fr\/wp-json\/wp\/v2\/pages\/29547\/revisions"}],"predecessor-version":[{"id":29548,"href":"https:\/\/www.rodospalladium.gr\/fr\/wp-json\/wp\/v2\/pages\/29547\/revisions\/29548"}],"up":[{"embeddable":true,"href":"https:\/\/www.rodospalladium.gr\/fr\/wp-json\/wp\/v2\/pages\/29532"}],"wp:featuredmedia":[{"embeddable":true,"href":"https:\/\/www.rodospalladium.gr\/fr\/wp-json\/wp\/v2\/media\/28494"}],"wp:attachment":[{"href":"https:\/\/www.rodospalladium.gr\/fr\/wp-json\/wp\/v2\/media?parent=29547"}],"curies":[{"name":"wp","href":"https:\/\/api.w.org\/{rel}","templated":true}]}}