{"id":29553,"date":"2024-03-19T15:38:11","date_gmt":"2024-03-19T12:38:11","guid":{"rendered":"https:\/\/www.rodospalladium.gr\/?page_id=29553"},"modified":"2025-03-04T17:06:03","modified_gmt":"2025-03-04T14:06:03","slug":"mariages","status":"publish","type":"page","link":"https:\/\/www.rodospalladium.gr\/fr\/evenements\/mariages\/","title":{"rendered":"MARIAGES"},"content":{"rendered":"<h3><span style=\"color: #baa789;\">Dites \u00ab\u00a0Oui\u00a0\u00bb dans le cadre le plus enchanteresse de Rhodes.<\/span><\/h3>\n<p>Choisir le lieu id\u00e9al pour votre mariage est aussi important que de faire les premiers pas dans votre nouvelle vie ensemble. Au Rodos Palladium, nous sommes fiers de notre r\u00e9putation impeccable et de nos ann\u00e9es d&rsquo;exp\u00e9rience dans l&rsquo;organisation de c\u00e9l\u00e9brations inoubliables. D\u00e8s le moment o\u00f9 vous commencez \u00e0 planifier jusqu&rsquo;\u00e0 la derni\u00e8re danse de la nuit, nos organisateurs de mariage experts seront \u00e0 vos c\u00f4t\u00e9s, veillant \u00e0 ce que chaque d\u00e9tail soit exactement comme vous l&rsquo;avez imagin\u00e9.<\/p>\n<p>Que vous r\u00eaviez d&rsquo;une r\u00e9ception de mariage luxueuse dans notre \u00e9l\u00e9gant complexe en bord de mer ou d&rsquo;une c\u00e9r\u00e9monie \u00e0 couper le souffle dans les embl\u00e9matiques Sources de Kallithea, nous sommes l\u00e0 pour donner vie \u00e0 votre vision. Et une fois la c\u00e9l\u00e9bration termin\u00e9e, votre voyage se poursuit avec une lune de miel extraordinaire \u00e0 Rhodes. Offrez-vous des \u00e9quipements de classe mondiale, un service exceptionnel et le confort de nos chambres luxueuses et de nos suites lune de miel, con\u00e7ues pour rendre chaque moment vraiment sp\u00e9cial pour vous et vos invit\u00e9s.<\/p>\n<hr \/>\n<p>Vous cherchez \u00e0 ajouter une touche romantique \u00e0 votre escapade ? Nos forfaits romantiques \ud83d\udd17<strong><span style=\"color: #baa789;\">Golden<\/span><\/strong> et \ud83d\udd17<strong><span style=\"color: #baa789;\">Prestige<\/span><\/strong> sont soigneusement con\u00e7us pour cr\u00e9er des moments magiques pour vous et votre proche. Alternativement, laissez-nous adapter un forfait de c\u00e9l\u00e9bration personnalis\u00e9 \u00e0 vos d\u00e9sirs uniques.<\/p>\n<p>Pour plus de d\u00e9tails, contactez notre service de r\u00e9servations \u00e0 <strong>reservations@rodospalladium.gr<\/strong> ou contactez notre \u00e9quipe de relations client\u00e8le au <strong>+30 22410 57300<\/strong>. Laissez-nous rendre vos moments sp\u00e9ciaux vraiment inoubliables !<\/p>\n","protected":false},"excerpt":{"rendered":"<p>Dites \u00ab\u00a0Oui\u00a0\u00bb dans le cadre le plus enchanteresse de Rhodes. Choisir le lieu id\u00e9al pour votre mariage est aussi important que de faire les premiers pas dans votre nouvelle vie ensemble. Au Rodos Palladium, nous sommes fiers de notre r\u00e9putation impeccable et de nos ann\u00e9es d&rsquo;exp\u00e9rience dans l&rsquo;organisation de c\u00e9l\u00e9brations inoubliables. D\u00e8s le moment o\u00f9<\/p>\n","protected":false},"author":361,"featured_media":29141,"parent":29551,"menu_order":0,"comment_status":"closed","ping_status":"closed","template":"","meta":{"_acf_changed":false,"footnotes":""},"class_list":["post-29553","page","type-page","status-publish","has-post-thumbnail","hentry"],"acf":[],"yoast_head":"<!-- This site is optimized with the Yoast SEO plugin v26.9 - https:\/\/yoast.com\/product\/yoast-seo-wordpress\/ -->\n<title>MARIAGES - Rodos Palladium Leisure &amp; Wellness<\/title>\n<meta name=\"robots\" content=\"index, follow, max-snippet:-1, max-image-preview:large, max-video-preview:-1\" \/>\n<link rel=\"canonical\" href=\"https:\/\/www.rodospalladium.gr\/fr\/evenements\/mariages\/\" \/>\n<meta property=\"og:locale\" content=\"fr_FR\" \/>\n<meta property=\"og:type\" content=\"article\" \/>\n<meta property=\"og:title\" content=\"MARIAGES - Rodos Palladium Leisure &amp; Wellness\" \/>\n<meta property=\"og:description\" content=\"Dites \u00ab\u00a0Oui\u00a0\u00bb dans le cadre le plus enchanteresse de Rhodes. Choisir le lieu id\u00e9al pour votre mariage est aussi important que de faire les premiers pas dans votre nouvelle vie ensemble. Au Rodos Palladium, nous sommes fiers de notre r\u00e9putation impeccable et de nos ann\u00e9es d&rsquo;exp\u00e9rience dans l&rsquo;organisation de c\u00e9l\u00e9brations inoubliables. D\u00e8s le moment o\u00f9\" \/>\n<meta property=\"og:url\" content=\"https:\/\/www.rodospalladium.gr\/fr\/evenements\/mariages\/\" \/>\n<meta property=\"og:site_name\" content=\"Rodos Palladium Leisure &amp; Wellness\" \/>\n<meta property=\"article:modified_time\" content=\"2025-03-04T14:06:03+00:00\" \/>\n<meta property=\"og:image\" content=\"https:\/\/www.rodospalladium.gr\/app\/uploads\/sites\/46\/2020\/02\/WEDDING_result.jpeg\" \/>\n\t<meta property=\"og:image:width\" content=\"1920\" \/>\n\t<meta property=\"og:image:height\" content=\"1240\" \/>\n\t<meta property=\"og:image:type\" content=\"image\/jpeg\" \/>\n<meta name=\"twitter:card\" content=\"summary_large_image\" \/>\n<meta name=\"twitter:label1\" content=\"Est. reading time\" \/>\n\t<meta name=\"twitter:data1\" content=\"2 minutes\" \/>\n<script type=\"application\/ld+json\" class=\"yoast-schema-graph\">{\"@context\":\"https:\/\/schema.org\",\"@graph\":[{\"@type\":\"WebPage\",\"@id\":\"https:\/\/www.rodospalladium.gr\/fr\/evenements\/mariages\/\",\"url\":\"https:\/\/www.rodospalladium.gr\/fr\/evenements\/mariages\/\",\"name\":\"MARIAGES - Rodos Palladium Leisure &amp; Wellness\",\"isPartOf\":{\"@id\":\"https:\/\/www.rodospalladium.gr\/#website\"},\"primaryImageOfPage\":{\"@id\":\"https:\/\/www.rodospalladium.gr\/fr\/evenements\/mariages\/#primaryimage\"},\"image\":{\"@id\":\"https:\/\/www.rodospalladium.gr\/fr\/evenements\/mariages\/#primaryimage\"},\"thumbnailUrl\":\"https:\/\/www.rodospalladium.gr\/app\/uploads\/sites\/46\/2020\/02\/WEDDING_result.jpeg\",\"datePublished\":\"2024-03-19T12:38:11+00:00\",\"dateModified\":\"2025-03-04T14:06:03+00:00\",\"breadcrumb\":{\"@id\":\"https:\/\/www.rodospalladium.gr\/fr\/evenements\/mariages\/#breadcrumb\"},\"inLanguage\":\"fr-FR\",\"potentialAction\":[{\"@type\":\"ReadAction\",\"target\":[\"https:\/\/www.rodospalladium.gr\/fr\/evenements\/mariages\/\"]}]},{\"@type\":\"ImageObject\",\"inLanguage\":\"fr-FR\",\"@id\":\"https:\/\/www.rodospalladium.gr\/fr\/evenements\/mariages\/#primaryimage\",\"url\":\"https:\/\/www.rodospalladium.gr\/app\/uploads\/sites\/46\/2020\/02\/WEDDING_result.jpeg\",\"contentUrl\":\"https:\/\/www.rodospalladium.gr\/app\/uploads\/sites\/46\/2020\/02\/WEDDING_result.jpeg\",\"width\":1920,\"height\":1240},{\"@type\":\"BreadcrumbList\",\"@id\":\"https:\/\/www.rodospalladium.gr\/fr\/evenements\/mariages\/#breadcrumb\",\"itemListElement\":[{\"@type\":\"ListItem\",\"position\":1,\"name\":\"Home\",\"item\":\"https:\/\/www.rodospalladium.gr\/fr\/\"},{\"@type\":\"ListItem\",\"position\":2,\"name\":\"EV\u00c8NEMENTS\",\"item\":\"https:\/\/www.rodospalladium.gr\/fr\/evenements\/\"},{\"@type\":\"ListItem\",\"position\":3,\"name\":\"MARIAGES\"}]},{\"@type\":\"WebSite\",\"@id\":\"https:\/\/www.rodospalladium.gr\/#website\",\"url\":\"https:\/\/www.rodospalladium.gr\/\",\"name\":\"Rodos Palladium Leisure &amp; Wellness\",\"description\":\"Rodos Palladium Leisure &amp; Wellness is among Rhodes finest five star hotels. It enjoys a premier beach front location at Kallithea bay, offering luxurious accommodation and exclusive leisure and spa facilities.\",\"potentialAction\":[{\"@type\":\"SearchAction\",\"target\":{\"@type\":\"EntryPoint\",\"urlTemplate\":\"https:\/\/www.rodospalladium.gr\/?s={search_term_string}\"},\"query-input\":{\"@type\":\"PropertyValueSpecification\",\"valueRequired\":true,\"valueName\":\"search_term_string\"}}],\"inLanguage\":\"fr-FR\"}]}<\/script>\n<!-- \/ Yoast SEO plugin. -->","yoast_head_json":{"title":"MARIAGES - Rodos Palladium Leisure &amp; Wellness","robots":{"index":"index","follow":"follow","max-snippet":"max-snippet:-1","max-image-preview":"max-image-preview:large","max-video-preview":"max-video-preview:-1"},"canonical":"https:\/\/www.rodospalladium.gr\/fr\/evenements\/mariages\/","og_locale":"fr_FR","og_type":"article","og_title":"MARIAGES - Rodos Palladium Leisure &amp; Wellness","og_description":"Dites \u00ab\u00a0Oui\u00a0\u00bb dans le cadre le plus enchanteresse de Rhodes. Choisir le lieu id\u00e9al pour votre mariage est aussi important que de faire les premiers pas dans votre nouvelle vie ensemble. Au Rodos Palladium, nous sommes fiers de notre r\u00e9putation impeccable et de nos ann\u00e9es d&rsquo;exp\u00e9rience dans l&rsquo;organisation de c\u00e9l\u00e9brations inoubliables. D\u00e8s le moment o\u00f9","og_url":"https:\/\/www.rodospalladium.gr\/fr\/evenements\/mariages\/","og_site_name":"Rodos Palladium Leisure &amp; Wellness","article_modified_time":"2025-03-04T14:06:03+00:00","og_image":[{"width":1920,"height":1240,"url":"https:\/\/www.rodospalladium.gr\/app\/uploads\/sites\/46\/2020\/02\/WEDDING_result.jpeg","type":"image\/jpeg"}],"twitter_card":"summary_large_image","twitter_misc":{"Est. reading time":"2 minutes"},"schema":{"@context":"https:\/\/schema.org","@graph":[{"@type":"WebPage","@id":"https:\/\/www.rodospalladium.gr\/fr\/evenements\/mariages\/","url":"https:\/\/www.rodospalladium.gr\/fr\/evenements\/mariages\/","name":"MARIAGES - Rodos Palladium Leisure &amp; Wellness","isPartOf":{"@id":"https:\/\/www.rodospalladium.gr\/#website"},"primaryImageOfPage":{"@id":"https:\/\/www.rodospalladium.gr\/fr\/evenements\/mariages\/#primaryimage"},"image":{"@id":"https:\/\/www.rodospalladium.gr\/fr\/evenements\/mariages\/#primaryimage"},"thumbnailUrl":"https:\/\/www.rodospalladium.gr\/app\/uploads\/sites\/46\/2020\/02\/WEDDING_result.jpeg","datePublished":"2024-03-19T12:38:11+00:00","dateModified":"2025-03-04T14:06:03+00:00","breadcrumb":{"@id":"https:\/\/www.rodospalladium.gr\/fr\/evenements\/mariages\/#breadcrumb"},"inLanguage":"fr-FR","potentialAction":[{"@type":"ReadAction","target":["https:\/\/www.rodospalladium.gr\/fr\/evenements\/mariages\/"]}]},{"@type":"ImageObject","inLanguage":"fr-FR","@id":"https:\/\/www.rodospalladium.gr\/fr\/evenements\/mariages\/#primaryimage","url":"https:\/\/www.rodospalladium.gr\/app\/uploads\/sites\/46\/2020\/02\/WEDDING_result.jpeg","contentUrl":"https:\/\/www.rodospalladium.gr\/app\/uploads\/sites\/46\/2020\/02\/WEDDING_result.jpeg","width":1920,"height":1240},{"@type":"BreadcrumbList","@id":"https:\/\/www.rodospalladium.gr\/fr\/evenements\/mariages\/#breadcrumb","itemListElement":[{"@type":"ListItem","position":1,"name":"Home","item":"https:\/\/www.rodospalladium.gr\/fr\/"},{"@type":"ListItem","position":2,"name":"EV\u00c8NEMENTS","item":"https:\/\/www.rodospalladium.gr\/fr\/evenements\/"},{"@type":"ListItem","position":3,"name":"MARIAGES"}]},{"@type":"WebSite","@id":"https:\/\/www.rodospalladium.gr\/#website","url":"https:\/\/www.rodospalladium.gr\/","name":"Rodos Palladium Leisure &amp; Wellness","description":"Rodos Palladium Leisure &amp; Wellness is among Rhodes finest five star hotels. It enjoys a premier beach front location at Kallithea bay, offering luxurious accommodation and exclusive leisure and spa facilities.","potentialAction":[{"@type":"SearchAction","target":{"@type":"EntryPoint","urlTemplate":"https:\/\/www.rodospalladium.gr\/?s={search_term_string}"},"query-input":{"@type":"PropertyValueSpecification","valueRequired":true,"valueName":"search_term_string"}}],"inLanguage":"fr-FR"}]}},"_links":{"self":[{"href":"https:\/\/www.rodospalladium.gr\/fr\/wp-json\/wp\/v2\/pages\/29553"}],"collection":[{"href":"https:\/\/www.rodospalladium.gr\/fr\/wp-json\/wp\/v2\/pages"}],"about":[{"href":"https:\/\/www.rodospalladium.gr\/fr\/wp-json\/wp\/v2\/types\/page"}],"author":[{"embeddable":true,"href":"https:\/\/www.rodospalladium.gr\/fr\/wp-json\/wp\/v2\/users\/361"}],"replies":[{"embeddable":true,"href":"https:\/\/www.rodospalladium.gr\/fr\/wp-json\/wp\/v2\/comments?post=29553"}],"version-history":[{"count":4,"href":"https:\/\/www.rodospalladium.gr\/fr\/wp-json\/wp\/v2\/pages\/29553\/revisions"}],"predecessor-version":[{"id":30776,"href":"https:\/\/www.rodospalladium.gr\/fr\/wp-json\/wp\/v2\/pages\/29553\/revisions\/30776"}],"up":[{"embeddable":true,"href":"https:\/\/www.rodospalladium.gr\/fr\/wp-json\/wp\/v2\/pages\/29551"}],"wp:featuredmedia":[{"embeddable":true,"href":"https:\/\/www.rodospalladium.gr\/fr\/wp-json\/wp\/v2\/media\/29141"}],"wp:attachment":[{"href":"https:\/\/www.rodospalladium.gr\/fr\/wp-json\/wp\/v2\/media?parent=29553"}],"curies":[{"name":"wp","href":"https:\/\/api.w.org\/{rel}","templated":true}]}}