{"id":29555,"date":"2024-03-27T13:19:13","date_gmt":"2024-03-27T10:19:13","guid":{"rendered":"https:\/\/www.rodospalladium.gr\/?page_id=29555"},"modified":"2024-03-27T13:19:13","modified_gmt":"2024-03-27T10:19:13","slug":"conferences-evenenements","status":"publish","type":"page","link":"https:\/\/www.rodospalladium.gr\/fr\/evenements\/conferences-evenenements\/","title":{"rendered":"CONF\u00c9RENCES &#038; EV\u00c8NENEMENTS"},"content":{"rendered":"<p>Avec trois salles de conf\u00e9rences enti\u00e8rement \u00e9quip\u00e9es et une salle \u00e0 usage multiple qui peuvent atteindre une capacit\u00e9 combin\u00e9e allant jusqu\u2019\u00e0 750 participants, vous pouvez rester assurer que l\u2019h\u00f4tel Rodos Palladium est le lieu id\u00e9al pour une r\u00e9ception r\u00e9ussie, qu\u2019Il s\u2019agisse d\u2019une r\u00e9ception d\u2019administration, d\u2019un s\u00e9minaire, d\u2019une pr\u00e9sentation, d\u2019un banquet priv\u00e9 ou m\u00eame d\u2019une conf\u00e9rence internationale.<\/p>\n","protected":false},"excerpt":{"rendered":"<p>Avec trois salles de conf\u00e9rences enti\u00e8rement \u00e9quip\u00e9es et une salle \u00e0 usage multiple qui peuvent atteindre une capacit\u00e9 combin\u00e9e allant jusqu\u2019\u00e0 750 participants, vous pouvez rester assurer que l\u2019h\u00f4tel Rodos Palladium est le lieu id\u00e9al pour une r\u00e9ception r\u00e9ussie, qu\u2019Il s\u2019agisse d\u2019une r\u00e9ception d\u2019administration, d\u2019un s\u00e9minaire, d\u2019une pr\u00e9sentation, d\u2019un banquet priv\u00e9 ou m\u00eame d\u2019une conf\u00e9rence<\/p>\n","protected":false},"author":361,"featured_media":29153,"parent":29551,"menu_order":0,"comment_status":"closed","ping_status":"closed","template":"page-templates\/simple-list.php","meta":{"_acf_changed":false,"footnotes":""},"class_list":["post-29555","page","type-page","status-publish","has-post-thumbnail","hentry"],"acf":[],"yoast_head":"<!-- This site is optimized with the Yoast SEO plugin v26.9 - https:\/\/yoast.com\/product\/yoast-seo-wordpress\/ -->\n<title>CONF\u00c9RENCES &amp; EV\u00c8NENEMENTS - Rodos Palladium Leisure &amp; Wellness<\/title>\n<meta name=\"robots\" content=\"index, follow, max-snippet:-1, max-image-preview:large, max-video-preview:-1\" \/>\n<link rel=\"canonical\" href=\"https:\/\/www.rodospalladium.gr\/fr\/evenements\/conferences-evenenements\/\" \/>\n<meta property=\"og:locale\" content=\"fr_FR\" \/>\n<meta property=\"og:type\" content=\"article\" \/>\n<meta property=\"og:title\" content=\"CONF\u00c9RENCES &amp; EV\u00c8NENEMENTS - Rodos Palladium Leisure &amp; Wellness\" \/>\n<meta property=\"og:description\" content=\"Avec trois salles de conf\u00e9rences enti\u00e8rement \u00e9quip\u00e9es et une salle \u00e0 usage multiple qui peuvent atteindre une capacit\u00e9 combin\u00e9e allant jusqu\u2019\u00e0 750 participants, vous pouvez rester assurer que l\u2019h\u00f4tel Rodos Palladium est le lieu id\u00e9al pour une r\u00e9ception r\u00e9ussie, qu\u2019Il s\u2019agisse d\u2019une r\u00e9ception d\u2019administration, d\u2019un s\u00e9minaire, d\u2019une pr\u00e9sentation, d\u2019un banquet priv\u00e9 ou m\u00eame d\u2019une conf\u00e9rence\" \/>\n<meta property=\"og:url\" content=\"https:\/\/www.rodospalladium.gr\/fr\/evenements\/conferences-evenenements\/\" \/>\n<meta property=\"og:site_name\" content=\"Rodos Palladium Leisure &amp; Wellness\" \/>\n<meta property=\"og:image\" content=\"https:\/\/www.rodospalladium.gr\/app\/uploads\/sites\/46\/2020\/02\/908_Academia_Hall_RODOS_PALLADIUM_w10-1.jpeg\" \/>\n\t<meta property=\"og:image:width\" content=\"1920\" \/>\n\t<meta property=\"og:image:height\" content=\"850\" \/>\n\t<meta property=\"og:image:type\" content=\"image\/jpeg\" \/>\n<meta name=\"twitter:card\" content=\"summary_large_image\" \/>\n<meta name=\"twitter:label1\" content=\"Est. reading time\" \/>\n\t<meta name=\"twitter:data1\" content=\"1 minute\" \/>\n<script type=\"application\/ld+json\" class=\"yoast-schema-graph\">{\"@context\":\"https:\/\/schema.org\",\"@graph\":[{\"@type\":\"WebPage\",\"@id\":\"https:\/\/www.rodospalladium.gr\/fr\/evenements\/conferences-evenenements\/\",\"url\":\"https:\/\/www.rodospalladium.gr\/fr\/evenements\/conferences-evenenements\/\",\"name\":\"CONF\u00c9RENCES & EV\u00c8NENEMENTS - Rodos Palladium Leisure &amp; Wellness\",\"isPartOf\":{\"@id\":\"https:\/\/www.rodospalladium.gr\/#website\"},\"primaryImageOfPage\":{\"@id\":\"https:\/\/www.rodospalladium.gr\/fr\/evenements\/conferences-evenenements\/#primaryimage\"},\"image\":{\"@id\":\"https:\/\/www.rodospalladium.gr\/fr\/evenements\/conferences-evenenements\/#primaryimage\"},\"thumbnailUrl\":\"https:\/\/www.rodospalladium.gr\/app\/uploads\/sites\/46\/2020\/02\/908_Academia_Hall_RODOS_PALLADIUM_w10-1.jpeg\",\"datePublished\":\"2024-03-27T10:19:13+00:00\",\"breadcrumb\":{\"@id\":\"https:\/\/www.rodospalladium.gr\/fr\/evenements\/conferences-evenenements\/#breadcrumb\"},\"inLanguage\":\"fr-FR\",\"potentialAction\":[{\"@type\":\"ReadAction\",\"target\":[\"https:\/\/www.rodospalladium.gr\/fr\/evenements\/conferences-evenenements\/\"]}]},{\"@type\":\"ImageObject\",\"inLanguage\":\"fr-FR\",\"@id\":\"https:\/\/www.rodospalladium.gr\/fr\/evenements\/conferences-evenenements\/#primaryimage\",\"url\":\"https:\/\/www.rodospalladium.gr\/app\/uploads\/sites\/46\/2020\/02\/908_Academia_Hall_RODOS_PALLADIUM_w10-1.jpeg\",\"contentUrl\":\"https:\/\/www.rodospalladium.gr\/app\/uploads\/sites\/46\/2020\/02\/908_Academia_Hall_RODOS_PALLADIUM_w10-1.jpeg\",\"width\":1920,\"height\":850},{\"@type\":\"BreadcrumbList\",\"@id\":\"https:\/\/www.rodospalladium.gr\/fr\/evenements\/conferences-evenenements\/#breadcrumb\",\"itemListElement\":[{\"@type\":\"ListItem\",\"position\":1,\"name\":\"Home\",\"item\":\"https:\/\/www.rodospalladium.gr\/fr\/\"},{\"@type\":\"ListItem\",\"position\":2,\"name\":\"EV\u00c8NEMENTS\",\"item\":\"https:\/\/www.rodospalladium.gr\/fr\/evenements\/\"},{\"@type\":\"ListItem\",\"position\":3,\"name\":\"CONF\u00c9RENCES &#038; EV\u00c8NENEMENTS\"}]},{\"@type\":\"WebSite\",\"@id\":\"https:\/\/www.rodospalladium.gr\/#website\",\"url\":\"https:\/\/www.rodospalladium.gr\/\",\"name\":\"Rodos Palladium Leisure &amp; Wellness\",\"description\":\"Rodos Palladium Leisure &amp; Wellness is among Rhodes finest five star hotels. It enjoys a premier beach front location at Kallithea bay, offering luxurious accommodation and exclusive leisure and spa facilities.\",\"potentialAction\":[{\"@type\":\"SearchAction\",\"target\":{\"@type\":\"EntryPoint\",\"urlTemplate\":\"https:\/\/www.rodospalladium.gr\/?s={search_term_string}\"},\"query-input\":{\"@type\":\"PropertyValueSpecification\",\"valueRequired\":true,\"valueName\":\"search_term_string\"}}],\"inLanguage\":\"fr-FR\"}]}<\/script>\n<!-- \/ Yoast SEO plugin. -->","yoast_head_json":{"title":"CONF\u00c9RENCES & EV\u00c8NENEMENTS - Rodos Palladium Leisure &amp; Wellness","robots":{"index":"index","follow":"follow","max-snippet":"max-snippet:-1","max-image-preview":"max-image-preview:large","max-video-preview":"max-video-preview:-1"},"canonical":"https:\/\/www.rodospalladium.gr\/fr\/evenements\/conferences-evenenements\/","og_locale":"fr_FR","og_type":"article","og_title":"CONF\u00c9RENCES & EV\u00c8NENEMENTS - Rodos Palladium Leisure &amp; Wellness","og_description":"Avec trois salles de conf\u00e9rences enti\u00e8rement \u00e9quip\u00e9es et une salle \u00e0 usage multiple qui peuvent atteindre une capacit\u00e9 combin\u00e9e allant jusqu\u2019\u00e0 750 participants, vous pouvez rester assurer que l\u2019h\u00f4tel Rodos Palladium est le lieu id\u00e9al pour une r\u00e9ception r\u00e9ussie, qu\u2019Il s\u2019agisse d\u2019une r\u00e9ception d\u2019administration, d\u2019un s\u00e9minaire, d\u2019une pr\u00e9sentation, d\u2019un banquet priv\u00e9 ou m\u00eame d\u2019une conf\u00e9rence","og_url":"https:\/\/www.rodospalladium.gr\/fr\/evenements\/conferences-evenenements\/","og_site_name":"Rodos Palladium Leisure &amp; Wellness","og_image":[{"width":1920,"height":850,"url":"https:\/\/www.rodospalladium.gr\/app\/uploads\/sites\/46\/2020\/02\/908_Academia_Hall_RODOS_PALLADIUM_w10-1.jpeg","type":"image\/jpeg"}],"twitter_card":"summary_large_image","twitter_misc":{"Est. reading time":"1 minute"},"schema":{"@context":"https:\/\/schema.org","@graph":[{"@type":"WebPage","@id":"https:\/\/www.rodospalladium.gr\/fr\/evenements\/conferences-evenenements\/","url":"https:\/\/www.rodospalladium.gr\/fr\/evenements\/conferences-evenenements\/","name":"CONF\u00c9RENCES & EV\u00c8NENEMENTS - Rodos Palladium Leisure &amp; Wellness","isPartOf":{"@id":"https:\/\/www.rodospalladium.gr\/#website"},"primaryImageOfPage":{"@id":"https:\/\/www.rodospalladium.gr\/fr\/evenements\/conferences-evenenements\/#primaryimage"},"image":{"@id":"https:\/\/www.rodospalladium.gr\/fr\/evenements\/conferences-evenenements\/#primaryimage"},"thumbnailUrl":"https:\/\/www.rodospalladium.gr\/app\/uploads\/sites\/46\/2020\/02\/908_Academia_Hall_RODOS_PALLADIUM_w10-1.jpeg","datePublished":"2024-03-27T10:19:13+00:00","breadcrumb":{"@id":"https:\/\/www.rodospalladium.gr\/fr\/evenements\/conferences-evenenements\/#breadcrumb"},"inLanguage":"fr-FR","potentialAction":[{"@type":"ReadAction","target":["https:\/\/www.rodospalladium.gr\/fr\/evenements\/conferences-evenenements\/"]}]},{"@type":"ImageObject","inLanguage":"fr-FR","@id":"https:\/\/www.rodospalladium.gr\/fr\/evenements\/conferences-evenenements\/#primaryimage","url":"https:\/\/www.rodospalladium.gr\/app\/uploads\/sites\/46\/2020\/02\/908_Academia_Hall_RODOS_PALLADIUM_w10-1.jpeg","contentUrl":"https:\/\/www.rodospalladium.gr\/app\/uploads\/sites\/46\/2020\/02\/908_Academia_Hall_RODOS_PALLADIUM_w10-1.jpeg","width":1920,"height":850},{"@type":"BreadcrumbList","@id":"https:\/\/www.rodospalladium.gr\/fr\/evenements\/conferences-evenenements\/#breadcrumb","itemListElement":[{"@type":"ListItem","position":1,"name":"Home","item":"https:\/\/www.rodospalladium.gr\/fr\/"},{"@type":"ListItem","position":2,"name":"EV\u00c8NEMENTS","item":"https:\/\/www.rodospalladium.gr\/fr\/evenements\/"},{"@type":"ListItem","position":3,"name":"CONF\u00c9RENCES &#038; EV\u00c8NENEMENTS"}]},{"@type":"WebSite","@id":"https:\/\/www.rodospalladium.gr\/#website","url":"https:\/\/www.rodospalladium.gr\/","name":"Rodos Palladium Leisure &amp; Wellness","description":"Rodos Palladium Leisure &amp; Wellness is among Rhodes finest five star hotels. It enjoys a premier beach front location at Kallithea bay, offering luxurious accommodation and exclusive leisure and spa facilities.","potentialAction":[{"@type":"SearchAction","target":{"@type":"EntryPoint","urlTemplate":"https:\/\/www.rodospalladium.gr\/?s={search_term_string}"},"query-input":{"@type":"PropertyValueSpecification","valueRequired":true,"valueName":"search_term_string"}}],"inLanguage":"fr-FR"}]}},"_links":{"self":[{"href":"https:\/\/www.rodospalladium.gr\/fr\/wp-json\/wp\/v2\/pages\/29555"}],"collection":[{"href":"https:\/\/www.rodospalladium.gr\/fr\/wp-json\/wp\/v2\/pages"}],"about":[{"href":"https:\/\/www.rodospalladium.gr\/fr\/wp-json\/wp\/v2\/types\/page"}],"author":[{"embeddable":true,"href":"https:\/\/www.rodospalladium.gr\/fr\/wp-json\/wp\/v2\/users\/361"}],"replies":[{"embeddable":true,"href":"https:\/\/www.rodospalladium.gr\/fr\/wp-json\/wp\/v2\/comments?post=29555"}],"version-history":[{"count":1,"href":"https:\/\/www.rodospalladium.gr\/fr\/wp-json\/wp\/v2\/pages\/29555\/revisions"}],"predecessor-version":[{"id":29631,"href":"https:\/\/www.rodospalladium.gr\/fr\/wp-json\/wp\/v2\/pages\/29555\/revisions\/29631"}],"up":[{"embeddable":true,"href":"https:\/\/www.rodospalladium.gr\/fr\/wp-json\/wp\/v2\/pages\/29551"}],"wp:featuredmedia":[{"embeddable":true,"href":"https:\/\/www.rodospalladium.gr\/fr\/wp-json\/wp\/v2\/media\/29153"}],"wp:attachment":[{"href":"https:\/\/www.rodospalladium.gr\/fr\/wp-json\/wp\/v2\/media?parent=29555"}],"curies":[{"name":"wp","href":"https:\/\/api.w.org\/{rel}","templated":true}]}}