{"id":29556,"date":"2024-03-19T16:08:38","date_gmt":"2024-03-19T13:08:38","guid":{"rendered":"https:\/\/www.rodospalladium.gr\/?page_id=29556"},"modified":"2024-03-19T16:21:17","modified_gmt":"2024-03-19T13:21:17","slug":"academia","status":"publish","type":"page","link":"https:\/\/www.rodospalladium.gr\/fr\/evenements\/conferences-evenenements\/academia\/","title":{"rendered":"ACADEMIA"},"content":{"rendered":"<p>Cette salle de bal de forme ronde est dot\u00e9e d\u2019\u00e9l\u00e9gants lustres de Murano et est enti\u00e8rement \u00e9quip\u00e9e d\u2019une salle de contr\u00f4le d\u00e9di\u00e9e \u00e0 la pointe de la technologie, d\u2019une sc\u00e8ne permanente, d\u2019un \u00e9cran de projection t\u00e9l\u00e9command\u00e9, d\u2019une camera \u00e0 d\u00f4me contr\u00f4l\u00e9e par un ordinateur, d\u2019un visualiseur, d\u2019un projecteur de donn\u00e9es et vid\u00e9o (1500 lumens), lecteur CD\/DVD et vid\u00e9o, effets de lumi\u00e8res sp\u00e9ciaux contr\u00f4l\u00e9s par variateur, microphones sans fils, acc\u00e8s internet filaire et sans fil ainsi qu\u2019une option de traduction simultan\u00e9e jusqu&rsquo;\u00e0 5 langues.<\/p>\n<p>&nbsp;<\/p>\n<p><strong>INSTALLATIONS DES LIEUX DE CONF\u00c9RENCE<\/strong><\/p>\n<p>&nbsp;<\/p>\n<p>&nbsp;<\/p>\n<table>\n<tbody>\n<tr>\n<td width=\"113\"><strong>Academie<\/strong><\/p>\n<p><strong>Caract\u00e9ristiques<\/strong><\/td>\n<td width=\"84\"><strong>\u00a0<\/strong><\/td>\n<td width=\"81\"><strong>\u00a0<\/strong><\/td>\n<td width=\"81\"><strong>\u00a0<\/strong><\/td>\n<td width=\"92\"><strong>\u00a0<\/strong><\/td>\n<td width=\"62\"><strong>\u00a0<\/strong><\/td>\n<td width=\"57\"><strong>\u00a0<\/strong><\/td>\n<\/tr>\n<tr>\n<td width=\"113\"><strong>Zone (m2\/pied2<\/strong><\/td>\n<td width=\"84\"><strong>Plafond<\/strong><\/p>\n<p><strong>Hauteur<\/strong><strong> (m)\u00a0\u00a0\u00a0\u00a0\u00a0\u00a0\u00a0\u00a0 <\/strong><\/td>\n<td width=\"81\"><strong>Banquet (personne)\u00a0 <\/strong><\/td>\n<td width=\"81\"><strong>R\u00e9ception<\/strong><strong> (personne)\u00a0 <\/strong><\/td>\n<td width=\"92\"><strong>Salle de Classe<\/strong><strong> (pers)\u00a0\u00a0\u00a0\u00a0 <\/strong><\/td>\n<td width=\"62\"><strong>Th\u00e9\u00e2tre<\/strong><strong> (pers)\u00a0\u00a0\u00a0 <\/strong><\/td>\n<td width=\"57\"><strong>Buffet<\/strong><\/p>\n<p><strong>(pers.)<\/strong><\/td>\n<\/tr>\n<tr>\n<td width=\"113\"><strong>490\/ 5.274<\/strong><\/td>\n<td width=\"84\"><strong>4.90 \u2013 3.50\u00a0\u00a0\u00a0 <\/strong><\/td>\n<td width=\"81\"><strong>350<\/strong><\/td>\n<td width=\"81\"><strong>500<\/strong><\/td>\n<td width=\"92\"><strong>300<\/strong><\/td>\n<td width=\"62\"><strong>450<\/strong><\/td>\n<td width=\"57\"><strong>400<\/strong><\/td>\n<\/tr>\n<\/tbody>\n<\/table>\n<p>&nbsp;<\/p>\n","protected":false},"excerpt":{"rendered":"<p>Cette salle de bal de forme ronde est dot\u00e9e d\u2019\u00e9l\u00e9gants lustres de Murano et est enti\u00e8rement \u00e9quip\u00e9e d\u2019une salle de contr\u00f4le d\u00e9di\u00e9e \u00e0 la pointe de la technologie, d\u2019une sc\u00e8ne permanente, d\u2019un \u00e9cran de projection t\u00e9l\u00e9command\u00e9, d\u2019une camera \u00e0 d\u00f4me contr\u00f4l\u00e9e par un ordinateur, d\u2019un visualiseur, d\u2019un projecteur de donn\u00e9es et vid\u00e9o (1500 lumens), lecteur<\/p>\n","protected":false},"author":361,"featured_media":29156,"parent":29555,"menu_order":0,"comment_status":"closed","ping_status":"closed","template":"","meta":{"_acf_changed":false,"footnotes":""},"class_list":["post-29556","page","type-page","status-publish","has-post-thumbnail","hentry"],"acf":[],"yoast_head":"<!-- This site is optimized with the Yoast SEO plugin v26.9 - https:\/\/yoast.com\/product\/yoast-seo-wordpress\/ -->\n<title>ACADEMIA - Rodos Palladium Leisure &amp; Wellness<\/title>\n<meta name=\"robots\" content=\"index, follow, max-snippet:-1, max-image-preview:large, max-video-preview:-1\" \/>\n<link rel=\"canonical\" href=\"https:\/\/www.rodospalladium.gr\/fr\/evenements\/conferences-evenenements\/academia\/\" \/>\n<meta property=\"og:locale\" content=\"fr_FR\" \/>\n<meta property=\"og:type\" content=\"article\" \/>\n<meta property=\"og:title\" content=\"ACADEMIA - Rodos Palladium Leisure &amp; Wellness\" \/>\n<meta property=\"og:description\" content=\"Cette salle de bal de forme ronde est dot\u00e9e d\u2019\u00e9l\u00e9gants lustres de Murano et est enti\u00e8rement \u00e9quip\u00e9e d\u2019une salle de contr\u00f4le d\u00e9di\u00e9e \u00e0 la pointe de la technologie, d\u2019une sc\u00e8ne permanente, d\u2019un \u00e9cran de projection t\u00e9l\u00e9command\u00e9, d\u2019une camera \u00e0 d\u00f4me contr\u00f4l\u00e9e par un ordinateur, d\u2019un visualiseur, d\u2019un projecteur de donn\u00e9es et vid\u00e9o (1500 lumens), lecteur\" \/>\n<meta property=\"og:url\" content=\"https:\/\/www.rodospalladium.gr\/fr\/evenements\/conferences-evenenements\/academia\/\" \/>\n<meta property=\"og:site_name\" content=\"Rodos Palladium Leisure &amp; Wellness\" \/>\n<meta property=\"article:modified_time\" content=\"2024-03-19T13:21:17+00:00\" \/>\n<meta property=\"og:image\" content=\"https:\/\/www.rodospalladium.gr\/app\/uploads\/sites\/46\/2020\/02\/910_Academia_Hall_RODOS_PALLADIUM.jpeg\" \/>\n\t<meta property=\"og:image:width\" content=\"1920\" \/>\n\t<meta property=\"og:image:height\" content=\"852\" \/>\n\t<meta property=\"og:image:type\" content=\"image\/jpeg\" \/>\n<meta name=\"twitter:card\" content=\"summary_large_image\" \/>\n<meta name=\"twitter:label1\" content=\"Est. reading time\" \/>\n\t<meta name=\"twitter:data1\" content=\"1 minute\" \/>\n<script type=\"application\/ld+json\" class=\"yoast-schema-graph\">{\"@context\":\"https:\/\/schema.org\",\"@graph\":[{\"@type\":\"WebPage\",\"@id\":\"https:\/\/www.rodospalladium.gr\/fr\/evenements\/conferences-evenenements\/academia\/\",\"url\":\"https:\/\/www.rodospalladium.gr\/fr\/evenements\/conferences-evenenements\/academia\/\",\"name\":\"ACADEMIA - Rodos Palladium Leisure &amp; Wellness\",\"isPartOf\":{\"@id\":\"https:\/\/www.rodospalladium.gr\/#website\"},\"primaryImageOfPage\":{\"@id\":\"https:\/\/www.rodospalladium.gr\/fr\/evenements\/conferences-evenenements\/academia\/#primaryimage\"},\"image\":{\"@id\":\"https:\/\/www.rodospalladium.gr\/fr\/evenements\/conferences-evenenements\/academia\/#primaryimage\"},\"thumbnailUrl\":\"https:\/\/www.rodospalladium.gr\/app\/uploads\/sites\/46\/2020\/02\/910_Academia_Hall_RODOS_PALLADIUM.jpeg\",\"datePublished\":\"2024-03-19T13:08:38+00:00\",\"dateModified\":\"2024-03-19T13:21:17+00:00\",\"breadcrumb\":{\"@id\":\"https:\/\/www.rodospalladium.gr\/fr\/evenements\/conferences-evenenements\/academia\/#breadcrumb\"},\"inLanguage\":\"fr-FR\",\"potentialAction\":[{\"@type\":\"ReadAction\",\"target\":[\"https:\/\/www.rodospalladium.gr\/fr\/evenements\/conferences-evenenements\/academia\/\"]}]},{\"@type\":\"ImageObject\",\"inLanguage\":\"fr-FR\",\"@id\":\"https:\/\/www.rodospalladium.gr\/fr\/evenements\/conferences-evenenements\/academia\/#primaryimage\",\"url\":\"https:\/\/www.rodospalladium.gr\/app\/uploads\/sites\/46\/2020\/02\/910_Academia_Hall_RODOS_PALLADIUM.jpeg\",\"contentUrl\":\"https:\/\/www.rodospalladium.gr\/app\/uploads\/sites\/46\/2020\/02\/910_Academia_Hall_RODOS_PALLADIUM.jpeg\",\"width\":1920,\"height\":852},{\"@type\":\"BreadcrumbList\",\"@id\":\"https:\/\/www.rodospalladium.gr\/fr\/evenements\/conferences-evenenements\/academia\/#breadcrumb\",\"itemListElement\":[{\"@type\":\"ListItem\",\"position\":1,\"name\":\"Home\",\"item\":\"https:\/\/www.rodospalladium.gr\/fr\/\"},{\"@type\":\"ListItem\",\"position\":2,\"name\":\"EV\u00c8NEMENTS\",\"item\":\"https:\/\/www.rodospalladium.gr\/fr\/evenements\/\"},{\"@type\":\"ListItem\",\"position\":3,\"name\":\"CONF\u00c9RENCES &#038; EV\u00c8NENEMENTS\",\"item\":\"https:\/\/www.rodospalladium.gr\/fr\/evenements\/conferences-evenenements\/\"},{\"@type\":\"ListItem\",\"position\":4,\"name\":\"ACADEMIA\"}]},{\"@type\":\"WebSite\",\"@id\":\"https:\/\/www.rodospalladium.gr\/#website\",\"url\":\"https:\/\/www.rodospalladium.gr\/\",\"name\":\"Rodos Palladium Leisure &amp; Wellness\",\"description\":\"Rodos Palladium Leisure &amp; Wellness is among Rhodes finest five star hotels. It enjoys a premier beach front location at Kallithea bay, offering luxurious accommodation and exclusive leisure and spa facilities.\",\"potentialAction\":[{\"@type\":\"SearchAction\",\"target\":{\"@type\":\"EntryPoint\",\"urlTemplate\":\"https:\/\/www.rodospalladium.gr\/?s={search_term_string}\"},\"query-input\":{\"@type\":\"PropertyValueSpecification\",\"valueRequired\":true,\"valueName\":\"search_term_string\"}}],\"inLanguage\":\"fr-FR\"}]}<\/script>\n<!-- \/ Yoast SEO plugin. -->","yoast_head_json":{"title":"ACADEMIA - Rodos Palladium Leisure &amp; Wellness","robots":{"index":"index","follow":"follow","max-snippet":"max-snippet:-1","max-image-preview":"max-image-preview:large","max-video-preview":"max-video-preview:-1"},"canonical":"https:\/\/www.rodospalladium.gr\/fr\/evenements\/conferences-evenenements\/academia\/","og_locale":"fr_FR","og_type":"article","og_title":"ACADEMIA - Rodos Palladium Leisure &amp; Wellness","og_description":"Cette salle de bal de forme ronde est dot\u00e9e d\u2019\u00e9l\u00e9gants lustres de Murano et est enti\u00e8rement \u00e9quip\u00e9e d\u2019une salle de contr\u00f4le d\u00e9di\u00e9e \u00e0 la pointe de la technologie, d\u2019une sc\u00e8ne permanente, d\u2019un \u00e9cran de projection t\u00e9l\u00e9command\u00e9, d\u2019une camera \u00e0 d\u00f4me contr\u00f4l\u00e9e par un ordinateur, d\u2019un visualiseur, d\u2019un projecteur de donn\u00e9es et vid\u00e9o (1500 lumens), lecteur","og_url":"https:\/\/www.rodospalladium.gr\/fr\/evenements\/conferences-evenenements\/academia\/","og_site_name":"Rodos Palladium Leisure &amp; Wellness","article_modified_time":"2024-03-19T13:21:17+00:00","og_image":[{"width":1920,"height":852,"url":"https:\/\/www.rodospalladium.gr\/app\/uploads\/sites\/46\/2020\/02\/910_Academia_Hall_RODOS_PALLADIUM.jpeg","type":"image\/jpeg"}],"twitter_card":"summary_large_image","twitter_misc":{"Est. reading time":"1 minute"},"schema":{"@context":"https:\/\/schema.org","@graph":[{"@type":"WebPage","@id":"https:\/\/www.rodospalladium.gr\/fr\/evenements\/conferences-evenenements\/academia\/","url":"https:\/\/www.rodospalladium.gr\/fr\/evenements\/conferences-evenenements\/academia\/","name":"ACADEMIA - Rodos Palladium Leisure &amp; Wellness","isPartOf":{"@id":"https:\/\/www.rodospalladium.gr\/#website"},"primaryImageOfPage":{"@id":"https:\/\/www.rodospalladium.gr\/fr\/evenements\/conferences-evenenements\/academia\/#primaryimage"},"image":{"@id":"https:\/\/www.rodospalladium.gr\/fr\/evenements\/conferences-evenenements\/academia\/#primaryimage"},"thumbnailUrl":"https:\/\/www.rodospalladium.gr\/app\/uploads\/sites\/46\/2020\/02\/910_Academia_Hall_RODOS_PALLADIUM.jpeg","datePublished":"2024-03-19T13:08:38+00:00","dateModified":"2024-03-19T13:21:17+00:00","breadcrumb":{"@id":"https:\/\/www.rodospalladium.gr\/fr\/evenements\/conferences-evenenements\/academia\/#breadcrumb"},"inLanguage":"fr-FR","potentialAction":[{"@type":"ReadAction","target":["https:\/\/www.rodospalladium.gr\/fr\/evenements\/conferences-evenenements\/academia\/"]}]},{"@type":"ImageObject","inLanguage":"fr-FR","@id":"https:\/\/www.rodospalladium.gr\/fr\/evenements\/conferences-evenenements\/academia\/#primaryimage","url":"https:\/\/www.rodospalladium.gr\/app\/uploads\/sites\/46\/2020\/02\/910_Academia_Hall_RODOS_PALLADIUM.jpeg","contentUrl":"https:\/\/www.rodospalladium.gr\/app\/uploads\/sites\/46\/2020\/02\/910_Academia_Hall_RODOS_PALLADIUM.jpeg","width":1920,"height":852},{"@type":"BreadcrumbList","@id":"https:\/\/www.rodospalladium.gr\/fr\/evenements\/conferences-evenenements\/academia\/#breadcrumb","itemListElement":[{"@type":"ListItem","position":1,"name":"Home","item":"https:\/\/www.rodospalladium.gr\/fr\/"},{"@type":"ListItem","position":2,"name":"EV\u00c8NEMENTS","item":"https:\/\/www.rodospalladium.gr\/fr\/evenements\/"},{"@type":"ListItem","position":3,"name":"CONF\u00c9RENCES &#038; EV\u00c8NENEMENTS","item":"https:\/\/www.rodospalladium.gr\/fr\/evenements\/conferences-evenenements\/"},{"@type":"ListItem","position":4,"name":"ACADEMIA"}]},{"@type":"WebSite","@id":"https:\/\/www.rodospalladium.gr\/#website","url":"https:\/\/www.rodospalladium.gr\/","name":"Rodos Palladium Leisure &amp; Wellness","description":"Rodos Palladium Leisure &amp; Wellness is among Rhodes finest five star hotels. It enjoys a premier beach front location at Kallithea bay, offering luxurious accommodation and exclusive leisure and spa facilities.","potentialAction":[{"@type":"SearchAction","target":{"@type":"EntryPoint","urlTemplate":"https:\/\/www.rodospalladium.gr\/?s={search_term_string}"},"query-input":{"@type":"PropertyValueSpecification","valueRequired":true,"valueName":"search_term_string"}}],"inLanguage":"fr-FR"}]}},"_links":{"self":[{"href":"https:\/\/www.rodospalladium.gr\/fr\/wp-json\/wp\/v2\/pages\/29556"}],"collection":[{"href":"https:\/\/www.rodospalladium.gr\/fr\/wp-json\/wp\/v2\/pages"}],"about":[{"href":"https:\/\/www.rodospalladium.gr\/fr\/wp-json\/wp\/v2\/types\/page"}],"author":[{"embeddable":true,"href":"https:\/\/www.rodospalladium.gr\/fr\/wp-json\/wp\/v2\/users\/361"}],"replies":[{"embeddable":true,"href":"https:\/\/www.rodospalladium.gr\/fr\/wp-json\/wp\/v2\/comments?post=29556"}],"version-history":[{"count":3,"href":"https:\/\/www.rodospalladium.gr\/fr\/wp-json\/wp\/v2\/pages\/29556\/revisions"}],"predecessor-version":[{"id":29560,"href":"https:\/\/www.rodospalladium.gr\/fr\/wp-json\/wp\/v2\/pages\/29556\/revisions\/29560"}],"up":[{"embeddable":true,"href":"https:\/\/www.rodospalladium.gr\/fr\/wp-json\/wp\/v2\/pages\/29555"}],"wp:featuredmedia":[{"embeddable":true,"href":"https:\/\/www.rodospalladium.gr\/fr\/wp-json\/wp\/v2\/media\/29156"}],"wp:attachment":[{"href":"https:\/\/www.rodospalladium.gr\/fr\/wp-json\/wp\/v2\/media?parent=29556"}],"curies":[{"name":"wp","href":"https:\/\/api.w.org\/{rel}","templated":true}]}}