{"id":29561,"date":"2024-03-19T16:41:58","date_gmt":"2024-03-19T13:41:58","guid":{"rendered":"https:\/\/www.rodospalladium.gr\/?page_id=29561"},"modified":"2024-03-29T13:12:11","modified_gmt":"2024-03-29T10:12:11","slug":"socrates","status":"publish","type":"page","link":"https:\/\/www.rodospalladium.gr\/fr\/evenements\/conferences-evenenements\/socrates\/","title":{"rendered":"SOCRATES"},"content":{"rendered":"<p>Socrates, situ\u00e9e au niveau de la r\u00e9ception est une salle de r\u00e9union bien \u00e9quip\u00e9e avec un \u00e9clairage naturel pouvant accueillir jusqu\u2019\u00e0 100 participants en style th\u00e9\u00e2tre. Un choix tr\u00e8s confortable pour accueillir un s\u00e9minaire ou une pr\u00e9sentation \u00e0 petite \u00e9chelle. La salle de r\u00e9union dispose d\u2019un projecteur de donn\u00e9es de 1500 lumens et d\u2019un \u00e9cran 2,5 x2,5, d\u2019un syst\u00e8me de son ainsi que d\u2019un lecteur CD\/DVD et vid\u00e9o, d\u2019une connexion internet sans fil et de microphones.<\/p>\n<p>&nbsp;<\/p>\n<p>&nbsp;<\/p>\n<p>&nbsp;<\/p>\n<p><strong>INSTALLATIONS DES LIEUX DE CONF\u00c9RENCE\u00a0<\/strong><strong>\u00a0<\/strong><\/p>\n<table>\n<tbody>\n<tr>\n<td width=\"113\"><strong>Socrates<\/strong><\/p>\n<p><strong>Caract\u00e9ristiques<\/strong><\/td>\n<td width=\"76\"><strong>\u00a0<\/strong><\/td>\n<td width=\"86\"><strong>\u00a0<\/strong><\/td>\n<td width=\"86\"><strong>\u00a0<\/strong><\/td>\n<td width=\"86\"><strong>\u00a0<\/strong><\/td>\n<td width=\"74\"><strong>\u00a0<\/strong><\/td>\n<td width=\"54\"><strong>\u00a0<\/strong><\/td>\n<\/tr>\n<tr>\n<td width=\"113\"><strong>Zone (m2\/pied2)\u00a0\u00a0 <\/strong><\/td>\n<td width=\"76\"><strong>Plafond<\/strong><strong>\u00a0 <\/strong><strong>\u00a0\u00a0\u00a0\u00a0Hauteur<\/strong> <strong>\u00a0\u00a0\u00a0\u00a0\u00a0(m)\u00a0\u00a0\u00a0\u00a0\u00a0\u00a0\u00a0\u00a0 <\/strong><\/td>\n<td width=\"86\"><strong>Banquet (personne)\u00a0 <\/strong><\/td>\n<td width=\"86\"><strong>R\u00e9ception\u00a0\u00a0 (personne)\u00a0 <\/strong><\/td>\n<td width=\"86\"><strong>Salle de Classe\u00a0 (personne)\u00a0\u00a0\u00a0\u00a0 <\/strong><\/td>\n<td width=\"74\"><strong>Th\u00e9\u00e2tre<\/strong><\/p>\n<p><strong>\u00a0(pers.)\u00a0\u00a0\u00a0 <\/strong><\/td>\n<td width=\"54\"><strong>Buffet<\/strong><\/p>\n<p><strong>(pers.)<\/strong><\/td>\n<\/tr>\n<tr>\n<td width=\"113\"><strong>100\/ 1.076\u00a0\u00a0\u00a0\u00a0\u00a0\u00a0\u00a0\u00a0\u00a0\u00a0\u00a0 <\/strong><\/td>\n<td width=\"76\"><strong>5.20\u00a0\u00a0 <\/strong><\/td>\n<td width=\"86\"><strong>60\u00a0 <\/strong><\/td>\n<td width=\"86\"><strong>80<\/strong><\/td>\n<td width=\"86\"><strong>60<\/strong><\/td>\n<td width=\"74\"><strong>100<\/strong><\/td>\n<td width=\"54\"><strong>N\/A\u00a0\u00a0\u00a0\u00a0\u00a0\u00a0\u00a0\u00a0\u00a0\u00a0\u00a0\u00a0 <\/strong><\/td>\n<\/tr>\n<\/tbody>\n<\/table>\n","protected":false},"excerpt":{"rendered":"<p>Socrates, situ\u00e9e au niveau de la r\u00e9ception est une salle de r\u00e9union bien \u00e9quip\u00e9e avec un \u00e9clairage naturel pouvant accueillir jusqu\u2019\u00e0 100 participants en style th\u00e9\u00e2tre. Un choix tr\u00e8s confortable pour accueillir un s\u00e9minaire ou une pr\u00e9sentation \u00e0 petite \u00e9chelle. La salle de r\u00e9union dispose d\u2019un projecteur de donn\u00e9es de 1500 lumens et d\u2019un \u00e9cran<\/p>\n","protected":false},"author":361,"featured_media":29158,"parent":29555,"menu_order":0,"comment_status":"closed","ping_status":"closed","template":"","meta":{"_acf_changed":false,"footnotes":""},"class_list":["post-29561","page","type-page","status-publish","has-post-thumbnail","hentry"],"acf":[],"yoast_head":"<!-- This site is optimized with the Yoast SEO plugin v26.9 - https:\/\/yoast.com\/product\/yoast-seo-wordpress\/ -->\n<title>SOCRATES - Rodos Palladium Leisure &amp; Wellness<\/title>\n<meta name=\"robots\" content=\"index, follow, max-snippet:-1, max-image-preview:large, max-video-preview:-1\" \/>\n<link rel=\"canonical\" href=\"https:\/\/www.rodospalladium.gr\/fr\/evenements\/conferences-evenenements\/socrates\/\" \/>\n<meta property=\"og:locale\" content=\"fr_FR\" \/>\n<meta property=\"og:type\" content=\"article\" \/>\n<meta property=\"og:title\" content=\"SOCRATES - Rodos Palladium Leisure &amp; Wellness\" \/>\n<meta property=\"og:description\" content=\"Socrates, situ\u00e9e au niveau de la r\u00e9ception est une salle de r\u00e9union bien \u00e9quip\u00e9e avec un \u00e9clairage naturel pouvant accueillir jusqu\u2019\u00e0 100 participants en style th\u00e9\u00e2tre. Un choix tr\u00e8s confortable pour accueillir un s\u00e9minaire ou une pr\u00e9sentation \u00e0 petite \u00e9chelle. La salle de r\u00e9union dispose d\u2019un projecteur de donn\u00e9es de 1500 lumens et d\u2019un \u00e9cran\" \/>\n<meta property=\"og:url\" content=\"https:\/\/www.rodospalladium.gr\/fr\/evenements\/conferences-evenenements\/socrates\/\" \/>\n<meta property=\"og:site_name\" content=\"Rodos Palladium Leisure &amp; Wellness\" \/>\n<meta property=\"article:modified_time\" content=\"2024-03-29T10:12:11+00:00\" \/>\n<meta property=\"og:image\" content=\"https:\/\/www.rodospalladium.gr\/app\/uploads\/sites\/46\/2020\/02\/914_Academia_Hall_RODOS_PALLADIUM_w10_result.jpeg\" \/>\n\t<meta property=\"og:image:width\" content=\"1920\" \/>\n\t<meta property=\"og:image:height\" content=\"1517\" \/>\n\t<meta property=\"og:image:type\" content=\"image\/jpeg\" \/>\n<meta name=\"twitter:card\" content=\"summary_large_image\" \/>\n<meta name=\"twitter:label1\" content=\"Est. reading time\" \/>\n\t<meta name=\"twitter:data1\" content=\"1 minute\" \/>\n<script type=\"application\/ld+json\" class=\"yoast-schema-graph\">{\"@context\":\"https:\/\/schema.org\",\"@graph\":[{\"@type\":\"WebPage\",\"@id\":\"https:\/\/www.rodospalladium.gr\/fr\/evenements\/conferences-evenenements\/socrates\/\",\"url\":\"https:\/\/www.rodospalladium.gr\/fr\/evenements\/conferences-evenenements\/socrates\/\",\"name\":\"SOCRATES - Rodos Palladium Leisure &amp; Wellness\",\"isPartOf\":{\"@id\":\"https:\/\/www.rodospalladium.gr\/#website\"},\"primaryImageOfPage\":{\"@id\":\"https:\/\/www.rodospalladium.gr\/fr\/evenements\/conferences-evenenements\/socrates\/#primaryimage\"},\"image\":{\"@id\":\"https:\/\/www.rodospalladium.gr\/fr\/evenements\/conferences-evenenements\/socrates\/#primaryimage\"},\"thumbnailUrl\":\"https:\/\/www.rodospalladium.gr\/app\/uploads\/sites\/46\/2020\/02\/914_Academia_Hall_RODOS_PALLADIUM_w10_result.jpeg\",\"datePublished\":\"2024-03-19T13:41:58+00:00\",\"dateModified\":\"2024-03-29T10:12:11+00:00\",\"breadcrumb\":{\"@id\":\"https:\/\/www.rodospalladium.gr\/fr\/evenements\/conferences-evenenements\/socrates\/#breadcrumb\"},\"inLanguage\":\"fr-FR\",\"potentialAction\":[{\"@type\":\"ReadAction\",\"target\":[\"https:\/\/www.rodospalladium.gr\/fr\/evenements\/conferences-evenenements\/socrates\/\"]}]},{\"@type\":\"ImageObject\",\"inLanguage\":\"fr-FR\",\"@id\":\"https:\/\/www.rodospalladium.gr\/fr\/evenements\/conferences-evenenements\/socrates\/#primaryimage\",\"url\":\"https:\/\/www.rodospalladium.gr\/app\/uploads\/sites\/46\/2020\/02\/914_Academia_Hall_RODOS_PALLADIUM_w10_result.jpeg\",\"contentUrl\":\"https:\/\/www.rodospalladium.gr\/app\/uploads\/sites\/46\/2020\/02\/914_Academia_Hall_RODOS_PALLADIUM_w10_result.jpeg\",\"width\":1920,\"height\":1517},{\"@type\":\"BreadcrumbList\",\"@id\":\"https:\/\/www.rodospalladium.gr\/fr\/evenements\/conferences-evenenements\/socrates\/#breadcrumb\",\"itemListElement\":[{\"@type\":\"ListItem\",\"position\":1,\"name\":\"Home\",\"item\":\"https:\/\/www.rodospalladium.gr\/fr\/\"},{\"@type\":\"ListItem\",\"position\":2,\"name\":\"EV\u00c8NEMENTS\",\"item\":\"https:\/\/www.rodospalladium.gr\/fr\/evenements\/\"},{\"@type\":\"ListItem\",\"position\":3,\"name\":\"CONF\u00c9RENCES &#038; EV\u00c8NENEMENTS\",\"item\":\"https:\/\/www.rodospalladium.gr\/fr\/evenements\/conferences-evenenements\/\"},{\"@type\":\"ListItem\",\"position\":4,\"name\":\"SOCRATES\"}]},{\"@type\":\"WebSite\",\"@id\":\"https:\/\/www.rodospalladium.gr\/#website\",\"url\":\"https:\/\/www.rodospalladium.gr\/\",\"name\":\"Rodos Palladium Leisure &amp; Wellness\",\"description\":\"Rodos Palladium Leisure &amp; Wellness is among Rhodes finest five star hotels. It enjoys a premier beach front location at Kallithea bay, offering luxurious accommodation and exclusive leisure and spa facilities.\",\"potentialAction\":[{\"@type\":\"SearchAction\",\"target\":{\"@type\":\"EntryPoint\",\"urlTemplate\":\"https:\/\/www.rodospalladium.gr\/?s={search_term_string}\"},\"query-input\":{\"@type\":\"PropertyValueSpecification\",\"valueRequired\":true,\"valueName\":\"search_term_string\"}}],\"inLanguage\":\"fr-FR\"}]}<\/script>\n<!-- \/ Yoast SEO plugin. -->","yoast_head_json":{"title":"SOCRATES - Rodos Palladium Leisure &amp; Wellness","robots":{"index":"index","follow":"follow","max-snippet":"max-snippet:-1","max-image-preview":"max-image-preview:large","max-video-preview":"max-video-preview:-1"},"canonical":"https:\/\/www.rodospalladium.gr\/fr\/evenements\/conferences-evenenements\/socrates\/","og_locale":"fr_FR","og_type":"article","og_title":"SOCRATES - Rodos Palladium Leisure &amp; Wellness","og_description":"Socrates, situ\u00e9e au niveau de la r\u00e9ception est une salle de r\u00e9union bien \u00e9quip\u00e9e avec un \u00e9clairage naturel pouvant accueillir jusqu\u2019\u00e0 100 participants en style th\u00e9\u00e2tre. Un choix tr\u00e8s confortable pour accueillir un s\u00e9minaire ou une pr\u00e9sentation \u00e0 petite \u00e9chelle. La salle de r\u00e9union dispose d\u2019un projecteur de donn\u00e9es de 1500 lumens et d\u2019un \u00e9cran","og_url":"https:\/\/www.rodospalladium.gr\/fr\/evenements\/conferences-evenenements\/socrates\/","og_site_name":"Rodos Palladium Leisure &amp; Wellness","article_modified_time":"2024-03-29T10:12:11+00:00","og_image":[{"width":1920,"height":1517,"url":"https:\/\/www.rodospalladium.gr\/app\/uploads\/sites\/46\/2020\/02\/914_Academia_Hall_RODOS_PALLADIUM_w10_result.jpeg","type":"image\/jpeg"}],"twitter_card":"summary_large_image","twitter_misc":{"Est. reading time":"1 minute"},"schema":{"@context":"https:\/\/schema.org","@graph":[{"@type":"WebPage","@id":"https:\/\/www.rodospalladium.gr\/fr\/evenements\/conferences-evenenements\/socrates\/","url":"https:\/\/www.rodospalladium.gr\/fr\/evenements\/conferences-evenenements\/socrates\/","name":"SOCRATES - Rodos Palladium Leisure &amp; Wellness","isPartOf":{"@id":"https:\/\/www.rodospalladium.gr\/#website"},"primaryImageOfPage":{"@id":"https:\/\/www.rodospalladium.gr\/fr\/evenements\/conferences-evenenements\/socrates\/#primaryimage"},"image":{"@id":"https:\/\/www.rodospalladium.gr\/fr\/evenements\/conferences-evenenements\/socrates\/#primaryimage"},"thumbnailUrl":"https:\/\/www.rodospalladium.gr\/app\/uploads\/sites\/46\/2020\/02\/914_Academia_Hall_RODOS_PALLADIUM_w10_result.jpeg","datePublished":"2024-03-19T13:41:58+00:00","dateModified":"2024-03-29T10:12:11+00:00","breadcrumb":{"@id":"https:\/\/www.rodospalladium.gr\/fr\/evenements\/conferences-evenenements\/socrates\/#breadcrumb"},"inLanguage":"fr-FR","potentialAction":[{"@type":"ReadAction","target":["https:\/\/www.rodospalladium.gr\/fr\/evenements\/conferences-evenenements\/socrates\/"]}]},{"@type":"ImageObject","inLanguage":"fr-FR","@id":"https:\/\/www.rodospalladium.gr\/fr\/evenements\/conferences-evenenements\/socrates\/#primaryimage","url":"https:\/\/www.rodospalladium.gr\/app\/uploads\/sites\/46\/2020\/02\/914_Academia_Hall_RODOS_PALLADIUM_w10_result.jpeg","contentUrl":"https:\/\/www.rodospalladium.gr\/app\/uploads\/sites\/46\/2020\/02\/914_Academia_Hall_RODOS_PALLADIUM_w10_result.jpeg","width":1920,"height":1517},{"@type":"BreadcrumbList","@id":"https:\/\/www.rodospalladium.gr\/fr\/evenements\/conferences-evenenements\/socrates\/#breadcrumb","itemListElement":[{"@type":"ListItem","position":1,"name":"Home","item":"https:\/\/www.rodospalladium.gr\/fr\/"},{"@type":"ListItem","position":2,"name":"EV\u00c8NEMENTS","item":"https:\/\/www.rodospalladium.gr\/fr\/evenements\/"},{"@type":"ListItem","position":3,"name":"CONF\u00c9RENCES &#038; EV\u00c8NENEMENTS","item":"https:\/\/www.rodospalladium.gr\/fr\/evenements\/conferences-evenenements\/"},{"@type":"ListItem","position":4,"name":"SOCRATES"}]},{"@type":"WebSite","@id":"https:\/\/www.rodospalladium.gr\/#website","url":"https:\/\/www.rodospalladium.gr\/","name":"Rodos Palladium Leisure &amp; Wellness","description":"Rodos Palladium Leisure &amp; Wellness is among Rhodes finest five star hotels. It enjoys a premier beach front location at Kallithea bay, offering luxurious accommodation and exclusive leisure and spa facilities.","potentialAction":[{"@type":"SearchAction","target":{"@type":"EntryPoint","urlTemplate":"https:\/\/www.rodospalladium.gr\/?s={search_term_string}"},"query-input":{"@type":"PropertyValueSpecification","valueRequired":true,"valueName":"search_term_string"}}],"inLanguage":"fr-FR"}]}},"_links":{"self":[{"href":"https:\/\/www.rodospalladium.gr\/fr\/wp-json\/wp\/v2\/pages\/29561"}],"collection":[{"href":"https:\/\/www.rodospalladium.gr\/fr\/wp-json\/wp\/v2\/pages"}],"about":[{"href":"https:\/\/www.rodospalladium.gr\/fr\/wp-json\/wp\/v2\/types\/page"}],"author":[{"embeddable":true,"href":"https:\/\/www.rodospalladium.gr\/fr\/wp-json\/wp\/v2\/users\/361"}],"replies":[{"embeddable":true,"href":"https:\/\/www.rodospalladium.gr\/fr\/wp-json\/wp\/v2\/comments?post=29561"}],"version-history":[{"count":3,"href":"https:\/\/www.rodospalladium.gr\/fr\/wp-json\/wp\/v2\/pages\/29561\/revisions"}],"predecessor-version":[{"id":29664,"href":"https:\/\/www.rodospalladium.gr\/fr\/wp-json\/wp\/v2\/pages\/29561\/revisions\/29664"}],"up":[{"embeddable":true,"href":"https:\/\/www.rodospalladium.gr\/fr\/wp-json\/wp\/v2\/pages\/29555"}],"wp:featuredmedia":[{"embeddable":true,"href":"https:\/\/www.rodospalladium.gr\/fr\/wp-json\/wp\/v2\/media\/29158"}],"wp:attachment":[{"href":"https:\/\/www.rodospalladium.gr\/fr\/wp-json\/wp\/v2\/media?parent=29561"}],"curies":[{"name":"wp","href":"https:\/\/api.w.org\/{rel}","templated":true}]}}