{"id":29563,"date":"2024-03-19T16:59:04","date_gmt":"2024-03-19T13:59:04","guid":{"rendered":"https:\/\/www.rodospalladium.gr\/?page_id=29563"},"modified":"2024-03-19T16:59:04","modified_gmt":"2024-03-19T13:59:04","slug":"plato","status":"publish","type":"page","link":"https:\/\/www.rodospalladium.gr\/fr\/evenements\/conferences-evenenements\/plato\/","title":{"rendered":"PLATO"},"content":{"rendered":"<p>Plato, situ\u00e9e au niveau de la r\u00e9ception est de taille identique \u00e0 la salle de r\u00e9union jumelle Socrates, et dispose d\u2019un \u00e9clairage naturel et des m\u00eames commodit\u00e9s d\u2019\u00e9quipement audio-visuel.<\/p>\n<p>&nbsp;<\/p>\n<p><strong>INSTALLATIONS DES LIEUX DE CONF\u00c9RENCE<\/strong><\/p>\n<p>&nbsp;<\/p>\n<table>\n<tbody>\n<tr>\n<td width=\"111\">Plato<\/p>\n<p>Caract\u00e9ristiques<\/td>\n<td width=\"80\">&nbsp;<\/td>\n<td width=\"80\">&nbsp;<\/td>\n<td width=\"80\">&nbsp;<\/td>\n<td width=\"80\">&nbsp;<\/td>\n<td width=\"80\">&nbsp;<\/td>\n<td width=\"76\">&nbsp;<\/td>\n<\/tr>\n<tr>\n<td width=\"111\">Zone (m2\/pied2)<\/td>\n<td width=\"80\">Plafond Hauteur (m)<\/td>\n<td width=\"80\">Banquet (personne)<\/td>\n<td width=\"80\">R\u00e9ception (personne)<\/td>\n<td width=\"80\">Salle de Classe\u00a0 (personne)<\/td>\n<td width=\"80\">Th\u00e9\u00e2tre<\/p>\n<p>(personne)<\/td>\n<td width=\"76\">Buffet<\/p>\n<p>(pers.)<\/td>\n<\/tr>\n<tr>\n<td width=\"111\">100\/ 1.076<\/td>\n<td width=\"80\">5.20<\/td>\n<td width=\"80\">60<\/td>\n<td width=\"80\">80<\/td>\n<td width=\"80\">60<\/td>\n<td width=\"80\">100<\/td>\n<td width=\"76\">&nbsp;<\/p>\n<p>N\/A<\/p>\n<p>&nbsp;<\/td>\n<\/tr>\n<\/tbody>\n<\/table>\n","protected":false},"excerpt":{"rendered":"<p>Plato, situ\u00e9e au niveau de la r\u00e9ception est de taille identique \u00e0 la salle de r\u00e9union jumelle Socrates, et dispose d\u2019un \u00e9clairage naturel et des m\u00eames commodit\u00e9s d\u2019\u00e9quipement audio-visuel. &nbsp; INSTALLATIONS DES LIEUX DE CONF\u00c9RENCE &nbsp; Plato Caract\u00e9ristiques &nbsp; &nbsp; &nbsp; &nbsp; &nbsp; &nbsp; Zone (m2\/pied2) Plafond Hauteur (m) Banquet (personne) R\u00e9ception (personne) Salle de<\/p>\n","protected":false},"author":361,"featured_media":29157,"parent":29555,"menu_order":0,"comment_status":"closed","ping_status":"closed","template":"","meta":{"_acf_changed":false,"footnotes":""},"class_list":["post-29563","page","type-page","status-publish","has-post-thumbnail","hentry"],"acf":[],"yoast_head":"<!-- This site is optimized with the Yoast SEO plugin v26.9 - https:\/\/yoast.com\/product\/yoast-seo-wordpress\/ -->\n<title>PLATO - Rodos Palladium Leisure &amp; Wellness<\/title>\n<meta name=\"robots\" content=\"index, follow, max-snippet:-1, max-image-preview:large, max-video-preview:-1\" \/>\n<link rel=\"canonical\" href=\"https:\/\/www.rodospalladium.gr\/fr\/evenements\/conferences-evenenements\/plato\/\" \/>\n<meta property=\"og:locale\" content=\"fr_FR\" \/>\n<meta property=\"og:type\" content=\"article\" \/>\n<meta property=\"og:title\" content=\"PLATO - Rodos Palladium Leisure &amp; Wellness\" \/>\n<meta property=\"og:description\" content=\"Plato, situ\u00e9e au niveau de la r\u00e9ception est de taille identique \u00e0 la salle de r\u00e9union jumelle Socrates, et dispose d\u2019un \u00e9clairage naturel et des m\u00eames commodit\u00e9s d\u2019\u00e9quipement audio-visuel. &nbsp; INSTALLATIONS DES LIEUX DE CONF\u00c9RENCE &nbsp; Plato Caract\u00e9ristiques &nbsp; &nbsp; &nbsp; &nbsp; &nbsp; &nbsp; Zone (m2\/pied2) Plafond Hauteur (m) Banquet (personne) R\u00e9ception (personne) Salle de\" \/>\n<meta property=\"og:url\" content=\"https:\/\/www.rodospalladium.gr\/fr\/evenements\/conferences-evenenements\/plato\/\" \/>\n<meta property=\"og:site_name\" content=\"Rodos Palladium Leisure &amp; Wellness\" \/>\n<meta property=\"og:image\" content=\"https:\/\/www.rodospalladium.gr\/app\/uploads\/sites\/46\/2020\/02\/9XX-CONFERENCE-ROOM-PLATO_result.jpeg\" \/>\n\t<meta property=\"og:image:width\" content=\"1920\" \/>\n\t<meta property=\"og:image:height\" content=\"1343\" \/>\n\t<meta property=\"og:image:type\" content=\"image\/jpeg\" \/>\n<meta name=\"twitter:card\" content=\"summary_large_image\" \/>\n<meta name=\"twitter:label1\" content=\"Est. reading time\" \/>\n\t<meta name=\"twitter:data1\" content=\"1 minute\" \/>\n<script type=\"application\/ld+json\" class=\"yoast-schema-graph\">{\"@context\":\"https:\/\/schema.org\",\"@graph\":[{\"@type\":\"WebPage\",\"@id\":\"https:\/\/www.rodospalladium.gr\/fr\/evenements\/conferences-evenenements\/plato\/\",\"url\":\"https:\/\/www.rodospalladium.gr\/fr\/evenements\/conferences-evenenements\/plato\/\",\"name\":\"PLATO - Rodos Palladium Leisure &amp; Wellness\",\"isPartOf\":{\"@id\":\"https:\/\/www.rodospalladium.gr\/#website\"},\"primaryImageOfPage\":{\"@id\":\"https:\/\/www.rodospalladium.gr\/fr\/evenements\/conferences-evenenements\/plato\/#primaryimage\"},\"image\":{\"@id\":\"https:\/\/www.rodospalladium.gr\/fr\/evenements\/conferences-evenenements\/plato\/#primaryimage\"},\"thumbnailUrl\":\"https:\/\/www.rodospalladium.gr\/app\/uploads\/sites\/46\/2020\/02\/9XX-CONFERENCE-ROOM-PLATO_result.jpeg\",\"datePublished\":\"2024-03-19T13:59:04+00:00\",\"breadcrumb\":{\"@id\":\"https:\/\/www.rodospalladium.gr\/fr\/evenements\/conferences-evenenements\/plato\/#breadcrumb\"},\"inLanguage\":\"fr-FR\",\"potentialAction\":[{\"@type\":\"ReadAction\",\"target\":[\"https:\/\/www.rodospalladium.gr\/fr\/evenements\/conferences-evenenements\/plato\/\"]}]},{\"@type\":\"ImageObject\",\"inLanguage\":\"fr-FR\",\"@id\":\"https:\/\/www.rodospalladium.gr\/fr\/evenements\/conferences-evenenements\/plato\/#primaryimage\",\"url\":\"https:\/\/www.rodospalladium.gr\/app\/uploads\/sites\/46\/2020\/02\/9XX-CONFERENCE-ROOM-PLATO_result.jpeg\",\"contentUrl\":\"https:\/\/www.rodospalladium.gr\/app\/uploads\/sites\/46\/2020\/02\/9XX-CONFERENCE-ROOM-PLATO_result.jpeg\",\"width\":1920,\"height\":1343},{\"@type\":\"BreadcrumbList\",\"@id\":\"https:\/\/www.rodospalladium.gr\/fr\/evenements\/conferences-evenenements\/plato\/#breadcrumb\",\"itemListElement\":[{\"@type\":\"ListItem\",\"position\":1,\"name\":\"Home\",\"item\":\"https:\/\/www.rodospalladium.gr\/fr\/\"},{\"@type\":\"ListItem\",\"position\":2,\"name\":\"EV\u00c8NEMENTS\",\"item\":\"https:\/\/www.rodospalladium.gr\/fr\/evenements\/\"},{\"@type\":\"ListItem\",\"position\":3,\"name\":\"CONF\u00c9RENCES &#038; EV\u00c8NENEMENTS\",\"item\":\"https:\/\/www.rodospalladium.gr\/fr\/evenements\/conferences-evenenements\/\"},{\"@type\":\"ListItem\",\"position\":4,\"name\":\"PLATO\"}]},{\"@type\":\"WebSite\",\"@id\":\"https:\/\/www.rodospalladium.gr\/#website\",\"url\":\"https:\/\/www.rodospalladium.gr\/\",\"name\":\"Rodos Palladium Leisure &amp; Wellness\",\"description\":\"Rodos Palladium Leisure &amp; Wellness is among Rhodes finest five star hotels. It enjoys a premier beach front location at Kallithea bay, offering luxurious accommodation and exclusive leisure and spa facilities.\",\"potentialAction\":[{\"@type\":\"SearchAction\",\"target\":{\"@type\":\"EntryPoint\",\"urlTemplate\":\"https:\/\/www.rodospalladium.gr\/?s={search_term_string}\"},\"query-input\":{\"@type\":\"PropertyValueSpecification\",\"valueRequired\":true,\"valueName\":\"search_term_string\"}}],\"inLanguage\":\"fr-FR\"}]}<\/script>\n<!-- \/ Yoast SEO plugin. -->","yoast_head_json":{"title":"PLATO - Rodos Palladium Leisure &amp; Wellness","robots":{"index":"index","follow":"follow","max-snippet":"max-snippet:-1","max-image-preview":"max-image-preview:large","max-video-preview":"max-video-preview:-1"},"canonical":"https:\/\/www.rodospalladium.gr\/fr\/evenements\/conferences-evenenements\/plato\/","og_locale":"fr_FR","og_type":"article","og_title":"PLATO - Rodos Palladium Leisure &amp; Wellness","og_description":"Plato, situ\u00e9e au niveau de la r\u00e9ception est de taille identique \u00e0 la salle de r\u00e9union jumelle Socrates, et dispose d\u2019un \u00e9clairage naturel et des m\u00eames commodit\u00e9s d\u2019\u00e9quipement audio-visuel. &nbsp; INSTALLATIONS DES LIEUX DE CONF\u00c9RENCE &nbsp; Plato Caract\u00e9ristiques &nbsp; &nbsp; &nbsp; &nbsp; &nbsp; &nbsp; Zone (m2\/pied2) Plafond Hauteur (m) Banquet (personne) R\u00e9ception (personne) Salle de","og_url":"https:\/\/www.rodospalladium.gr\/fr\/evenements\/conferences-evenenements\/plato\/","og_site_name":"Rodos Palladium Leisure &amp; Wellness","og_image":[{"width":1920,"height":1343,"url":"https:\/\/www.rodospalladium.gr\/app\/uploads\/sites\/46\/2020\/02\/9XX-CONFERENCE-ROOM-PLATO_result.jpeg","type":"image\/jpeg"}],"twitter_card":"summary_large_image","twitter_misc":{"Est. reading time":"1 minute"},"schema":{"@context":"https:\/\/schema.org","@graph":[{"@type":"WebPage","@id":"https:\/\/www.rodospalladium.gr\/fr\/evenements\/conferences-evenenements\/plato\/","url":"https:\/\/www.rodospalladium.gr\/fr\/evenements\/conferences-evenenements\/plato\/","name":"PLATO - Rodos Palladium Leisure &amp; Wellness","isPartOf":{"@id":"https:\/\/www.rodospalladium.gr\/#website"},"primaryImageOfPage":{"@id":"https:\/\/www.rodospalladium.gr\/fr\/evenements\/conferences-evenenements\/plato\/#primaryimage"},"image":{"@id":"https:\/\/www.rodospalladium.gr\/fr\/evenements\/conferences-evenenements\/plato\/#primaryimage"},"thumbnailUrl":"https:\/\/www.rodospalladium.gr\/app\/uploads\/sites\/46\/2020\/02\/9XX-CONFERENCE-ROOM-PLATO_result.jpeg","datePublished":"2024-03-19T13:59:04+00:00","breadcrumb":{"@id":"https:\/\/www.rodospalladium.gr\/fr\/evenements\/conferences-evenenements\/plato\/#breadcrumb"},"inLanguage":"fr-FR","potentialAction":[{"@type":"ReadAction","target":["https:\/\/www.rodospalladium.gr\/fr\/evenements\/conferences-evenenements\/plato\/"]}]},{"@type":"ImageObject","inLanguage":"fr-FR","@id":"https:\/\/www.rodospalladium.gr\/fr\/evenements\/conferences-evenenements\/plato\/#primaryimage","url":"https:\/\/www.rodospalladium.gr\/app\/uploads\/sites\/46\/2020\/02\/9XX-CONFERENCE-ROOM-PLATO_result.jpeg","contentUrl":"https:\/\/www.rodospalladium.gr\/app\/uploads\/sites\/46\/2020\/02\/9XX-CONFERENCE-ROOM-PLATO_result.jpeg","width":1920,"height":1343},{"@type":"BreadcrumbList","@id":"https:\/\/www.rodospalladium.gr\/fr\/evenements\/conferences-evenenements\/plato\/#breadcrumb","itemListElement":[{"@type":"ListItem","position":1,"name":"Home","item":"https:\/\/www.rodospalladium.gr\/fr\/"},{"@type":"ListItem","position":2,"name":"EV\u00c8NEMENTS","item":"https:\/\/www.rodospalladium.gr\/fr\/evenements\/"},{"@type":"ListItem","position":3,"name":"CONF\u00c9RENCES &#038; EV\u00c8NENEMENTS","item":"https:\/\/www.rodospalladium.gr\/fr\/evenements\/conferences-evenenements\/"},{"@type":"ListItem","position":4,"name":"PLATO"}]},{"@type":"WebSite","@id":"https:\/\/www.rodospalladium.gr\/#website","url":"https:\/\/www.rodospalladium.gr\/","name":"Rodos Palladium Leisure &amp; Wellness","description":"Rodos Palladium Leisure &amp; Wellness is among Rhodes finest five star hotels. It enjoys a premier beach front location at Kallithea bay, offering luxurious accommodation and exclusive leisure and spa facilities.","potentialAction":[{"@type":"SearchAction","target":{"@type":"EntryPoint","urlTemplate":"https:\/\/www.rodospalladium.gr\/?s={search_term_string}"},"query-input":{"@type":"PropertyValueSpecification","valueRequired":true,"valueName":"search_term_string"}}],"inLanguage":"fr-FR"}]}},"_links":{"self":[{"href":"https:\/\/www.rodospalladium.gr\/fr\/wp-json\/wp\/v2\/pages\/29563"}],"collection":[{"href":"https:\/\/www.rodospalladium.gr\/fr\/wp-json\/wp\/v2\/pages"}],"about":[{"href":"https:\/\/www.rodospalladium.gr\/fr\/wp-json\/wp\/v2\/types\/page"}],"author":[{"embeddable":true,"href":"https:\/\/www.rodospalladium.gr\/fr\/wp-json\/wp\/v2\/users\/361"}],"replies":[{"embeddable":true,"href":"https:\/\/www.rodospalladium.gr\/fr\/wp-json\/wp\/v2\/comments?post=29563"}],"version-history":[{"count":1,"href":"https:\/\/www.rodospalladium.gr\/fr\/wp-json\/wp\/v2\/pages\/29563\/revisions"}],"predecessor-version":[{"id":29564,"href":"https:\/\/www.rodospalladium.gr\/fr\/wp-json\/wp\/v2\/pages\/29563\/revisions\/29564"}],"up":[{"embeddable":true,"href":"https:\/\/www.rodospalladium.gr\/fr\/wp-json\/wp\/v2\/pages\/29555"}],"wp:featuredmedia":[{"embeddable":true,"href":"https:\/\/www.rodospalladium.gr\/fr\/wp-json\/wp\/v2\/media\/29157"}],"wp:attachment":[{"href":"https:\/\/www.rodospalladium.gr\/fr\/wp-json\/wp\/v2\/media?parent=29563"}],"curies":[{"name":"wp","href":"https:\/\/api.w.org\/{rel}","templated":true}]}}