{"id":29565,"date":"2024-03-20T11:23:31","date_gmt":"2024-03-20T08:23:31","guid":{"rendered":"https:\/\/www.rodospalladium.gr\/?page_id=29565"},"modified":"2025-07-26T12:42:28","modified_gmt":"2025-07-26T09:42:28","slug":"performance-environnementale-durabilite","status":"publish","type":"page","link":"https:\/\/www.rodospalladium.gr\/fr\/performance-environnementale-durabilite\/","title":{"rendered":"POLITIQUE ENVIRONNEMENTALE"},"content":{"rendered":"<h2><span style=\"color: #baa789;\">EXCELLER EN PERFORMANCE ENVIRONNEMENTALE<\/span><\/h2>\n<p>Rodos Palladium Leisure and Wellness a \u00e9t\u00e9 l\u2019un des premiers \u00e0 adopter des politiques vertes allant des simples pratiques d\u2019entretien m\u00e9nager aux solutions technologiques de haute gamme co\u00fbteuses. Gr\u00e2ce \u00e0 un mix environnemental bien planifi\u00e9 et \u00e9quilibr\u00e9, nous avons habilement r\u00e9ussi \u00e0 minimiser notre empreinte environnementale sans avoir \u00e0 faire de compromis sur la qualit\u00e9 cinq \u00e9toiles de l\u2019h\u00e9bergement ou du service fourni.<\/p>\n<h3><strong>CERTAINES DE NOS INNITIATIVES ENVIRONNEMENTALES INCLUENT:<\/strong><\/h3>\n<ul>\n<li>Utilisation d\u2019un syst\u00e8me de b\u00e2timents intelligents qui contr\u00f4le que la temp\u00e9rature des pi\u00e8ces, des d\u00e9partements et surveille l\u2019\u00e9clairage, les \u00e9quipements CVC, la gestion de l\u2019eau et la de charge \u00e9lectrique, l\u2019eau de la piscine et la qualit\u00e9 de l\u2019air int\u00e9 La gestion des b\u00e2timents et un moyen efficace de r\u00e9duire les consommations inutiles tout en nous fournissant un excellent aper\u00e7u de la performance d\u00e9partementale de chaque service.<\/li>\n<li>Utilisation d\u2019un toit solaire compos\u00e9 de capteurs solaires thermiques \u00e0 plaques plates tr\u00e8s efficaces qui r\u00e9duisent les charges thermiques des unit\u00e9s de climatisation au niveau du toit du b\u00e2timent et g\u00e9n\u00e8rent de l\u2019eau chaude pour la climatisation solaire gr\u00e2ce \u00e0 l\u2019utilisation de refroidisseurs \u00e0 absorption des principaux fabricants mondiaux. L\u2019exc\u00e8s d\u2019eau chaude est ensuite utilis\u00e9 pour chauffer l\u2019eau destin\u00e9e \u00e0 diverses autres utilisations.<\/li>\n<li>Utilisation d\u2019un syst\u00e8me photovolta\u00efque d\u2019une puissance allant jusqu\u2019\u00e0 20 KW et donc capitalis\u00e9 sur l\u2019\u00e9nergie solaire tout en r\u00e9duisant la consommation \u00e9lectrique.<\/li>\n<li>Utilisation de fen\u00eatres \u00e9conomes en \u00e9nergie r\u00e9duisant les gains thermiques provoqu\u00e9s par l\u2019isolation estivale jusqu\u2019\u00e0 60%.<\/li>\n<li>Utilisation d\u2019\u00e9conomiseurs de robinet, de robinets intelligents avec photo commutateurs et contr\u00f4le num\u00e9rique de la pression de l\u2019eau pour minimiser la consommation d\u2019eau.<\/li>\n<li>R\u00e9cup\u00e9ration \u00e9nerg\u00e9tique des fum\u00e9es \u00e0 l\u2019aide de r\u00e9cup\u00e9rateurs \u00e0 condensation, qui sont ensuite utilis\u00e9s pour pr\u00e9chauffer l\u2019eau de la lessive.<\/li>\n<li>Evaluation r\u00e9guli\u00e8re des r\u00e9sultats de chaque projet et rapport annuel sugg\u00e9rant des initiatives pour de nouvelles am\u00e9liorations \u00e0 travers des pratiques quotidiennes et des applications innovantes.<\/li>\n<li>L\u2019h\u00f4tel a \u00e9t\u00e9 certifi\u00e9 \ud83d\udd17<strong><span style=\"color: #339966;\"><a style=\"color: #339966;\" href=\"https:\/\/www.greenkey.global\/\" target=\"_blank\" rel=\"noopener\">Cl\u00e9 Verte<\/a> <\/span><\/strong>(Fondation pour l\u2019\u00e9ducation Environnementale \u2013 FEE), et \ud83d\udd17<strong><span style=\"color: #3366ff;\"><a style=\"color: #3366ff;\" href=\"https:\/\/www.blueflag.global\/\" target=\"_blank\" rel=\"noopener\">Pavillon Bleu<\/a><\/span><\/strong>.<br \/>\n<hr \/>\n<\/li>\n<\/ul>\n<p>D\u00e9couvrez-en davantage sur nos initiatives environnementales dans la section \ud83d\udd17<strong><a href=\"https:\/\/www.rodospalladium.gr\/fr\/news\/\">Actualit\u00e9s<\/a><\/strong> de notre site web.<\/p>\n","protected":false},"excerpt":{"rendered":"<p>EXCELLER EN PERFORMANCE ENVIRONNEMENTALE Rodos Palladium Leisure and Wellness a \u00e9t\u00e9 l\u2019un des premiers \u00e0 adopter des politiques vertes allant des simples pratiques d\u2019entretien m\u00e9nager aux solutions technologiques de haute gamme co\u00fbteuses. Gr\u00e2ce \u00e0 un mix environnemental bien planifi\u00e9 et \u00e9quilibr\u00e9, nous avons habilement r\u00e9ussi \u00e0 minimiser notre empreinte environnementale sans avoir \u00e0 faire de<\/p>\n","protected":false},"author":361,"featured_media":0,"parent":0,"menu_order":0,"comment_status":"closed","ping_status":"closed","template":"","meta":{"_acf_changed":false,"footnotes":""},"class_list":["post-29565","page","type-page","status-publish","hentry"],"acf":[],"yoast_head":"<!-- This site is optimized with the Yoast SEO plugin v26.9 - https:\/\/yoast.com\/product\/yoast-seo-wordpress\/ -->\n<title>POLITIQUE ENVIRONNEMENTALE - Rodos Palladium Leisure &amp; Wellness<\/title>\n<meta name=\"description\" content=\"D\u00e9couvrez comment le Rodos Palladium Leisure and Wellness atteint une performance environnementale exceptionnelle gr\u00e2ce \u00e0 des technologies intelligentes et des solutions d&#039;\u00e9nergie verte, tout en conservant un service cinq \u00e9toiles.\" \/>\n<meta name=\"robots\" content=\"index, follow, max-snippet:-1, max-image-preview:large, max-video-preview:-1\" \/>\n<link rel=\"canonical\" href=\"https:\/\/www.rodospalladium.gr\/fr\/performance-environnementale-durabilite\/\" \/>\n<meta property=\"og:locale\" content=\"fr_FR\" \/>\n<meta property=\"og:type\" content=\"article\" \/>\n<meta property=\"og:title\" content=\"POLITIQUE ENVIRONNEMENTALE - Rodos Palladium Leisure &amp; Wellness\" \/>\n<meta property=\"og:description\" content=\"D\u00e9couvrez comment le Rodos Palladium Leisure and Wellness atteint une performance environnementale exceptionnelle gr\u00e2ce \u00e0 des technologies intelligentes et des solutions d&#039;\u00e9nergie verte, tout en conservant un service cinq \u00e9toiles.\" \/>\n<meta property=\"og:url\" content=\"https:\/\/www.rodospalladium.gr\/fr\/performance-environnementale-durabilite\/\" \/>\n<meta property=\"og:site_name\" content=\"Rodos Palladium Leisure &amp; Wellness\" \/>\n<meta property=\"article:modified_time\" content=\"2025-07-26T09:42:28+00:00\" \/>\n<meta name=\"twitter:card\" content=\"summary_large_image\" \/>\n<meta name=\"twitter:label1\" content=\"Est. reading time\" \/>\n\t<meta name=\"twitter:data1\" content=\"2 minutes\" \/>\n<script type=\"application\/ld+json\" class=\"yoast-schema-graph\">{\"@context\":\"https:\/\/schema.org\",\"@graph\":[{\"@type\":\"WebPage\",\"@id\":\"https:\/\/www.rodospalladium.gr\/fr\/performance-environnementale-durabilite\/\",\"url\":\"https:\/\/www.rodospalladium.gr\/fr\/performance-environnementale-durabilite\/\",\"name\":\"POLITIQUE ENVIRONNEMENTALE - Rodos Palladium Leisure &amp; Wellness\",\"isPartOf\":{\"@id\":\"https:\/\/www.rodospalladium.gr\/#website\"},\"datePublished\":\"2024-03-20T08:23:31+00:00\",\"dateModified\":\"2025-07-26T09:42:28+00:00\",\"description\":\"D\u00e9couvrez comment le Rodos Palladium Leisure and Wellness atteint une performance environnementale exceptionnelle gr\u00e2ce \u00e0 des technologies intelligentes et des solutions d'\u00e9nergie verte, tout en conservant un service cinq \u00e9toiles.\",\"breadcrumb\":{\"@id\":\"https:\/\/www.rodospalladium.gr\/fr\/performance-environnementale-durabilite\/#breadcrumb\"},\"inLanguage\":\"fr-FR\",\"potentialAction\":[{\"@type\":\"ReadAction\",\"target\":[\"https:\/\/www.rodospalladium.gr\/fr\/performance-environnementale-durabilite\/\"]}]},{\"@type\":\"BreadcrumbList\",\"@id\":\"https:\/\/www.rodospalladium.gr\/fr\/performance-environnementale-durabilite\/#breadcrumb\",\"itemListElement\":[{\"@type\":\"ListItem\",\"position\":1,\"name\":\"Home\",\"item\":\"https:\/\/www.rodospalladium.gr\/fr\/\"},{\"@type\":\"ListItem\",\"position\":2,\"name\":\"POLITIQUE ENVIRONNEMENTALE\"}]},{\"@type\":\"WebSite\",\"@id\":\"https:\/\/www.rodospalladium.gr\/#website\",\"url\":\"https:\/\/www.rodospalladium.gr\/\",\"name\":\"Rodos Palladium Leisure &amp; Wellness\",\"description\":\"Rodos Palladium Leisure &amp; Wellness is among Rhodes finest five star hotels. It enjoys a premier beach front location at Kallithea bay, offering luxurious accommodation and exclusive leisure and spa facilities.\",\"potentialAction\":[{\"@type\":\"SearchAction\",\"target\":{\"@type\":\"EntryPoint\",\"urlTemplate\":\"https:\/\/www.rodospalladium.gr\/?s={search_term_string}\"},\"query-input\":{\"@type\":\"PropertyValueSpecification\",\"valueRequired\":true,\"valueName\":\"search_term_string\"}}],\"inLanguage\":\"fr-FR\"}]}<\/script>\n<!-- \/ Yoast SEO plugin. -->","yoast_head_json":{"title":"POLITIQUE ENVIRONNEMENTALE - Rodos Palladium Leisure &amp; Wellness","description":"D\u00e9couvrez comment le Rodos Palladium Leisure and Wellness atteint une performance environnementale exceptionnelle gr\u00e2ce \u00e0 des technologies intelligentes et des solutions d'\u00e9nergie verte, tout en conservant un service cinq \u00e9toiles.","robots":{"index":"index","follow":"follow","max-snippet":"max-snippet:-1","max-image-preview":"max-image-preview:large","max-video-preview":"max-video-preview:-1"},"canonical":"https:\/\/www.rodospalladium.gr\/fr\/performance-environnementale-durabilite\/","og_locale":"fr_FR","og_type":"article","og_title":"POLITIQUE ENVIRONNEMENTALE - Rodos Palladium Leisure &amp; Wellness","og_description":"D\u00e9couvrez comment le Rodos Palladium Leisure and Wellness atteint une performance environnementale exceptionnelle gr\u00e2ce \u00e0 des technologies intelligentes et des solutions d'\u00e9nergie verte, tout en conservant un service cinq \u00e9toiles.","og_url":"https:\/\/www.rodospalladium.gr\/fr\/performance-environnementale-durabilite\/","og_site_name":"Rodos Palladium Leisure &amp; Wellness","article_modified_time":"2025-07-26T09:42:28+00:00","twitter_card":"summary_large_image","twitter_misc":{"Est. reading time":"2 minutes"},"schema":{"@context":"https:\/\/schema.org","@graph":[{"@type":"WebPage","@id":"https:\/\/www.rodospalladium.gr\/fr\/performance-environnementale-durabilite\/","url":"https:\/\/www.rodospalladium.gr\/fr\/performance-environnementale-durabilite\/","name":"POLITIQUE ENVIRONNEMENTALE - Rodos Palladium Leisure &amp; Wellness","isPartOf":{"@id":"https:\/\/www.rodospalladium.gr\/#website"},"datePublished":"2024-03-20T08:23:31+00:00","dateModified":"2025-07-26T09:42:28+00:00","description":"D\u00e9couvrez comment le Rodos Palladium Leisure and Wellness atteint une performance environnementale exceptionnelle gr\u00e2ce \u00e0 des technologies intelligentes et des solutions d'\u00e9nergie verte, tout en conservant un service cinq \u00e9toiles.","breadcrumb":{"@id":"https:\/\/www.rodospalladium.gr\/fr\/performance-environnementale-durabilite\/#breadcrumb"},"inLanguage":"fr-FR","potentialAction":[{"@type":"ReadAction","target":["https:\/\/www.rodospalladium.gr\/fr\/performance-environnementale-durabilite\/"]}]},{"@type":"BreadcrumbList","@id":"https:\/\/www.rodospalladium.gr\/fr\/performance-environnementale-durabilite\/#breadcrumb","itemListElement":[{"@type":"ListItem","position":1,"name":"Home","item":"https:\/\/www.rodospalladium.gr\/fr\/"},{"@type":"ListItem","position":2,"name":"POLITIQUE ENVIRONNEMENTALE"}]},{"@type":"WebSite","@id":"https:\/\/www.rodospalladium.gr\/#website","url":"https:\/\/www.rodospalladium.gr\/","name":"Rodos Palladium Leisure &amp; Wellness","description":"Rodos Palladium Leisure &amp; Wellness is among Rhodes finest five star hotels. It enjoys a premier beach front location at Kallithea bay, offering luxurious accommodation and exclusive leisure and spa facilities.","potentialAction":[{"@type":"SearchAction","target":{"@type":"EntryPoint","urlTemplate":"https:\/\/www.rodospalladium.gr\/?s={search_term_string}"},"query-input":{"@type":"PropertyValueSpecification","valueRequired":true,"valueName":"search_term_string"}}],"inLanguage":"fr-FR"}]}},"_links":{"self":[{"href":"https:\/\/www.rodospalladium.gr\/fr\/wp-json\/wp\/v2\/pages\/29565"}],"collection":[{"href":"https:\/\/www.rodospalladium.gr\/fr\/wp-json\/wp\/v2\/pages"}],"about":[{"href":"https:\/\/www.rodospalladium.gr\/fr\/wp-json\/wp\/v2\/types\/page"}],"author":[{"embeddable":true,"href":"https:\/\/www.rodospalladium.gr\/fr\/wp-json\/wp\/v2\/users\/361"}],"replies":[{"embeddable":true,"href":"https:\/\/www.rodospalladium.gr\/fr\/wp-json\/wp\/v2\/comments?post=29565"}],"version-history":[{"count":5,"href":"https:\/\/www.rodospalladium.gr\/fr\/wp-json\/wp\/v2\/pages\/29565\/revisions"}],"predecessor-version":[{"id":31060,"href":"https:\/\/www.rodospalladium.gr\/fr\/wp-json\/wp\/v2\/pages\/29565\/revisions\/31060"}],"wp:attachment":[{"href":"https:\/\/www.rodospalladium.gr\/fr\/wp-json\/wp\/v2\/media?parent=29565"}],"curies":[{"name":"wp","href":"https:\/\/api.w.org\/{rel}","templated":true}]}}