{"id":29569,"date":"2024-03-20T12:04:55","date_gmt":"2024-03-20T09:04:55","guid":{"rendered":"https:\/\/www.rodospalladium.gr\/?page_id=29569"},"modified":"2024-09-20T17:13:34","modified_gmt":"2024-09-20T14:13:34","slug":"a-propos-de-nous","status":"publish","type":"page","link":"https:\/\/www.rodospalladium.gr\/fr\/a-propos-de-nous\/","title":{"rendered":"A PROPOS DE NOUS"},"content":{"rendered":"<h2><span style=\"color: #baa789;\">SUR LE RODOS PALLADIUM<\/span><\/h2>\n<p>Avec plus de <a href=\"https:\/\/www.rodospalladium.gr\/fr\/awards-2\/\" target=\"_blank\" rel=\"noopener\"><span style=\"color: #baa789;\"><strong>r\u00e9compenses<\/strong><\/span><\/a> que n\u2019importe quel autre h\u00f4tel \u00e0 Rhodes et une passion pour atteindre les attentes de tous ses clients, le Rodos Palladium Leisure et Wellness (membre de la cha\u00eene <strong><span style=\"color: #baa789;\"><a style=\"color: #baa789;\" href=\"https:\/\/www.harmonyresorts.gr\/\">Harmony Resorts<\/a><\/span><\/strong> ) est devenu un point de rep\u00e8re fournissant un confort sublime et une exp\u00e9rience de vacances vraiment luxueuse et m\u00e9morable.<\/p>\n<p>Depuis de nombreuses ann\u00e9es, nous avons construit une culture de service unique, souvent admir\u00e9 mais difficilement \u00e9gal\u00e9. Profond\u00e9ment enracin\u00e9, notre atout le plus pr\u00e9cieux est nos employ\u00e9s. Nous sommes un des rares h\u00f4tels bien g\u00e9r\u00e9s de Rhodes \u00e0 savoir plaire et \u00e0 satisfaire.<\/p>\n<p>Pleinement engag\u00e9s dans ce que nous faisons et soutenus par plus de 4000 clients r\u00e9guliers enregistr\u00e9s, nous continuerons \u00e0 perfectionner nos services en offrant le meilleur de la v\u00e9ritable hospitalit\u00e9 grecque.<\/p>\n","protected":false},"excerpt":{"rendered":"<p>SUR LE RODOS PALLADIUM Avec plus de r\u00e9compenses que n\u2019importe quel autre h\u00f4tel \u00e0 Rhodes et une passion pour atteindre les attentes de tous ses clients, le Rodos Palladium Leisure et Wellness (membre de la cha\u00eene Harmony Resorts ) est devenu un point de rep\u00e8re fournissant un confort sublime et une exp\u00e9rience de vacances vraiment<\/p>\n","protected":false},"author":361,"featured_media":29224,"parent":0,"menu_order":0,"comment_status":"closed","ping_status":"closed","template":"","meta":{"_acf_changed":false,"footnotes":""},"class_list":["post-29569","page","type-page","status-publish","has-post-thumbnail","hentry"],"acf":[],"yoast_head":"<!-- This site is optimized with the Yoast SEO plugin v26.9 - https:\/\/yoast.com\/product\/yoast-seo-wordpress\/ -->\n<title>A PROPOS DE NOUS - Rodos Palladium Leisure &amp; Wellness<\/title>\n<meta name=\"robots\" content=\"index, follow, max-snippet:-1, max-image-preview:large, max-video-preview:-1\" \/>\n<link rel=\"canonical\" href=\"https:\/\/www.rodospalladium.gr\/fr\/a-propos-de-nous\/\" \/>\n<meta property=\"og:locale\" content=\"fr_FR\" \/>\n<meta property=\"og:type\" content=\"article\" \/>\n<meta property=\"og:title\" content=\"A PROPOS DE NOUS - Rodos Palladium Leisure &amp; Wellness\" \/>\n<meta property=\"og:description\" content=\"SUR LE RODOS PALLADIUM Avec plus de r\u00e9compenses que n\u2019importe quel autre h\u00f4tel \u00e0 Rhodes et une passion pour atteindre les attentes de tous ses clients, le Rodos Palladium Leisure et Wellness (membre de la cha\u00eene Harmony Resorts ) est devenu un point de rep\u00e8re fournissant un confort sublime et une exp\u00e9rience de vacances vraiment\" \/>\n<meta property=\"og:url\" content=\"https:\/\/www.rodospalladium.gr\/fr\/a-propos-de-nous\/\" \/>\n<meta property=\"og:site_name\" content=\"Rodos Palladium Leisure &amp; Wellness\" \/>\n<meta property=\"article:modified_time\" content=\"2024-09-20T14:13:34+00:00\" \/>\n<meta property=\"og:image\" content=\"https:\/\/www.rodospalladium.gr\/app\/uploads\/sites\/46\/2021\/08\/253_RODOS_PALLADIUM.jpg\" \/>\n\t<meta property=\"og:image:width\" content=\"1920\" \/>\n\t<meta property=\"og:image:height\" content=\"1200\" \/>\n\t<meta property=\"og:image:type\" content=\"image\/jpeg\" \/>\n<meta name=\"twitter:card\" content=\"summary_large_image\" \/>\n<meta name=\"twitter:label1\" content=\"Est. reading time\" \/>\n\t<meta name=\"twitter:data1\" content=\"1 minute\" \/>\n<script type=\"application\/ld+json\" class=\"yoast-schema-graph\">{\"@context\":\"https:\/\/schema.org\",\"@graph\":[{\"@type\":\"WebPage\",\"@id\":\"https:\/\/www.rodospalladium.gr\/fr\/a-propos-de-nous\/\",\"url\":\"https:\/\/www.rodospalladium.gr\/fr\/a-propos-de-nous\/\",\"name\":\"A PROPOS DE NOUS - Rodos Palladium Leisure &amp; Wellness\",\"isPartOf\":{\"@id\":\"https:\/\/www.rodospalladium.gr\/#website\"},\"primaryImageOfPage\":{\"@id\":\"https:\/\/www.rodospalladium.gr\/fr\/a-propos-de-nous\/#primaryimage\"},\"image\":{\"@id\":\"https:\/\/www.rodospalladium.gr\/fr\/a-propos-de-nous\/#primaryimage\"},\"thumbnailUrl\":\"https:\/\/www.rodospalladium.gr\/app\/uploads\/sites\/46\/2021\/08\/253_RODOS_PALLADIUM.jpg\",\"datePublished\":\"2024-03-20T09:04:55+00:00\",\"dateModified\":\"2024-09-20T14:13:34+00:00\",\"breadcrumb\":{\"@id\":\"https:\/\/www.rodospalladium.gr\/fr\/a-propos-de-nous\/#breadcrumb\"},\"inLanguage\":\"fr-FR\",\"potentialAction\":[{\"@type\":\"ReadAction\",\"target\":[\"https:\/\/www.rodospalladium.gr\/fr\/a-propos-de-nous\/\"]}]},{\"@type\":\"ImageObject\",\"inLanguage\":\"fr-FR\",\"@id\":\"https:\/\/www.rodospalladium.gr\/fr\/a-propos-de-nous\/#primaryimage\",\"url\":\"https:\/\/www.rodospalladium.gr\/app\/uploads\/sites\/46\/2021\/08\/253_RODOS_PALLADIUM.jpg\",\"contentUrl\":\"https:\/\/www.rodospalladium.gr\/app\/uploads\/sites\/46\/2021\/08\/253_RODOS_PALLADIUM.jpg\",\"width\":1920,\"height\":1200,\"caption\":\"Rodos Palladium - Aerial View\"},{\"@type\":\"BreadcrumbList\",\"@id\":\"https:\/\/www.rodospalladium.gr\/fr\/a-propos-de-nous\/#breadcrumb\",\"itemListElement\":[{\"@type\":\"ListItem\",\"position\":1,\"name\":\"Home\",\"item\":\"https:\/\/www.rodospalladium.gr\/fr\/\"},{\"@type\":\"ListItem\",\"position\":2,\"name\":\"A PROPOS DE NOUS\"}]},{\"@type\":\"WebSite\",\"@id\":\"https:\/\/www.rodospalladium.gr\/#website\",\"url\":\"https:\/\/www.rodospalladium.gr\/\",\"name\":\"Rodos Palladium Leisure &amp; Wellness\",\"description\":\"Rodos Palladium Leisure &amp; Wellness is among Rhodes finest five star hotels. It enjoys a premier beach front location at Kallithea bay, offering luxurious accommodation and exclusive leisure and spa facilities.\",\"potentialAction\":[{\"@type\":\"SearchAction\",\"target\":{\"@type\":\"EntryPoint\",\"urlTemplate\":\"https:\/\/www.rodospalladium.gr\/?s={search_term_string}\"},\"query-input\":{\"@type\":\"PropertyValueSpecification\",\"valueRequired\":true,\"valueName\":\"search_term_string\"}}],\"inLanguage\":\"fr-FR\"}]}<\/script>\n<!-- \/ Yoast SEO plugin. -->","yoast_head_json":{"title":"A PROPOS DE NOUS - Rodos Palladium Leisure &amp; Wellness","robots":{"index":"index","follow":"follow","max-snippet":"max-snippet:-1","max-image-preview":"max-image-preview:large","max-video-preview":"max-video-preview:-1"},"canonical":"https:\/\/www.rodospalladium.gr\/fr\/a-propos-de-nous\/","og_locale":"fr_FR","og_type":"article","og_title":"A PROPOS DE NOUS - Rodos Palladium Leisure &amp; Wellness","og_description":"SUR LE RODOS PALLADIUM Avec plus de r\u00e9compenses que n\u2019importe quel autre h\u00f4tel \u00e0 Rhodes et une passion pour atteindre les attentes de tous ses clients, le Rodos Palladium Leisure et Wellness (membre de la cha\u00eene Harmony Resorts ) est devenu un point de rep\u00e8re fournissant un confort sublime et une exp\u00e9rience de vacances vraiment","og_url":"https:\/\/www.rodospalladium.gr\/fr\/a-propos-de-nous\/","og_site_name":"Rodos Palladium Leisure &amp; Wellness","article_modified_time":"2024-09-20T14:13:34+00:00","og_image":[{"width":1920,"height":1200,"url":"https:\/\/www.rodospalladium.gr\/app\/uploads\/sites\/46\/2021\/08\/253_RODOS_PALLADIUM.jpg","type":"image\/jpeg"}],"twitter_card":"summary_large_image","twitter_misc":{"Est. reading time":"1 minute"},"schema":{"@context":"https:\/\/schema.org","@graph":[{"@type":"WebPage","@id":"https:\/\/www.rodospalladium.gr\/fr\/a-propos-de-nous\/","url":"https:\/\/www.rodospalladium.gr\/fr\/a-propos-de-nous\/","name":"A PROPOS DE NOUS - Rodos Palladium Leisure &amp; Wellness","isPartOf":{"@id":"https:\/\/www.rodospalladium.gr\/#website"},"primaryImageOfPage":{"@id":"https:\/\/www.rodospalladium.gr\/fr\/a-propos-de-nous\/#primaryimage"},"image":{"@id":"https:\/\/www.rodospalladium.gr\/fr\/a-propos-de-nous\/#primaryimage"},"thumbnailUrl":"https:\/\/www.rodospalladium.gr\/app\/uploads\/sites\/46\/2021\/08\/253_RODOS_PALLADIUM.jpg","datePublished":"2024-03-20T09:04:55+00:00","dateModified":"2024-09-20T14:13:34+00:00","breadcrumb":{"@id":"https:\/\/www.rodospalladium.gr\/fr\/a-propos-de-nous\/#breadcrumb"},"inLanguage":"fr-FR","potentialAction":[{"@type":"ReadAction","target":["https:\/\/www.rodospalladium.gr\/fr\/a-propos-de-nous\/"]}]},{"@type":"ImageObject","inLanguage":"fr-FR","@id":"https:\/\/www.rodospalladium.gr\/fr\/a-propos-de-nous\/#primaryimage","url":"https:\/\/www.rodospalladium.gr\/app\/uploads\/sites\/46\/2021\/08\/253_RODOS_PALLADIUM.jpg","contentUrl":"https:\/\/www.rodospalladium.gr\/app\/uploads\/sites\/46\/2021\/08\/253_RODOS_PALLADIUM.jpg","width":1920,"height":1200,"caption":"Rodos Palladium - Aerial View"},{"@type":"BreadcrumbList","@id":"https:\/\/www.rodospalladium.gr\/fr\/a-propos-de-nous\/#breadcrumb","itemListElement":[{"@type":"ListItem","position":1,"name":"Home","item":"https:\/\/www.rodospalladium.gr\/fr\/"},{"@type":"ListItem","position":2,"name":"A PROPOS DE NOUS"}]},{"@type":"WebSite","@id":"https:\/\/www.rodospalladium.gr\/#website","url":"https:\/\/www.rodospalladium.gr\/","name":"Rodos Palladium Leisure &amp; Wellness","description":"Rodos Palladium Leisure &amp; Wellness is among Rhodes finest five star hotels. It enjoys a premier beach front location at Kallithea bay, offering luxurious accommodation and exclusive leisure and spa facilities.","potentialAction":[{"@type":"SearchAction","target":{"@type":"EntryPoint","urlTemplate":"https:\/\/www.rodospalladium.gr\/?s={search_term_string}"},"query-input":{"@type":"PropertyValueSpecification","valueRequired":true,"valueName":"search_term_string"}}],"inLanguage":"fr-FR"}]}},"_links":{"self":[{"href":"https:\/\/www.rodospalladium.gr\/fr\/wp-json\/wp\/v2\/pages\/29569"}],"collection":[{"href":"https:\/\/www.rodospalladium.gr\/fr\/wp-json\/wp\/v2\/pages"}],"about":[{"href":"https:\/\/www.rodospalladium.gr\/fr\/wp-json\/wp\/v2\/types\/page"}],"author":[{"embeddable":true,"href":"https:\/\/www.rodospalladium.gr\/fr\/wp-json\/wp\/v2\/users\/361"}],"replies":[{"embeddable":true,"href":"https:\/\/www.rodospalladium.gr\/fr\/wp-json\/wp\/v2\/comments?post=29569"}],"version-history":[{"count":1,"href":"https:\/\/www.rodospalladium.gr\/fr\/wp-json\/wp\/v2\/pages\/29569\/revisions"}],"predecessor-version":[{"id":29571,"href":"https:\/\/www.rodospalladium.gr\/fr\/wp-json\/wp\/v2\/pages\/29569\/revisions\/29571"}],"wp:featuredmedia":[{"embeddable":true,"href":"https:\/\/www.rodospalladium.gr\/fr\/wp-json\/wp\/v2\/media\/29224"}],"wp:attachment":[{"href":"https:\/\/www.rodospalladium.gr\/fr\/wp-json\/wp\/v2\/media?parent=29569"}],"curies":[{"name":"wp","href":"https:\/\/api.w.org\/{rel}","templated":true}]}}