{"id":30282,"date":"2020-04-11T13:41:35","date_gmt":"2020-04-11T10:41:35","guid":{"rendered":"https:\/\/www.rodospalladium.gr\/new-relaxed-cancellation-payment-terms\/"},"modified":"2025-03-06T10:32:43","modified_gmt":"2025-03-06T07:32:43","slug":"new-relaxed-cancellation-payment-terms","status":"publish","type":"page","link":"https:\/\/www.rodospalladium.gr\/fr\/new-relaxed-cancellation-payment-terms\/","title":{"rendered":"CANCELLATION &amp; PAYMENT TERMS"},"content":{"rendered":"<h3><span style=\"color: #baa789;\">Nous proposons des politiques attractives pour vous offrir plus de flexibilit\u00e9 et\u2026 de tranquillit\u00e9 d&rsquo;esprit:<\/span><\/h3>\n<hr \/>\n<h4>Enti\u00e8rement flexible<\/h4>\n<ul>\n<li>Votre carte de cr\u00e9dit sera d\u00e9bit\u00e9e d&rsquo;un acompte de 50% de la valeur totale de cette r\u00e9servation 10 jours avant l&rsquo;arriv\u00e9e. Solde restant \u00e0 payer \u00e0 l&rsquo;arriv\u00e9e.<\/li>\n<li>L&rsquo;annulation gratuite est autoris\u00e9e jusqu&rsquo;\u00e0 11 jours avant l&rsquo;arriv\u00e9e.<\/li>\n<\/ul>\n<h4>Prix \u200b\u200bsemi-flexible<\/h4>\n<ul>\n<li>Un acompte de 30% de la valeur totale de cette r\u00e9servation sera d\u00e9bit\u00e9 de votre carte de cr\u00e9dit au moment de la r\u00e9servation<\/li>\n<li>Ce d\u00e9p\u00f4t est non remboursable en cas d&rsquo;annulation. Solde restant \u00e0 payer \u00e0 l&rsquo;arriv\u00e9e.<\/li>\n<\/ul>\n<p>Pour r\u00e9server maintenant, cliquez sur le bouton <span style=\"color: #baa789;\"><strong>R\u00c9SERVER MAINTENANT<\/strong><\/span> en haut de la page, ou \ud83d\udd17<strong>cliquez <span style=\"color: #000080;\"><a style=\"color: #000080;\" href=\"https:\/\/rodospalladium.reserve-online.net\/?lang=fr\">ici<\/a><\/span><\/strong><\/p>\n","protected":false},"excerpt":{"rendered":"<p>Nous proposons des politiques attractives pour vous offrir plus de flexibilit\u00e9 et\u2026 de tranquillit\u00e9 d&rsquo;esprit: Enti\u00e8rement flexible Votre carte de cr\u00e9dit sera d\u00e9bit\u00e9e d&rsquo;un acompte de 50% de la valeur totale de cette r\u00e9servation 10 jours avant l&rsquo;arriv\u00e9e. Solde restant \u00e0 payer \u00e0 l&rsquo;arriv\u00e9e. L&rsquo;annulation gratuite est autoris\u00e9e jusqu&rsquo;\u00e0 11 jours avant l&rsquo;arriv\u00e9e. Prix \u200b\u200bsemi-flexible<\/p>\n","protected":false},"author":1,"featured_media":0,"parent":0,"menu_order":0,"comment_status":"closed","ping_status":"closed","template":"","meta":{"_acf_changed":false,"footnotes":""},"class_list":["post-30282","page","type-page","status-publish","hentry"],"acf":[],"yoast_head":"<!-- This site is optimized with the Yoast SEO plugin v26.9 - https:\/\/yoast.com\/product\/yoast-seo-wordpress\/ -->\n<title>CANCELLATION &amp; PAYMENT TERMS - Rodos Palladium Leisure &amp; Wellness<\/title>\n<meta name=\"robots\" content=\"index, follow, max-snippet:-1, max-image-preview:large, max-video-preview:-1\" \/>\n<link rel=\"canonical\" href=\"https:\/\/www.rodospalladium.gr\/fr\/new-relaxed-cancellation-payment-terms\/\" \/>\n<meta property=\"og:locale\" content=\"fr_FR\" \/>\n<meta property=\"og:type\" content=\"article\" \/>\n<meta property=\"og:title\" content=\"CANCELLATION &amp; PAYMENT TERMS - Rodos Palladium Leisure &amp; Wellness\" \/>\n<meta property=\"og:description\" content=\"Nous proposons des politiques attractives pour vous offrir plus de flexibilit\u00e9 et\u2026 de tranquillit\u00e9 d&rsquo;esprit: Enti\u00e8rement flexible Votre carte de cr\u00e9dit sera d\u00e9bit\u00e9e d&rsquo;un acompte de 50% de la valeur totale de cette r\u00e9servation 10 jours avant l&rsquo;arriv\u00e9e. Solde restant \u00e0 payer \u00e0 l&rsquo;arriv\u00e9e. L&rsquo;annulation gratuite est autoris\u00e9e jusqu&rsquo;\u00e0 11 jours avant l&rsquo;arriv\u00e9e. Prix \u200b\u200bsemi-flexible\" \/>\n<meta property=\"og:url\" content=\"https:\/\/www.rodospalladium.gr\/fr\/new-relaxed-cancellation-payment-terms\/\" \/>\n<meta property=\"og:site_name\" content=\"Rodos Palladium Leisure &amp; Wellness\" \/>\n<meta property=\"article:modified_time\" content=\"2025-03-06T07:32:43+00:00\" \/>\n<meta name=\"twitter:card\" content=\"summary_large_image\" \/>\n<meta name=\"twitter:label1\" content=\"Est. reading time\" \/>\n\t<meta name=\"twitter:data1\" content=\"1 minute\" \/>\n<script type=\"application\/ld+json\" class=\"yoast-schema-graph\">{\"@context\":\"https:\/\/schema.org\",\"@graph\":[{\"@type\":\"WebPage\",\"@id\":\"https:\/\/www.rodospalladium.gr\/fr\/new-relaxed-cancellation-payment-terms\/\",\"url\":\"https:\/\/www.rodospalladium.gr\/fr\/new-relaxed-cancellation-payment-terms\/\",\"name\":\"CANCELLATION &amp; PAYMENT TERMS - Rodos Palladium Leisure &amp; Wellness\",\"isPartOf\":{\"@id\":\"https:\/\/www.rodospalladium.gr\/#website\"},\"datePublished\":\"2020-04-11T10:41:35+00:00\",\"dateModified\":\"2025-03-06T07:32:43+00:00\",\"breadcrumb\":{\"@id\":\"https:\/\/www.rodospalladium.gr\/fr\/new-relaxed-cancellation-payment-terms\/#breadcrumb\"},\"inLanguage\":\"fr-FR\",\"potentialAction\":[{\"@type\":\"ReadAction\",\"target\":[\"https:\/\/www.rodospalladium.gr\/fr\/new-relaxed-cancellation-payment-terms\/\"]}]},{\"@type\":\"BreadcrumbList\",\"@id\":\"https:\/\/www.rodospalladium.gr\/fr\/new-relaxed-cancellation-payment-terms\/#breadcrumb\",\"itemListElement\":[{\"@type\":\"ListItem\",\"position\":1,\"name\":\"Home\",\"item\":\"https:\/\/www.rodospalladium.gr\/fr\/\"},{\"@type\":\"ListItem\",\"position\":2,\"name\":\"CANCELLATION &amp; PAYMENT TERMS\"}]},{\"@type\":\"WebSite\",\"@id\":\"https:\/\/www.rodospalladium.gr\/#website\",\"url\":\"https:\/\/www.rodospalladium.gr\/\",\"name\":\"Rodos Palladium Leisure &amp; Wellness\",\"description\":\"Rodos Palladium Leisure &amp; Wellness is among Rhodes finest five star hotels. It enjoys a premier beach front location at Kallithea bay, offering luxurious accommodation and exclusive leisure and spa facilities.\",\"potentialAction\":[{\"@type\":\"SearchAction\",\"target\":{\"@type\":\"EntryPoint\",\"urlTemplate\":\"https:\/\/www.rodospalladium.gr\/?s={search_term_string}\"},\"query-input\":{\"@type\":\"PropertyValueSpecification\",\"valueRequired\":true,\"valueName\":\"search_term_string\"}}],\"inLanguage\":\"fr-FR\"}]}<\/script>\n<!-- \/ Yoast SEO plugin. -->","yoast_head_json":{"title":"CANCELLATION &amp; PAYMENT TERMS - Rodos Palladium Leisure &amp; Wellness","robots":{"index":"index","follow":"follow","max-snippet":"max-snippet:-1","max-image-preview":"max-image-preview:large","max-video-preview":"max-video-preview:-1"},"canonical":"https:\/\/www.rodospalladium.gr\/fr\/new-relaxed-cancellation-payment-terms\/","og_locale":"fr_FR","og_type":"article","og_title":"CANCELLATION &amp; PAYMENT TERMS - Rodos Palladium Leisure &amp; Wellness","og_description":"Nous proposons des politiques attractives pour vous offrir plus de flexibilit\u00e9 et\u2026 de tranquillit\u00e9 d&rsquo;esprit: Enti\u00e8rement flexible Votre carte de cr\u00e9dit sera d\u00e9bit\u00e9e d&rsquo;un acompte de 50% de la valeur totale de cette r\u00e9servation 10 jours avant l&rsquo;arriv\u00e9e. Solde restant \u00e0 payer \u00e0 l&rsquo;arriv\u00e9e. L&rsquo;annulation gratuite est autoris\u00e9e jusqu&rsquo;\u00e0 11 jours avant l&rsquo;arriv\u00e9e. Prix \u200b\u200bsemi-flexible","og_url":"https:\/\/www.rodospalladium.gr\/fr\/new-relaxed-cancellation-payment-terms\/","og_site_name":"Rodos Palladium Leisure &amp; Wellness","article_modified_time":"2025-03-06T07:32:43+00:00","twitter_card":"summary_large_image","twitter_misc":{"Est. reading time":"1 minute"},"schema":{"@context":"https:\/\/schema.org","@graph":[{"@type":"WebPage","@id":"https:\/\/www.rodospalladium.gr\/fr\/new-relaxed-cancellation-payment-terms\/","url":"https:\/\/www.rodospalladium.gr\/fr\/new-relaxed-cancellation-payment-terms\/","name":"CANCELLATION &amp; PAYMENT TERMS - Rodos Palladium Leisure &amp; Wellness","isPartOf":{"@id":"https:\/\/www.rodospalladium.gr\/#website"},"datePublished":"2020-04-11T10:41:35+00:00","dateModified":"2025-03-06T07:32:43+00:00","breadcrumb":{"@id":"https:\/\/www.rodospalladium.gr\/fr\/new-relaxed-cancellation-payment-terms\/#breadcrumb"},"inLanguage":"fr-FR","potentialAction":[{"@type":"ReadAction","target":["https:\/\/www.rodospalladium.gr\/fr\/new-relaxed-cancellation-payment-terms\/"]}]},{"@type":"BreadcrumbList","@id":"https:\/\/www.rodospalladium.gr\/fr\/new-relaxed-cancellation-payment-terms\/#breadcrumb","itemListElement":[{"@type":"ListItem","position":1,"name":"Home","item":"https:\/\/www.rodospalladium.gr\/fr\/"},{"@type":"ListItem","position":2,"name":"CANCELLATION &amp; PAYMENT TERMS"}]},{"@type":"WebSite","@id":"https:\/\/www.rodospalladium.gr\/#website","url":"https:\/\/www.rodospalladium.gr\/","name":"Rodos Palladium Leisure &amp; Wellness","description":"Rodos Palladium Leisure &amp; Wellness is among Rhodes finest five star hotels. It enjoys a premier beach front location at Kallithea bay, offering luxurious accommodation and exclusive leisure and spa facilities.","potentialAction":[{"@type":"SearchAction","target":{"@type":"EntryPoint","urlTemplate":"https:\/\/www.rodospalladium.gr\/?s={search_term_string}"},"query-input":{"@type":"PropertyValueSpecification","valueRequired":true,"valueName":"search_term_string"}}],"inLanguage":"fr-FR"}]}},"_links":{"self":[{"href":"https:\/\/www.rodospalladium.gr\/fr\/wp-json\/wp\/v2\/pages\/30282"}],"collection":[{"href":"https:\/\/www.rodospalladium.gr\/fr\/wp-json\/wp\/v2\/pages"}],"about":[{"href":"https:\/\/www.rodospalladium.gr\/fr\/wp-json\/wp\/v2\/types\/page"}],"author":[{"embeddable":true,"href":"https:\/\/www.rodospalladium.gr\/fr\/wp-json\/wp\/v2\/users\/1"}],"replies":[{"embeddable":true,"href":"https:\/\/www.rodospalladium.gr\/fr\/wp-json\/wp\/v2\/comments?post=30282"}],"version-history":[{"count":5,"href":"https:\/\/www.rodospalladium.gr\/fr\/wp-json\/wp\/v2\/pages\/30282\/revisions"}],"predecessor-version":[{"id":30837,"href":"https:\/\/www.rodospalladium.gr\/fr\/wp-json\/wp\/v2\/pages\/30282\/revisions\/30837"}],"wp:attachment":[{"href":"https:\/\/www.rodospalladium.gr\/fr\/wp-json\/wp\/v2\/media?parent=30282"}],"curies":[{"name":"wp","href":"https:\/\/api.w.org\/{rel}","templated":true}]}}