{"id":30286,"date":"2020-12-29T12:21:33","date_gmt":"2020-12-29T09:21:33","guid":{"rendered":"https:\/\/www.rodospalladium.gr\/covid-19-healthandsafety\/"},"modified":"2024-09-20T17:32:54","modified_gmt":"2024-09-20T14:32:54","slug":"covid-19-healthandsafety","status":"publish","type":"page","link":"https:\/\/www.rodospalladium.gr\/fr\/covid-19-healthandsafety\/","title":{"rendered":"Covid-19 Health and Safety"},"content":{"rendered":"<h1><span style=\"color: #baa789;\"><strong>Sant\u00e9 et s\u00e9curit\u00e9 Covid-19<br \/>\n<\/strong><\/span><\/h1>\n<hr \/>\n<p><span style=\"color: #baa789;\"><strong><a style=\"color: #baa789;\" href=\"https:\/\/www.dropbox.com\/s\/tcfbvhk7nvmk99e\/PALLADIUM%20HEALTH%20AND%20SAFETY%20BROCHURE.pdf?dl=0\">T\u00e9l\u00e9chargez ici notre plan d\u00e9taill\u00e9 de sant\u00e9 et de s\u00e9curit\u00e9<\/a><\/strong><\/span><\/p>\n<p>* * * * * * *\u00a0 \u00a0 MISE \u00c0 JOUR DU 1ER JUIN\u00a0 * * * * * * *<\/p>\n<p><strong>LES MASQUES FACIAUX NE SONT PAS OBLIGATOIRES\u00a0:<br \/>\n<\/strong>Suite aux derni\u00e8res directives des autorit\u00e9s grecques, \u00e0 compter du 1er juin, le port du masque facial dans les espaces int\u00e9rieurs et ext\u00e9rieurs n&rsquo;est plus obligatoire. Pour votre propre sant\u00e9 et s\u00e9curit\u00e9, notre h\u00f4tel recommande son utilisation dans les espaces int\u00e9rieurs et notamment dans les ascenseurs.<\/p>\n<p>* * * * * * * * * * * * * * * * * * * * * * * * * * *<\/p>\n<p>TEST COVID \u00c0 L&rsquo;H\u00d4TEL UNIQUEMENT POUR LES CLIENTS S\u00c9JOURNANT \u00c0 RODOS PALLADIUM\u00a0:<br \/>\nSi un test COVID-19 est exig\u00e9 par votre pays d&rsquo;origine avant votre d\u00e9part de Rhodes,<br \/>\nnous avons l&rsquo;agr\u00e9able position de vous informer que nous pouvons organiser sur demande afin que vous passiez le test au sein de notre h\u00f4tel.<\/p>\n<p>* * * * * * * * * * * * * * * * * * * * * * * * * * *<\/p>\n<p>Chers clients et amis,<\/p>\n<p>Le monde entier vit une situation sans pr\u00e9c\u00e9dent. Il est vrai que l&rsquo;incertitude, associ\u00e9e aux restrictions impos\u00e9es, rend la vie quotidienne de beaucoup d&rsquo;entre nous difficile. Ce qu&rsquo;il faut en ce moment, c&rsquo;est de la patience et un respect fid\u00e8le des recommandations et des directives des professionnels de la sant\u00e9.<\/p>\n<p>Nos pens\u00e9es vont \u00e0 nos semblables qui souffrent dans les pays les plus touch\u00e9s, \u00e0 ceux qui travaillent en premi\u00e8re ligne et qui offrent de l&rsquo;aide \u00e0 nos semblables, mais bien s\u00fbr aussi aux milliers de nos h\u00f4tes et amis qui ont s\u00e9journ\u00e9 chez nous dans le pass\u00e9 : nous souhaitons sinc\u00e8rement que vous et vos familles restiez en bonne sant\u00e9. Nous sommes s\u00fbrs que nous sortirons bient\u00f4t vainqueurs de cette \u00e9preuve, en meilleure sant\u00e9, mais surtout plus forts.<\/p>\n<p>Vous trouverez ci-dessous le cadre des mesures de sant\u00e9 et de s\u00e9curit\u00e9 que nous sommes pr\u00eats \u00e0 mettre en \u0153uvre pour assurer la sant\u00e9 et la s\u00e9curit\u00e9 de nos clients et de notre personnel. Notre objectif est de rendre vos vacances au Rodos Palladium Leisure &amp; Bien-\u00eatre non seulement inoubliable mais aussi s\u00fbr\u00a0:<\/p>\n<ul>\n<li>Surveillance continue et mise en \u0153uvre stricte des directives \u00e9mises par l&rsquo;Organisation nationale grecque de la sant\u00e9 publique.<\/li>\n<li>Collaboration avec un partenaire externe de renomm\u00e9e internationale (Ecolab, leader mondial des technologies d&rsquo;hygi\u00e8ne) pour concevoir et mettre en \u0153uvre toutes les mesures de sant\u00e9 et de s\u00e9curit\u00e9 au sein de l&rsquo;h\u00f4tel.<\/li>\n<li>Formation quotidienne du personnel et surveillance syst\u00e9matique du strict respect des directives.<\/li>\n<li>Normes \u00e9lev\u00e9es de pr\u00e9paration des aliments et des boissons en totale conformit\u00e9 avec le syst\u00e8me HACCP (Hazard Analysis and Critical Control Point System) en combinaison avec des politiques strictes de lavage des mains et d&rsquo;hygi\u00e8ne dans toutes les \u00e9quipes impliqu\u00e9es dans la production d&rsquo;aliments et de boissons.<\/li>\n<\/ul>\n<p>Nous tenons \u00e0 vous remercier pour votre pr\u00e9f\u00e9rence continue pour notre h\u00f4tel et nous sommes impatients de vous accueillir \u00e0 nouveau au Rodos Palladium, l&rsquo;endroit o\u00f9 vous et vos proches pourrez profiter de moments sans soucis.<\/p>\n<p>Cordialement,<\/p>\n<p>Alexandros P. Mortzos<br \/>\n<em>Directeur g\u00e9n\u00e9ral<\/em><\/p>\n<p>&nbsp;<\/p>\n<p>&nbsp;<\/p>\n","protected":false},"excerpt":{"rendered":"<p>Sant\u00e9 et s\u00e9curit\u00e9 Covid-19 T\u00e9l\u00e9chargez ici notre plan d\u00e9taill\u00e9 de sant\u00e9 et de s\u00e9curit\u00e9 * * * * * * *\u00a0 \u00a0 MISE \u00c0 JOUR DU 1ER JUIN\u00a0 * * * * * * * LES MASQUES FACIAUX NE SONT PAS OBLIGATOIRES\u00a0: Suite aux derni\u00e8res directives des autorit\u00e9s grecques, \u00e0 compter du 1er juin, le<\/p>\n","protected":false},"author":1,"featured_media":0,"parent":0,"menu_order":0,"comment_status":"closed","ping_status":"closed","template":"page-templates\/blank-page.php","meta":{"_acf_changed":false,"footnotes":""},"class_list":["post-30286","page","type-page","status-publish","hentry"],"acf":[],"yoast_head":"<!-- This site is optimized with the Yoast SEO plugin v26.9 - https:\/\/yoast.com\/product\/yoast-seo-wordpress\/ -->\n<title>Covid-19 Health and Safety - Rodos Palladium Leisure &amp; Wellness<\/title>\n<meta name=\"robots\" content=\"index, follow, max-snippet:-1, max-image-preview:large, max-video-preview:-1\" \/>\n<link rel=\"canonical\" href=\"https:\/\/www.rodospalladium.gr\/fr\/covid-19-healthandsafety\/\" \/>\n<meta property=\"og:locale\" content=\"fr_FR\" \/>\n<meta property=\"og:type\" content=\"article\" \/>\n<meta property=\"og:title\" content=\"Covid-19 Health and Safety - Rodos Palladium Leisure &amp; Wellness\" \/>\n<meta property=\"og:description\" content=\"Sant\u00e9 et s\u00e9curit\u00e9 Covid-19 T\u00e9l\u00e9chargez ici notre plan d\u00e9taill\u00e9 de sant\u00e9 et de s\u00e9curit\u00e9 * * * * * * *\u00a0 \u00a0 MISE \u00c0 JOUR DU 1ER JUIN\u00a0 * * * * * * * LES MASQUES FACIAUX NE SONT PAS OBLIGATOIRES\u00a0: Suite aux derni\u00e8res directives des autorit\u00e9s grecques, \u00e0 compter du 1er juin, le\" \/>\n<meta property=\"og:url\" content=\"https:\/\/www.rodospalladium.gr\/fr\/covid-19-healthandsafety\/\" \/>\n<meta property=\"og:site_name\" content=\"Rodos Palladium Leisure &amp; Wellness\" \/>\n<meta property=\"article:modified_time\" content=\"2024-09-20T14:32:54+00:00\" \/>\n<meta name=\"twitter:card\" content=\"summary_large_image\" \/>\n<meta name=\"twitter:label1\" content=\"Est. reading time\" \/>\n\t<meta name=\"twitter:data1\" content=\"3 minutes\" \/>\n<script type=\"application\/ld+json\" class=\"yoast-schema-graph\">{\"@context\":\"https:\/\/schema.org\",\"@graph\":[{\"@type\":\"WebPage\",\"@id\":\"https:\/\/www.rodospalladium.gr\/fr\/covid-19-healthandsafety\/\",\"url\":\"https:\/\/www.rodospalladium.gr\/fr\/covid-19-healthandsafety\/\",\"name\":\"Covid-19 Health and Safety - Rodos Palladium Leisure &amp; Wellness\",\"isPartOf\":{\"@id\":\"https:\/\/www.rodospalladium.gr\/#website\"},\"datePublished\":\"2020-12-29T09:21:33+00:00\",\"dateModified\":\"2024-09-20T14:32:54+00:00\",\"breadcrumb\":{\"@id\":\"https:\/\/www.rodospalladium.gr\/fr\/covid-19-healthandsafety\/#breadcrumb\"},\"inLanguage\":\"fr-FR\",\"potentialAction\":[{\"@type\":\"ReadAction\",\"target\":[\"https:\/\/www.rodospalladium.gr\/fr\/covid-19-healthandsafety\/\"]}]},{\"@type\":\"BreadcrumbList\",\"@id\":\"https:\/\/www.rodospalladium.gr\/fr\/covid-19-healthandsafety\/#breadcrumb\",\"itemListElement\":[{\"@type\":\"ListItem\",\"position\":1,\"name\":\"Home\",\"item\":\"https:\/\/www.rodospalladium.gr\/fr\/\"},{\"@type\":\"ListItem\",\"position\":2,\"name\":\"Covid-19 Health and Safety\"}]},{\"@type\":\"WebSite\",\"@id\":\"https:\/\/www.rodospalladium.gr\/#website\",\"url\":\"https:\/\/www.rodospalladium.gr\/\",\"name\":\"Rodos Palladium Leisure &amp; Wellness\",\"description\":\"Rodos Palladium Leisure &amp; Wellness is among Rhodes finest five star hotels. It enjoys a premier beach front location at Kallithea bay, offering luxurious accommodation and exclusive leisure and spa facilities.\",\"potentialAction\":[{\"@type\":\"SearchAction\",\"target\":{\"@type\":\"EntryPoint\",\"urlTemplate\":\"https:\/\/www.rodospalladium.gr\/?s={search_term_string}\"},\"query-input\":{\"@type\":\"PropertyValueSpecification\",\"valueRequired\":true,\"valueName\":\"search_term_string\"}}],\"inLanguage\":\"fr-FR\"}]}<\/script>\n<!-- \/ Yoast SEO plugin. -->","yoast_head_json":{"title":"Covid-19 Health and Safety - Rodos Palladium Leisure &amp; Wellness","robots":{"index":"index","follow":"follow","max-snippet":"max-snippet:-1","max-image-preview":"max-image-preview:large","max-video-preview":"max-video-preview:-1"},"canonical":"https:\/\/www.rodospalladium.gr\/fr\/covid-19-healthandsafety\/","og_locale":"fr_FR","og_type":"article","og_title":"Covid-19 Health and Safety - Rodos Palladium Leisure &amp; Wellness","og_description":"Sant\u00e9 et s\u00e9curit\u00e9 Covid-19 T\u00e9l\u00e9chargez ici notre plan d\u00e9taill\u00e9 de sant\u00e9 et de s\u00e9curit\u00e9 * * * * * * *\u00a0 \u00a0 MISE \u00c0 JOUR DU 1ER JUIN\u00a0 * * * * * * * LES MASQUES FACIAUX NE SONT PAS OBLIGATOIRES\u00a0: Suite aux derni\u00e8res directives des autorit\u00e9s grecques, \u00e0 compter du 1er juin, le","og_url":"https:\/\/www.rodospalladium.gr\/fr\/covid-19-healthandsafety\/","og_site_name":"Rodos Palladium Leisure &amp; Wellness","article_modified_time":"2024-09-20T14:32:54+00:00","twitter_card":"summary_large_image","twitter_misc":{"Est. reading time":"3 minutes"},"schema":{"@context":"https:\/\/schema.org","@graph":[{"@type":"WebPage","@id":"https:\/\/www.rodospalladium.gr\/fr\/covid-19-healthandsafety\/","url":"https:\/\/www.rodospalladium.gr\/fr\/covid-19-healthandsafety\/","name":"Covid-19 Health and Safety - Rodos Palladium Leisure &amp; Wellness","isPartOf":{"@id":"https:\/\/www.rodospalladium.gr\/#website"},"datePublished":"2020-12-29T09:21:33+00:00","dateModified":"2024-09-20T14:32:54+00:00","breadcrumb":{"@id":"https:\/\/www.rodospalladium.gr\/fr\/covid-19-healthandsafety\/#breadcrumb"},"inLanguage":"fr-FR","potentialAction":[{"@type":"ReadAction","target":["https:\/\/www.rodospalladium.gr\/fr\/covid-19-healthandsafety\/"]}]},{"@type":"BreadcrumbList","@id":"https:\/\/www.rodospalladium.gr\/fr\/covid-19-healthandsafety\/#breadcrumb","itemListElement":[{"@type":"ListItem","position":1,"name":"Home","item":"https:\/\/www.rodospalladium.gr\/fr\/"},{"@type":"ListItem","position":2,"name":"Covid-19 Health and Safety"}]},{"@type":"WebSite","@id":"https:\/\/www.rodospalladium.gr\/#website","url":"https:\/\/www.rodospalladium.gr\/","name":"Rodos Palladium Leisure &amp; Wellness","description":"Rodos Palladium Leisure &amp; Wellness is among Rhodes finest five star hotels. It enjoys a premier beach front location at Kallithea bay, offering luxurious accommodation and exclusive leisure and spa facilities.","potentialAction":[{"@type":"SearchAction","target":{"@type":"EntryPoint","urlTemplate":"https:\/\/www.rodospalladium.gr\/?s={search_term_string}"},"query-input":{"@type":"PropertyValueSpecification","valueRequired":true,"valueName":"search_term_string"}}],"inLanguage":"fr-FR"}]}},"_links":{"self":[{"href":"https:\/\/www.rodospalladium.gr\/fr\/wp-json\/wp\/v2\/pages\/30286"}],"collection":[{"href":"https:\/\/www.rodospalladium.gr\/fr\/wp-json\/wp\/v2\/pages"}],"about":[{"href":"https:\/\/www.rodospalladium.gr\/fr\/wp-json\/wp\/v2\/types\/page"}],"author":[{"embeddable":true,"href":"https:\/\/www.rodospalladium.gr\/fr\/wp-json\/wp\/v2\/users\/1"}],"replies":[{"embeddable":true,"href":"https:\/\/www.rodospalladium.gr\/fr\/wp-json\/wp\/v2\/comments?post=30286"}],"version-history":[{"count":2,"href":"https:\/\/www.rodospalladium.gr\/fr\/wp-json\/wp\/v2\/pages\/30286\/revisions"}],"predecessor-version":[{"id":30288,"href":"https:\/\/www.rodospalladium.gr\/fr\/wp-json\/wp\/v2\/pages\/30286\/revisions\/30288"}],"wp:attachment":[{"href":"https:\/\/www.rodospalladium.gr\/fr\/wp-json\/wp\/v2\/media?parent=30286"}],"curies":[{"name":"wp","href":"https:\/\/api.w.org\/{rel}","templated":true}]}}