{"id":30364,"date":"2019-11-30T11:36:53","date_gmt":"2019-11-30T08:36:53","guid":{"rendered":"https:\/\/www.rodospalladium.gr\/palladium-club\/"},"modified":"2024-09-23T14:34:15","modified_gmt":"2024-09-23T11:34:15","slug":"palladium-club","status":"publish","type":"page","link":"https:\/\/www.rodospalladium.gr\/fr\/palladium-club\/","title":{"rendered":"Palladium Club"},"content":{"rendered":"<p><strong>Chez Rodos Palladium, nous ne pouvions pas passer sous silence les plus de 4\u00a0000 clients fid\u00e8les qui ont choisi notre complexe comme lieu de vacances pr\u00e9f\u00e9r\u00e9 \u00e0 Rhodes.<\/strong><\/p>\n<p>Apr\u00e8s avoir soigneusement r\u00e9fl\u00e9chi \u00e0 la mani\u00e8re dont nous pourrions un jour r\u00e9compenser ce soutien continu qui nous a aid\u00e9s \u00e0 grandir et \u00e0 nous am\u00e9liorer en tant qu&rsquo;entreprise, nous avons lanc\u00e9 le Palladium Club.<\/p>\n<p>Le Palladium Club est notre programme de fid\u00e9lit\u00e9 et notre fa\u00e7on particuli\u00e8re de remercier toutes les personnes qui continuent d&rsquo;honorer Rodos Palladium de leur pr\u00e9sence. Compos\u00e9 de plusieurs niveaux de r\u00e9compenses en fonction du nombre de fois que l&rsquo;h\u00f4tel a \u00e9t\u00e9 visit\u00e9, le Palladium Club promet d&rsquo;am\u00e9liorer encore votre exp\u00e9rience de vacances sans vous co\u00fbter un centime.<\/p>\n<p>Les r\u00e9compenses vont de petites choses comme des remises sur les achats \u00e0 l&rsquo;int\u00e9rieur de l&rsquo;h\u00f4tel \u00e0 des recharges fr\u00e9quentes de commodit\u00e9s gratuites dans la chambre, en passant par des fonctionnalit\u00e9s plus avanc\u00e9es comme la demande d&rsquo;une chambre particuli\u00e8re pour s\u00e9journer (selon disponibilit\u00e9) ou l&rsquo;obtention d&rsquo;une priorit\u00e9 de d\u00e9part tardif par rapport aux autres clients. Notre responsable des relations avec la client\u00e8le se fera un plaisir de discuter en d\u00e9tail avec vous des divers avantages d&rsquo;\u00eatre membre du Palladium Club.<\/p>\n<p>Et comme les membres du Palladium font essentiellement partie de notre famille, vous aurez la chance de rencontrer les gens derri\u00e8re les rideaux, y compris notre directeur g\u00e9n\u00e9ral et nos directeurs de service, lors d&rsquo;un cocktail d\u00e9contract\u00e9 organis\u00e9 exclusivement pour vous.<\/p>\n","protected":false},"excerpt":{"rendered":"<p>Chez Rodos Palladium, nous ne pouvions pas passer sous silence les plus de 4\u00a0000 clients fid\u00e8les qui ont choisi notre complexe comme lieu de vacances pr\u00e9f\u00e9r\u00e9 \u00e0 Rhodes. Apr\u00e8s avoir soigneusement r\u00e9fl\u00e9chi \u00e0 la mani\u00e8re dont nous pourrions un jour r\u00e9compenser ce soutien continu qui nous a aid\u00e9s \u00e0 grandir et \u00e0 nous am\u00e9liorer en<\/p>\n","protected":false},"author":1,"featured_media":29150,"parent":0,"menu_order":0,"comment_status":"closed","ping_status":"closed","template":"page-templates\/simple-list.php","meta":{"_acf_changed":false,"footnotes":""},"class_list":["post-30364","page","type-page","status-publish","has-post-thumbnail","hentry"],"acf":[],"yoast_head":"<!-- This site is optimized with the Yoast SEO plugin v26.9 - https:\/\/yoast.com\/product\/yoast-seo-wordpress\/ -->\n<title>Palladium Club - Rodos Palladium Leisure &amp; Wellness<\/title>\n<meta name=\"robots\" content=\"index, follow, max-snippet:-1, max-image-preview:large, max-video-preview:-1\" \/>\n<link rel=\"canonical\" href=\"https:\/\/www.rodospalladium.gr\/fr\/palladium-club\/\" \/>\n<meta property=\"og:locale\" content=\"fr_FR\" \/>\n<meta property=\"og:type\" content=\"article\" \/>\n<meta property=\"og:title\" content=\"Palladium Club - Rodos Palladium Leisure &amp; Wellness\" \/>\n<meta property=\"og:description\" content=\"Chez Rodos Palladium, nous ne pouvions pas passer sous silence les plus de 4\u00a0000 clients fid\u00e8les qui ont choisi notre complexe comme lieu de vacances pr\u00e9f\u00e9r\u00e9 \u00e0 Rhodes. Apr\u00e8s avoir soigneusement r\u00e9fl\u00e9chi \u00e0 la mani\u00e8re dont nous pourrions un jour r\u00e9compenser ce soutien continu qui nous a aid\u00e9s \u00e0 grandir et \u00e0 nous am\u00e9liorer en\" \/>\n<meta property=\"og:url\" content=\"https:\/\/www.rodospalladium.gr\/fr\/palladium-club\/\" \/>\n<meta property=\"og:site_name\" content=\"Rodos Palladium Leisure &amp; Wellness\" \/>\n<meta property=\"article:modified_time\" content=\"2024-09-23T11:34:15+00:00\" \/>\n<meta property=\"og:image\" content=\"https:\/\/www.rodospalladium.gr\/app\/uploads\/sites\/46\/2020\/02\/24_Gazebo_RODOS_PALLADIUM-v2.jpeg\" \/>\n\t<meta property=\"og:image:width\" content=\"1920\" \/>\n\t<meta property=\"og:image:height\" content=\"1362\" \/>\n\t<meta property=\"og:image:type\" content=\"image\/jpeg\" \/>\n<meta name=\"twitter:card\" content=\"summary_large_image\" \/>\n<meta name=\"twitter:label1\" content=\"Est. reading time\" \/>\n\t<meta name=\"twitter:data1\" content=\"2 minutes\" \/>\n<script type=\"application\/ld+json\" class=\"yoast-schema-graph\">{\"@context\":\"https:\/\/schema.org\",\"@graph\":[{\"@type\":\"WebPage\",\"@id\":\"https:\/\/www.rodospalladium.gr\/fr\/palladium-club\/\",\"url\":\"https:\/\/www.rodospalladium.gr\/fr\/palladium-club\/\",\"name\":\"Palladium Club - Rodos Palladium Leisure &amp; Wellness\",\"isPartOf\":{\"@id\":\"https:\/\/www.rodospalladium.gr\/#website\"},\"primaryImageOfPage\":{\"@id\":\"https:\/\/www.rodospalladium.gr\/fr\/palladium-club\/#primaryimage\"},\"image\":{\"@id\":\"https:\/\/www.rodospalladium.gr\/fr\/palladium-club\/#primaryimage\"},\"thumbnailUrl\":\"https:\/\/www.rodospalladium.gr\/app\/uploads\/sites\/46\/2020\/02\/24_Gazebo_RODOS_PALLADIUM-v2.jpeg\",\"datePublished\":\"2019-11-30T08:36:53+00:00\",\"dateModified\":\"2024-09-23T11:34:15+00:00\",\"breadcrumb\":{\"@id\":\"https:\/\/www.rodospalladium.gr\/fr\/palladium-club\/#breadcrumb\"},\"inLanguage\":\"fr-FR\",\"potentialAction\":[{\"@type\":\"ReadAction\",\"target\":[\"https:\/\/www.rodospalladium.gr\/fr\/palladium-club\/\"]}]},{\"@type\":\"ImageObject\",\"inLanguage\":\"fr-FR\",\"@id\":\"https:\/\/www.rodospalladium.gr\/fr\/palladium-club\/#primaryimage\",\"url\":\"https:\/\/www.rodospalladium.gr\/app\/uploads\/sites\/46\/2020\/02\/24_Gazebo_RODOS_PALLADIUM-v2.jpeg\",\"contentUrl\":\"https:\/\/www.rodospalladium.gr\/app\/uploads\/sites\/46\/2020\/02\/24_Gazebo_RODOS_PALLADIUM-v2.jpeg\",\"width\":1920,\"height\":1362},{\"@type\":\"BreadcrumbList\",\"@id\":\"https:\/\/www.rodospalladium.gr\/fr\/palladium-club\/#breadcrumb\",\"itemListElement\":[{\"@type\":\"ListItem\",\"position\":1,\"name\":\"Home\",\"item\":\"https:\/\/www.rodospalladium.gr\/fr\/\"},{\"@type\":\"ListItem\",\"position\":2,\"name\":\"Palladium Club\"}]},{\"@type\":\"WebSite\",\"@id\":\"https:\/\/www.rodospalladium.gr\/#website\",\"url\":\"https:\/\/www.rodospalladium.gr\/\",\"name\":\"Rodos Palladium Leisure &amp; Wellness\",\"description\":\"Rodos Palladium Leisure &amp; Wellness is among Rhodes finest five star hotels. It enjoys a premier beach front location at Kallithea bay, offering luxurious accommodation and exclusive leisure and spa facilities.\",\"potentialAction\":[{\"@type\":\"SearchAction\",\"target\":{\"@type\":\"EntryPoint\",\"urlTemplate\":\"https:\/\/www.rodospalladium.gr\/?s={search_term_string}\"},\"query-input\":{\"@type\":\"PropertyValueSpecification\",\"valueRequired\":true,\"valueName\":\"search_term_string\"}}],\"inLanguage\":\"fr-FR\"}]}<\/script>\n<!-- \/ Yoast SEO plugin. -->","yoast_head_json":{"title":"Palladium Club - Rodos Palladium Leisure &amp; Wellness","robots":{"index":"index","follow":"follow","max-snippet":"max-snippet:-1","max-image-preview":"max-image-preview:large","max-video-preview":"max-video-preview:-1"},"canonical":"https:\/\/www.rodospalladium.gr\/fr\/palladium-club\/","og_locale":"fr_FR","og_type":"article","og_title":"Palladium Club - Rodos Palladium Leisure &amp; Wellness","og_description":"Chez Rodos Palladium, nous ne pouvions pas passer sous silence les plus de 4\u00a0000 clients fid\u00e8les qui ont choisi notre complexe comme lieu de vacances pr\u00e9f\u00e9r\u00e9 \u00e0 Rhodes. Apr\u00e8s avoir soigneusement r\u00e9fl\u00e9chi \u00e0 la mani\u00e8re dont nous pourrions un jour r\u00e9compenser ce soutien continu qui nous a aid\u00e9s \u00e0 grandir et \u00e0 nous am\u00e9liorer en","og_url":"https:\/\/www.rodospalladium.gr\/fr\/palladium-club\/","og_site_name":"Rodos Palladium Leisure &amp; Wellness","article_modified_time":"2024-09-23T11:34:15+00:00","og_image":[{"width":1920,"height":1362,"url":"https:\/\/www.rodospalladium.gr\/app\/uploads\/sites\/46\/2020\/02\/24_Gazebo_RODOS_PALLADIUM-v2.jpeg","type":"image\/jpeg"}],"twitter_card":"summary_large_image","twitter_misc":{"Est. reading time":"2 minutes"},"schema":{"@context":"https:\/\/schema.org","@graph":[{"@type":"WebPage","@id":"https:\/\/www.rodospalladium.gr\/fr\/palladium-club\/","url":"https:\/\/www.rodospalladium.gr\/fr\/palladium-club\/","name":"Palladium Club - Rodos Palladium Leisure &amp; Wellness","isPartOf":{"@id":"https:\/\/www.rodospalladium.gr\/#website"},"primaryImageOfPage":{"@id":"https:\/\/www.rodospalladium.gr\/fr\/palladium-club\/#primaryimage"},"image":{"@id":"https:\/\/www.rodospalladium.gr\/fr\/palladium-club\/#primaryimage"},"thumbnailUrl":"https:\/\/www.rodospalladium.gr\/app\/uploads\/sites\/46\/2020\/02\/24_Gazebo_RODOS_PALLADIUM-v2.jpeg","datePublished":"2019-11-30T08:36:53+00:00","dateModified":"2024-09-23T11:34:15+00:00","breadcrumb":{"@id":"https:\/\/www.rodospalladium.gr\/fr\/palladium-club\/#breadcrumb"},"inLanguage":"fr-FR","potentialAction":[{"@type":"ReadAction","target":["https:\/\/www.rodospalladium.gr\/fr\/palladium-club\/"]}]},{"@type":"ImageObject","inLanguage":"fr-FR","@id":"https:\/\/www.rodospalladium.gr\/fr\/palladium-club\/#primaryimage","url":"https:\/\/www.rodospalladium.gr\/app\/uploads\/sites\/46\/2020\/02\/24_Gazebo_RODOS_PALLADIUM-v2.jpeg","contentUrl":"https:\/\/www.rodospalladium.gr\/app\/uploads\/sites\/46\/2020\/02\/24_Gazebo_RODOS_PALLADIUM-v2.jpeg","width":1920,"height":1362},{"@type":"BreadcrumbList","@id":"https:\/\/www.rodospalladium.gr\/fr\/palladium-club\/#breadcrumb","itemListElement":[{"@type":"ListItem","position":1,"name":"Home","item":"https:\/\/www.rodospalladium.gr\/fr\/"},{"@type":"ListItem","position":2,"name":"Palladium Club"}]},{"@type":"WebSite","@id":"https:\/\/www.rodospalladium.gr\/#website","url":"https:\/\/www.rodospalladium.gr\/","name":"Rodos Palladium Leisure &amp; Wellness","description":"Rodos Palladium Leisure &amp; Wellness is among Rhodes finest five star hotels. It enjoys a premier beach front location at Kallithea bay, offering luxurious accommodation and exclusive leisure and spa facilities.","potentialAction":[{"@type":"SearchAction","target":{"@type":"EntryPoint","urlTemplate":"https:\/\/www.rodospalladium.gr\/?s={search_term_string}"},"query-input":{"@type":"PropertyValueSpecification","valueRequired":true,"valueName":"search_term_string"}}],"inLanguage":"fr-FR"}]}},"_links":{"self":[{"href":"https:\/\/www.rodospalladium.gr\/fr\/wp-json\/wp\/v2\/pages\/30364"}],"collection":[{"href":"https:\/\/www.rodospalladium.gr\/fr\/wp-json\/wp\/v2\/pages"}],"about":[{"href":"https:\/\/www.rodospalladium.gr\/fr\/wp-json\/wp\/v2\/types\/page"}],"author":[{"embeddable":true,"href":"https:\/\/www.rodospalladium.gr\/fr\/wp-json\/wp\/v2\/users\/1"}],"replies":[{"embeddable":true,"href":"https:\/\/www.rodospalladium.gr\/fr\/wp-json\/wp\/v2\/comments?post=30364"}],"version-history":[{"count":1,"href":"https:\/\/www.rodospalladium.gr\/fr\/wp-json\/wp\/v2\/pages\/30364\/revisions"}],"predecessor-version":[{"id":30382,"href":"https:\/\/www.rodospalladium.gr\/fr\/wp-json\/wp\/v2\/pages\/30364\/revisions\/30382"}],"wp:featuredmedia":[{"embeddable":true,"href":"https:\/\/www.rodospalladium.gr\/fr\/wp-json\/wp\/v2\/media\/29150"}],"wp:attachment":[{"href":"https:\/\/www.rodospalladium.gr\/fr\/wp-json\/wp\/v2\/media?parent=30364"}],"curies":[{"name":"wp","href":"https:\/\/api.w.org\/{rel}","templated":true}]}}